{"id":71,"date":"2024-04-18T19:00:54","date_gmt":"2024-04-18T19:00:54","guid":{"rendered":"https:\/\/frmedical.com.mx\/?page_id=71"},"modified":"2025-02-04T23:19:50","modified_gmt":"2025-02-04T23:19:50","slug":"novatech-steritalc","status":"publish","type":"page","link":"https:\/\/frmedical.com.mx\/?page_id=71","title":{"rendered":"NOVATECH STERITALC \u00ae"},"content":{"rendered":"\t\t<div data-elementor-type=\"wp-page\" data-elementor-id=\"71\" class=\"elementor elementor-71\" data-elementor-post-type=\"page\">\n\t\t\t\t\t\t<section class=\"elementor-section elementor-top-section elementor-element elementor-element-592e938 elementor-section-boxed elementor-section-height-default elementor-section-height-default\" data-id=\"592e938\" data-element_type=\"section\" data-e-type=\"section\" data-settings=\"{&quot;background_background&quot;:&quot;classic&quot;}\">\n\t\t\t\t\t\t\t<div class=\"elementor-background-overlay\"><\/div>\n\t\t\t\t\t\t\t<div class=\"elementor-container elementor-column-gap-no\">\n\t\t\t\t\t<div class=\"elementor-column elementor-col-100 elementor-top-column elementor-element elementor-element-a95593a\" data-id=\"a95593a\" data-element_type=\"column\" data-e-type=\"column\" data-settings=\"{&quot;background_background&quot;:&quot;classic&quot;}\">\n\t\t\t<div class=\"elementor-widget-wrap elementor-element-populated\">\n\t\t\t\t\t\t<div class=\"elementor-element elementor-element-289c21b elementor-widget elementor-widget-heading\" data-id=\"289c21b\" data-element_type=\"widget\" data-e-type=\"widget\" data-widget_type=\"heading.default\">\n\t\t\t\t<div class=\"elementor-widget-container\">\n\t\t\t\t\t<h2 class=\"elementor-heading-title elementor-size-default\">NOVATECH STERITALC \u00ae<\/h2>\t\t\t\t<\/div>\n\t\t\t\t<\/div>\n\t\t\t\t\t<\/div>\n\t\t<\/div>\n\t\t\t\t\t<\/div>\n\t\t<\/section>\n\t\t\t\t<section class=\"elementor-section elementor-top-section elementor-element elementor-element-07e7f40 elementor-section-boxed elementor-section-height-default elementor-section-height-default\" data-id=\"07e7f40\" data-element_type=\"section\" data-e-type=\"section\" data-settings=\"{&quot;background_background&quot;:&quot;classic&quot;}\">\n\t\t\t\t\t\t<div class=\"elementor-container elementor-column-gap-default\">\n\t\t\t\t\t<div class=\"elementor-column elementor-col-50 elementor-top-column elementor-element elementor-element-61def69 elementor-invisible\" data-id=\"61def69\" data-element_type=\"column\" data-e-type=\"column\" data-settings=\"{&quot;animation&quot;:&quot;fadeInRight&quot;}\">\n\t\t\t<div class=\"elementor-widget-wrap elementor-element-populated\">\n\t\t\t\t\t\t<div class=\"elementor-element elementor-element-45a4ca4 elementor-widget elementor-widget-heading\" data-id=\"45a4ca4\" data-element_type=\"widget\" data-e-type=\"widget\" data-widget_type=\"heading.default\">\n\t\t\t\t<div class=\"elementor-widget-container\">\n\t\t\t\t\t<h2 class=\"elementor-heading-title elementor-size-default\">Novatech Steritalc<\/h2>\t\t\t\t<\/div>\n\t\t\t\t<\/div>\n\t\t\t\t<div class=\"elementor-element elementor-element-ec477f9 elementor-widget elementor-widget-text-editor\" data-id=\"ec477f9\" data-element_type=\"widget\" data-e-type=\"widget\" data-widget_type=\"text-editor.default\">\n\t\t\t\t<div class=\"elementor-widget-container\">\n\t\t\t\t\t\t\t\t\t<div id=\"ppu26984\" class=\"clearfix grpelem\"><div id=\"ppu23225-4\" class=\"clearfix colelem\"><div id=\"pu23225-4\" class=\"clearfix grpelem\"><div id=\"u23226-15\" class=\"SR1 clearfix colelem mt-scroll-slide-bottom mt-scroll-show\"><div id=\"u23397-4\" class=\"SR1 clearfix colelem mt-scroll-slide-bottom mt-scroll-show\"><p id=\"u25834-2\">Talco de part\u00edculas grandes calibradas, est\u00e9ril, procesado para el uso m\u00e9dico en la cavidad pleural; en indicaciones de pleurodesis es m\u00e1s efectivo y menos doloroso que otras alternativas (p.ej. tetraciclinas). \u00danico en el mundo con sus caracter\u00edsticas.<\/p><p id=\"u25834-3\">\u00a0<\/p><p id=\"u25834-5\"><strong>PROPIEDADES DE STERITALC \u00ae<\/strong><\/p><ul id=\"u25834-14\" class=\"list0 nls-None\"><li id=\"u25834-7\">Est\u00e9ril<\/li><li id=\"u25834-9\">Libre de asbestos<\/li><li id=\"u25834-11\">Libre de endotoxinas<\/li><li id=\"u25834-13\">Tama\u00f1o calibrado de part\u00edculas grandes<\/li><\/ul><p id=\"u25834-15\">\u00a0<\/p><p id=\"u25834-17\"><strong>USADO PARA<\/strong><\/p><ul id=\"u25834-30\" class=\"list0 nls-None\"><li id=\"u25834-19\">Indicaciones de pleurodesis<\/li><li id=\"u25834-21\">Neumot\u00f3rax espont\u00e1neo<\/li><li id=\"u25834-23\">Neumot\u00f3rax cr\u00f3nico<\/li><li id=\"u25834-25\">Exudado maligno o benigno<\/li><li id=\"u25834-27\">Met\u00e1stasis de carcinoma pleural<\/li><li id=\"u25834-29\">Empiema pleural<\/li><\/ul><\/div><\/div><\/div><\/div><div id=\"u27050-bw\" class=\"browser_width colelem\"><div id=\"u27050\">\u00a0<\/div><\/div><\/div>\t\t\t\t\t\t\t\t<\/div>\n\t\t\t\t<\/div>\n\t\t\t\t<div class=\"elementor-element elementor-element-30d9a33 elementor-align-center elementor-widget elementor-widget-button\" data-id=\"30d9a33\" data-element_type=\"widget\" data-e-type=\"widget\" data-widget_type=\"button.default\">\n\t\t\t\t<div class=\"elementor-widget-container\">\n\t\t\t\t\t\t\t\t\t<div class=\"elementor-button-wrapper\">\n\t\t\t\t\t<a class=\"elementor-button elementor-button-link elementor-size-sm\" href=\"https:\/\/frmedical.com.mx\/wp-content\/uploads\/2024\/04\/boston-steritalc.pdf\" target=\"_blank\">\n\t\t\t\t\t\t<span class=\"elementor-button-content-wrapper\">\n\t\t\t\t\t\t<span class=\"elementor-button-icon\">\n\t\t\t\t<svg aria-hidden=\"true\" class=\"e-font-icon-svg e-fas-file-download\" viewBox=\"0 0 384 512\" xmlns=\"http:\/\/www.w3.org\/2000\/svg\"><path d=\"M224 136V0H24C10.7 0 0 10.7 0 24v464c0 13.3 10.7 24 24 24h336c13.3 0 24-10.7 24-24V160H248c-13.2 0-24-10.8-24-24zm76.45 211.36l-96.42 95.7c-6.65 6.61-17.39 6.61-24.04 0l-96.42-95.7C73.42 337.29 80.54 320 94.82 320H160v-80c0-8.84 7.16-16 16-16h32c8.84 0 16 7.16 16 16v80h65.18c14.28 0 21.4 17.29 11.27 27.36zM377 105L279.1 7c-4.5-4.5-10.6-7-17-7H256v128h128v-6.1c0-6.3-2.5-12.4-7-16.9z\"><\/path><\/svg>\t\t\t<\/span>\n\t\t\t\t\t\t\t\t\t<span class=\"elementor-button-text\">Descargar cat\u00e1logo<\/span>\n\t\t\t\t\t<\/span>\n\t\t\t\t\t<\/a>\n\t\t\t\t<\/div>\n\t\t\t\t\t\t\t\t<\/div>\n\t\t\t\t<\/div>\n\t\t\t\t<div class=\"elementor-element elementor-element-16812d9 elementor-align-center elementor-widget elementor-widget-button\" data-id=\"16812d9\" data-element_type=\"widget\" data-e-type=\"widget\" data-widget_type=\"button.default\">\n\t\t\t\t<div class=\"elementor-widget-container\">\n\t\t\t\t\t\t\t\t\t<div class=\"elementor-button-wrapper\">\n\t\t\t\t\t<a class=\"elementor-button elementor-button-link elementor-size-sm\" href=\"https:\/\/frmedical.com.mx\/?page_id=77\" target=\"_blank\">\n\t\t\t\t\t\t<span class=\"elementor-button-content-wrapper\">\n\t\t\t\t\t\t<span class=\"elementor-button-icon\">\n\t\t\t\t<svg aria-hidden=\"true\" class=\"e-font-icon-svg e-fas-paper-plane\" viewBox=\"0 0 512 512\" xmlns=\"http:\/\/www.w3.org\/2000\/svg\"><path d=\"M476 3.2L12.5 270.6c-18.1 10.4-15.8 35.6 2.2 43.2L121 358.4l287.3-253.2c5.5-4.9 13.3 2.6 8.6 8.3L176 407v80.5c0 23.6 28.5 32.9 42.5 15.8L282 426l124.6 52.2c14.2 6 30.4-2.9 33-18.2l72-432C515 7.8 493.3-6.8 476 3.2z\"><\/path><\/svg>\t\t\t<\/span>\n\t\t\t\t\t\t\t\t\t<span class=\"elementor-button-text\">Cont\u00e1ctanos<\/span>\n\t\t\t\t\t<\/span>\n\t\t\t\t\t<\/a>\n\t\t\t\t<\/div>\n\t\t\t\t\t\t\t\t<\/div>\n\t\t\t\t<\/div>\n\t\t\t\t\t<\/div>\n\t\t<\/div>\n\t\t\t\t<div class=\"elementor-column elementor-col-50 elementor-top-column elementor-element elementor-element-612a468 elementor-invisible\" data-id=\"612a468\" data-element_type=\"column\" data-e-type=\"column\" data-settings=\"{&quot;animation&quot;:&quot;fadeInRight&quot;}\">\n\t\t\t<div class=\"elementor-widget-wrap elementor-element-populated\">\n\t\t\t\t<div class=\"elementor-element elementor-element-a9d829b e-flex e-con-boxed e-con e-parent\" data-id=\"a9d829b\" data-element_type=\"container\" data-e-type=\"container\">\n\t\t\t\t\t<div class=\"e-con-inner\">\n\t\t<div class=\"elementor-element elementor-element-f8d4f46 e-con-full e-flex e-con e-child\" data-id=\"f8d4f46\" data-element_type=\"container\" data-e-type=\"container\">\n\t\t\t\t<div class=\"elementor-element elementor-element-0c9bf4b elementor-widget elementor-widget-image\" data-id=\"0c9bf4b\" data-element_type=\"widget\" data-e-type=\"widget\" data-widget_type=\"image.default\">\n\t\t\t\t<div class=\"elementor-widget-container\">\n\t\t\t\t\t\t\t\t\t\t\t\t\t\t\t<img fetchpriority=\"high\" decoding=\"async\" width=\"1041\" height=\"682\" src=\"https:\/\/frmedical.com.mx\/wp-content\/uploads\/2024\/07\/Captura-de-pantalla-2024-07-01-173544-1-1.png\" class=\"attachment-full size-full wp-image-2088\" alt=\"\" srcset=\"https:\/\/frmedical.com.mx\/wp-content\/uploads\/2024\/07\/Captura-de-pantalla-2024-07-01-173544-1-1.png 1041w, https:\/\/frmedical.com.mx\/wp-content\/uploads\/2024\/07\/Captura-de-pantalla-2024-07-01-173544-1-1-300x197.png 300w, https:\/\/frmedical.com.mx\/wp-content\/uploads\/2024\/07\/Captura-de-pantalla-2024-07-01-173544-1-1-1024x671.png 1024w, https:\/\/frmedical.com.mx\/wp-content\/uploads\/2024\/07\/Captura-de-pantalla-2024-07-01-173544-1-1-768x503.png 768w\" sizes=\"(max-width: 1041px) 100vw, 1041px\" \/>\t\t\t\t\t\t\t\t\t\t\t\t\t\t\t<\/div>\n\t\t\t\t<\/div>\n\t\t\t\t<div class=\"elementor-element elementor-element-9c15bde elementor-widget elementor-widget-text-editor\" data-id=\"9c15bde\" data-element_type=\"widget\" data-e-type=\"widget\" data-widget_type=\"text-editor.default\">\n\t\t\t\t<div class=\"elementor-widget-container\">\n\t\t\t\t\t\t\t\t\t<div id=\"ppu26984\" class=\"clearfix grpelem\"><div id=\"ppu23225-4\" class=\"clearfix colelem\"><div id=\"pu23225-4\" class=\"clearfix grpelem\"><div id=\"u23226-15\" class=\"SR1 clearfix colelem mt-scroll-slide-bottom mt-scroll-show\"><div id=\"u23397-4\" class=\"SR1 clearfix colelem mt-scroll-slide-bottom mt-scroll-show\"><p>Steritalc\u00ae es talcum o talco, un mineral natural que en<\/p><p>nuestro caso se extrae en Francia.<\/p><\/div><\/div><\/div><\/div><div id=\"u27050-bw\" class=\"browser_width colelem\"><div id=\"u27050\">\u00a0<\/div><\/div><\/div>\t\t\t\t\t\t\t\t<\/div>\n\t\t\t\t<\/div>\n\t\t\t\t<\/div>\n\t\t\t\t\t<\/div>\n\t\t\t\t<\/div>\n\t\t\t\t\t<\/div>\n\t\t<\/div>\n\t\t\t\t\t<\/div>\n\t\t<\/section>\n\t\t\t\t<section class=\"elementor-section elementor-top-section elementor-element elementor-element-63161b5 elementor-section-boxed elementor-section-height-default elementor-section-height-default\" data-id=\"63161b5\" data-element_type=\"section\" data-e-type=\"section\" data-settings=\"{&quot;background_background&quot;:&quot;classic&quot;}\">\n\t\t\t\t\t\t<div class=\"elementor-container elementor-column-gap-default\">\n\t\t\t\t\t<div class=\"elementor-column elementor-col-33 elementor-top-column elementor-element elementor-element-ccf1ba5 elementor-invisible\" data-id=\"ccf1ba5\" data-element_type=\"column\" data-e-type=\"column\" data-settings=\"{&quot;animation&quot;:&quot;fadeInRight&quot;}\">\n\t\t\t<div class=\"elementor-widget-wrap elementor-element-populated\">\n\t\t\t\t<div class=\"elementor-element elementor-element-9f9164e e-flex e-con-boxed e-con e-parent\" data-id=\"9f9164e\" data-element_type=\"container\" data-e-type=\"container\">\n\t\t\t\t\t<div class=\"e-con-inner\">\n\t\t<div class=\"elementor-element elementor-element-1001608 e-con-full e-flex e-con e-child\" data-id=\"1001608\" data-element_type=\"container\" data-e-type=\"container\">\n\t\t\t\t<div class=\"elementor-element elementor-element-57b4b7b elementor-widget elementor-widget-image\" data-id=\"57b4b7b\" data-element_type=\"widget\" data-e-type=\"widget\" data-widget_type=\"image.default\">\n\t\t\t\t<div class=\"elementor-widget-container\">\n\t\t\t\t\t\t\t\t\t\t\t\t\t\t\t<img decoding=\"async\" width=\"361\" height=\"320\" src=\"https:\/\/frmedical.com.mx\/wp-content\/uploads\/2024\/04\/29-1.jpg\" class=\"attachment-full size-full wp-image-1135\" alt=\"\" srcset=\"https:\/\/frmedical.com.mx\/wp-content\/uploads\/2024\/04\/29-1.jpg 361w, https:\/\/frmedical.com.mx\/wp-content\/uploads\/2024\/04\/29-1-300x266.jpg 300w\" sizes=\"(max-width: 361px) 100vw, 361px\" \/>\t\t\t\t\t\t\t\t\t\t\t\t\t\t\t<\/div>\n\t\t\t\t<\/div>\n\t\t\t\t<\/div>\n\t\t\t\t\t<\/div>\n\t\t\t\t<\/div>\n\t\t\t\t\t<\/div>\n\t\t<\/div>\n\t\t\t\t<div class=\"elementor-column elementor-col-33 elementor-top-column elementor-element elementor-element-8469bf9 elementor-invisible\" data-id=\"8469bf9\" data-element_type=\"column\" data-e-type=\"column\" data-settings=\"{&quot;animation&quot;:&quot;fadeInRight&quot;}\">\n\t\t\t<div class=\"elementor-widget-wrap elementor-element-populated\">\n\t\t\t\t<div class=\"elementor-element elementor-element-7a99048 e-flex e-con-boxed e-con e-parent\" data-id=\"7a99048\" data-element_type=\"container\" data-e-type=\"container\">\n\t\t\t\t\t<div class=\"e-con-inner\">\n\t\t<div class=\"elementor-element elementor-element-cc6ba66 e-con-full e-flex e-con e-child\" data-id=\"cc6ba66\" data-element_type=\"container\" data-e-type=\"container\">\n\t\t\t\t<div class=\"elementor-element elementor-element-899e527 elementor-widget elementor-widget-image\" data-id=\"899e527\" data-element_type=\"widget\" data-e-type=\"widget\" data-widget_type=\"image.default\">\n\t\t\t\t<div class=\"elementor-widget-container\">\n\t\t\t\t\t\t\t\t\t\t\t\t\t\t\t<img decoding=\"async\" width=\"383\" height=\"310\" src=\"https:\/\/frmedical.com.mx\/wp-content\/uploads\/2024\/04\/49.jpg\" class=\"attachment-full size-full wp-image-1136\" alt=\"\" srcset=\"https:\/\/frmedical.com.mx\/wp-content\/uploads\/2024\/04\/49.jpg 383w, https:\/\/frmedical.com.mx\/wp-content\/uploads\/2024\/04\/49-300x243.jpg 300w\" sizes=\"(max-width: 383px) 100vw, 383px\" \/>\t\t\t\t\t\t\t\t\t\t\t\t\t\t\t<\/div>\n\t\t\t\t<\/div>\n\t\t\t\t<\/div>\n\t\t\t\t\t<\/div>\n\t\t\t\t<\/div>\n\t\t\t\t\t<\/div>\n\t\t<\/div>\n\t\t\t\t<div class=\"elementor-column elementor-col-33 elementor-top-column elementor-element elementor-element-36fbff2 elementor-invisible\" data-id=\"36fbff2\" data-element_type=\"column\" data-e-type=\"column\" data-settings=\"{&quot;animation&quot;:&quot;fadeInRight&quot;}\">\n\t\t\t<div class=\"elementor-widget-wrap elementor-element-populated\">\n\t\t\t\t<div class=\"elementor-element elementor-element-2804cf5 e-flex e-con-boxed e-con e-parent\" data-id=\"2804cf5\" data-element_type=\"container\" data-e-type=\"container\">\n\t\t\t\t\t<div class=\"e-con-inner\">\n\t\t<div class=\"elementor-element elementor-element-8b41f72 e-con-full e-flex e-con e-child\" data-id=\"8b41f72\" data-element_type=\"container\" data-e-type=\"container\">\n\t\t\t\t<div class=\"elementor-element elementor-element-1ebcb57 elementor-widget elementor-widget-image\" data-id=\"1ebcb57\" data-element_type=\"widget\" data-e-type=\"widget\" data-widget_type=\"image.default\">\n\t\t\t\t<div class=\"elementor-widget-container\">\n\t\t\t\t\t\t\t\t\t\t\t\t\t\t\t<img loading=\"lazy\" decoding=\"async\" width=\"276\" height=\"310\" src=\"https:\/\/frmedical.com.mx\/wp-content\/uploads\/2024\/04\/67.jpg\" class=\"attachment-full size-full wp-image-1130\" alt=\"\" srcset=\"https:\/\/frmedical.com.mx\/wp-content\/uploads\/2024\/04\/67.jpg 276w, https:\/\/frmedical.com.mx\/wp-content\/uploads\/2024\/04\/67-267x300.jpg 267w\" sizes=\"(max-width: 276px) 100vw, 276px\" \/>\t\t\t\t\t\t\t\t\t\t\t\t\t\t\t<\/div>\n\t\t\t\t<\/div>\n\t\t\t\t<\/div>\n\t\t\t\t\t<\/div>\n\t\t\t\t<\/div>\n\t\t\t\t\t<\/div>\n\t\t<\/div>\n\t\t\t\t\t<\/div>\n\t\t<\/section>\n\t\t\t\t<section class=\"elementor-section elementor-top-section elementor-element elementor-element-685825f elementor-section-boxed elementor-section-height-default elementor-section-height-default\" data-id=\"685825f\" data-element_type=\"section\" data-e-type=\"section\" data-settings=\"{&quot;background_background&quot;:&quot;classic&quot;}\">\n\t\t\t\t\t\t<div class=\"elementor-container elementor-column-gap-default\">\n\t\t\t\t\t<div class=\"elementor-column elementor-col-100 elementor-top-column elementor-element elementor-element-bbe5ea5 elementor-invisible\" data-id=\"bbe5ea5\" data-element_type=\"column\" data-e-type=\"column\" data-settings=\"{&quot;animation&quot;:&quot;fadeInRight&quot;}\">\n\t\t\t<div class=\"elementor-widget-wrap elementor-element-populated\">\n\t\t\t\t<div class=\"elementor-element elementor-element-c7c75c8 e-flex e-con-boxed e-con e-parent\" data-id=\"c7c75c8\" data-element_type=\"container\" data-e-type=\"container\">\n\t\t\t\t\t<div class=\"e-con-inner\">\n\t\t\t\t<div class=\"elementor-element elementor-element-6db1f10 elementor-widget elementor-widget-text-editor\" data-id=\"6db1f10\" data-element_type=\"widget\" data-e-type=\"widget\" data-widget_type=\"text-editor.default\">\n\t\t\t\t<div class=\"elementor-widget-container\">\n\t\t\t\t\t\t\t\t\t<div id=\"ppu26984\" class=\"clearfix grpelem\"><div id=\"ppu23225-4\" class=\"clearfix colelem\"><div id=\"pu23225-4\" class=\"clearfix grpelem\"><div id=\"u23226-15\" class=\"SR1 clearfix colelem mt-scroll-slide-bottom mt-scroll-show\"><div id=\"u23397-4\" class=\"SR1 clearfix colelem mt-scroll-slide-bottom mt-scroll-show\"><div id=\"ppu30265\" class=\"clearfix grpelem\"><div id=\"u25935-4\" class=\"SR2 clearfix colelem mt-scroll-slide-bottom mt-scroll-show\"><p>Ante recurrencias luego del primer tratamiento (drenaje, radioterapia, quimioterapia), el talco est\u00e9ril es uno de los agentes m\u00e1s usados para inducir pleurodesis.<\/p><\/div><div id=\"u30333-bw\" class=\"browser_width colelem\"><div id=\"u30333\"><div id=\"u30333_align_to_page\" class=\"clearfix\"><div id=\"pu30316\" class=\"clearfix grpelem\">\u00a0<\/div><\/div><\/div><\/div><\/div><\/div><\/div><\/div><\/div><\/div>\t\t\t\t\t\t\t\t<\/div>\n\t\t\t\t<\/div>\n\t\t\t\t\t<\/div>\n\t\t\t\t<\/div>\n\t\t\t\t<div class=\"elementor-element elementor-element-090ed5b elementor-widget elementor-widget-heading\" data-id=\"090ed5b\" data-element_type=\"widget\" data-e-type=\"widget\" data-widget_type=\"heading.default\">\n\t\t\t\t<div class=\"elementor-widget-container\">\n\t\t\t\t\t<h2 class=\"elementor-heading-title elementor-size-default\">MODO DE APLICACI\u00d3N\n<\/h2>\t\t\t\t<\/div>\n\t\t\t\t<\/div>\n\t\t\t\t<div class=\"elementor-element elementor-element-57e329c elementor-widget elementor-widget-text-editor\" data-id=\"57e329c\" data-element_type=\"widget\" data-e-type=\"widget\" data-widget_type=\"text-editor.default\">\n\t\t\t\t<div class=\"elementor-widget-container\">\n\t\t\t\t\t\t\t\t\t<div id=\"ppu26984\" class=\"clearfix grpelem\"><div id=\"ppu23225-4\" class=\"clearfix colelem\"><div id=\"pu23225-4\" class=\"clearfix grpelem\"><div id=\"u23226-15\" class=\"SR1 clearfix colelem mt-scroll-slide-bottom mt-scroll-show\"><p>Aplicaci\u00f3n como poudrage (seco) o slurry (con soluci\u00f3n salina est\u00e9ril)<\/p><p>Steritalc\u00ae se aplica mediante una c\u00e1nula a la cavidad pleural para adherirla pleura parietal con la pleura visceral (obliteraci\u00f3n de la cavidad pleural).<\/p><\/div><\/div><\/div><\/div>\t\t\t\t\t\t\t\t<\/div>\n\t\t\t\t<\/div>\n\t\t\t\t\t<\/div>\n\t\t<\/div>\n\t\t\t\t\t<\/div>\n\t\t<\/section>\n\t\t\t\t<section class=\"elementor-section elementor-top-section elementor-element elementor-element-3771f9f elementor-section-boxed elementor-section-height-default elementor-section-height-default\" data-id=\"3771f9f\" data-element_type=\"section\" data-e-type=\"section\" data-settings=\"{&quot;background_background&quot;:&quot;classic&quot;}\">\n\t\t\t\t\t\t<div class=\"elementor-container elementor-column-gap-default\">\n\t\t\t\t\t<div class=\"elementor-column elementor-col-33 elementor-top-column elementor-element elementor-element-8e947c4 elementor-invisible\" data-id=\"8e947c4\" data-element_type=\"column\" data-e-type=\"column\" data-settings=\"{&quot;animation&quot;:&quot;fadeInRight&quot;}\">\n\t\t\t<div class=\"elementor-widget-wrap elementor-element-populated\">\n\t\t\t\t\t\t<div class=\"elementor-element elementor-element-7ce0bf2 elementor-widget elementor-widget-image\" data-id=\"7ce0bf2\" data-element_type=\"widget\" data-e-type=\"widget\" data-widget_type=\"image.default\">\n\t\t\t\t<div class=\"elementor-widget-container\">\n\t\t\t\t\t\t\t\t\t\t\t\t\t\t\t<img loading=\"lazy\" decoding=\"async\" width=\"541\" height=\"341\" src=\"https:\/\/frmedical.com.mx\/wp-content\/uploads\/2024\/04\/76.jpg\" class=\"attachment-full size-full wp-image-1131\" alt=\"\" srcset=\"https:\/\/frmedical.com.mx\/wp-content\/uploads\/2024\/04\/76.jpg 541w, https:\/\/frmedical.com.mx\/wp-content\/uploads\/2024\/04\/76-300x189.jpg 300w\" sizes=\"(max-width: 541px) 100vw, 541px\" \/>\t\t\t\t\t\t\t\t\t\t\t\t\t\t\t<\/div>\n\t\t\t\t<\/div>\n\t\t\t\t\t<\/div>\n\t\t<\/div>\n\t\t\t\t<div class=\"elementor-column elementor-col-33 elementor-top-column elementor-element elementor-element-321c026 elementor-invisible\" data-id=\"321c026\" data-element_type=\"column\" data-e-type=\"column\" data-settings=\"{&quot;animation&quot;:&quot;fadeInRight&quot;}\">\n\t\t\t<div class=\"elementor-widget-wrap elementor-element-populated\">\n\t\t\t\t\t\t<div class=\"elementor-element elementor-element-96a043b elementor-widget elementor-widget-image\" data-id=\"96a043b\" data-element_type=\"widget\" data-e-type=\"widget\" data-widget_type=\"image.default\">\n\t\t\t\t<div class=\"elementor-widget-container\">\n\t\t\t\t\t\t\t\t\t\t\t\t\t\t\t<img loading=\"lazy\" decoding=\"async\" width=\"378\" height=\"250\" src=\"https:\/\/frmedical.com.mx\/wp-content\/uploads\/2024\/04\/312.jpg\" class=\"attachment-full size-full wp-image-1132\" alt=\"\" srcset=\"https:\/\/frmedical.com.mx\/wp-content\/uploads\/2024\/04\/312.jpg 378w, https:\/\/frmedical.com.mx\/wp-content\/uploads\/2024\/04\/312-300x198.jpg 300w\" sizes=\"(max-width: 378px) 100vw, 378px\" \/>\t\t\t\t\t\t\t\t\t\t\t\t\t\t\t<\/div>\n\t\t\t\t<\/div>\n\t\t\t\t\t<\/div>\n\t\t<\/div>\n\t\t\t\t<div class=\"elementor-column elementor-col-33 elementor-top-column elementor-element elementor-element-30c6f9e elementor-invisible\" data-id=\"30c6f9e\" data-element_type=\"column\" data-e-type=\"column\" data-settings=\"{&quot;animation&quot;:&quot;fadeInRight&quot;}\">\n\t\t\t<div class=\"elementor-widget-wrap elementor-element-populated\">\n\t\t\t\t\t\t<div class=\"elementor-element elementor-element-4b34f65 elementor-widget elementor-widget-image\" data-id=\"4b34f65\" data-element_type=\"widget\" data-e-type=\"widget\" data-widget_type=\"image.default\">\n\t\t\t\t<div class=\"elementor-widget-container\">\n\t\t\t\t\t\t\t\t\t\t\t\t\t\t\t<img loading=\"lazy\" decoding=\"async\" width=\"350\" height=\"263\" src=\"https:\/\/frmedical.com.mx\/wp-content\/uploads\/2024\/04\/57.jpg\" class=\"attachment-full size-full wp-image-1129\" alt=\"\" srcset=\"https:\/\/frmedical.com.mx\/wp-content\/uploads\/2024\/04\/57.jpg 350w, https:\/\/frmedical.com.mx\/wp-content\/uploads\/2024\/04\/57-300x225.jpg 300w\" sizes=\"(max-width: 350px) 100vw, 350px\" \/>\t\t\t\t\t\t\t\t\t\t\t\t\t\t\t<\/div>\n\t\t\t\t<\/div>\n\t\t\t\t\t<\/div>\n\t\t<\/div>\n\t\t\t\t\t<\/div>\n\t\t<\/section>\n\t\t\t\t<\/div>\n\t\t","protected":false},"excerpt":{"rendered":"<p>Novatech Steritalc Talco de part\u00edculas grandes calibradas, est\u00e9ril, procesado para el uso m\u00e9dico en la cavidad pleural; en indicaciones de pleurodesis es m\u00e1s efectivo y menos doloroso que otras alternativas (p.ej. tetraciclinas). \u00danico en el mundo con sus caracter\u00edsticas. \u00a0 PROPIEDADES DE STERITALC \u00ae Est\u00e9ril Libre de asbestos Libre de endotoxinas Tama\u00f1o calibrado de part\u00edculas&#8230;<\/p>\n","protected":false},"author":1,"featured_media":0,"parent":0,"menu_order":0,"comment_status":"closed","ping_status":"closed","template":"","meta":{"_monsterinsights_skip_tracking":false,"_monsterinsights_sitenote_active":false,"_monsterinsights_sitenote_note":"","_monsterinsights_sitenote_category":0,"_joinchat":[],"footnotes":""},"class_list":["post-71","page","type-page","status-publish","hentry"],"_links":{"self":[{"href":"https:\/\/frmedical.com.mx\/index.php?rest_route=\/wp\/v2\/pages\/71","targetHints":{"allow":["GET"]}}],"collection":[{"href":"https:\/\/frmedical.com.mx\/index.php?rest_route=\/wp\/v2\/pages"}],"about":[{"href":"https:\/\/frmedical.com.mx\/index.php?rest_route=\/wp\/v2\/types\/page"}],"author":[{"embeddable":true,"href":"https:\/\/frmedical.com.mx\/index.php?rest_route=\/wp\/v2\/users\/1"}],"replies":[{"embeddable":true,"href":"https:\/\/frmedical.com.mx\/index.php?rest_route=%2Fwp%2Fv2%2Fcomments&post=71"}],"version-history":[{"count":22,"href":"https:\/\/frmedical.com.mx\/index.php?rest_route=\/wp\/v2\/pages\/71\/revisions"}],"predecessor-version":[{"id":3335,"href":"https:\/\/frmedical.com.mx\/index.php?rest_route=\/wp\/v2\/pages\/71\/revisions\/3335"}],"wp:attachment":[{"href":"https:\/\/frmedical.com.mx\/index.php?rest_route=%2Fwp%2Fv2%2Fmedia&parent=71"}],"curies":[{"name":"wp","href":"https:\/\/api.w.org\/{rel}","templated":true}]}}