{"id":67,"date":"2024-04-18T18:59:19","date_gmt":"2024-04-18T18:59:19","guid":{"rendered":"https:\/\/frmedical.com.mx\/?page_id=67"},"modified":"2025-02-04T22:57:17","modified_gmt":"2025-02-04T22:57:17","slug":"montgomery-bypass-salival","status":"publish","type":"page","link":"https:\/\/frmedical.com.mx\/?page_id=67","title":{"rendered":"BYPASS SALIVAL MONTGOMERY"},"content":{"rendered":"\t\t<div data-elementor-type=\"wp-page\" data-elementor-id=\"67\" class=\"elementor elementor-67\" data-elementor-post-type=\"page\">\n\t\t\t\t\t\t<section class=\"elementor-section elementor-top-section elementor-element elementor-element-b824184 elementor-section-boxed elementor-section-height-default elementor-section-height-default\" data-id=\"b824184\" data-element_type=\"section\" data-e-type=\"section\" data-settings=\"{&quot;background_background&quot;:&quot;classic&quot;}\">\n\t\t\t\t\t\t\t<div class=\"elementor-background-overlay\"><\/div>\n\t\t\t\t\t\t\t<div class=\"elementor-container elementor-column-gap-no\">\n\t\t\t\t\t<div class=\"elementor-column elementor-col-100 elementor-top-column elementor-element elementor-element-839e939\" data-id=\"839e939\" data-element_type=\"column\" data-e-type=\"column\" data-settings=\"{&quot;background_background&quot;:&quot;classic&quot;}\">\n\t\t\t<div class=\"elementor-widget-wrap elementor-element-populated\">\n\t\t\t\t\t\t<div class=\"elementor-element elementor-element-4f2fdce elementor-widget elementor-widget-heading\" data-id=\"4f2fdce\" data-element_type=\"widget\" data-e-type=\"widget\" data-widget_type=\"heading.default\">\n\t\t\t\t<div class=\"elementor-widget-container\">\n\t\t\t\t\t<h2 class=\"elementor-heading-title elementor-size-default\">BYPASS SALIVAL MONTGOMERY<\/h2>\t\t\t\t<\/div>\n\t\t\t\t<\/div>\n\t\t\t\t\t<\/div>\n\t\t<\/div>\n\t\t\t\t\t<\/div>\n\t\t<\/section>\n\t\t\t\t<section class=\"elementor-section elementor-top-section elementor-element elementor-element-85c81e8 elementor-section-boxed elementor-section-height-default elementor-section-height-default\" data-id=\"85c81e8\" data-element_type=\"section\" data-e-type=\"section\" data-settings=\"{&quot;background_background&quot;:&quot;classic&quot;}\">\n\t\t\t\t\t\t<div class=\"elementor-container elementor-column-gap-default\">\n\t\t\t\t\t<div class=\"elementor-column elementor-col-50 elementor-top-column elementor-element elementor-element-5391c2b elementor-invisible\" data-id=\"5391c2b\" data-element_type=\"column\" data-e-type=\"column\" data-settings=\"{&quot;animation&quot;:&quot;fadeInRight&quot;}\">\n\t\t\t<div class=\"elementor-widget-wrap elementor-element-populated\">\n\t\t\t\t\t\t<div class=\"elementor-element elementor-element-c1d6342 elementor-widget elementor-widget-heading\" data-id=\"c1d6342\" data-element_type=\"widget\" data-e-type=\"widget\" data-widget_type=\"heading.default\">\n\t\t\t\t<div class=\"elementor-widget-container\">\n\t\t\t\t\t<h2 class=\"elementor-heading-title elementor-size-default\">TUBO DE DERIVACI\u00d3N SALIVAL<\/h2>\t\t\t\t<\/div>\n\t\t\t\t<\/div>\n\t\t\t\t<div class=\"elementor-element elementor-element-bdf4605 elementor-widget elementor-widget-text-editor\" data-id=\"bdf4605\" data-element_type=\"widget\" data-e-type=\"widget\" data-widget_type=\"text-editor.default\">\n\t\t\t\t<div class=\"elementor-widget-container\">\n\t\t\t\t\t\t\t\t\t<div id=\"ppu26984\" class=\"clearfix grpelem\"><div id=\"ppu23225-4\" class=\"clearfix colelem\"><div id=\"pu23225-4\" class=\"clearfix grpelem\"><div id=\"u23226-15\" class=\"SR1 clearfix colelem mt-scroll-slide-bottom mt-scroll-show\"><div id=\"u23397-4\" class=\"SR1 clearfix colelem mt-scroll-slide-bottom mt-scroll-show\"><p id=\"u64065-2\"><strong><span id=\"u64065\">Montgomery \u00ae Salivary Bypass Tube<\/span><\/strong><\/p><p id=\"u64065-4\">Indicado para el tratamiento de:<\/p><ul id=\"u64065-17\" class=\"list0 nls-None\"><li id=\"u64065-6\">Fistulas faringocut\u00e1neas despu\u00e9s de una laringectom\u00eda \/ laringo-esofagoectom\u00eda.<\/li><li id=\"u64065-8\">Fistulas esof\u00e1gicas con disfagia en caso de c\u00e1ncer en estado avanzado en la faringe o en el es\u00f3fago cervical o toracal.<\/li><li id=\"u64065-10\">Estenosis del es\u00f3fago cervical<\/li><li id=\"u64065-12\">Fistulas traqueo-esof\u00e1gicas.<\/li><li id=\"u64065-14\">Reconstrucci\u00f3n del es\u00f3fago cervical<\/li><li id=\"u64065-16\">Lesiones del es\u00f3fago inferior<\/li><\/ul><p id=\"u64065-18\">\u00a0<\/p><p id=\"u64065-20\">El tubo de derivaci\u00f3n salival Montgomery\u00ae Salivary Bypass Tube es utilizado para la reparaci\u00f3n con stent de estenosis cervicales esof\u00e1gicas e hipofar\u00edngeas, para prevenir f\u00edstulas o facilitar el manejo de f\u00edstulas causadas por intervenciones quir\u00fargicas, radioterapia, malignidad avanzada, trauma e ingesti\u00f3n de agentes c\u00e1usticos.<\/p><p id=\"u64065-23\">El constante ba\u00f1o de saliva alrededor de los tejidos alterados por la cirug\u00eda, la infecci\u00f3n o la radioterapia es un factor primordial que dificulta el progreso de la cicatrizaci\u00f3n y el cierre de la f\u00edstula.<\/p><p id=\"u64065-24\">\u00a0<\/p><p id=\"u64065-26\">El tubo de derivaci\u00f3n salival Montgomery\u00ae dirige la saliva hacia el es\u00f3fago distal y permite el cierre espont\u00e1neo de la f\u00edstula, o al menos permite que el tejido se recupere lo suficiente como para ser un receptor adecuado para medidas m\u00e1s formidables, como la reparaci\u00f3n con tejido de colgajo de piel previsto.<\/p><p id=\"u64065-29\">Se puede insertar una sonda de alimentaci\u00f3n a trav\u00e9s de la sonda de derivaci\u00f3n salival. Las f\u00edstulas y las estenosis inminentes pueden prevenirse mediante la colocaci\u00f3n de un tubo solo o despu\u00e9s de la dilataci\u00f3n con bougienage.<\/p><\/div><\/div><\/div><\/div><div id=\"u27050-bw\" class=\"browser_width colelem\"><div id=\"u27050\">\u00a0<\/div><\/div><\/div>\t\t\t\t\t\t\t\t<\/div>\n\t\t\t\t<\/div>\n\t\t\t\t\t<\/div>\n\t\t<\/div>\n\t\t\t\t<div class=\"elementor-column elementor-col-50 elementor-top-column elementor-element elementor-element-510f4da elementor-invisible\" data-id=\"510f4da\" data-element_type=\"column\" data-e-type=\"column\" data-settings=\"{&quot;animation&quot;:&quot;fadeInRight&quot;}\">\n\t\t\t<div class=\"elementor-widget-wrap elementor-element-populated\">\n\t\t\t\t<div class=\"elementor-element elementor-element-bafd991 e-flex e-con-boxed e-con e-parent\" data-id=\"bafd991\" data-element_type=\"container\" data-e-type=\"container\">\n\t\t\t\t\t<div class=\"e-con-inner\">\n\t\t<div class=\"elementor-element elementor-element-dbfaa26 e-con-full e-flex e-con e-child\" data-id=\"dbfaa26\" data-element_type=\"container\" data-e-type=\"container\">\n\t\t\t\t<div class=\"elementor-element elementor-element-5e3f0c7 elementor-widget elementor-widget-image\" data-id=\"5e3f0c7\" data-element_type=\"widget\" data-e-type=\"widget\" data-widget_type=\"image.default\">\n\t\t\t\t<div class=\"elementor-widget-container\">\n\t\t\t\t\t\t\t\t\t\t\t\t\t\t\t<img fetchpriority=\"high\" decoding=\"async\" width=\"613\" height=\"800\" src=\"https:\/\/frmedical.com.mx\/wp-content\/uploads\/2024\/07\/SBT_X-Ray-1.jpg\" class=\"attachment-full size-full wp-image-1852\" alt=\"\" srcset=\"https:\/\/frmedical.com.mx\/wp-content\/uploads\/2024\/07\/SBT_X-Ray-1.jpg 613w, https:\/\/frmedical.com.mx\/wp-content\/uploads\/2024\/07\/SBT_X-Ray-1-230x300.jpg 230w\" sizes=\"(max-width: 613px) 100vw, 613px\" \/>\t\t\t\t\t\t\t\t\t\t\t\t\t\t\t<\/div>\n\t\t\t\t<\/div>\n\t\t\t\t<\/div>\n\t\t\t\t\t<\/div>\n\t\t\t\t<\/div>\n\t\t\t\t\t<\/div>\n\t\t<\/div>\n\t\t\t\t\t<\/div>\n\t\t<\/section>\n\t\t\t\t<section class=\"elementor-section elementor-top-section elementor-element elementor-element-bcae283 elementor-section-boxed elementor-section-height-default elementor-section-height-default\" data-id=\"bcae283\" data-element_type=\"section\" data-e-type=\"section\" data-settings=\"{&quot;background_background&quot;:&quot;classic&quot;}\">\n\t\t\t\t\t\t<div class=\"elementor-container elementor-column-gap-default\">\n\t\t\t\t\t<div class=\"elementor-column elementor-col-50 elementor-top-column elementor-element elementor-element-efe7e4a elementor-invisible\" data-id=\"efe7e4a\" data-element_type=\"column\" data-e-type=\"column\" data-settings=\"{&quot;animation&quot;:&quot;fadeInRight&quot;}\">\n\t\t\t<div class=\"elementor-widget-wrap elementor-element-populated\">\n\t\t\t\t\t\t<div class=\"elementor-element elementor-element-8e4d192 elementor-widget elementor-widget-text-editor\" data-id=\"8e4d192\" data-element_type=\"widget\" data-e-type=\"widget\" data-widget_type=\"text-editor.default\">\n\t\t\t\t<div class=\"elementor-widget-container\">\n\t\t\t\t\t\t\t\t\t<div id=\"ppu26984\" class=\"clearfix grpelem\"><div id=\"ppu23225-4\" class=\"clearfix colelem\"><div id=\"pu23225-4\" class=\"clearfix grpelem\"><div id=\"u23226-15\" class=\"SR1 clearfix colelem mt-scroll-slide-bottom mt-scroll-show\"><div id=\"u70305-32\" class=\"SR2 clearfix grpelem mt-scroll-slide-bottom mt-scroll-show\"><p id=\"u70305-2\"><strong>REFERENCIA \/ DESCRIPCI\u00d3N<\/strong><\/p><p id=\"u70305-4\">322080 Tubo de derivaci\u00f3n salival Montgomery\u00ae claro 8mm<\/p><p id=\"u70305-6\">322100 Tubo de derivaci\u00f3n salival Montgomery\u00ae claro 10 mm<\/p><p id=\"u70305-8\">322120 Tubo de derivaci\u00f3n salival Montgomery\u00ae claro 12 mm<\/p><p id=\"u70305-10\">322140 Tubo de derivaci\u00f3n salival Montgomery\u00ae claro 14 mm<\/p><p id=\"u70305-12\">322160 Tubo de derivaci\u00f3n salival Montgomery\u00ae claro 16 mm<\/p><p id=\"u70305-14\">322180 Tubo de derivaci\u00f3n salival Montgomery\u00ae claro 18 mm<\/p><p id=\"u70305-16\">322200 Tubo de derivaci\u00f3n salival Montgomery\u00ae claro 20 mm<\/p><p id=\"u70305-18\">322080R Tubo de derivaci\u00f3n salival Montgomery\u00ae radiopaco 8 mm<\/p><p id=\"u70305-20\">322100R Tubo de derivaci\u00f3n salival Montgomery\u00ae radiopaco 10 mm<\/p><p id=\"u70305-22\">322120R Tubo de derivaci\u00f3n salival Montgomery\u00ae radiopaco 12 mm<\/p><p id=\"u70305-24\">322140R Tubo de derivaci\u00f3n salival Montgomery\u00ae radiopaco 14 mm<\/p><p id=\"u70305-26\">322160R Tubo de derivaci\u00f3n salival Montgomery\u00ae radiopaco 16 mm<\/p><p id=\"u70305-28\">322180R Tubo de derivaci\u00f3n salival Montgomery\u00ae radiopaco 18 mm<\/p><p id=\"u70305-30\">322200R Tubo de derivaci\u00f3n salival Montgomery\u00ae radiopaco 20 mm<\/p><\/div><\/div><\/div><\/div><\/div>\t\t\t\t\t\t\t\t<\/div>\n\t\t\t\t<\/div>\n\t\t\t\t\t<\/div>\n\t\t<\/div>\n\t\t\t\t<div class=\"elementor-column elementor-col-50 elementor-top-column elementor-element elementor-element-b4a3e13 elementor-invisible\" data-id=\"b4a3e13\" data-element_type=\"column\" data-e-type=\"column\" data-settings=\"{&quot;animation&quot;:&quot;fadeInRight&quot;}\">\n\t\t\t<div class=\"elementor-widget-wrap elementor-element-populated\">\n\t\t\t\t\t\t<div class=\"elementor-element elementor-element-3060b9b elementor-widget elementor-widget-image\" data-id=\"3060b9b\" data-element_type=\"widget\" data-e-type=\"widget\" data-widget_type=\"image.default\">\n\t\t\t\t<div class=\"elementor-widget-container\">\n\t\t\t\t\t\t\t\t\t\t\t\t\t\t\t<img decoding=\"async\" width=\"1081\" height=\"1081\" src=\"https:\/\/frmedical.com.mx\/wp-content\/uploads\/2024\/07\/csm_bypass_Montgomery-SBT_6c71bc697d-1.jpg\" class=\"attachment-full size-full wp-image-1853\" alt=\"\" srcset=\"https:\/\/frmedical.com.mx\/wp-content\/uploads\/2024\/07\/csm_bypass_Montgomery-SBT_6c71bc697d-1.jpg 1081w, https:\/\/frmedical.com.mx\/wp-content\/uploads\/2024\/07\/csm_bypass_Montgomery-SBT_6c71bc697d-1-300x300.jpg 300w, https:\/\/frmedical.com.mx\/wp-content\/uploads\/2024\/07\/csm_bypass_Montgomery-SBT_6c71bc697d-1-1024x1024.jpg 1024w, https:\/\/frmedical.com.mx\/wp-content\/uploads\/2024\/07\/csm_bypass_Montgomery-SBT_6c71bc697d-1-150x150.jpg 150w, https:\/\/frmedical.com.mx\/wp-content\/uploads\/2024\/07\/csm_bypass_Montgomery-SBT_6c71bc697d-1-768x768.jpg 768w\" sizes=\"(max-width: 1081px) 100vw, 1081px\" \/>\t\t\t\t\t\t\t\t\t\t\t\t\t\t\t<\/div>\n\t\t\t\t<\/div>\n\t\t\t\t<div class=\"elementor-element elementor-element-4f82f91 elementor-widget elementor-widget-text-editor\" data-id=\"4f82f91\" data-element_type=\"widget\" data-e-type=\"widget\" data-widget_type=\"text-editor.default\">\n\t\t\t\t<div class=\"elementor-widget-container\">\n\t\t\t\t\t\t\t\t\t<div id=\"ppu26984\" class=\"clearfix grpelem\"><div id=\"ppu23225-4\" class=\"clearfix colelem\"><div id=\"pu23225-4\" class=\"clearfix grpelem\"><div id=\"u23226-15\" class=\"SR1 clearfix colelem mt-scroll-slide-bottom mt-scroll-show\"><div id=\"u70305-32\" class=\"SR2 clearfix grpelem mt-scroll-slide-bottom mt-scroll-show\"><p>Producto est\u00e9ril listo para su uso<\/p><p id=\"u70314-4\">7 medidas disponibles<\/p><\/div><\/div><\/div><\/div><\/div>\t\t\t\t\t\t\t\t<\/div>\n\t\t\t\t<\/div>\n\t\t\t\t\t<\/div>\n\t\t<\/div>\n\t\t\t\t\t<\/div>\n\t\t<\/section>\n\t\t\t\t<section class=\"elementor-section elementor-top-section elementor-element elementor-element-615b4ed elementor-section-boxed elementor-section-height-default elementor-section-height-default\" data-id=\"615b4ed\" data-element_type=\"section\" data-e-type=\"section\" data-settings=\"{&quot;background_background&quot;:&quot;classic&quot;}\">\n\t\t\t\t\t\t<div class=\"elementor-container elementor-column-gap-default\">\n\t\t\t\t\t<div class=\"elementor-column elementor-col-50 elementor-top-column elementor-element elementor-element-5b8af76 elementor-invisible\" data-id=\"5b8af76\" data-element_type=\"column\" data-e-type=\"column\" data-settings=\"{&quot;animation&quot;:&quot;fadeInRight&quot;}\">\n\t\t\t<div class=\"elementor-widget-wrap elementor-element-populated\">\n\t\t\t\t\t\t<div class=\"elementor-element elementor-element-4e6d9ee elementor-widget elementor-widget-heading\" data-id=\"4e6d9ee\" data-element_type=\"widget\" data-e-type=\"widget\" data-widget_type=\"heading.default\">\n\t\t\t\t<div class=\"elementor-widget-container\">\n\t\t\t\t\t<h2 class=\"elementor-heading-title elementor-size-default\">TUBO FAR\u00cdNGEO HAR-EL<\/h2>\t\t\t\t<\/div>\n\t\t\t\t<\/div>\n\t\t\t\t<div class=\"elementor-element elementor-element-7e93fad elementor-widget elementor-widget-text-editor\" data-id=\"7e93fad\" data-element_type=\"widget\" data-e-type=\"widget\" data-widget_type=\"text-editor.default\">\n\t\t\t\t<div class=\"elementor-widget-container\">\n\t\t\t\t\t\t\t\t\t<div id=\"ppu26984\" class=\"clearfix grpelem\"><div id=\"ppu23225-4\" class=\"clearfix colelem\"><div id=\"pu23225-4\" class=\"clearfix grpelem\"><div id=\"u23226-15\" class=\"SR1 clearfix colelem mt-scroll-slide-bottom mt-scroll-show\"><div id=\"u70305-32\" class=\"SR2 clearfix grpelem mt-scroll-slide-bottom mt-scroll-show\"><div id=\"u70327-10\" class=\"SR3 clearfix colelem mt-scroll-slide-bottom mt-scroll-show\"><p>Facilita al cirujano el manejo de las f\u00edstulas esof\u00e1gicas resultantes de una variedad de causas que incluyen cirug\u00eda, radiaci\u00f3n, malignidad avanzada, trauma e ingesti\u00f3n de agentes c\u00e1usticos.<\/p><p>Fabricado con silicona de grado de implante, presenta una forma de embudo dise\u00f1ada para permitir el anclaje al nivel de la lengua.<\/p><p>Indicada para el tratamiento de f\u00edstulas orocut\u00e1neas y faringocut\u00e1neas despu\u00e9s de una resecci\u00f3n oncol\u00f3gica de cabeza y cuello, colocaci\u00f3n en pacientes con una f\u00edstula existente antes de los procedimientos reconstructivos, colocaci\u00f3n profil\u00e1ctica en pacientes con alto riesgo de desarrollar una f\u00edstula.<\/p><\/div><div id=\"pu70351-8\" class=\"clearfix colelem\"><div id=\"u70351-8\" class=\"SR3 clearfix grpelem mt-scroll-slide-bottom mt-scroll-show\"><p id=\"u70351-2\"><strong>REFERENCIA \/ DESCRIPCI\u00d3N<\/strong><\/p><p id=\"u70351-4\">355120 HAR-EL\u00a0 tubo far\u00edngeo transparente<\/p><p id=\"u70351-6\">355120R HAR-EL\u00a0 tubo far\u00edngeo radiopaco<\/p><\/div><\/div><\/div><\/div><\/div><\/div><\/div>\t\t\t\t\t\t\t\t<\/div>\n\t\t\t\t<\/div>\n\t\t\t\t\t<\/div>\n\t\t<\/div>\n\t\t\t\t<div class=\"elementor-column elementor-col-50 elementor-top-column elementor-element elementor-element-9d7e375 elementor-invisible\" data-id=\"9d7e375\" data-element_type=\"column\" data-e-type=\"column\" data-settings=\"{&quot;animation&quot;:&quot;fadeInRight&quot;}\">\n\t\t\t<div class=\"elementor-widget-wrap elementor-element-populated\">\n\t\t\t\t\t\t<div class=\"elementor-element elementor-element-68d17f1 elementor-widget elementor-widget-image\" data-id=\"68d17f1\" data-element_type=\"widget\" data-e-type=\"widget\" data-widget_type=\"image.default\">\n\t\t\t\t<div class=\"elementor-widget-container\">\n\t\t\t\t\t\t\t\t\t\t\t\t\t\t\t<img decoding=\"async\" width=\"227\" height=\"302\" src=\"https:\/\/frmedical.com.mx\/wp-content\/uploads\/2024\/04\/311.jpg\" class=\"attachment-full size-full wp-image-1076\" alt=\"\" srcset=\"https:\/\/frmedical.com.mx\/wp-content\/uploads\/2024\/04\/311.jpg 227w, https:\/\/frmedical.com.mx\/wp-content\/uploads\/2024\/04\/311-225x300.jpg 225w\" sizes=\"(max-width: 227px) 100vw, 227px\" \/>\t\t\t\t\t\t\t\t\t\t\t\t\t\t\t<\/div>\n\t\t\t\t<\/div>\n\t\t\t\t<div class=\"elementor-element elementor-element-008ca6c elementor-widget elementor-widget-image\" data-id=\"008ca6c\" data-element_type=\"widget\" data-e-type=\"widget\" data-widget_type=\"image.default\">\n\t\t\t\t<div class=\"elementor-widget-container\">\n\t\t\t\t\t\t\t\t\t\t\t\t\t\t\t<img loading=\"lazy\" decoding=\"async\" width=\"1081\" height=\"885\" src=\"https:\/\/frmedical.com.mx\/wp-content\/uploads\/2024\/07\/csm_bypass_HarEl_b9565df9be-1.jpg\" class=\"attachment-full size-full wp-image-1854\" alt=\"\" srcset=\"https:\/\/frmedical.com.mx\/wp-content\/uploads\/2024\/07\/csm_bypass_HarEl_b9565df9be-1.jpg 1081w, https:\/\/frmedical.com.mx\/wp-content\/uploads\/2024\/07\/csm_bypass_HarEl_b9565df9be-1-300x246.jpg 300w, https:\/\/frmedical.com.mx\/wp-content\/uploads\/2024\/07\/csm_bypass_HarEl_b9565df9be-1-1024x838.jpg 1024w, https:\/\/frmedical.com.mx\/wp-content\/uploads\/2024\/07\/csm_bypass_HarEl_b9565df9be-1-768x629.jpg 768w\" sizes=\"(max-width: 1081px) 100vw, 1081px\" \/>\t\t\t\t\t\t\t\t\t\t\t\t\t\t\t<\/div>\n\t\t\t\t<\/div>\n\t\t\t\t<div class=\"elementor-element elementor-element-792e351 elementor-widget elementor-widget-text-editor\" data-id=\"792e351\" data-element_type=\"widget\" data-e-type=\"widget\" data-widget_type=\"text-editor.default\">\n\t\t\t\t<div class=\"elementor-widget-container\">\n\t\t\t\t\t\t\t\t\t<div id=\"ppu26984\" class=\"clearfix grpelem\"><div id=\"ppu23225-4\" class=\"clearfix colelem\"><div id=\"pu23225-4\" class=\"clearfix grpelem\"><div id=\"u23226-15\" class=\"SR1 clearfix colelem mt-scroll-slide-bottom mt-scroll-show\"><div id=\"u70305-32\" class=\"SR2 clearfix grpelem mt-scroll-slide-bottom mt-scroll-show\"><p>Producto est\u00e9ril listo para su uso<\/p><\/div><\/div><\/div><\/div><\/div>\t\t\t\t\t\t\t\t<\/div>\n\t\t\t\t<\/div>\n\t\t\t\t\t<\/div>\n\t\t<\/div>\n\t\t\t\t\t<\/div>\n\t\t<\/section>\n\t\t\t\t<section class=\"elementor-section elementor-top-section elementor-element elementor-element-d1aab98 elementor-section-boxed elementor-section-height-default elementor-section-height-default\" data-id=\"d1aab98\" data-element_type=\"section\" data-e-type=\"section\" data-settings=\"{&quot;background_background&quot;:&quot;classic&quot;}\">\n\t\t\t\t\t\t<div class=\"elementor-container elementor-column-gap-default\">\n\t\t\t\t\t<div class=\"elementor-column elementor-col-100 elementor-top-column elementor-element elementor-element-b62db11 elementor-invisible\" data-id=\"b62db11\" data-element_type=\"column\" data-e-type=\"column\" data-settings=\"{&quot;animation&quot;:&quot;fadeInRight&quot;}\">\n\t\t\t<div class=\"elementor-widget-wrap elementor-element-populated\">\n\t\t\t\t\t\t<div class=\"elementor-element elementor-element-9679b0f elementor-align-center elementor-widget elementor-widget-button\" data-id=\"9679b0f\" data-element_type=\"widget\" data-e-type=\"widget\" data-widget_type=\"button.default\">\n\t\t\t\t<div class=\"elementor-widget-container\">\n\t\t\t\t\t\t\t\t\t<div class=\"elementor-button-wrapper\">\n\t\t\t\t\t<a class=\"elementor-button elementor-button-link elementor-size-sm\" href=\"https:\/\/drive.google.com\/file\/d\/1fXiqP6pn-mXk7UmB7C4ATQbgLSzZKlIJ\/view?usp=sharing\" target=\"_blank\">\n\t\t\t\t\t\t<span class=\"elementor-button-content-wrapper\">\n\t\t\t\t\t\t<span class=\"elementor-button-icon\">\n\t\t\t\t<svg aria-hidden=\"true\" class=\"e-font-icon-svg e-fas-file-download\" viewBox=\"0 0 384 512\" xmlns=\"http:\/\/www.w3.org\/2000\/svg\"><path d=\"M224 136V0H24C10.7 0 0 10.7 0 24v464c0 13.3 10.7 24 24 24h336c13.3 0 24-10.7 24-24V160H248c-13.2 0-24-10.8-24-24zm76.45 211.36l-96.42 95.7c-6.65 6.61-17.39 6.61-24.04 0l-96.42-95.7C73.42 337.29 80.54 320 94.82 320H160v-80c0-8.84 7.16-16 16-16h32c8.84 0 16 7.16 16 16v80h65.18c14.28 0 21.4 17.29 11.27 27.36zM377 105L279.1 7c-4.5-4.5-10.6-7-17-7H256v128h128v-6.1c0-6.3-2.5-12.4-7-16.9z\"><\/path><\/svg>\t\t\t<\/span>\n\t\t\t\t\t\t\t\t\t<span class=\"elementor-button-text\">Descargar cat\u00e1logo<\/span>\n\t\t\t\t\t<\/span>\n\t\t\t\t\t<\/a>\n\t\t\t\t<\/div>\n\t\t\t\t\t\t\t\t<\/div>\n\t\t\t\t<\/div>\n\t\t\t\t<div class=\"elementor-element elementor-element-9058897 elementor-align-center elementor-widget elementor-widget-button\" data-id=\"9058897\" data-element_type=\"widget\" data-e-type=\"widget\" data-widget_type=\"button.default\">\n\t\t\t\t<div class=\"elementor-widget-container\">\n\t\t\t\t\t\t\t\t\t<div class=\"elementor-button-wrapper\">\n\t\t\t\t\t<a class=\"elementor-button elementor-button-link elementor-size-sm\" href=\"https:\/\/frmedical.com.mx\/?page_id=77\" target=\"_blank\">\n\t\t\t\t\t\t<span class=\"elementor-button-content-wrapper\">\n\t\t\t\t\t\t<span class=\"elementor-button-icon\">\n\t\t\t\t<svg aria-hidden=\"true\" class=\"e-font-icon-svg e-fas-paper-plane\" viewBox=\"0 0 512 512\" xmlns=\"http:\/\/www.w3.org\/2000\/svg\"><path d=\"M476 3.2L12.5 270.6c-18.1 10.4-15.8 35.6 2.2 43.2L121 358.4l287.3-253.2c5.5-4.9 13.3 2.6 8.6 8.3L176 407v80.5c0 23.6 28.5 32.9 42.5 15.8L282 426l124.6 52.2c14.2 6 30.4-2.9 33-18.2l72-432C515 7.8 493.3-6.8 476 3.2z\"><\/path><\/svg>\t\t\t<\/span>\n\t\t\t\t\t\t\t\t\t<span class=\"elementor-button-text\">Cont\u00e1ctanos<\/span>\n\t\t\t\t\t<\/span>\n\t\t\t\t\t<\/a>\n\t\t\t\t<\/div>\n\t\t\t\t\t\t\t\t<\/div>\n\t\t\t\t<\/div>\n\t\t\t\t\t<\/div>\n\t\t<\/div>\n\t\t\t\t\t<\/div>\n\t\t<\/section>\n\t\t\t\t<\/div>\n\t\t","protected":false},"excerpt":{"rendered":"<p>TUBO DE DERIVACI\u00d3N SALIVAL Montgomery \u00ae Salivary Bypass Tube Indicado para el tratamiento de: Fistulas faringocut\u00e1neas despu\u00e9s de una laringectom\u00eda \/ laringo-esofagoectom\u00eda. Fistulas esof\u00e1gicas con disfagia en caso de c\u00e1ncer en estado avanzado en la faringe o en el es\u00f3fago cervical o toracal. Estenosis del es\u00f3fago cervical Fistulas traqueo-esof\u00e1gicas. Reconstrucci\u00f3n del es\u00f3fago cervical Lesiones del&#8230;<\/p>\n","protected":false},"author":1,"featured_media":0,"parent":0,"menu_order":0,"comment_status":"closed","ping_status":"closed","template":"","meta":{"_monsterinsights_skip_tracking":false,"_monsterinsights_sitenote_active":false,"_monsterinsights_sitenote_note":"","_monsterinsights_sitenote_category":0,"_joinchat":[],"footnotes":""},"class_list":["post-67","page","type-page","status-publish","hentry"],"_links":{"self":[{"href":"https:\/\/frmedical.com.mx\/index.php?rest_route=\/wp\/v2\/pages\/67","targetHints":{"allow":["GET"]}}],"collection":[{"href":"https:\/\/frmedical.com.mx\/index.php?rest_route=\/wp\/v2\/pages"}],"about":[{"href":"https:\/\/frmedical.com.mx\/index.php?rest_route=\/wp\/v2\/types\/page"}],"author":[{"embeddable":true,"href":"https:\/\/frmedical.com.mx\/index.php?rest_route=\/wp\/v2\/users\/1"}],"replies":[{"embeddable":true,"href":"https:\/\/frmedical.com.mx\/index.php?rest_route=%2Fwp%2Fv2%2Fcomments&post=67"}],"version-history":[{"count":20,"href":"https:\/\/frmedical.com.mx\/index.php?rest_route=\/wp\/v2\/pages\/67\/revisions"}],"predecessor-version":[{"id":3323,"href":"https:\/\/frmedical.com.mx\/index.php?rest_route=\/wp\/v2\/pages\/67\/revisions\/3323"}],"wp:attachment":[{"href":"https:\/\/frmedical.com.mx\/index.php?rest_route=%2Fwp%2Fv2%2Fmedia&parent=67"}],"curies":[{"name":"wp","href":"https:\/\/api.w.org\/{rel}","templated":true}]}}