{"id":63,"date":"2024-04-18T18:58:33","date_gmt":"2024-04-18T18:58:33","guid":{"rendered":"https:\/\/frmedical.com.mx\/?page_id=63"},"modified":"2025-02-04T23:18:34","modified_gmt":"2025-02-04T23:18:34","slug":"montgomery-tubos-t","status":"publish","type":"page","link":"https:\/\/frmedical.com.mx\/?page_id=63","title":{"rendered":"MONTGOMERY TUBOS T"},"content":{"rendered":"\t\t<div data-elementor-type=\"wp-page\" data-elementor-id=\"63\" class=\"elementor elementor-63\" data-elementor-post-type=\"page\">\n\t\t\t\t\t\t<section class=\"elementor-section elementor-top-section elementor-element elementor-element-bce784e elementor-section-boxed elementor-section-height-default elementor-section-height-default\" data-id=\"bce784e\" data-element_type=\"section\" data-e-type=\"section\" data-settings=\"{&quot;background_background&quot;:&quot;classic&quot;}\">\n\t\t\t\t\t\t\t<div class=\"elementor-background-overlay\"><\/div>\n\t\t\t\t\t\t\t<div class=\"elementor-container elementor-column-gap-no\">\n\t\t\t\t\t<div class=\"elementor-column elementor-col-100 elementor-top-column elementor-element elementor-element-cb60b8e\" data-id=\"cb60b8e\" data-element_type=\"column\" data-e-type=\"column\" data-settings=\"{&quot;background_background&quot;:&quot;classic&quot;}\">\n\t\t\t<div class=\"elementor-widget-wrap elementor-element-populated\">\n\t\t\t\t\t\t<div class=\"elementor-element elementor-element-0ca036f elementor-widget elementor-widget-heading\" data-id=\"0ca036f\" data-element_type=\"widget\" data-e-type=\"widget\" data-widget_type=\"heading.default\">\n\t\t\t\t<div class=\"elementor-widget-container\">\n\t\t\t\t\t<h2 class=\"elementor-heading-title elementor-size-default\">MONTGOMERY TUBOS T<\/h2>\t\t\t\t<\/div>\n\t\t\t\t<\/div>\n\t\t\t\t\t<\/div>\n\t\t<\/div>\n\t\t\t\t\t<\/div>\n\t\t<\/section>\n\t\t\t\t<section class=\"elementor-section elementor-top-section elementor-element elementor-element-a2ece8c elementor-section-boxed elementor-section-height-default elementor-section-height-default\" data-id=\"a2ece8c\" data-element_type=\"section\" data-e-type=\"section\" data-settings=\"{&quot;background_background&quot;:&quot;classic&quot;}\">\n\t\t\t\t\t\t<div class=\"elementor-container elementor-column-gap-default\">\n\t\t\t\t\t<div class=\"elementor-column elementor-col-50 elementor-top-column elementor-element elementor-element-62c9f21 elementor-invisible\" data-id=\"62c9f21\" data-element_type=\"column\" data-e-type=\"column\" data-settings=\"{&quot;animation&quot;:&quot;fadeInRight&quot;}\">\n\t\t\t<div class=\"elementor-widget-wrap elementor-element-populated\">\n\t\t\t\t\t\t<div class=\"elementor-element elementor-element-bc36a2f elementor-widget elementor-widget-heading\" data-id=\"bc36a2f\" data-element_type=\"widget\" data-e-type=\"widget\" data-widget_type=\"heading.default\">\n\t\t\t\t<div class=\"elementor-widget-container\">\n\t\t\t\t\t<h2 class=\"elementor-heading-title elementor-size-default\">MONTGOMERY TUBOS T<\/h2>\t\t\t\t<\/div>\n\t\t\t\t<\/div>\n\t\t\t\t<div class=\"elementor-element elementor-element-eb4fa26 elementor-widget elementor-widget-text-editor\" data-id=\"eb4fa26\" data-element_type=\"widget\" data-e-type=\"widget\" data-widget_type=\"text-editor.default\">\n\t\t\t\t<div class=\"elementor-widget-container\">\n\t\t\t\t\t\t\t\t\t<div id=\"ppu26984\" class=\"clearfix grpelem\"><div id=\"ppu23225-4\" class=\"clearfix colelem\"><div id=\"pu23225-4\" class=\"clearfix grpelem\"><div id=\"u23226-15\" class=\"SR1 clearfix colelem mt-scroll-slide-bottom mt-scroll-show\"><div id=\"u23397-4\" class=\"SR1 clearfix colelem mt-scroll-slide-bottom mt-scroll-show\"><p id=\"u25997-2\">Los tubos T de Montgomery son fabricados con silicona transparente de grado implante est\u00e1n indicados para mantener una v\u00eda a\u00e9rea traqueal adecuada, as\u00ed como para brindar soporte en la tr\u00e1quea esten\u00f3tica que ha sido reconstituida o reconstruida.<\/p><p id=\"u25997-3\">\u00a0<\/p><p id=\"u25997-5\"><strong>INDICACIONES<\/strong><\/p><ul id=\"u25997-20\" class=\"list0 nls-None\"><li id=\"u25997-7\">Lesiones laringotraqueales agudas<\/li><li id=\"u25997-9\">Estenosis traqueal intrator\u00e1cica<\/li><li id=\"u25997-11\">tr\u00e1quea reconstruida<\/li><li id=\"u25997-13\">tr\u00e1quea reconstituida<\/li><li id=\"u25997-15\">Estenosis traqueal cuando la tr\u00e1quea cervical o tor\u00e1cica no se puede reparar<\/li><li id=\"u25997-17\">Resecci\u00f3n segmentaria y anastomosis<\/li><li id=\"u25997-19\">Tr\u00e1quea cervical que no se puede reparar<\/li><\/ul><p id=\"u25997-21\">\u00a0<\/p><p id=\"u25997-23\"><strong>CARACTER\u00cdSTICAS<\/strong><\/p><ul id=\"u25997-35\" class=\"list0 nls-None\"><li id=\"u25997-25\">Dise\u00f1o original<\/li><li id=\"u25997-27\">Silicona de grado implante<\/li><li id=\"u25997-29\">Superficie lisa no adherente<\/li><li id=\"u25997-31\">Anillo de seguridad y sistema de ranuras<\/li><li id=\"u25997-33\">Producto est\u00e9ril.<\/li><li id=\"u25997-34\">\u00a0<\/li><\/ul><p id=\"u25997-37\"><strong>CONTENIDO<\/strong><\/p><ul id=\"u25997-44\" class=\"list0 nls-None\"><li id=\"u25997-39\">Contenido por pieza: 1 Tubo \u201cT\u201d, 2 anillos de silic\u00f3n con tap\u00f3n y 1 instructivo.<\/li><li id=\"u25997-41\">Medidas disponibles para adultos: 10 mm hasta 16 mm.<\/li><li id=\"u25997-43\">Medidas disponibles para pedi\u00e1tricos: 6 mm hasta 9 mm.<\/li><\/ul><\/div><\/div><\/div><\/div><div id=\"u27050-bw\" class=\"browser_width colelem\"><div id=\"u27050\">\u00a0<\/div><\/div><\/div>\t\t\t\t\t\t\t\t<\/div>\n\t\t\t\t<\/div>\n\t\t\t\t<div class=\"elementor-element elementor-element-a5625fe elementor-align-center elementor-widget elementor-widget-button\" data-id=\"a5625fe\" data-element_type=\"widget\" data-e-type=\"widget\" data-widget_type=\"button.default\">\n\t\t\t\t<div class=\"elementor-widget-container\">\n\t\t\t\t\t\t\t\t\t<div class=\"elementor-button-wrapper\">\n\t\t\t\t\t<a class=\"elementor-button elementor-button-link elementor-size-sm\" href=\"https:\/\/frmedical.com.mx\/wp-content\/uploads\/2024\/04\/boston-montgomery-tubos-t.pdf\" target=\"_blank\">\n\t\t\t\t\t\t<span class=\"elementor-button-content-wrapper\">\n\t\t\t\t\t\t<span class=\"elementor-button-icon\">\n\t\t\t\t<svg aria-hidden=\"true\" class=\"e-font-icon-svg e-fas-file-download\" viewBox=\"0 0 384 512\" xmlns=\"http:\/\/www.w3.org\/2000\/svg\"><path d=\"M224 136V0H24C10.7 0 0 10.7 0 24v464c0 13.3 10.7 24 24 24h336c13.3 0 24-10.7 24-24V160H248c-13.2 0-24-10.8-24-24zm76.45 211.36l-96.42 95.7c-6.65 6.61-17.39 6.61-24.04 0l-96.42-95.7C73.42 337.29 80.54 320 94.82 320H160v-80c0-8.84 7.16-16 16-16h32c8.84 0 16 7.16 16 16v80h65.18c14.28 0 21.4 17.29 11.27 27.36zM377 105L279.1 7c-4.5-4.5-10.6-7-17-7H256v128h128v-6.1c0-6.3-2.5-12.4-7-16.9z\"><\/path><\/svg>\t\t\t<\/span>\n\t\t\t\t\t\t\t\t\t<span class=\"elementor-button-text\">Descargar cat\u00e1logo<\/span>\n\t\t\t\t\t<\/span>\n\t\t\t\t\t<\/a>\n\t\t\t\t<\/div>\n\t\t\t\t\t\t\t\t<\/div>\n\t\t\t\t<\/div>\n\t\t\t\t<div class=\"elementor-element elementor-element-658ad45 elementor-align-center elementor-widget elementor-widget-button\" data-id=\"658ad45\" data-element_type=\"widget\" data-e-type=\"widget\" data-widget_type=\"button.default\">\n\t\t\t\t<div class=\"elementor-widget-container\">\n\t\t\t\t\t\t\t\t\t<div class=\"elementor-button-wrapper\">\n\t\t\t\t\t<a class=\"elementor-button elementor-button-link elementor-size-sm\" href=\"https:\/\/frmedical.com.mx\/?page_id=77\" target=\"_blank\">\n\t\t\t\t\t\t<span class=\"elementor-button-content-wrapper\">\n\t\t\t\t\t\t<span class=\"elementor-button-icon\">\n\t\t\t\t<svg aria-hidden=\"true\" class=\"e-font-icon-svg e-fas-paper-plane\" viewBox=\"0 0 512 512\" xmlns=\"http:\/\/www.w3.org\/2000\/svg\"><path d=\"M476 3.2L12.5 270.6c-18.1 10.4-15.8 35.6 2.2 43.2L121 358.4l287.3-253.2c5.5-4.9 13.3 2.6 8.6 8.3L176 407v80.5c0 23.6 28.5 32.9 42.5 15.8L282 426l124.6 52.2c14.2 6 30.4-2.9 33-18.2l72-432C515 7.8 493.3-6.8 476 3.2z\"><\/path><\/svg>\t\t\t<\/span>\n\t\t\t\t\t\t\t\t\t<span class=\"elementor-button-text\">Cont\u00e1ctanos<\/span>\n\t\t\t\t\t<\/span>\n\t\t\t\t\t<\/a>\n\t\t\t\t<\/div>\n\t\t\t\t\t\t\t\t<\/div>\n\t\t\t\t<\/div>\n\t\t\t\t\t<\/div>\n\t\t<\/div>\n\t\t\t\t<div class=\"elementor-column elementor-col-50 elementor-top-column elementor-element elementor-element-ac133cd elementor-invisible\" data-id=\"ac133cd\" data-element_type=\"column\" data-e-type=\"column\" data-settings=\"{&quot;animation&quot;:&quot;fadeInRight&quot;}\">\n\t\t\t<div class=\"elementor-widget-wrap elementor-element-populated\">\n\t\t\t\t<div class=\"elementor-element elementor-element-efc8684 e-flex e-con-boxed e-con e-parent\" data-id=\"efc8684\" data-element_type=\"container\" data-e-type=\"container\">\n\t\t\t\t\t<div class=\"e-con-inner\">\n\t\t<div class=\"elementor-element elementor-element-9424dba e-con-full e-flex e-con e-child\" data-id=\"9424dba\" data-element_type=\"container\" data-e-type=\"container\">\n\t\t\t\t<div class=\"elementor-element elementor-element-bfd0d38 elementor-widget elementor-widget-image\" data-id=\"bfd0d38\" data-element_type=\"widget\" data-e-type=\"widget\" data-widget_type=\"image.default\">\n\t\t\t\t<div class=\"elementor-widget-container\">\n\t\t\t\t\t\t\t\t\t\t\t\t\t\t\t<img fetchpriority=\"high\" decoding=\"async\" width=\"1000\" height=\"863\" src=\"https:\/\/frmedical.com.mx\/wp-content\/uploads\/2024\/07\/Safe-T-Tubes_Group_quer-1.png\" class=\"attachment-full size-full wp-image-2079\" alt=\"\" srcset=\"https:\/\/frmedical.com.mx\/wp-content\/uploads\/2024\/07\/Safe-T-Tubes_Group_quer-1.png 1000w, https:\/\/frmedical.com.mx\/wp-content\/uploads\/2024\/07\/Safe-T-Tubes_Group_quer-1-300x259.png 300w, https:\/\/frmedical.com.mx\/wp-content\/uploads\/2024\/07\/Safe-T-Tubes_Group_quer-1-768x663.png 768w\" sizes=\"(max-width: 1000px) 100vw, 1000px\" \/>\t\t\t\t\t\t\t\t\t\t\t\t\t\t\t<\/div>\n\t\t\t\t<\/div>\n\t\t\t\t<\/div>\n\t\t\t\t\t<\/div>\n\t\t\t\t<\/div>\n\t\t\t\t\t<\/div>\n\t\t<\/div>\n\t\t\t\t\t<\/div>\n\t\t<\/section>\n\t\t\t\t<section class=\"elementor-section elementor-top-section elementor-element elementor-element-c107e91 elementor-section-boxed elementor-section-height-default elementor-section-height-default\" data-id=\"c107e91\" data-element_type=\"section\" data-e-type=\"section\" data-settings=\"{&quot;background_background&quot;:&quot;classic&quot;}\">\n\t\t\t\t\t\t<div class=\"elementor-container elementor-column-gap-default\">\n\t\t\t\t\t<div class=\"elementor-column elementor-col-33 elementor-top-column elementor-element elementor-element-fef1499 elementor-invisible\" data-id=\"fef1499\" data-element_type=\"column\" data-e-type=\"column\" data-settings=\"{&quot;animation&quot;:&quot;fadeInRight&quot;}\">\n\t\t\t<div class=\"elementor-widget-wrap elementor-element-populated\">\n\t\t\t\t\t\t<div class=\"elementor-element elementor-element-e3068ed elementor-widget elementor-widget-image\" data-id=\"e3068ed\" data-element_type=\"widget\" data-e-type=\"widget\" data-widget_type=\"image.default\">\n\t\t\t\t<div class=\"elementor-widget-container\">\n\t\t\t\t\t\t\t\t\t\t\t\t\t\t\t<img decoding=\"async\" width=\"800\" height=\"800\" src=\"https:\/\/frmedical.com.mx\/wp-content\/uploads\/2024\/07\/tubos_0003_Capa-1.jpg\" class=\"attachment-full size-full wp-image-2083\" alt=\"\" srcset=\"https:\/\/frmedical.com.mx\/wp-content\/uploads\/2024\/07\/tubos_0003_Capa-1.jpg 800w, https:\/\/frmedical.com.mx\/wp-content\/uploads\/2024\/07\/tubos_0003_Capa-1-300x300.jpg 300w, https:\/\/frmedical.com.mx\/wp-content\/uploads\/2024\/07\/tubos_0003_Capa-1-150x150.jpg 150w, https:\/\/frmedical.com.mx\/wp-content\/uploads\/2024\/07\/tubos_0003_Capa-1-768x768.jpg 768w\" sizes=\"(max-width: 800px) 100vw, 800px\" \/>\t\t\t\t\t\t\t\t\t\t\t\t\t\t\t<\/div>\n\t\t\t\t<\/div>\n\t\t\t\t<div class=\"elementor-element elementor-element-0539fc7 elementor-widget elementor-widget-heading\" data-id=\"0539fc7\" data-element_type=\"widget\" data-e-type=\"widget\" data-widget_type=\"heading.default\">\n\t\t\t\t<div class=\"elementor-widget-container\">\n\t\t\t\t\t<h2 class=\"elementor-heading-title elementor-size-default\">STANDARD 4200 SERIES<\/h2>\t\t\t\t<\/div>\n\t\t\t\t<\/div>\n\t\t\t\t<div class=\"elementor-element elementor-element-769d6d1 elementor-widget elementor-widget-text-editor\" data-id=\"769d6d1\" data-element_type=\"widget\" data-e-type=\"widget\" data-widget_type=\"text-editor.default\">\n\t\t\t\t<div class=\"elementor-widget-container\">\n\t\t\t\t\t\t\t\t\t<div id=\"ppu26984\" class=\"clearfix grpelem\"><div id=\"ppu23225-4\" class=\"clearfix colelem\"><div id=\"pu23225-4\" class=\"clearfix grpelem\"><div id=\"u23226-15\" class=\"SR1 clearfix colelem mt-scroll-slide-bottom mt-scroll-show\"><p id=\"u23420-2\">Dise\u00f1o original con dimensiones que funcionar\u00e1n para la mayor\u00eda de casos quir\u00fargicos.<\/p><\/div><\/div><\/div><\/div>\t\t\t\t\t\t\t\t<\/div>\n\t\t\t\t<\/div>\n\t\t\t\t\t<\/div>\n\t\t<\/div>\n\t\t\t\t<div class=\"elementor-column elementor-col-33 elementor-top-column elementor-element elementor-element-d21e8dd elementor-invisible\" data-id=\"d21e8dd\" data-element_type=\"column\" data-e-type=\"column\" data-settings=\"{&quot;animation&quot;:&quot;fadeInRight&quot;}\">\n\t\t\t<div class=\"elementor-widget-wrap elementor-element-populated\">\n\t\t\t\t\t\t<div class=\"elementor-element elementor-element-5aaaa27 elementor-widget elementor-widget-image\" data-id=\"5aaaa27\" data-element_type=\"widget\" data-e-type=\"widget\" data-widget_type=\"image.default\">\n\t\t\t\t<div class=\"elementor-widget-container\">\n\t\t\t\t\t\t\t\t\t\t\t\t\t\t\t<img decoding=\"async\" width=\"800\" height=\"800\" src=\"https:\/\/frmedical.com.mx\/wp-content\/uploads\/2024\/07\/tubos_0002_Capa-2.jpg\" class=\"attachment-full size-full wp-image-2082\" alt=\"\" srcset=\"https:\/\/frmedical.com.mx\/wp-content\/uploads\/2024\/07\/tubos_0002_Capa-2.jpg 800w, https:\/\/frmedical.com.mx\/wp-content\/uploads\/2024\/07\/tubos_0002_Capa-2-300x300.jpg 300w, https:\/\/frmedical.com.mx\/wp-content\/uploads\/2024\/07\/tubos_0002_Capa-2-150x150.jpg 150w, https:\/\/frmedical.com.mx\/wp-content\/uploads\/2024\/07\/tubos_0002_Capa-2-768x768.jpg 768w\" sizes=\"(max-width: 800px) 100vw, 800px\" \/>\t\t\t\t\t\t\t\t\t\t\t\t\t\t\t<\/div>\n\t\t\t\t<\/div>\n\t\t\t\t<div class=\"elementor-element elementor-element-d7651eb elementor-widget elementor-widget-heading\" data-id=\"d7651eb\" data-element_type=\"widget\" data-e-type=\"widget\" data-widget_type=\"heading.default\">\n\t\t\t\t<div class=\"elementor-widget-container\">\n\t\t\t\t\t<h2 class=\"elementor-heading-title elementor-size-default\">THORACIC 5200 SERIES<\/h2>\t\t\t\t<\/div>\n\t\t\t\t<\/div>\n\t\t\t\t<div class=\"elementor-element elementor-element-6c14adc elementor-widget elementor-widget-text-editor\" data-id=\"6c14adc\" data-element_type=\"widget\" data-e-type=\"widget\" data-widget_type=\"text-editor.default\">\n\t\t\t\t<div class=\"elementor-widget-container\">\n\t\t\t\t\t\t\t\t\t<div id=\"ppu26984\" class=\"clearfix grpelem\"><div id=\"ppu23225-4\" class=\"clearfix colelem\"><div id=\"pu23225-4\" class=\"clearfix grpelem\"><div id=\"u23226-15\" class=\"SR1 clearfix colelem mt-scroll-slide-bottom mt-scroll-show\"><p id=\"u23420-2\">Cuenta con una extremidad inferior extra larga para aplicaciones tor\u00e1cicas<\/p><\/div><\/div><\/div><\/div>\t\t\t\t\t\t\t\t<\/div>\n\t\t\t\t<\/div>\n\t\t\t\t\t<\/div>\n\t\t<\/div>\n\t\t\t\t<div class=\"elementor-column elementor-col-33 elementor-top-column elementor-element elementor-element-6d04296 elementor-invisible\" data-id=\"6d04296\" data-element_type=\"column\" data-e-type=\"column\" data-settings=\"{&quot;animation&quot;:&quot;fadeInRight&quot;}\">\n\t\t\t<div class=\"elementor-widget-wrap elementor-element-populated\">\n\t\t\t\t\t\t<div class=\"elementor-element elementor-element-4f2ee92 elementor-widget elementor-widget-image\" data-id=\"4f2ee92\" data-element_type=\"widget\" data-e-type=\"widget\" data-widget_type=\"image.default\">\n\t\t\t\t<div class=\"elementor-widget-container\">\n\t\t\t\t\t\t\t\t\t\t\t\t\t\t\t<img loading=\"lazy\" decoding=\"async\" width=\"800\" height=\"800\" src=\"https:\/\/frmedical.com.mx\/wp-content\/uploads\/2024\/07\/tubos_0001_Capa-3.jpg\" class=\"attachment-full size-full wp-image-2081\" alt=\"\" srcset=\"https:\/\/frmedical.com.mx\/wp-content\/uploads\/2024\/07\/tubos_0001_Capa-3.jpg 800w, https:\/\/frmedical.com.mx\/wp-content\/uploads\/2024\/07\/tubos_0001_Capa-3-300x300.jpg 300w, https:\/\/frmedical.com.mx\/wp-content\/uploads\/2024\/07\/tubos_0001_Capa-3-150x150.jpg 150w, https:\/\/frmedical.com.mx\/wp-content\/uploads\/2024\/07\/tubos_0001_Capa-3-768x768.jpg 768w\" sizes=\"(max-width: 800px) 100vw, 800px\" \/>\t\t\t\t\t\t\t\t\t\t\t\t\t\t\t<\/div>\n\t\t\t\t<\/div>\n\t\t\t\t<div class=\"elementor-element elementor-element-2350d80 elementor-widget elementor-widget-heading\" data-id=\"2350d80\" data-element_type=\"widget\" data-e-type=\"widget\" data-widget_type=\"heading.default\">\n\t\t\t\t<div class=\"elementor-widget-container\">\n\t\t\t\t\t<h2 class=\"elementor-heading-title elementor-size-default\">EXTRA LONG 6200 SERIES<\/h2>\t\t\t\t<\/div>\n\t\t\t\t<\/div>\n\t\t\t\t<div class=\"elementor-element elementor-element-8fdf91c elementor-widget elementor-widget-text-editor\" data-id=\"8fdf91c\" data-element_type=\"widget\" data-e-type=\"widget\" data-widget_type=\"text-editor.default\">\n\t\t\t\t<div class=\"elementor-widget-container\">\n\t\t\t\t\t\t\t\t\t<div id=\"ppu26984\" class=\"clearfix grpelem\"><div id=\"ppu23225-4\" class=\"clearfix colelem\"><div id=\"pu23225-4\" class=\"clearfix grpelem\"><div id=\"u23226-15\" class=\"SR1 clearfix colelem mt-scroll-slide-bottom mt-scroll-show\"><p id=\"u23420-2\">Esta dise\u00f1ado para Proporcionar al cirujano la libertad total para ajustar las extremidades intraluminales a cualquier longitud deseada, cuento con las extremidades superiores e inferiores extra largas.<\/p><\/div><\/div><\/div><\/div>\t\t\t\t\t\t\t\t<\/div>\n\t\t\t\t<\/div>\n\t\t\t\t\t<\/div>\n\t\t<\/div>\n\t\t\t\t\t<\/div>\n\t\t<\/section>\n\t\t\t\t<section class=\"elementor-section elementor-top-section elementor-element elementor-element-8d824c3 elementor-section-boxed elementor-section-height-default elementor-section-height-default\" data-id=\"8d824c3\" data-element_type=\"section\" data-e-type=\"section\" data-settings=\"{&quot;background_background&quot;:&quot;classic&quot;}\">\n\t\t\t\t\t\t<div class=\"elementor-container elementor-column-gap-default\">\n\t\t\t\t\t<div class=\"elementor-column elementor-col-33 elementor-top-column elementor-element elementor-element-3751f2e elementor-invisible\" data-id=\"3751f2e\" data-element_type=\"column\" data-e-type=\"column\" data-settings=\"{&quot;animation&quot;:&quot;fadeInRight&quot;}\">\n\t\t\t<div class=\"elementor-widget-wrap elementor-element-populated\">\n\t\t\t\t\t\t<div class=\"elementor-element elementor-element-f7d9fc9 elementor-widget elementor-widget-image\" data-id=\"f7d9fc9\" data-element_type=\"widget\" data-e-type=\"widget\" data-widget_type=\"image.default\">\n\t\t\t\t<div class=\"elementor-widget-container\">\n\t\t\t\t\t\t\t\t\t\t\t\t\t\t\t<img loading=\"lazy\" decoding=\"async\" width=\"800\" height=\"800\" src=\"https:\/\/frmedical.com.mx\/wp-content\/uploads\/2024\/07\/tubos_0000_Capa-4.jpg\" class=\"attachment-full size-full wp-image-2080\" alt=\"\" srcset=\"https:\/\/frmedical.com.mx\/wp-content\/uploads\/2024\/07\/tubos_0000_Capa-4.jpg 800w, https:\/\/frmedical.com.mx\/wp-content\/uploads\/2024\/07\/tubos_0000_Capa-4-300x300.jpg 300w, https:\/\/frmedical.com.mx\/wp-content\/uploads\/2024\/07\/tubos_0000_Capa-4-150x150.jpg 150w, https:\/\/frmedical.com.mx\/wp-content\/uploads\/2024\/07\/tubos_0000_Capa-4-768x768.jpg 768w\" sizes=\"(max-width: 800px) 100vw, 800px\" \/>\t\t\t\t\t\t\t\t\t\t\t\t\t\t\t<\/div>\n\t\t\t\t<\/div>\n\t\t\t\t<div class=\"elementor-element elementor-element-4efdf91 elementor-widget elementor-widget-heading\" data-id=\"4efdf91\" data-element_type=\"widget\" data-e-type=\"widget\" data-widget_type=\"heading.default\">\n\t\t\t\t<div class=\"elementor-widget-container\">\n\t\t\t\t\t<h2 class=\"elementor-heading-title elementor-size-default\">PEDIATRIC 3200 SERIES<\/h2>\t\t\t\t<\/div>\n\t\t\t\t<\/div>\n\t\t\t\t<div class=\"elementor-element elementor-element-5db5efc elementor-widget elementor-widget-text-editor\" data-id=\"5db5efc\" data-element_type=\"widget\" data-e-type=\"widget\" data-widget_type=\"text-editor.default\">\n\t\t\t\t<div class=\"elementor-widget-container\">\n\t\t\t\t\t\t\t\t\t<div id=\"ppu26984\" class=\"clearfix grpelem\"><div id=\"ppu23225-4\" class=\"clearfix colelem\"><div id=\"pu23225-4\" class=\"clearfix grpelem\"><div id=\"u23226-15\" class=\"SR1 clearfix colelem mt-scroll-slide-bottom mt-scroll-show\"><p id=\"u23420-2\">Cuentan con un miembro extraluminal en \u00e1ngulo para facilitar la aspiraci\u00f3n y el manejo de la v\u00eda a\u00e9rea.<\/p><\/div><\/div><\/div><\/div>\t\t\t\t\t\t\t\t<\/div>\n\t\t\t\t<\/div>\n\t\t\t\t\t<\/div>\n\t\t<\/div>\n\t\t\t\t<div class=\"elementor-column elementor-col-33 elementor-top-column elementor-element elementor-element-bda947a elementor-invisible\" data-id=\"bda947a\" data-element_type=\"column\" data-e-type=\"column\" data-settings=\"{&quot;animation&quot;:&quot;fadeInRight&quot;}\">\n\t\t\t<div class=\"elementor-widget-wrap elementor-element-populated\">\n\t\t\t\t\t\t<div class=\"elementor-element elementor-element-39a1d3d elementor-widget elementor-widget-image\" data-id=\"39a1d3d\" data-element_type=\"widget\" data-e-type=\"widget\" data-widget_type=\"image.default\">\n\t\t\t\t<div class=\"elementor-widget-container\">\n\t\t\t\t\t\t\t\t\t\t\t\t\t\t\t<img loading=\"lazy\" decoding=\"async\" width=\"1081\" height=\"1081\" src=\"https:\/\/frmedical.com.mx\/wp-content\/uploads\/2024\/07\/csm_Ring_Plug_c0142af3bf.jpg\" class=\"attachment-full size-full wp-image-1860\" alt=\"\" srcset=\"https:\/\/frmedical.com.mx\/wp-content\/uploads\/2024\/07\/csm_Ring_Plug_c0142af3bf.jpg 1081w, https:\/\/frmedical.com.mx\/wp-content\/uploads\/2024\/07\/csm_Ring_Plug_c0142af3bf-300x300.jpg 300w, https:\/\/frmedical.com.mx\/wp-content\/uploads\/2024\/07\/csm_Ring_Plug_c0142af3bf-1024x1024.jpg 1024w, https:\/\/frmedical.com.mx\/wp-content\/uploads\/2024\/07\/csm_Ring_Plug_c0142af3bf-150x150.jpg 150w, https:\/\/frmedical.com.mx\/wp-content\/uploads\/2024\/07\/csm_Ring_Plug_c0142af3bf-768x768.jpg 768w\" sizes=\"(max-width: 1081px) 100vw, 1081px\" \/>\t\t\t\t\t\t\t\t\t\t\t\t\t\t\t<\/div>\n\t\t\t\t<\/div>\n\t\t\t\t<div class=\"elementor-element elementor-element-60d98bc elementor-widget elementor-widget-heading\" data-id=\"60d98bc\" data-element_type=\"widget\" data-e-type=\"widget\" data-widget_type=\"heading.default\">\n\t\t\t\t<div class=\"elementor-widget-container\">\n\t\t\t\t\t<h2 class=\"elementor-heading-title elementor-size-default\">ACCESORIO TAP\u00d3N PARA TUBO<\/h2>\t\t\t\t<\/div>\n\t\t\t\t<\/div>\n\t\t\t\t<div class=\"elementor-element elementor-element-1b4cb48 elementor-widget elementor-widget-text-editor\" data-id=\"1b4cb48\" data-element_type=\"widget\" data-e-type=\"widget\" data-widget_type=\"text-editor.default\">\n\t\t\t\t<div class=\"elementor-widget-container\">\n\t\t\t\t\t\t\t\t\t<div id=\"ppu26984\" class=\"clearfix grpelem\"><div id=\"ppu23225-4\" class=\"clearfix colelem\"><div id=\"pu23225-4\" class=\"clearfix grpelem\"><div id=\"u23226-15\" class=\"SR1 clearfix colelem mt-scroll-slide-bottom mt-scroll-show\"><p id=\"u23420-2\">* Este producto no esta incluido, se vende por separado.<\/p><\/div><\/div><\/div><\/div>\t\t\t\t\t\t\t\t<\/div>\n\t\t\t\t<\/div>\n\t\t\t\t\t<\/div>\n\t\t<\/div>\n\t\t\t\t<div class=\"elementor-column elementor-col-33 elementor-top-column elementor-element elementor-element-974bcf9 elementor-invisible\" data-id=\"974bcf9\" data-element_type=\"column\" data-e-type=\"column\" data-settings=\"{&quot;animation&quot;:&quot;fadeInRight&quot;}\">\n\t\t\t<div class=\"elementor-widget-wrap\">\n\t\t\t\t\t\t\t<\/div>\n\t\t<\/div>\n\t\t\t\t\t<\/div>\n\t\t<\/section>\n\t\t\t\t<\/div>\n\t\t","protected":false},"excerpt":{"rendered":"<p>MONTGOMERY TUBOS T Los tubos T de Montgomery son fabricados con silicona transparente de grado implante est\u00e1n indicados para mantener una v\u00eda a\u00e9rea traqueal adecuada, as\u00ed como para brindar soporte en la tr\u00e1quea esten\u00f3tica que ha sido reconstituida o reconstruida. \u00a0 INDICACIONES Lesiones laringotraqueales agudas Estenosis traqueal intrator\u00e1cica tr\u00e1quea reconstruida tr\u00e1quea reconstituida Estenosis traqueal cuando&#8230;<\/p>\n","protected":false},"author":1,"featured_media":0,"parent":0,"menu_order":0,"comment_status":"closed","ping_status":"closed","template":"","meta":{"_monsterinsights_skip_tracking":false,"_monsterinsights_sitenote_active":false,"_monsterinsights_sitenote_note":"","_monsterinsights_sitenote_category":0,"_joinchat":[],"footnotes":""},"class_list":["post-63","page","type-page","status-publish","hentry"],"_links":{"self":[{"href":"https:\/\/frmedical.com.mx\/index.php?rest_route=\/wp\/v2\/pages\/63","targetHints":{"allow":["GET"]}}],"collection":[{"href":"https:\/\/frmedical.com.mx\/index.php?rest_route=\/wp\/v2\/pages"}],"about":[{"href":"https:\/\/frmedical.com.mx\/index.php?rest_route=\/wp\/v2\/types\/page"}],"author":[{"embeddable":true,"href":"https:\/\/frmedical.com.mx\/index.php?rest_route=\/wp\/v2\/users\/1"}],"replies":[{"embeddable":true,"href":"https:\/\/frmedical.com.mx\/index.php?rest_route=%2Fwp%2Fv2%2Fcomments&post=63"}],"version-history":[{"count":19,"href":"https:\/\/frmedical.com.mx\/index.php?rest_route=\/wp\/v2\/pages\/63\/revisions"}],"predecessor-version":[{"id":3332,"href":"https:\/\/frmedical.com.mx\/index.php?rest_route=\/wp\/v2\/pages\/63\/revisions\/3332"}],"wp:attachment":[{"href":"https:\/\/frmedical.com.mx\/index.php?rest_route=%2Fwp%2Fv2%2Fmedia&parent=63"}],"curies":[{"name":"wp","href":"https:\/\/api.w.org\/{rel}","templated":true}]}}