{"id":38,"date":"2024-04-18T18:48:18","date_gmt":"2024-04-18T18:48:18","guid":{"rendered":"https:\/\/frmedical.com.mx\/?page_id=38"},"modified":"2025-02-04T18:06:59","modified_gmt":"2025-02-04T18:06:59","slug":"kardia-spiral","status":"publish","type":"page","link":"https:\/\/frmedical.com.mx\/?page_id=38","title":{"rendered":"KARDIA SPIRAL"},"content":{"rendered":"\t\t<div data-elementor-type=\"wp-page\" data-elementor-id=\"38\" class=\"elementor elementor-38\" data-elementor-post-type=\"page\">\n\t\t\t\t\t\t<section class=\"elementor-section elementor-top-section elementor-element elementor-element-de8ccf0 elementor-section-boxed elementor-section-height-default elementor-section-height-default\" data-id=\"de8ccf0\" data-element_type=\"section\" data-e-type=\"section\" data-settings=\"{&quot;background_background&quot;:&quot;classic&quot;}\">\n\t\t\t\t\t\t\t<div class=\"elementor-background-overlay\"><\/div>\n\t\t\t\t\t\t\t<div class=\"elementor-container elementor-column-gap-no\">\n\t\t\t\t\t<div class=\"elementor-column elementor-col-100 elementor-top-column elementor-element elementor-element-d3e325f\" data-id=\"d3e325f\" data-element_type=\"column\" data-e-type=\"column\" data-settings=\"{&quot;background_background&quot;:&quot;classic&quot;}\">\n\t\t\t<div class=\"elementor-widget-wrap elementor-element-populated\">\n\t\t\t\t\t\t<div class=\"elementor-element elementor-element-a83d1b4 elementor-widget elementor-widget-heading\" data-id=\"a83d1b4\" data-element_type=\"widget\" data-e-type=\"widget\" data-widget_type=\"heading.default\">\n\t\t\t\t<div class=\"elementor-widget-container\">\n\t\t\t\t\t<h2 class=\"elementor-heading-title elementor-size-default\">KARDIA SPIRAL<\/h2>\t\t\t\t<\/div>\n\t\t\t\t<\/div>\n\t\t\t\t\t<\/div>\n\t\t<\/div>\n\t\t\t\t\t<\/div>\n\t\t<\/section>\n\t\t\t\t<section class=\"elementor-section elementor-top-section elementor-element elementor-element-3e7065b elementor-section-boxed elementor-section-height-default elementor-section-height-default\" data-id=\"3e7065b\" data-element_type=\"section\" data-e-type=\"section\" data-settings=\"{&quot;background_background&quot;:&quot;classic&quot;}\">\n\t\t\t\t\t\t<div class=\"elementor-container elementor-column-gap-default\">\n\t\t\t\t\t<div class=\"elementor-column elementor-col-50 elementor-top-column elementor-element elementor-element-d26e014 elementor-invisible\" data-id=\"d26e014\" data-element_type=\"column\" data-e-type=\"column\" data-settings=\"{&quot;animation&quot;:&quot;fadeInRight&quot;}\">\n\t\t\t<div class=\"elementor-widget-wrap elementor-element-populated\">\n\t\t\t\t\t\t<div class=\"elementor-element elementor-element-e73d701 elementor-widget elementor-widget-heading\" data-id=\"e73d701\" data-element_type=\"widget\" data-e-type=\"widget\" data-widget_type=\"heading.default\">\n\t\t\t\t<div class=\"elementor-widget-container\">\n\t\t\t\t\t<h2 class=\"elementor-heading-title elementor-size-default\">KARDIA SPIRAL<\/h2>\t\t\t\t<\/div>\n\t\t\t\t<\/div>\n\t\t\t\t<div class=\"elementor-element elementor-element-adc2a13 elementor-widget elementor-widget-text-editor\" data-id=\"adc2a13\" data-element_type=\"widget\" data-e-type=\"widget\" data-widget_type=\"text-editor.default\">\n\t\t\t\t<div class=\"elementor-widget-container\">\n\t\t\t\t\t\t\t\t\t<div id=\"ppu26984\" class=\"clearfix grpelem\"><div id=\"ppu23225-4\" class=\"clearfix colelem\"><div id=\"pu23225-4\" class=\"clearfix grpelem\"><div id=\"u23226-15\" class=\"SR1 clearfix colelem mt-scroll-slide-bottom mt-scroll-show\"><p id=\"u23632-2\"><strong>DRENAJE DISE\u00d1ADO ESPEC\u00cdFICAMENTE PARA CIRUG\u00cdA CARDIOTOR\u00c1CICA.<\/strong><\/p><p id=\"u23632-4\">La principal ventaja de un drenaje acanalado en espiral flexible es que al ser de un calibre menor a una sonda de PVC es menos traum\u00e1tico para el paciente y al ser flexible causa mucho menos dolor al paciente. La ventaja de Kardia Spiral TM es que al tener mayor superficie de drenado es m\u00e1s eficiente que un drenaje multiperforado.<\/p><p id=\"u23632-6\">El drenaje est\u00e1 indicado para la utilizaci\u00f3n junto a sistemas de drenaje por gravedad o en aspiraci\u00f3n de cualquier marca, pero se recomienda usar en conjunto todo el sistema de drenaje tor\u00e1cico REDAX.<\/p><p id=\"u23632-8\">La sonda de drenaje pleural Kardia Spiral TM tiene una longitud de 80 cm y se compone de 2 segmentos:<\/p><p id=\"u23632-11\">1. Un segmento de tubo de silicona blanca 100% radiopaca, acanalada, en espiral.<\/p><p id=\"u23632-13\">2. Un segmento de tubo de silicona transparente, conectado con el cabo radiopaco siguiendo un perfil atraum\u00e1tico. Esta uni\u00f3n se hace mediante un pegamento especial que resiste 7 Kg fuerza.<\/p><p id=\"u23632-16\">Su dise\u00f1o exclusivo permite un drenaje eficaz gracias al principio de capilaridad y evita la oclusi\u00f3n del tubo por tracciones y\/o torsiones.<\/p><\/div><\/div><\/div><div id=\"u27050-bw\" class=\"browser_width colelem\"><div id=\"u27050\"><div id=\"u27050_align_to_page\" class=\"clearfix\"><div id=\"pu27057\" class=\"clearfix grpelem\">\u00a0<\/div><\/div><\/div><\/div><\/div>\t\t\t\t\t\t\t\t<\/div>\n\t\t\t\t<\/div>\n\t\t<div class=\"elementor-element elementor-element-d3e4aab e-flex e-con-boxed e-con e-parent\" data-id=\"d3e4aab\" data-element_type=\"container\" data-e-type=\"container\">\n\t\t\t\t\t<div class=\"e-con-inner\">\n\t\t<div class=\"elementor-element elementor-element-99e48cf e-con-full e-flex e-con e-child\" data-id=\"99e48cf\" data-element_type=\"container\" data-e-type=\"container\">\n\t\t\t\t<div class=\"elementor-element elementor-element-9b6c99a elementor-widget elementor-widget-image\" data-id=\"9b6c99a\" data-element_type=\"widget\" data-e-type=\"widget\" data-widget_type=\"image.default\">\n\t\t\t\t<div class=\"elementor-widget-container\">\n\t\t\t\t\t\t\t\t\t\t\t\t\t\t\t<img fetchpriority=\"high\" decoding=\"async\" width=\"800\" height=\"800\" src=\"https:\/\/frmedical.com.mx\/wp-content\/uploads\/2024\/07\/kardia-spiral-1.jpg\" class=\"attachment-full size-full wp-image-1821\" alt=\"\" srcset=\"https:\/\/frmedical.com.mx\/wp-content\/uploads\/2024\/07\/kardia-spiral-1.jpg 800w, https:\/\/frmedical.com.mx\/wp-content\/uploads\/2024\/07\/kardia-spiral-1-300x300.jpg 300w, https:\/\/frmedical.com.mx\/wp-content\/uploads\/2024\/07\/kardia-spiral-1-150x150.jpg 150w, https:\/\/frmedical.com.mx\/wp-content\/uploads\/2024\/07\/kardia-spiral-1-768x768.jpg 768w\" sizes=\"(max-width: 800px) 100vw, 800px\" \/>\t\t\t\t\t\t\t\t\t\t\t\t\t\t\t<\/div>\n\t\t\t\t<\/div>\n\t\t\t\t<\/div>\n\t\t\t\t\t<\/div>\n\t\t\t\t<\/div>\n\t\t\t\t\t<\/div>\n\t\t<\/div>\n\t\t\t\t<div class=\"elementor-column elementor-col-50 elementor-top-column elementor-element elementor-element-0cb7148 elementor-invisible\" data-id=\"0cb7148\" data-element_type=\"column\" data-e-type=\"column\" data-settings=\"{&quot;animation&quot;:&quot;fadeInRight&quot;}\">\n\t\t\t<div class=\"elementor-widget-wrap elementor-element-populated\">\n\t\t\t\t<div class=\"elementor-element elementor-element-4c45438 e-flex e-con-boxed e-con e-parent\" data-id=\"4c45438\" data-element_type=\"container\" data-e-type=\"container\">\n\t\t\t\t\t<div class=\"e-con-inner\">\n\t\t<div class=\"elementor-element elementor-element-757e825 e-con-full e-flex e-con e-child\" data-id=\"757e825\" data-element_type=\"container\" data-e-type=\"container\">\n\t\t\t\t<div class=\"elementor-element elementor-element-da59e32 elementor-widget elementor-widget-image\" data-id=\"da59e32\" data-element_type=\"widget\" data-e-type=\"widget\" data-widget_type=\"image.default\">\n\t\t\t\t<div class=\"elementor-widget-container\">\n\t\t\t\t\t\t\t\t\t\t\t\t\t\t\t<img decoding=\"async\" width=\"230\" height=\"273\" src=\"https:\/\/frmedical.com.mx\/wp-content\/uploads\/2024\/04\/2-u23672-fr.jpg\" class=\"attachment-full size-full wp-image-878\" alt=\"\" \/>\t\t\t\t\t\t\t\t\t\t\t\t\t\t\t<\/div>\n\t\t\t\t<\/div>\n\t\t\t\t<\/div>\n\t\t<div class=\"elementor-element elementor-element-37f2e61 e-con-full e-flex e-con e-child\" data-id=\"37f2e61\" data-element_type=\"container\" data-e-type=\"container\">\n\t\t\t\t<div class=\"elementor-element elementor-element-3629f62 elementor-widget elementor-widget-image\" data-id=\"3629f62\" data-element_type=\"widget\" data-e-type=\"widget\" data-widget_type=\"image.default\">\n\t\t\t\t<div class=\"elementor-widget-container\">\n\t\t\t\t\t\t\t\t\t\t\t\t\t\t\t<img decoding=\"async\" width=\"230\" height=\"267\" src=\"https:\/\/frmedical.com.mx\/wp-content\/uploads\/2024\/04\/1-u23629-fr.jpg\" class=\"attachment-full size-full wp-image-873\" alt=\"\" \/>\t\t\t\t\t\t\t\t\t\t\t\t\t\t\t<\/div>\n\t\t\t\t<\/div>\n\t\t\t\t<\/div>\n\t\t\t\t\t<\/div>\n\t\t\t\t<\/div>\n\t\t<div class=\"elementor-element elementor-element-5706f34 e-flex e-con-boxed e-con e-parent\" data-id=\"5706f34\" data-element_type=\"container\" data-e-type=\"container\">\n\t\t\t\t\t<div class=\"e-con-inner\">\n\t\t<div class=\"elementor-element elementor-element-58ffa43 e-con-full e-flex e-con e-child\" data-id=\"58ffa43\" data-element_type=\"container\" data-e-type=\"container\">\n\t\t\t\t<div class=\"elementor-element elementor-element-79265ae elementor-widget elementor-widget-image\" data-id=\"79265ae\" data-element_type=\"widget\" data-e-type=\"widget\" data-widget_type=\"image.default\">\n\t\t\t\t<div class=\"elementor-widget-container\">\n\t\t\t\t\t\t\t\t\t\t\t\t\t\t\t<img loading=\"lazy\" decoding=\"async\" width=\"476\" height=\"197\" src=\"https:\/\/frmedical.com.mx\/wp-content\/uploads\/2024\/04\/34.jpg\" class=\"attachment-full size-full wp-image-876\" alt=\"\" srcset=\"https:\/\/frmedical.com.mx\/wp-content\/uploads\/2024\/04\/34.jpg 476w, https:\/\/frmedical.com.mx\/wp-content\/uploads\/2024\/04\/34-300x124.jpg 300w\" sizes=\"(max-width: 476px) 100vw, 476px\" \/>\t\t\t\t\t\t\t\t\t\t\t\t\t\t\t<\/div>\n\t\t\t\t<\/div>\n\t\t\t\t<\/div>\n\t\t\t\t\t<\/div>\n\t\t\t\t<\/div>\n\t\t\t\t<div class=\"elementor-element elementor-element-94ae9e2 elementor-widget elementor-widget-text-editor\" data-id=\"94ae9e2\" data-element_type=\"widget\" data-e-type=\"widget\" data-widget_type=\"text-editor.default\">\n\t\t\t\t<div class=\"elementor-widget-container\">\n\t\t\t\t\t\t\t\t\t<div id=\"ppu26984\" class=\"clearfix grpelem\"><div id=\"ppu23225-4\" class=\"clearfix colelem\"><div id=\"pu23225-4\" class=\"clearfix grpelem\"><div id=\"u23226-15\" class=\"SR1 clearfix colelem mt-scroll-slide-bottom mt-scroll-show\"><p>Disponible en dos di\u00e1metros diferentes, 19 y 24 FR.<\/p><p>Fabricado con silicona grado m\u00e9dico, biocompatible y hemocompatible.<\/p><p>No contiene L\u00e1tex ni PVC.<\/p><p>Producto est\u00e9ril, listo para su uso.<\/p><\/div><\/div><\/div><\/div>\t\t\t\t\t\t\t\t<\/div>\n\t\t\t\t<\/div>\n\t\t\t\t\t<\/div>\n\t\t<\/div>\n\t\t\t\t\t<\/div>\n\t\t<\/section>\n\t\t\t\t<section class=\"elementor-section elementor-top-section elementor-element elementor-element-fffd3ab elementor-section-boxed elementor-section-height-default elementor-section-height-default\" data-id=\"fffd3ab\" data-element_type=\"section\" data-e-type=\"section\" data-settings=\"{&quot;background_background&quot;:&quot;classic&quot;}\">\n\t\t\t\t\t\t<div class=\"elementor-container elementor-column-gap-default\">\n\t\t\t\t\t<div class=\"elementor-column elementor-col-50 elementor-top-column elementor-element elementor-element-56da213 elementor-invisible\" data-id=\"56da213\" data-element_type=\"column\" data-e-type=\"column\" data-settings=\"{&quot;animation&quot;:&quot;fadeInRight&quot;}\">\n\t\t\t<div class=\"elementor-widget-wrap elementor-element-populated\">\n\t\t\t\t\t\t<div class=\"elementor-element elementor-element-24bcc11 elementor-widget elementor-widget-heading\" data-id=\"24bcc11\" data-element_type=\"widget\" data-e-type=\"widget\" data-widget_type=\"heading.default\">\n\t\t\t\t<div class=\"elementor-widget-container\">\n\t\t\t\t\t<h2 class=\"elementor-heading-title elementor-size-default\">USOS E INDICACIONES<\/h2>\t\t\t\t<\/div>\n\t\t\t\t<\/div>\n\t\t\t\t<div class=\"elementor-element elementor-element-e2afa32 elementor-widget elementor-widget-text-editor\" data-id=\"e2afa32\" data-element_type=\"widget\" data-e-type=\"widget\" data-widget_type=\"text-editor.default\">\n\t\t\t\t<div class=\"elementor-widget-container\">\n\t\t\t\t\t\t\t\t\t<div id=\"ppu26984\" class=\"clearfix grpelem\"><div id=\"ppu23225-4\" class=\"clearfix colelem\"><div id=\"pu23225-4\" class=\"clearfix grpelem\"><div id=\"u23226-15\" class=\"SR1 clearfix colelem mt-scroll-slide-bottom mt-scroll-show\"><p>Indicada para el drenaje en procedimientos cardiotor\u00e1cicos.<\/p><\/div><\/div><\/div><\/div>\t\t\t\t\t\t\t\t<\/div>\n\t\t\t\t<\/div>\n\t\t\t\t<div class=\"elementor-element elementor-element-8558e11 elementor-align-center elementor-widget elementor-widget-button\" data-id=\"8558e11\" data-element_type=\"widget\" data-e-type=\"widget\" data-widget_type=\"button.default\">\n\t\t\t\t<div class=\"elementor-widget-container\">\n\t\t\t\t\t\t\t\t\t<div class=\"elementor-button-wrapper\">\n\t\t\t\t\t<a class=\"elementor-button elementor-button-link elementor-size-sm\" href=\"https:\/\/frmedical.com.mx\/wp-content\/uploads\/2024\/04\/redax-todos-los-productos.pdf\" target=\"_blank\">\n\t\t\t\t\t\t<span class=\"elementor-button-content-wrapper\">\n\t\t\t\t\t\t<span class=\"elementor-button-icon\">\n\t\t\t\t<svg aria-hidden=\"true\" class=\"e-font-icon-svg e-fas-file-download\" viewBox=\"0 0 384 512\" xmlns=\"http:\/\/www.w3.org\/2000\/svg\"><path d=\"M224 136V0H24C10.7 0 0 10.7 0 24v464c0 13.3 10.7 24 24 24h336c13.3 0 24-10.7 24-24V160H248c-13.2 0-24-10.8-24-24zm76.45 211.36l-96.42 95.7c-6.65 6.61-17.39 6.61-24.04 0l-96.42-95.7C73.42 337.29 80.54 320 94.82 320H160v-80c0-8.84 7.16-16 16-16h32c8.84 0 16 7.16 16 16v80h65.18c14.28 0 21.4 17.29 11.27 27.36zM377 105L279.1 7c-4.5-4.5-10.6-7-17-7H256v128h128v-6.1c0-6.3-2.5-12.4-7-16.9z\"><\/path><\/svg>\t\t\t<\/span>\n\t\t\t\t\t\t\t\t\t<span class=\"elementor-button-text\">Descargar cat\u00e1logo<\/span>\n\t\t\t\t\t<\/span>\n\t\t\t\t\t<\/a>\n\t\t\t\t<\/div>\n\t\t\t\t\t\t\t\t<\/div>\n\t\t\t\t<\/div>\n\t\t\t\t<div class=\"elementor-element elementor-element-7715c21 elementor-align-center elementor-widget elementor-widget-button\" data-id=\"7715c21\" data-element_type=\"widget\" data-e-type=\"widget\" data-widget_type=\"button.default\">\n\t\t\t\t<div class=\"elementor-widget-container\">\n\t\t\t\t\t\t\t\t\t<div class=\"elementor-button-wrapper\">\n\t\t\t\t\t<a class=\"elementor-button elementor-button-link elementor-size-sm\" href=\"https:\/\/frmedical.com.mx\/?page_id=77\" target=\"_blank\">\n\t\t\t\t\t\t<span class=\"elementor-button-content-wrapper\">\n\t\t\t\t\t\t<span class=\"elementor-button-icon\">\n\t\t\t\t<svg aria-hidden=\"true\" class=\"e-font-icon-svg e-fas-paper-plane\" viewBox=\"0 0 512 512\" xmlns=\"http:\/\/www.w3.org\/2000\/svg\"><path d=\"M476 3.2L12.5 270.6c-18.1 10.4-15.8 35.6 2.2 43.2L121 358.4l287.3-253.2c5.5-4.9 13.3 2.6 8.6 8.3L176 407v80.5c0 23.6 28.5 32.9 42.5 15.8L282 426l124.6 52.2c14.2 6 30.4-2.9 33-18.2l72-432C515 7.8 493.3-6.8 476 3.2z\"><\/path><\/svg>\t\t\t<\/span>\n\t\t\t\t\t\t\t\t\t<span class=\"elementor-button-text\">Cont\u00e1ctanos<\/span>\n\t\t\t\t\t<\/span>\n\t\t\t\t\t<\/a>\n\t\t\t\t<\/div>\n\t\t\t\t\t\t\t\t<\/div>\n\t\t\t\t<\/div>\n\t\t\t\t\t<\/div>\n\t\t<\/div>\n\t\t\t\t<div class=\"elementor-column elementor-col-50 elementor-top-column elementor-element elementor-element-701aeb0 elementor-invisible\" data-id=\"701aeb0\" data-element_type=\"column\" data-e-type=\"column\" data-settings=\"{&quot;animation&quot;:&quot;fadeInRight&quot;,&quot;background_background&quot;:&quot;classic&quot;}\">\n\t\t\t<div class=\"elementor-widget-wrap elementor-element-populated\">\n\t\t\t\t<div class=\"elementor-element elementor-element-b4824b6 e-flex e-con-boxed e-con e-parent\" data-id=\"b4824b6\" data-element_type=\"container\" data-e-type=\"container\" data-settings=\"{&quot;background_background&quot;:&quot;classic&quot;}\">\n\t\t\t\t\t<div class=\"e-con-inner\">\n\t\t<div class=\"elementor-element elementor-element-47b69b0 e-con-full e-flex e-con e-child\" data-id=\"47b69b0\" data-element_type=\"container\" data-e-type=\"container\">\n\t\t\t\t<div class=\"elementor-element elementor-element-9e6df8d elementor-widget elementor-widget-image\" data-id=\"9e6df8d\" data-element_type=\"widget\" data-e-type=\"widget\" data-widget_type=\"image.default\">\n\t\t\t\t<div class=\"elementor-widget-container\">\n\t\t\t\t\t\t\t\t\t\t\t\t\t\t\t<img loading=\"lazy\" decoding=\"async\" width=\"641\" height=\"376\" src=\"https:\/\/frmedical.com.mx\/wp-content\/uploads\/2024\/04\/68.jpg\" class=\"attachment-full size-full wp-image-874\" alt=\"\" srcset=\"https:\/\/frmedical.com.mx\/wp-content\/uploads\/2024\/04\/68.jpg 641w, https:\/\/frmedical.com.mx\/wp-content\/uploads\/2024\/04\/68-300x176.jpg 300w\" sizes=\"(max-width: 641px) 100vw, 641px\" \/>\t\t\t\t\t\t\t\t\t\t\t\t\t\t\t<\/div>\n\t\t\t\t<\/div>\n\t\t\t\t<\/div>\n\t\t\t\t\t<\/div>\n\t\t\t\t<\/div>\n\t\t\t\t\t<\/div>\n\t\t<\/div>\n\t\t\t\t\t<\/div>\n\t\t<\/section>\n\t\t\t\t<section class=\"elementor-section elementor-top-section elementor-element elementor-element-cd36216 elementor-section-boxed elementor-section-height-default elementor-section-height-default\" data-id=\"cd36216\" data-element_type=\"section\" data-e-type=\"section\" data-settings=\"{&quot;background_background&quot;:&quot;classic&quot;}\">\n\t\t\t\t\t\t<div class=\"elementor-container elementor-column-gap-default\">\n\t\t\t\t\t<div class=\"elementor-column elementor-col-50 elementor-top-column elementor-element elementor-element-28a9bd5 elementor-invisible\" data-id=\"28a9bd5\" data-element_type=\"column\" data-e-type=\"column\" data-settings=\"{&quot;animation&quot;:&quot;fadeInRight&quot;}\">\n\t\t\t<div class=\"elementor-widget-wrap elementor-element-populated\">\n\t\t\t\t\t\t<div class=\"elementor-element elementor-element-2e736b9 elementor-widget elementor-widget-image\" data-id=\"2e736b9\" data-element_type=\"widget\" data-e-type=\"widget\" data-widget_type=\"image.default\">\n\t\t\t\t<div class=\"elementor-widget-container\">\n\t\t\t\t\t\t\t\t\t\t\t\t\t\t\t<img loading=\"lazy\" decoding=\"async\" width=\"514\" height=\"735\" src=\"https:\/\/frmedical.com.mx\/wp-content\/uploads\/2024\/04\/59.jpg\" class=\"attachment-full size-full wp-image-875\" alt=\"\" srcset=\"https:\/\/frmedical.com.mx\/wp-content\/uploads\/2024\/04\/59.jpg 514w, https:\/\/frmedical.com.mx\/wp-content\/uploads\/2024\/04\/59-210x300.jpg 210w\" sizes=\"(max-width: 514px) 100vw, 514px\" \/>\t\t\t\t\t\t\t\t\t\t\t\t\t\t\t<\/div>\n\t\t\t\t<\/div>\n\t\t\t\t\t<\/div>\n\t\t<\/div>\n\t\t\t\t<div class=\"elementor-column elementor-col-50 elementor-top-column elementor-element elementor-element-aba8d35 elementor-invisible\" data-id=\"aba8d35\" data-element_type=\"column\" data-e-type=\"column\" data-settings=\"{&quot;animation&quot;:&quot;fadeInRight&quot;}\">\n\t\t\t<div class=\"elementor-widget-wrap elementor-element-populated\">\n\t\t\t\t\t\t<div class=\"elementor-element elementor-element-3e78217 elementor-widget elementor-widget-heading\" data-id=\"3e78217\" data-element_type=\"widget\" data-e-type=\"widget\" data-widget_type=\"heading.default\">\n\t\t\t\t<div class=\"elementor-widget-container\">\n\t\t\t\t\t<h2 class=\"elementor-heading-title elementor-size-default\">VENTAJAS Y BENEFICIOS<\/h2>\t\t\t\t<\/div>\n\t\t\t\t<\/div>\n\t\t\t\t<div class=\"elementor-element elementor-element-6ef9d3f elementor-widget elementor-widget-text-editor\" data-id=\"6ef9d3f\" data-element_type=\"widget\" data-e-type=\"widget\" data-widget_type=\"text-editor.default\">\n\t\t\t\t<div class=\"elementor-widget-container\">\n\t\t\t\t\t\t\t\t\t<div id=\"ppu26984\" class=\"clearfix grpelem\"><div id=\"ppu23225-4\" class=\"clearfix colelem\"><div id=\"pu23225-4\" class=\"clearfix grpelem\"><div id=\"u23226-15\" class=\"SR1 clearfix colelem mt-scroll-slide-bottom mt-scroll-show\"><ul id=\"u23226-13\" class=\"list0 nls-None\"><li>Drena incluso cuando est\u00e1 sujeto a tracciones o posicionamientos inusuales.<\/li><li>El dise\u00f1o en espiral ofrece rutas de drenaje alternativas para eliminar el bloqueo de los co\u00e1gulos de sangre.<\/li><li>Sus 4 conductos helicoidales estrechos mejoran el flujo de drenaje hasta 10 veces m\u00e1s comparado con el rendimiento de un drenaje estriado est\u00e1ndar.<\/li><li>Mayor eficiencia que permite el uso de un tama\u00f1o m\u00e1s peque\u00f1o que un drenaje fenestrado est\u00e1ndar.<\/li><\/ul><\/div><\/div><\/div><div id=\"u27050-bw\" class=\"browser_width colelem\"><div id=\"u27050\"><div id=\"u27050_align_to_page\" class=\"clearfix\"><div id=\"pu27057\" class=\"clearfix grpelem\">\u00a0<\/div><\/div><\/div><\/div><\/div>\t\t\t\t\t\t\t\t<\/div>\n\t\t\t\t<\/div>\n\t\t\t\t<div class=\"elementor-element elementor-element-905dcb0 elementor-widget elementor-widget-heading\" data-id=\"905dcb0\" data-element_type=\"widget\" data-e-type=\"widget\" data-widget_type=\"heading.default\">\n\t\t\t\t<div class=\"elementor-widget-container\">\n\t\t\t\t\t<h2 class=\"elementor-heading-title elementor-size-default\">ALTO RENDIMIENTO DE DRENAJE<\/h2>\t\t\t\t<\/div>\n\t\t\t\t<\/div>\n\t\t\t\t<div class=\"elementor-element elementor-element-603a3da elementor-widget elementor-widget-text-editor\" data-id=\"603a3da\" data-element_type=\"widget\" data-e-type=\"widget\" data-widget_type=\"text-editor.default\">\n\t\t\t\t<div class=\"elementor-widget-container\">\n\t\t\t\t\t\t\t\t\t<div id=\"ppu26984\" class=\"clearfix grpelem\"><div id=\"ppu23225-4\" class=\"clearfix colelem\"><div id=\"pu23225-4\" class=\"clearfix grpelem\"><div id=\"u23226-15\" class=\"SR1 clearfix colelem mt-scroll-slide-bottom mt-scroll-show\"><ul id=\"u23226-13\" class=\"list0 nls-None\"><li>Tama\u00f1o m\u00e1s peque\u00f1o de 19\/24 FR en comparaci\u00f3n con los cat\u00e9teres de t\u00f3rax convencionales de 28\/36 FR.<\/li><li>El dise\u00f1o en espiral proporciona una mayor superficie de drenaje que los drenajes perforados regulares.<\/li><li>El drenaje m\u00e1s peque\u00f1o y m\u00e1s suave reduce el trauma del tejido y el dolor para el paciente.<\/li><li>Los conductos helicoidales mantienen m\u00faltiples v\u00edas de drenaje evitando el riesgo de oclusi\u00f3n total.<\/li><li>Menor incomodidad del paciente al momento de la extracci\u00f3n, lo que permite la movilizaci\u00f3n temprana.<\/li><\/ul><\/div><\/div><\/div><div id=\"u27050-bw\" class=\"browser_width colelem\"><div id=\"u27050\"><div id=\"u27050_align_to_page\" class=\"clearfix\"><div id=\"pu27057\" class=\"clearfix grpelem\">\u00a0<\/div><\/div><\/div><\/div><\/div>\t\t\t\t\t\t\t\t<\/div>\n\t\t\t\t<\/div>\n\t\t\t\t\t<\/div>\n\t\t<\/div>\n\t\t\t\t\t<\/div>\n\t\t<\/section>\n\t\t\t\t<\/div>\n\t\t","protected":false},"excerpt":{"rendered":"<p>KARDIA SPIRAL DRENAJE DISE\u00d1ADO ESPEC\u00cdFICAMENTE PARA CIRUG\u00cdA CARDIOTOR\u00c1CICA. La principal ventaja de un drenaje acanalado en espiral flexible es que al ser de un calibre menor a una sonda de PVC es menos traum\u00e1tico para el paciente y al ser flexible causa mucho menos dolor al paciente. La ventaja de Kardia Spiral TM es que&#8230;<\/p>\n","protected":false},"author":1,"featured_media":0,"parent":0,"menu_order":0,"comment_status":"closed","ping_status":"closed","template":"","meta":{"_monsterinsights_skip_tracking":false,"_monsterinsights_sitenote_active":false,"_monsterinsights_sitenote_note":"","_monsterinsights_sitenote_category":0,"_joinchat":[],"footnotes":""},"class_list":["post-38","page","type-page","status-publish","hentry"],"_links":{"self":[{"href":"https:\/\/frmedical.com.mx\/index.php?rest_route=\/wp\/v2\/pages\/38","targetHints":{"allow":["GET"]}}],"collection":[{"href":"https:\/\/frmedical.com.mx\/index.php?rest_route=\/wp\/v2\/pages"}],"about":[{"href":"https:\/\/frmedical.com.mx\/index.php?rest_route=\/wp\/v2\/types\/page"}],"author":[{"embeddable":true,"href":"https:\/\/frmedical.com.mx\/index.php?rest_route=\/wp\/v2\/users\/1"}],"replies":[{"embeddable":true,"href":"https:\/\/frmedical.com.mx\/index.php?rest_route=%2Fwp%2Fv2%2Fcomments&post=38"}],"version-history":[{"count":19,"href":"https:\/\/frmedical.com.mx\/index.php?rest_route=\/wp\/v2\/pages\/38\/revisions"}],"predecessor-version":[{"id":3307,"href":"https:\/\/frmedical.com.mx\/index.php?rest_route=\/wp\/v2\/pages\/38\/revisions\/3307"}],"wp:attachment":[{"href":"https:\/\/frmedical.com.mx\/index.php?rest_route=%2Fwp%2Fv2%2Fmedia&parent=38"}],"curies":[{"name":"wp","href":"https:\/\/api.w.org\/{rel}","templated":true}]}}