{"id":36,"date":"2024-04-18T18:47:56","date_gmt":"2024-04-18T18:47:56","guid":{"rendered":"https:\/\/frmedical.com.mx\/?page_id=36"},"modified":"2025-02-04T15:13:32","modified_gmt":"2025-02-04T15:13:32","slug":"redax","status":"publish","type":"page","link":"https:\/\/frmedical.com.mx\/?page_id=36","title":{"rendered":"REDAX"},"content":{"rendered":"\t\t<div data-elementor-type=\"wp-page\" data-elementor-id=\"36\" class=\"elementor elementor-36\" data-elementor-post-type=\"page\">\n\t\t\t\t\t\t<section class=\"elementor-section elementor-top-section elementor-element elementor-element-bdc31ff elementor-section-boxed elementor-section-height-default elementor-section-height-default\" data-id=\"bdc31ff\" data-element_type=\"section\" data-e-type=\"section\" data-settings=\"{&quot;background_background&quot;:&quot;classic&quot;}\">\n\t\t\t\t\t\t\t<div class=\"elementor-background-overlay\"><\/div>\n\t\t\t\t\t\t\t<div class=\"elementor-container elementor-column-gap-no\">\n\t\t\t\t\t<div class=\"elementor-column elementor-col-100 elementor-top-column elementor-element elementor-element-5812fbd\" data-id=\"5812fbd\" data-element_type=\"column\" data-e-type=\"column\" data-settings=\"{&quot;background_background&quot;:&quot;classic&quot;}\">\n\t\t\t<div class=\"elementor-widget-wrap elementor-element-populated\">\n\t\t\t\t\t\t<div class=\"elementor-element elementor-element-446c074 elementor-widget elementor-widget-heading\" data-id=\"446c074\" data-element_type=\"widget\" data-e-type=\"widget\" data-widget_type=\"heading.default\">\n\t\t\t\t<div class=\"elementor-widget-container\">\n\t\t\t\t\t<h2 class=\"elementor-heading-title elementor-size-default\">REDAX<\/h2>\t\t\t\t<\/div>\n\t\t\t\t<\/div>\n\t\t\t\t\t<\/div>\n\t\t<\/div>\n\t\t\t\t\t<\/div>\n\t\t<\/section>\n\t\t\t\t<section class=\"elementor-section elementor-top-section elementor-element elementor-element-2ac9fec elementor-section-boxed elementor-section-height-default elementor-section-height-default\" data-id=\"2ac9fec\" data-element_type=\"section\" data-e-type=\"section\" data-settings=\"{&quot;background_background&quot;:&quot;classic&quot;}\">\n\t\t\t\t\t\t<div class=\"elementor-container elementor-column-gap-default\">\n\t\t\t\t\t<div class=\"elementor-column elementor-col-100 elementor-top-column elementor-element elementor-element-9815aef elementor-invisible\" data-id=\"9815aef\" data-element_type=\"column\" data-e-type=\"column\" data-settings=\"{&quot;animation&quot;:&quot;fadeInRight&quot;}\">\n\t\t\t<div class=\"elementor-widget-wrap elementor-element-populated\">\n\t\t\t\t\t\t<div class=\"elementor-element elementor-element-b1e38c0 elementor-view-default elementor-widget elementor-widget-icon\" data-id=\"b1e38c0\" data-element_type=\"widget\" data-e-type=\"widget\" data-widget_type=\"icon.default\">\n\t\t\t\t<div class=\"elementor-widget-container\">\n\t\t\t\t\t\t\t<div class=\"elementor-icon-wrapper\">\n\t\t\t<div class=\"elementor-icon\">\n\t\t\t<svg xmlns=\"http:\/\/www.w3.org\/2000\/svg\" viewBox=\"0 0 594.72 121.62\"><title>Recurso 1<\/title><g id=\"Capa_2\" data-name=\"Capa 2\"><g id=\"Capa_1-2\" data-name=\"Capa 1\"><path d=\"M123.65,98.14c-7.84-.37-11.24-5.1-13.08-11.2C103.62,63.88,87.92,55.56,64.48,55,59,54.88,53.55,55,49,55c3.66-1.31,8.4-3.33,13.33-4.69,4.75-1.31,5.22-3.89,4.12-8.19C63.6,30.85,56.5,23.46,46,19.22c-11-4.45-22.6-5.24-34.33-4.7-3.62.16-7.24.38-11.25.59V0H124V121.62H.32c-.09-1.85-.23-3.62-.23-5.39C.07,103.06.2,89.9,0,76.73c-.06-4,.43-6.62,5.35-6.65,11.92-.07,24-1.59,35.73-.43,18.36,1.81,29,13.33,33.27,31,3,12.45,11.26,17.29,23.48,13.78C105.7,112.21,117.43,104.94,123.65,98.14Z\"><\/path><path d=\"M185.66,65c0,9.39,0,18.53,0,27.68,0,4.62,3.5,4.52,6.68,4.84,2.4.24,5.54-.17,3.92,4.28H156.06l-.89-1.42c1.27-.93,2.43-2.45,3.82-2.69,7.71-1.32,7.74-1.21,7.74-9.05v-54c0-7.64,0-7.68-7.58-8.6-.49-.06-1.14.08-1.46-.19-.77-.63-1.92-1.45-1.92-2.2a2.84,2.84,0,0,1,2-2c19.45.48,39,.35,58.32,2,10.16.85,15.59,8.08,16.32,16.84.68,8-4.34,15.07-13.53,18.93-.76.32-1.54.63-2.33.88-1.42.45-2.86.86-4.72,1.4a8.85,8.85,0,0,0,2,1.3c8.32,2.5,12.24,8.57,13.95,16.65a51.36,51.36,0,0,0,3,10.5c3,6.73,11.35,10,17.69,6.64,1.57-.83,2.62-4.07,2.65-6.22.23-15.49.13-31,.14-46.49,0-3.66-.14-7.34,0-11,.22-4.59-1.35-7.22-6.37-7.44-1.3-.06-2.52-1.75-3.78-2.69l.88-1.39H303.3V43.33c-2.05-1.78-4-2.64-4.5-4-4.15-11.29-6.37-13-18.68-13-14.67,0-12.26-1.51-12.44,12.46-.09,6.49,0,13,0,20.55C274,59,280.11,59.15,286,58.05c1.95-.36,3.28-4,4.94-6.07,1.06-1.33,2.2-2.6,3.3-3.9l1.31.85V74.18l-1.09,1C293.3,74,291.4,73,291.12,71.63c-1.11-5.29-4.56-7-9.39-7.09-4.46-.06-8.93,0-13.88,0,0,9.34-.25,18.28.22,27.18.09,1.67,3,4.39,4.74,4.53A77.66,77.66,0,0,0,290.65,96c7-1.06,9.65-7,11.63-13,1.18-3.62,1.24-3.6,5.25-3.18-.37,6.44-.57,12.91-1.24,19.33-.12,1.08-2.26,2.78-3.47,2.79-25.82.13-51.65.25-77.48-.08-10.35-.13-13.81-3.41-16.49-13.32-.87-3.21-1.51-6.48-2.25-9.72C203.72,66.25,199.45,63.31,185.66,65Zm0-5.5C191.56,59,196.86,59,202,58c5.44-1.07,9-4.67,10.1-10.37,1.2-6.36.79-12.5-4.43-16.92-5.62-4.75-12.49-5-19.32-3.26-1.17.3-2.54,2.63-2.58,4.06C185.51,40.41,185.63,49.36,185.63,59.49Z\"><\/path><path d=\"M466.44,21.34h36.71a24.34,24.34,0,0,1,2.47.29c1.57,6.22-4.51,3.17-6.94,6.37l13.56,23.7L527.09,28c-2.27-3.44-8.3.06-7.17-6.32H550.6l.89,1.16c-1.11,1-2.21,2.79-3.34,2.81-8.87.12-14.34,5.18-18.93,12-3.71,5.53-7.66,10.9-11.69,16.2-1.65,2.16-1.79,3.75-.25,6.15,6.25,9.83,12.29,19.8,18.28,29.79,2.76,4.62,6.45,7.39,12,7.83,1.33.11,2.54,1.71,3.81,2.63-1.33.6-2.65,1.72-4,1.73-11.31.14-22.62.08-34,.08-2.57-6.63,4.58-3.4,6.07-7.14L505.13,69.8c-4.74,8.25-9.12,15.79-13.44,23.37-1.31,2.3-.74,3.82,2.08,4.11,1,.1,2.13-.1,3,.32a13,13,0,0,1,2.56,2.37c-.91.69-1.82,2-2.74,2q-23.24.18-46.46,0c-.89,0-1.77-1.34-2.65-2a11.47,11.47,0,0,1,2.66-2.22,10.64,10.64,0,0,1,3.46-.34c3.38-.17,4.07-2.2,2.76-4.76q-4.79-9.31-10.12-18.35a4.87,4.87,0,0,0-3.65-1.71c-9.16-.14-18.32-.18-27.48,0a5.46,5.46,0,0,0-4,2.54c-2.53,5.42-4.69,11-6.87,16.58-1.4,3.58-.63,5.87,3.8,5.75a10.33,10.33,0,0,1,3.93.49,2.73,2.73,0,0,1,1.42,2.14c0,.68-1.09,1.85-1.7,1.86q-13.74.16-27.48,0c-.59,0-1.74-1.46-1.6-1.9.3-.87,1.32-2.17,2-2.15,6.49.14,8.73-4.46,10.94-9.3C405,67.65,414.61,46.81,424,25.88c1.4-3.12,3-4.62,6.61-4.41,5.64.34,11.33,0,17,.17,1.3.05,2.56,1.22,3.84,1.87-1,.85-1.89,2.13-3,2.46-6.75,2-7.1,2.6-3.55,8.78Q460.51,62,476.24,89.26c1.06,1.83,2.45,3.47,4.24,6C487.61,85,494.4,75.34,501,65.56c.55-.81-.07-2.81-.7-4-4.66-8.45-9.74-16.68-14.13-25.27-3.41-6.64-8.45-10-15.76-10.36C468,25.85,464.86,26,466.44,21.34ZM414.2,66.91h28.27L427.62,38.58Z\"><\/path><path d=\"M321.89,61.49c0-9.5-.21-19,.09-28.5.15-4.78-1.45-7.13-6.31-7.48-1.21-.08-2.32-1.51-3.48-2.32,1.27-.63,2.55-1.82,3.82-1.8,15.82.16,31.7-.3,47.43,1,19.05,1.56,30.31,14.31,31.23,33.38a69.3,69.3,0,0,1-.3,13c-2.76,19.53-14.28,30.91-34.1,32.33-14.93,1.07-30,.71-45,.81-1,0-2.08-1.36-3.12-2.09,1.05-.77,2.11-2.22,3.15-2.21,5.36.05,6.77-2.65,6.63-7.58C321.7,80.49,321.89,71,321.89,61.49Zm16.54-.67h0v29c0,3,.54,5.52,4.05,6.54a25.34,25.34,0,0,0,31.38-16.11c3.11-9.31,3.49-18.92,2.09-28.62-2.72-18.72-12.88-26.81-31.55-25.3-4.25.34-6.19,2-6.06,6.53C338.62,42.16,338.43,51.49,338.43,60.82Z\"><\/path><path d=\"M.08,65.9V30.37c14.34-2.25,29.24,13.16,26.13,26.69A4.64,4.64,0,0,1,23.48,60C16,62,8.43,63.82.08,65.9Z\"><\/path><path d=\"M580.82,49.35c-8,.09-14.17-5.77-14.26-13.53A13.64,13.64,0,0,1,580.4,21.87a13.75,13.75,0,1,1,.42,27.48Zm-.28-1.81a11.53,11.53,0,0,0,11.59-11.77,11.81,11.81,0,0,0-11.24-12.24c-6.42-.2-12,5.47-12,12.15A11.76,11.76,0,0,0,580.54,47.54Z\"><\/path><\/g><\/g><\/svg>\t\t\t<\/div>\n\t\t<\/div>\n\t\t\t\t\t\t<\/div>\n\t\t\t\t<\/div>\n\t\t\t\t<div class=\"elementor-element elementor-element-fdf12da elementor-widget elementor-widget-text-editor\" data-id=\"fdf12da\" data-element_type=\"widget\" data-e-type=\"widget\" data-widget_type=\"text-editor.default\">\n\t\t\t\t<div class=\"elementor-widget-container\">\n\t\t\t\t\t\t\t\t\t<p>Sistemas de drenaje tor\u00e1cico<\/p>\t\t\t\t\t\t\t\t<\/div>\n\t\t\t\t<\/div>\n\t\t<div class=\"elementor-element elementor-element-2fa49ac e-flex e-con-boxed e-con e-parent\" data-id=\"2fa49ac\" data-element_type=\"container\" data-e-type=\"container\">\n\t\t\t\t\t<div class=\"e-con-inner\">\n\t\t<div class=\"elementor-element elementor-element-fe8b185 e-con-full e-flex e-con e-child\" data-id=\"fe8b185\" data-element_type=\"container\" data-e-type=\"container\">\n\t\t\t\t<div class=\"elementor-element elementor-element-3b47dfd elementor-position-top elementor-widget elementor-widget-image-box\" data-id=\"3b47dfd\" data-element_type=\"widget\" data-e-type=\"widget\" data-widget_type=\"image-box.default\">\n\t\t\t\t<div class=\"elementor-widget-container\">\n\t\t\t\t\t<div class=\"elementor-image-box-wrapper\"><figure class=\"elementor-image-box-img\"><a href=\"https:\/\/frmedical.com.mx\/?page_id=38\" tabindex=\"-1\"><img fetchpriority=\"high\" decoding=\"async\" width=\"429\" height=\"220\" src=\"https:\/\/frmedical.com.mx\/wp-content\/uploads\/2024\/04\/7-u27096-fr.png\" class=\"attachment-full size-full wp-image-877\" alt=\"\" srcset=\"https:\/\/frmedical.com.mx\/wp-content\/uploads\/2024\/04\/7-u27096-fr.png 429w, https:\/\/frmedical.com.mx\/wp-content\/uploads\/2024\/04\/7-u27096-fr-300x154.png 300w\" sizes=\"(max-width: 429px) 100vw, 429px\" \/><\/a><\/figure><div class=\"elementor-image-box-content\"><h3 class=\"elementor-image-box-title\"><a href=\"https:\/\/frmedical.com.mx\/?page_id=38\">KARDIA SPIRAL<\/a><\/h3><\/div><\/div>\t\t\t\t<\/div>\n\t\t\t\t<\/div>\n\t\t\t\t<\/div>\n\t\t<div class=\"elementor-element elementor-element-cd65741 e-con-full e-flex e-con e-child\" data-id=\"cd65741\" data-element_type=\"container\" data-e-type=\"container\">\n\t\t\t\t<div class=\"elementor-element elementor-element-79c7e31 elementor-position-top elementor-widget elementor-widget-image-box\" data-id=\"79c7e31\" data-element_type=\"widget\" data-e-type=\"widget\" data-widget_type=\"image-box.default\">\n\t\t\t\t<div class=\"elementor-widget-container\">\n\t\t\t\t\t<div class=\"elementor-image-box-wrapper\"><figure class=\"elementor-image-box-img\"><a href=\"https:\/\/frmedical.com.mx\/?page_id=42\" tabindex=\"-1\"><img decoding=\"async\" width=\"429\" height=\"217\" src=\"https:\/\/frmedical.com.mx\/wp-content\/uploads\/2024\/04\/0-u28796-fr.png\" class=\"attachment-full size-full wp-image-916\" alt=\"\" srcset=\"https:\/\/frmedical.com.mx\/wp-content\/uploads\/2024\/04\/0-u28796-fr.png 429w, https:\/\/frmedical.com.mx\/wp-content\/uploads\/2024\/04\/0-u28796-fr-300x152.png 300w\" sizes=\"(max-width: 429px) 100vw, 429px\" \/><\/a><\/figure><div class=\"elementor-image-box-content\"><h3 class=\"elementor-image-box-title\"><a href=\"https:\/\/frmedical.com.mx\/?page_id=42\">DRENTECH DRENAJES PLEURALES<\/a><\/h3><\/div><\/div>\t\t\t\t<\/div>\n\t\t\t\t<\/div>\n\t\t\t\t<\/div>\n\t\t<div class=\"elementor-element elementor-element-522843c e-con-full e-flex e-con e-child\" data-id=\"522843c\" data-element_type=\"container\" data-e-type=\"container\">\n\t\t\t\t<div class=\"elementor-element elementor-element-0476cc5 elementor-position-top elementor-widget elementor-widget-image-box\" data-id=\"0476cc5\" data-element_type=\"widget\" data-e-type=\"widget\" data-widget_type=\"image-box.default\">\n\t\t\t\t<div class=\"elementor-widget-container\">\n\t\t\t\t\t<div class=\"elementor-image-box-wrapper\"><figure class=\"elementor-image-box-img\"><a href=\"https:\/\/frmedical.com.mx\/?page_id=44\" tabindex=\"-1\"><img decoding=\"async\" width=\"429\" height=\"240\" src=\"https:\/\/frmedical.com.mx\/wp-content\/uploads\/2024\/04\/04.png\" class=\"attachment-full size-full wp-image-936\" alt=\"\" srcset=\"https:\/\/frmedical.com.mx\/wp-content\/uploads\/2024\/04\/04.png 429w, https:\/\/frmedical.com.mx\/wp-content\/uploads\/2024\/04\/04-300x168.png 300w\" sizes=\"(max-width: 429px) 100vw, 429px\" \/><\/a><\/figure><div class=\"elementor-image-box-content\"><h3 class=\"elementor-image-box-title\"><a href=\"https:\/\/frmedical.com.mx\/?page_id=44\">DRENTECH UNICO\u2122<\/a><\/h3><\/div><\/div>\t\t\t\t<\/div>\n\t\t\t\t<\/div>\n\t\t\t\t<\/div>\n\t\t\t\t\t<\/div>\n\t\t\t\t<\/div>\n\t\t<div class=\"elementor-element elementor-element-b18aa5c e-flex e-con-boxed e-con e-parent\" data-id=\"b18aa5c\" data-element_type=\"container\" data-e-type=\"container\">\n\t\t\t\t\t<div class=\"e-con-inner\">\n\t\t<div class=\"elementor-element elementor-element-1af7cf5 e-con-full e-flex e-con e-child\" data-id=\"1af7cf5\" data-element_type=\"container\" data-e-type=\"container\">\n\t\t\t\t<div class=\"elementor-element elementor-element-4e7a31c elementor-position-top elementor-widget elementor-widget-image-box\" data-id=\"4e7a31c\" data-element_type=\"widget\" data-e-type=\"widget\" data-widget_type=\"image-box.default\">\n\t\t\t\t<div class=\"elementor-widget-container\">\n\t\t\t\t\t<div class=\"elementor-image-box-wrapper\"><figure class=\"elementor-image-box-img\"><a href=\"https:\/\/frmedical.com.mx\/?page_id=40\" tabindex=\"-1\"><img loading=\"lazy\" decoding=\"async\" width=\"429\" height=\"217\" src=\"https:\/\/frmedical.com.mx\/wp-content\/uploads\/2024\/04\/27.png\" class=\"attachment-full size-full wp-image-896\" alt=\"\" srcset=\"https:\/\/frmedical.com.mx\/wp-content\/uploads\/2024\/04\/27.png 429w, https:\/\/frmedical.com.mx\/wp-content\/uploads\/2024\/04\/27-300x152.png 300w\" sizes=\"(max-width: 429px) 100vw, 429px\" \/><\/a><\/figure><div class=\"elementor-image-box-content\"><h3 class=\"elementor-image-box-title\"><a href=\"https:\/\/frmedical.com.mx\/?page_id=40\">V\u00c1LVULA DE HEIMLICH<\/a><\/h3><\/div><\/div>\t\t\t\t<\/div>\n\t\t\t\t<\/div>\n\t\t\t\t<\/div>\n\t\t<div class=\"elementor-element elementor-element-7a88505 e-con-full e-flex e-con e-child\" data-id=\"7a88505\" data-element_type=\"container\" data-e-type=\"container\">\n\t\t\t\t<div class=\"elementor-element elementor-element-c5da47e elementor-position-top elementor-widget elementor-widget-image-box\" data-id=\"c5da47e\" data-element_type=\"widget\" data-e-type=\"widget\" data-widget_type=\"image-box.default\">\n\t\t\t\t<div class=\"elementor-widget-container\">\n\t\t\t\t\t<div class=\"elementor-image-box-wrapper\"><figure class=\"elementor-image-box-img\"><a href=\"https:\/\/frmedical.com.mx\/?page_id=48\" tabindex=\"-1\"><img loading=\"lazy\" decoding=\"async\" width=\"429\" height=\"220\" src=\"https:\/\/frmedical.com.mx\/wp-content\/uploads\/2024\/04\/0-u53052-fr.png\" class=\"attachment-full size-full wp-image-981\" alt=\"\" srcset=\"https:\/\/frmedical.com.mx\/wp-content\/uploads\/2024\/04\/0-u53052-fr.png 429w, https:\/\/frmedical.com.mx\/wp-content\/uploads\/2024\/04\/0-u53052-fr-300x154.png 300w\" sizes=\"(max-width: 429px) 100vw, 429px\" \/><\/a><\/figure><div class=\"elementor-image-box-content\"><h3 class=\"elementor-image-box-title\"><a href=\"https:\/\/frmedical.com.mx\/?page_id=48\">SONDAS TOR\u00c1CICAS DE SILICONA<\/a><\/h3><\/div><\/div>\t\t\t\t<\/div>\n\t\t\t\t<\/div>\n\t\t\t\t<\/div>\n\t\t<div class=\"elementor-element elementor-element-541bb1d e-con-full e-flex e-con e-child\" data-id=\"541bb1d\" data-element_type=\"container\" data-e-type=\"container\">\n\t\t\t\t<div class=\"elementor-element elementor-element-3ecd3d5 elementor-position-top elementor-widget elementor-widget-image-box\" data-id=\"3ecd3d5\" data-element_type=\"widget\" data-e-type=\"widget\" data-widget_type=\"image-box.default\">\n\t\t\t\t<div class=\"elementor-widget-container\">\n\t\t\t\t\t<div class=\"elementor-image-box-wrapper\"><figure class=\"elementor-image-box-img\"><a href=\"https:\/\/frmedical.com.mx\/?page_id=46\" tabindex=\"-1\"><img loading=\"lazy\" decoding=\"async\" width=\"429\" height=\"240\" src=\"https:\/\/frmedical.com.mx\/wp-content\/uploads\/2024\/04\/03.png\" class=\"attachment-full size-full wp-image-969\" alt=\"\" srcset=\"https:\/\/frmedical.com.mx\/wp-content\/uploads\/2024\/04\/03.png 429w, https:\/\/frmedical.com.mx\/wp-content\/uploads\/2024\/04\/03-300x168.png 300w\" sizes=\"(max-width: 429px) 100vw, 429px\" \/><\/a><\/figure><div class=\"elementor-image-box-content\"><h3 class=\"elementor-image-box-title\"><a href=\"https:\/\/frmedical.com.mx\/?page_id=46\">LINEA DE DRENAJES POST QUIR\u00daRGICOS<\/a><\/h3><\/div><\/div>\t\t\t\t<\/div>\n\t\t\t\t<\/div>\n\t\t\t\t<\/div>\n\t\t\t\t\t<\/div>\n\t\t\t\t<\/div>\n\t\t\t\t\t<\/div>\n\t\t<\/div>\n\t\t\t\t\t<\/div>\n\t\t<\/section>\n\t\t\t\t<\/div>\n\t\t","protected":false},"excerpt":{"rendered":"<p>Recurso 1 Sistemas de drenaje tor\u00e1cico KARDIA SPIRAL DRENTECH DRENAJES PLEURALES DRENTECH UNICO\u2122 V\u00c1LVULA DE HEIMLICH SONDAS TOR\u00c1CICAS DE SILICONA LINEA DE DRENAJES POST QUIR\u00daRGICOS<\/p>\n","protected":false},"author":1,"featured_media":0,"parent":0,"menu_order":0,"comment_status":"closed","ping_status":"closed","template":"","meta":{"_monsterinsights_skip_tracking":false,"_monsterinsights_sitenote_active":false,"_monsterinsights_sitenote_note":"","_monsterinsights_sitenote_category":0,"_joinchat":[],"footnotes":""},"class_list":["post-36","page","type-page","status-publish","hentry"],"_links":{"self":[{"href":"https:\/\/frmedical.com.mx\/index.php?rest_route=\/wp\/v2\/pages\/36","targetHints":{"allow":["GET"]}}],"collection":[{"href":"https:\/\/frmedical.com.mx\/index.php?rest_route=\/wp\/v2\/pages"}],"about":[{"href":"https:\/\/frmedical.com.mx\/index.php?rest_route=\/wp\/v2\/types\/page"}],"author":[{"embeddable":true,"href":"https:\/\/frmedical.com.mx\/index.php?rest_route=\/wp\/v2\/users\/1"}],"replies":[{"embeddable":true,"href":"https:\/\/frmedical.com.mx\/index.php?rest_route=%2Fwp%2Fv2%2Fcomments&post=36"}],"version-history":[{"count":7,"href":"https:\/\/frmedical.com.mx\/index.php?rest_route=\/wp\/v2\/pages\/36\/revisions"}],"predecessor-version":[{"id":3239,"href":"https:\/\/frmedical.com.mx\/index.php?rest_route=\/wp\/v2\/pages\/36\/revisions\/3239"}],"wp:attachment":[{"href":"https:\/\/frmedical.com.mx\/index.php?rest_route=%2Fwp%2Fv2%2Fmedia&parent=36"}],"curies":[{"name":"wp","href":"https:\/\/api.w.org\/{rel}","templated":true}]}}