{"id":30,"date":"2024-04-18T18:46:59","date_gmt":"2024-04-18T18:46:59","guid":{"rendered":"https:\/\/frmedical.com.mx\/?page_id=30"},"modified":"2025-02-04T17:59:48","modified_gmt":"2025-02-04T17:59:48","slug":"p-e-s","status":"publish","type":"page","link":"https:\/\/frmedical.com.mx\/?page_id=30","title":{"rendered":"P.E.S.\u2122"},"content":{"rendered":"\t\t<div data-elementor-type=\"wp-page\" data-elementor-id=\"30\" class=\"elementor elementor-30\" data-elementor-post-type=\"page\">\n\t\t\t\t\t\t<section class=\"elementor-section elementor-top-section elementor-element elementor-element-a9c4d08 elementor-section-boxed elementor-section-height-default elementor-section-height-default\" data-id=\"a9c4d08\" data-element_type=\"section\" data-e-type=\"section\" data-settings=\"{&quot;background_background&quot;:&quot;classic&quot;}\">\n\t\t\t\t\t\t\t<div class=\"elementor-background-overlay\"><\/div>\n\t\t\t\t\t\t\t<div class=\"elementor-container elementor-column-gap-no\">\n\t\t\t\t\t<div class=\"elementor-column elementor-col-100 elementor-top-column elementor-element elementor-element-3549327\" data-id=\"3549327\" data-element_type=\"column\" data-e-type=\"column\" data-settings=\"{&quot;background_background&quot;:&quot;classic&quot;}\">\n\t\t\t<div class=\"elementor-widget-wrap elementor-element-populated\">\n\t\t\t\t\t\t<div class=\"elementor-element elementor-element-1bcaeb0 elementor-widget elementor-widget-heading\" data-id=\"1bcaeb0\" data-element_type=\"widget\" data-e-type=\"widget\" data-widget_type=\"heading.default\">\n\t\t\t\t<div class=\"elementor-widget-container\">\n\t\t\t\t\t<h2 class=\"elementor-heading-title elementor-size-default\">P.E.S.\u2122<\/h2>\t\t\t\t<\/div>\n\t\t\t\t<\/div>\n\t\t\t\t\t<\/div>\n\t\t<\/div>\n\t\t\t\t\t<\/div>\n\t\t<\/section>\n\t\t\t\t<section class=\"elementor-section elementor-top-section elementor-element elementor-element-ebc2c74 elementor-section-boxed elementor-section-height-default elementor-section-height-default\" data-id=\"ebc2c74\" data-element_type=\"section\" data-e-type=\"section\" data-settings=\"{&quot;background_background&quot;:&quot;classic&quot;}\">\n\t\t\t\t\t\t<div class=\"elementor-container elementor-column-gap-default\">\n\t\t\t\t\t<div class=\"elementor-column elementor-col-50 elementor-top-column elementor-element elementor-element-0340cf7 elementor-invisible\" data-id=\"0340cf7\" data-element_type=\"column\" data-e-type=\"column\" data-settings=\"{&quot;animation&quot;:&quot;fadeInRight&quot;}\">\n\t\t\t<div class=\"elementor-widget-wrap elementor-element-populated\">\n\t\t\t\t\t\t<div class=\"elementor-element elementor-element-12dfa5f elementor-widget elementor-widget-heading\" data-id=\"12dfa5f\" data-element_type=\"widget\" data-e-type=\"widget\" data-widget_type=\"heading.default\">\n\t\t\t\t<div class=\"elementor-widget-container\">\n\t\t\t\t\t<h2 class=\"elementor-heading-title elementor-size-default\">SISTEMA P.E.S.\u2122<\/h2>\t\t\t\t<\/div>\n\t\t\t\t<\/div>\n\t\t\t\t<div class=\"elementor-element elementor-element-f74503c elementor-widget elementor-widget-text-editor\" data-id=\"f74503c\" data-element_type=\"widget\" data-e-type=\"widget\" data-widget_type=\"text-editor.default\">\n\t\t\t\t<div class=\"elementor-widget-container\">\n\t\t\t\t\t\t\t\t\t<div id=\"ppu26984\" class=\"clearfix grpelem\"><div id=\"ppu23225-4\" class=\"clearfix colelem\"><div id=\"pu23225-4\" class=\"clearfix grpelem\"><div id=\"u23226-15\" class=\"SR1 clearfix colelem mt-scroll-slide-bottom mt-scroll-show\"><ul id=\"u23226-13\" class=\"list0 nls-None\"><li>El sistema P.E.S\u2122 . es fabricado en Alemania por la empresa MedXpert cumpliendo altos est\u00e1ndares de calidad de nivel internacional<\/li><li>Tiene la funci\u00f3n de dar soporte y corregir deformidades del t\u00f3rax como el Pectus Excavatum, Pectus Carinatum y Pectus Arcuatum.<\/li><li>Los implantes P.E.S\u2122 se utiliza en un procedimiento quir\u00fargico m\u00ednimamente invasivo usando la t\u00e9cnica de la colocaci\u00f3n de la barra de NUSS. La ventaja principal de este procedimiento es evitar la cirug\u00eda abierta.<\/li><li>Contamos con 11 medidas de barras que se llevan al quir\u00f3fano con el fin proporcionar al cirujano la medida m\u00e1s adecuada para el paciente.<\/li><li>Tambi\u00e9n contamos con estabilizadores de bajo perfil y remaches que se fijan en la barra para evitar el desplazamiento.<\/li><li>Los implantes de P.E.S\u2122 . son fabricados con acero inoxidable.<\/li><\/ul><\/div><\/div><\/div><div id=\"u27050-bw\" class=\"browser_width colelem\"><div id=\"u27050\"><div id=\"u27050_align_to_page\" class=\"clearfix\"><div id=\"pu27057\" class=\"clearfix grpelem\">\u00a0<\/div><\/div><\/div><\/div><\/div>\t\t\t\t\t\t\t\t<\/div>\n\t\t\t\t<\/div>\n\t\t\t\t\t<\/div>\n\t\t<\/div>\n\t\t\t\t<div class=\"elementor-column elementor-col-50 elementor-top-column elementor-element elementor-element-8879fed elementor-invisible\" data-id=\"8879fed\" data-element_type=\"column\" data-e-type=\"column\" data-settings=\"{&quot;animation&quot;:&quot;fadeInRight&quot;}\">\n\t\t\t<div class=\"elementor-widget-wrap elementor-element-populated\">\n\t\t\t\t<div class=\"elementor-element elementor-element-7d7ad0b e-flex e-con-boxed e-con e-parent\" data-id=\"7d7ad0b\" data-element_type=\"container\" data-e-type=\"container\">\n\t\t\t\t\t<div class=\"e-con-inner\">\n\t\t\t\t<div class=\"elementor-element elementor-element-688f06e elementor-widget__width-initial elementor-widget elementor-widget-image\" data-id=\"688f06e\" data-element_type=\"widget\" data-e-type=\"widget\" data-widget_type=\"image.default\">\n\t\t\t\t<div class=\"elementor-widget-container\">\n\t\t\t\t\t\t\t\t\t\t\t\t\t\t\t<img fetchpriority=\"high\" decoding=\"async\" width=\"396\" height=\"565\" src=\"https:\/\/frmedical.com.mx\/wp-content\/uploads\/2024\/07\/Captura-de-pantalla-2024-07-01-140040-1.png\" class=\"attachment-full size-full wp-image-1776\" alt=\"\" srcset=\"https:\/\/frmedical.com.mx\/wp-content\/uploads\/2024\/07\/Captura-de-pantalla-2024-07-01-140040-1.png 396w, https:\/\/frmedical.com.mx\/wp-content\/uploads\/2024\/07\/Captura-de-pantalla-2024-07-01-140040-1-210x300.png 210w\" sizes=\"(max-width: 396px) 100vw, 396px\" \/>\t\t\t\t\t\t\t\t\t\t\t\t\t\t\t<\/div>\n\t\t\t\t<\/div>\n\t\t\t\t<div class=\"elementor-element elementor-element-90d7c70 elementor-widget__width-initial elementor-widget elementor-widget-image\" data-id=\"90d7c70\" data-element_type=\"widget\" data-e-type=\"widget\" data-widget_type=\"image.default\">\n\t\t\t\t<div class=\"elementor-widget-container\">\n\t\t\t\t\t\t\t\t\t\t\t\t\t\t\t<img decoding=\"async\" width=\"2191\" height=\"2362\" src=\"https:\/\/frmedical.com.mx\/wp-content\/uploads\/2024\/07\/IND-PES-GRAF-excavatum_frei-1-1.png\" class=\"attachment-full size-full wp-image-1774\" alt=\"\" srcset=\"https:\/\/frmedical.com.mx\/wp-content\/uploads\/2024\/07\/IND-PES-GRAF-excavatum_frei-1-1.png 2191w, https:\/\/frmedical.com.mx\/wp-content\/uploads\/2024\/07\/IND-PES-GRAF-excavatum_frei-1-1-278x300.png 278w, https:\/\/frmedical.com.mx\/wp-content\/uploads\/2024\/07\/IND-PES-GRAF-excavatum_frei-1-1-950x1024.png 950w, https:\/\/frmedical.com.mx\/wp-content\/uploads\/2024\/07\/IND-PES-GRAF-excavatum_frei-1-1-768x828.png 768w, https:\/\/frmedical.com.mx\/wp-content\/uploads\/2024\/07\/IND-PES-GRAF-excavatum_frei-1-1-1425x1536.png 1425w, https:\/\/frmedical.com.mx\/wp-content\/uploads\/2024\/07\/IND-PES-GRAF-excavatum_frei-1-1-1900x2048.png 1900w\" sizes=\"(max-width: 2191px) 100vw, 2191px\" \/>\t\t\t\t\t\t\t\t\t\t\t\t\t\t\t<\/div>\n\t\t\t\t<\/div>\n\t\t\t\t\t<\/div>\n\t\t\t\t<\/div>\n\t\t\t\t\t<\/div>\n\t\t<\/div>\n\t\t\t\t\t<\/div>\n\t\t<\/section>\n\t\t\t\t<section class=\"elementor-section elementor-top-section elementor-element elementor-element-b69f284 elementor-section-boxed elementor-section-height-default elementor-section-height-default\" data-id=\"b69f284\" data-element_type=\"section\" data-e-type=\"section\" data-settings=\"{&quot;background_background&quot;:&quot;classic&quot;}\">\n\t\t\t\t\t\t<div class=\"elementor-container elementor-column-gap-default\">\n\t\t\t\t\t<div class=\"elementor-column elementor-col-50 elementor-top-column elementor-element elementor-element-7a06357 elementor-invisible\" data-id=\"7a06357\" data-element_type=\"column\" data-e-type=\"column\" data-settings=\"{&quot;animation&quot;:&quot;fadeInRight&quot;}\">\n\t\t\t<div class=\"elementor-widget-wrap elementor-element-populated\">\n\t\t\t\t\t\t<div class=\"elementor-element elementor-element-cae9a60 elementor-widget elementor-widget-heading\" data-id=\"cae9a60\" data-element_type=\"widget\" data-e-type=\"widget\" data-widget_type=\"heading.default\">\n\t\t\t\t<div class=\"elementor-widget-container\">\n\t\t\t\t\t<h2 class=\"elementor-heading-title elementor-size-default\">USOS E INDICACIONES<\/h2>\t\t\t\t<\/div>\n\t\t\t\t<\/div>\n\t\t\t\t<div class=\"elementor-element elementor-element-34e4bab elementor-widget elementor-widget-text-editor\" data-id=\"34e4bab\" data-element_type=\"widget\" data-e-type=\"widget\" data-widget_type=\"text-editor.default\">\n\t\t\t\t<div class=\"elementor-widget-container\">\n\t\t\t\t\t\t\t\t\t<div id=\"ppu26984\" class=\"clearfix grpelem\"><div id=\"ppu23225-4\" class=\"clearfix colelem\"><div id=\"pu23225-4\" class=\"clearfix grpelem\"><div id=\"u23226-15\" class=\"SR1 clearfix colelem mt-scroll-slide-bottom mt-scroll-show\"><p id=\"u23291-2\"><strong>PECTUS BARRA DE SOPORTE UNIVERSAL<\/strong><\/p><ul id=\"u23226-13\" class=\"list0 nls-None\"><li>Extremos lisos para una implantaci\u00f3n y explantaci\u00f3n atraum\u00e1ticas<\/li><li>Entalladuras redondeadas incorporadas en ambos lados para el alojamiento del Pectus tornillo, Universal y la fijaci\u00f3n del Pectus Estabilizador, Universal<\/li><li>Orificios con un \u00f8 de 5 mm en ambos lados para el alojamiento de un cord\u00f3n de interconexi\u00f3n y del Pectus BarLockTM remache<\/li><li>Compatible con los Pectus Estabilizadores<\/li><\/ul><p>\u00a0<\/p><p><strong>PECTUS ESTABILIZADOR UNIVERSAL<\/strong><\/p><p id=\"u23291-12\">Mediante la inserci\u00f3n de los Pectus Estabilizadores sobre la Pectus Barra de soporte se evita la inclinaci\u00f3n de la barra de soporte implantada.<\/p><p>\u00a0<\/p><p id=\"u23291-15\"><strong>PECTUS TORNILLO UNIVERSAL<\/strong><\/p><p id=\"u23291-17\">Fijaci\u00f3n y bloqueo del Pectus Estabilizado<\/p><\/div><\/div><\/div><div id=\"u27050-bw\" class=\"browser_width colelem\"><div id=\"u27050\">\u00a0<\/div><\/div><\/div>\t\t\t\t\t\t\t\t<\/div>\n\t\t\t\t<\/div>\n\t\t\t\t<div class=\"elementor-element elementor-element-6557276 elementor-align-center elementor-widget elementor-widget-button\" data-id=\"6557276\" data-element_type=\"widget\" data-e-type=\"widget\" data-widget_type=\"button.default\">\n\t\t\t\t<div class=\"elementor-widget-container\">\n\t\t\t\t\t\t\t\t\t<div class=\"elementor-button-wrapper\">\n\t\t\t\t\t<a class=\"elementor-button elementor-button-link elementor-size-sm\" href=\"https:\/\/frmedical.com.mx\/wp-content\/uploads\/2024\/04\/medxpert-catalogo.pdf\" target=\"_blank\">\n\t\t\t\t\t\t<span class=\"elementor-button-content-wrapper\">\n\t\t\t\t\t\t<span class=\"elementor-button-icon\">\n\t\t\t\t<svg aria-hidden=\"true\" class=\"e-font-icon-svg e-fas-file-download\" viewBox=\"0 0 384 512\" xmlns=\"http:\/\/www.w3.org\/2000\/svg\"><path d=\"M224 136V0H24C10.7 0 0 10.7 0 24v464c0 13.3 10.7 24 24 24h336c13.3 0 24-10.7 24-24V160H248c-13.2 0-24-10.8-24-24zm76.45 211.36l-96.42 95.7c-6.65 6.61-17.39 6.61-24.04 0l-96.42-95.7C73.42 337.29 80.54 320 94.82 320H160v-80c0-8.84 7.16-16 16-16h32c8.84 0 16 7.16 16 16v80h65.18c14.28 0 21.4 17.29 11.27 27.36zM377 105L279.1 7c-4.5-4.5-10.6-7-17-7H256v128h128v-6.1c0-6.3-2.5-12.4-7-16.9z\"><\/path><\/svg>\t\t\t<\/span>\n\t\t\t\t\t\t\t\t\t<span class=\"elementor-button-text\">Descargar cat\u00e1logo<\/span>\n\t\t\t\t\t<\/span>\n\t\t\t\t\t<\/a>\n\t\t\t\t<\/div>\n\t\t\t\t\t\t\t\t<\/div>\n\t\t\t\t<\/div>\n\t\t\t\t<div class=\"elementor-element elementor-element-71fd582 elementor-align-center elementor-widget elementor-widget-button\" data-id=\"71fd582\" data-element_type=\"widget\" data-e-type=\"widget\" data-widget_type=\"button.default\">\n\t\t\t\t<div class=\"elementor-widget-container\">\n\t\t\t\t\t\t\t\t\t<div class=\"elementor-button-wrapper\">\n\t\t\t\t\t<a class=\"elementor-button elementor-button-link elementor-size-sm\" href=\"https:\/\/frmedical.com.mx\/?page_id=77\" target=\"_blank\">\n\t\t\t\t\t\t<span class=\"elementor-button-content-wrapper\">\n\t\t\t\t\t\t<span class=\"elementor-button-icon\">\n\t\t\t\t<svg aria-hidden=\"true\" class=\"e-font-icon-svg e-fas-paper-plane\" viewBox=\"0 0 512 512\" xmlns=\"http:\/\/www.w3.org\/2000\/svg\"><path d=\"M476 3.2L12.5 270.6c-18.1 10.4-15.8 35.6 2.2 43.2L121 358.4l287.3-253.2c5.5-4.9 13.3 2.6 8.6 8.3L176 407v80.5c0 23.6 28.5 32.9 42.5 15.8L282 426l124.6 52.2c14.2 6 30.4-2.9 33-18.2l72-432C515 7.8 493.3-6.8 476 3.2z\"><\/path><\/svg>\t\t\t<\/span>\n\t\t\t\t\t\t\t\t\t<span class=\"elementor-button-text\">Cont\u00e1ctanos<\/span>\n\t\t\t\t\t<\/span>\n\t\t\t\t\t<\/a>\n\t\t\t\t<\/div>\n\t\t\t\t\t\t\t\t<\/div>\n\t\t\t\t<\/div>\n\t\t\t\t\t<\/div>\n\t\t<\/div>\n\t\t\t\t<div class=\"elementor-column elementor-col-50 elementor-top-column elementor-element elementor-element-e36a742 elementor-invisible\" data-id=\"e36a742\" data-element_type=\"column\" data-e-type=\"column\" data-settings=\"{&quot;animation&quot;:&quot;fadeInRight&quot;,&quot;background_background&quot;:&quot;classic&quot;}\">\n\t\t\t<div class=\"elementor-widget-wrap elementor-element-populated\">\n\t\t\t\t<div class=\"elementor-element elementor-element-cf810fb e-flex e-con-boxed e-con e-parent\" data-id=\"cf810fb\" data-element_type=\"container\" data-e-type=\"container\" data-settings=\"{&quot;background_background&quot;:&quot;classic&quot;}\">\n\t\t\t\t\t<div class=\"e-con-inner\">\n\t\t\t\t<div class=\"elementor-element elementor-element-457db28 elementor-widget elementor-widget-image\" data-id=\"457db28\" data-element_type=\"widget\" data-e-type=\"widget\" data-widget_type=\"image.default\">\n\t\t\t\t<div class=\"elementor-widget-container\">\n\t\t\t\t\t\t\t\t\t\t\t\t\t\t\t<img decoding=\"async\" width=\"1268\" height=\"676\" src=\"https:\/\/frmedical.com.mx\/wp-content\/uploads\/2024\/07\/41-1.jpg\" class=\"attachment-full size-full wp-image-1955\" alt=\"\" srcset=\"https:\/\/frmedical.com.mx\/wp-content\/uploads\/2024\/07\/41-1.jpg 1268w, https:\/\/frmedical.com.mx\/wp-content\/uploads\/2024\/07\/41-1-300x160.jpg 300w, https:\/\/frmedical.com.mx\/wp-content\/uploads\/2024\/07\/41-1-1024x546.jpg 1024w, https:\/\/frmedical.com.mx\/wp-content\/uploads\/2024\/07\/41-1-768x409.jpg 768w\" sizes=\"(max-width: 1268px) 100vw, 1268px\" \/>\t\t\t\t\t\t\t\t\t\t\t\t\t\t\t<\/div>\n\t\t\t\t<\/div>\n\t\t\t\t<div class=\"elementor-element elementor-element-a3c4b84 elementor-widget elementor-widget-text-editor\" data-id=\"a3c4b84\" data-element_type=\"widget\" data-e-type=\"widget\" data-widget_type=\"text-editor.default\">\n\t\t\t\t<div class=\"elementor-widget-container\">\n\t\t\t\t\t\t\t\t\t<div id=\"ppu26984\" class=\"clearfix grpelem\"><div id=\"ppu23225-4\" class=\"clearfix colelem\"><div id=\"pu23225-4\" class=\"clearfix grpelem\"><div id=\"u23226-15\" class=\"SR1 clearfix colelem mt-scroll-slide-bottom mt-scroll-show\"><p id=\"u23291-2\">*Diferentes medidas para elecci\u00f3n del cirujano<\/p><\/div><\/div><\/div><\/div>\t\t\t\t\t\t\t\t<\/div>\n\t\t\t\t<\/div>\n\t\t\t\t\t<\/div>\n\t\t\t\t<\/div>\n\t\t<div class=\"elementor-element elementor-element-f7c950b e-flex e-con-boxed e-con e-parent\" data-id=\"f7c950b\" data-element_type=\"container\" data-e-type=\"container\" data-settings=\"{&quot;background_background&quot;:&quot;classic&quot;}\">\n\t\t\t\t\t<div class=\"e-con-inner\">\n\t\t<div class=\"elementor-element elementor-element-4951eb7 e-con-full e-flex e-con e-child\" data-id=\"4951eb7\" data-element_type=\"container\" data-e-type=\"container\">\n\t\t\t\t<div class=\"elementor-element elementor-element-3b7f283 elementor-widget elementor-widget-image\" data-id=\"3b7f283\" data-element_type=\"widget\" data-e-type=\"widget\" data-widget_type=\"image.default\">\n\t\t\t\t<div class=\"elementor-widget-container\">\n\t\t\t\t\t\t\t\t\t\t\t\t\t\t\t<img loading=\"lazy\" decoding=\"async\" width=\"3507\" height=\"2480\" src=\"https:\/\/frmedical.com.mx\/wp-content\/uploads\/2024\/07\/025-02028_03-1.png\" class=\"attachment-full size-full wp-image-1775\" alt=\"\" srcset=\"https:\/\/frmedical.com.mx\/wp-content\/uploads\/2024\/07\/025-02028_03-1.png 3507w, https:\/\/frmedical.com.mx\/wp-content\/uploads\/2024\/07\/025-02028_03-1-300x212.png 300w, https:\/\/frmedical.com.mx\/wp-content\/uploads\/2024\/07\/025-02028_03-1-1024x724.png 1024w, https:\/\/frmedical.com.mx\/wp-content\/uploads\/2024\/07\/025-02028_03-1-768x543.png 768w, https:\/\/frmedical.com.mx\/wp-content\/uploads\/2024\/07\/025-02028_03-1-1536x1086.png 1536w, https:\/\/frmedical.com.mx\/wp-content\/uploads\/2024\/07\/025-02028_03-1-2048x1448.png 2048w\" sizes=\"(max-width: 3507px) 100vw, 3507px\" \/>\t\t\t\t\t\t\t\t\t\t\t\t\t\t\t<\/div>\n\t\t\t\t<\/div>\n\t\t\t\t<div class=\"elementor-element elementor-element-1786cfd elementor-widget elementor-widget-text-editor\" data-id=\"1786cfd\" data-element_type=\"widget\" data-e-type=\"widget\" data-widget_type=\"text-editor.default\">\n\t\t\t\t<div class=\"elementor-widget-container\">\n\t\t\t\t\t\t\t\t\t<div id=\"ppu26984\" class=\"clearfix grpelem\"><div id=\"ppu23225-4\" class=\"clearfix colelem\"><div id=\"pu23225-4\" class=\"clearfix grpelem\"><div id=\"u23226-15\" class=\"SR1 clearfix colelem mt-scroll-slide-bottom mt-scroll-show\"><p id=\"u23291-2\">*Pectus Estabilizador Universal<\/p><\/div><\/div><\/div><\/div>\t\t\t\t\t\t\t\t<\/div>\n\t\t\t\t<\/div>\n\t\t\t\t<div class=\"elementor-element elementor-element-67a9e70 elementor-widget elementor-widget-image\" data-id=\"67a9e70\" data-element_type=\"widget\" data-e-type=\"widget\" data-widget_type=\"image.default\">\n\t\t\t\t<div class=\"elementor-widget-container\">\n\t\t\t\t\t\t\t\t\t\t\t\t\t\t\t<img loading=\"lazy\" decoding=\"async\" width=\"3507\" height=\"2480\" src=\"https:\/\/frmedical.com.mx\/wp-content\/uploads\/2024\/07\/025-02010_02-1.png\" class=\"attachment-full size-full wp-image-1770\" alt=\"\" srcset=\"https:\/\/frmedical.com.mx\/wp-content\/uploads\/2024\/07\/025-02010_02-1.png 3507w, https:\/\/frmedical.com.mx\/wp-content\/uploads\/2024\/07\/025-02010_02-1-300x212.png 300w, https:\/\/frmedical.com.mx\/wp-content\/uploads\/2024\/07\/025-02010_02-1-1024x724.png 1024w, https:\/\/frmedical.com.mx\/wp-content\/uploads\/2024\/07\/025-02010_02-1-768x543.png 768w, https:\/\/frmedical.com.mx\/wp-content\/uploads\/2024\/07\/025-02010_02-1-1536x1086.png 1536w, https:\/\/frmedical.com.mx\/wp-content\/uploads\/2024\/07\/025-02010_02-1-2048x1448.png 2048w\" sizes=\"(max-width: 3507px) 100vw, 3507px\" \/>\t\t\t\t\t\t\t\t\t\t\t\t\t\t\t<\/div>\n\t\t\t\t<\/div>\n\t\t\t\t<div class=\"elementor-element elementor-element-cb6ec27 elementor-widget elementor-widget-text-editor\" data-id=\"cb6ec27\" data-element_type=\"widget\" data-e-type=\"widget\" data-widget_type=\"text-editor.default\">\n\t\t\t\t<div class=\"elementor-widget-container\">\n\t\t\t\t\t\t\t\t\t<div id=\"ppu26984\" class=\"clearfix grpelem\"><div id=\"ppu23225-4\" class=\"clearfix colelem\"><div id=\"pu23225-4\" class=\"clearfix grpelem\"><div id=\"u23226-15\" class=\"SR1 clearfix colelem mt-scroll-slide-bottom mt-scroll-show\"><p id=\"u23291-2\">*Pectus Tornillo Universal<\/p><\/div><\/div><\/div><\/div>\t\t\t\t\t\t\t\t<\/div>\n\t\t\t\t<\/div>\n\t\t\t\t<\/div>\n\t\t<div class=\"elementor-element elementor-element-28080bf e-con-full e-flex e-con e-child\" data-id=\"28080bf\" data-element_type=\"container\" data-e-type=\"container\">\n\t\t\t\t<div class=\"elementor-element elementor-element-cc065b3 elementor-widget elementor-widget-image\" data-id=\"cc065b3\" data-element_type=\"widget\" data-e-type=\"widget\" data-widget_type=\"image.default\">\n\t\t\t\t<div class=\"elementor-widget-container\">\n\t\t\t\t\t\t\t\t\t\t\t\t\t\t\t<img loading=\"lazy\" decoding=\"async\" width=\"230\" height=\"248\" src=\"https:\/\/frmedical.com.mx\/wp-content\/uploads\/2024\/04\/6-u27024-fr.jpg\" class=\"attachment-full size-full wp-image-803\" alt=\"\" \/>\t\t\t\t\t\t\t\t\t\t\t\t\t\t\t<\/div>\n\t\t\t\t<\/div>\n\t\t\t\t<\/div>\n\t\t\t\t\t<\/div>\n\t\t\t\t<\/div>\n\t\t<div class=\"elementor-element elementor-element-52dc737 e-flex e-con-boxed e-con e-parent\" data-id=\"52dc737\" data-element_type=\"container\" data-e-type=\"container\" data-settings=\"{&quot;background_background&quot;:&quot;classic&quot;}\">\n\t\t\t\t\t<div class=\"e-con-inner\">\n\t\t\t\t<div class=\"elementor-element elementor-element-bbfbfce elementor-widget elementor-widget-text-editor\" data-id=\"bbfbfce\" data-element_type=\"widget\" data-e-type=\"widget\" data-widget_type=\"text-editor.default\">\n\t\t\t\t<div class=\"elementor-widget-container\">\n\t\t\t\t\t\t\t\t\t<div id=\"ppu26984\" class=\"clearfix grpelem\"><div id=\"ppu23225-4\" class=\"clearfix colelem\"><div id=\"pu23225-4\" class=\"clearfix grpelem\"><div id=\"u23226-15\" class=\"SR1 clearfix colelem mt-scroll-slide-bottom mt-scroll-show\"><p id=\"u23291-2\"><strong>FR Medical SA de CV proporciona asistencia t\u00e9cnica con personal altamente capacitado para apoyar al cirujano tratante con el instrumental.<\/strong><\/p><\/div><\/div><\/div><\/div>\t\t\t\t\t\t\t\t<\/div>\n\t\t\t\t<\/div>\n\t\t\t\t\t<\/div>\n\t\t\t\t<\/div>\n\t\t\t\t\t<\/div>\n\t\t<\/div>\n\t\t\t\t\t<\/div>\n\t\t<\/section>\n\t\t\t\t<\/div>\n\t\t","protected":false},"excerpt":{"rendered":"<p>SISTEMA P.E.S.\u2122 El sistema P.E.S\u2122 . es fabricado en Alemania por la empresa MedXpert cumpliendo altos est\u00e1ndares de calidad de nivel internacional Tiene la funci\u00f3n de dar soporte y corregir deformidades del t\u00f3rax como el Pectus Excavatum, Pectus Carinatum y Pectus Arcuatum. Los implantes P.E.S\u2122 se utiliza en un procedimiento quir\u00fargico m\u00ednimamente invasivo usando la&#8230;<\/p>\n","protected":false},"author":1,"featured_media":0,"parent":0,"menu_order":0,"comment_status":"closed","ping_status":"closed","template":"","meta":{"_monsterinsights_skip_tracking":false,"_monsterinsights_sitenote_active":false,"_monsterinsights_sitenote_note":"","_monsterinsights_sitenote_category":0,"_joinchat":[],"footnotes":""},"class_list":["post-30","page","type-page","status-publish","hentry"],"_links":{"self":[{"href":"https:\/\/frmedical.com.mx\/index.php?rest_route=\/wp\/v2\/pages\/30","targetHints":{"allow":["GET"]}}],"collection":[{"href":"https:\/\/frmedical.com.mx\/index.php?rest_route=\/wp\/v2\/pages"}],"about":[{"href":"https:\/\/frmedical.com.mx\/index.php?rest_route=\/wp\/v2\/types\/page"}],"author":[{"embeddable":true,"href":"https:\/\/frmedical.com.mx\/index.php?rest_route=\/wp\/v2\/users\/1"}],"replies":[{"embeddable":true,"href":"https:\/\/frmedical.com.mx\/index.php?rest_route=%2Fwp%2Fv2%2Fcomments&post=30"}],"version-history":[{"count":49,"href":"https:\/\/frmedical.com.mx\/index.php?rest_route=\/wp\/v2\/pages\/30\/revisions"}],"predecessor-version":[{"id":3298,"href":"https:\/\/frmedical.com.mx\/index.php?rest_route=\/wp\/v2\/pages\/30\/revisions\/3298"}],"wp:attachment":[{"href":"https:\/\/frmedical.com.mx\/index.php?rest_route=%2Fwp%2Fv2%2Fmedia&parent=30"}],"curies":[{"name":"wp","href":"https:\/\/api.w.org\/{rel}","templated":true}]}}