{"id":255,"date":"2024-04-18T21:27:45","date_gmt":"2024-04-18T21:27:45","guid":{"rendered":"https:\/\/frmedical.com.mx\/?page_id=255"},"modified":"2025-02-04T15:50:41","modified_gmt":"2025-02-04T15:50:41","slug":"posthorax","status":"publish","type":"page","link":"https:\/\/frmedical.com.mx\/?page_id=255","title":{"rendered":"POSTHORAX \u2122"},"content":{"rendered":"\t\t<div data-elementor-type=\"wp-page\" data-elementor-id=\"255\" class=\"elementor elementor-255\" data-elementor-post-type=\"page\">\n\t\t\t\t\t\t<section class=\"elementor-section elementor-top-section elementor-element elementor-element-28a1413 elementor-section-boxed elementor-section-height-default elementor-section-height-default\" data-id=\"28a1413\" data-element_type=\"section\" data-e-type=\"section\" data-settings=\"{&quot;background_background&quot;:&quot;classic&quot;}\">\n\t\t\t\t\t\t\t<div class=\"elementor-background-overlay\"><\/div>\n\t\t\t\t\t\t\t<div class=\"elementor-container elementor-column-gap-no\">\n\t\t\t\t\t<div class=\"elementor-column elementor-col-100 elementor-top-column elementor-element elementor-element-0072d47\" data-id=\"0072d47\" data-element_type=\"column\" data-e-type=\"column\" data-settings=\"{&quot;background_background&quot;:&quot;classic&quot;}\">\n\t\t\t<div class=\"elementor-widget-wrap elementor-element-populated\">\n\t\t\t\t\t\t<div class=\"elementor-element elementor-element-f33cc1b elementor-widget elementor-widget-heading\" data-id=\"f33cc1b\" data-element_type=\"widget\" data-e-type=\"widget\" data-widget_type=\"heading.default\">\n\t\t\t\t<div class=\"elementor-widget-container\">\n\t\t\t\t\t<h2 class=\"elementor-heading-title elementor-size-default\">POSTHORAX \u2122<\/h2>\t\t\t\t<\/div>\n\t\t\t\t<\/div>\n\t\t\t\t\t<\/div>\n\t\t<\/div>\n\t\t\t\t\t<\/div>\n\t\t<\/section>\n\t\t\t\t<section class=\"elementor-section elementor-top-section elementor-element elementor-element-822a9ef elementor-section-boxed elementor-section-height-default elementor-section-height-default\" data-id=\"822a9ef\" data-element_type=\"section\" data-e-type=\"section\" data-settings=\"{&quot;background_background&quot;:&quot;classic&quot;}\">\n\t\t\t\t\t\t<div class=\"elementor-container elementor-column-gap-default\">\n\t\t\t\t\t<div class=\"elementor-column elementor-col-100 elementor-top-column elementor-element elementor-element-55785f4 elementor-invisible\" data-id=\"55785f4\" data-element_type=\"column\" data-e-type=\"column\" data-settings=\"{&quot;animation&quot;:&quot;fadeInRight&quot;}\">\n\t\t\t<div class=\"elementor-widget-wrap elementor-element-populated\">\n\t\t\t\t\t\t<div class=\"elementor-element elementor-element-12f3e98 elementor-view-default elementor-widget elementor-widget-icon\" data-id=\"12f3e98\" data-element_type=\"widget\" data-e-type=\"widget\" data-widget_type=\"icon.default\">\n\t\t\t\t<div class=\"elementor-widget-container\">\n\t\t\t\t\t\t\t<div class=\"elementor-icon-wrapper\">\n\t\t\t<div class=\"elementor-icon\">\n\t\t\t<svg xmlns=\"http:\/\/www.w3.org\/2000\/svg\" viewBox=\"0 0 1545.45 239.16\"><title>posthorax<\/title><g id=\"Capa_2\" data-name=\"Capa 2\"><g id=\"Capa_1-2\" data-name=\"Capa 1\"><path d=\"M15.3,130.46c-1.5-1.39-2.75-1-3.85-1.28-3.45-.75-8.14.45-9.78-3.49-2.15-5.14-2.59-10.74.87-15.82q3.93-5.78,8-11.49c1.14-1.62,2-2.95,0-4.69-5.4-4.68-5-10.54-2.67-16.45,4.7-12.07,14.25-19.86,24.42-27,1.09-.77,2.43-1.48,3.63-.26a5.44,5.44,0,0,1,1.31,5.57c-.78,2.7-2.94,4.4-5,6.06A80.11,80.11,0,0,0,20.24,73c-3.31,4-2.71,5.54,2.42,6.33a214,214,0,0,0,72.08-.89c8.85-1.64,9.2-1.56,8.44-10.27-1.21-13.76-3-27.47-4.35-41.22C98.09,19.3,97.75,11.64,97.15,4c-.18-2.38.36-4,3.13-3.88,5.13.19,10.27.42,15.41.54,2.88.07,4.09,1.66,4.56,4.29a588.1,588.1,0,0,1,7.15,59.46C128,72,131,79.25,129.71,87c-2.14,12.79,2.6,25.59,0,38.37-1.28,6.26-.18,12.37.45,18.59.86,8.46-1.16,16.85-1.93,25.27-1.36,14.74-2.41,29.52-3.87,44.25-.72,7.29-2.07,14.51-3.14,21.75-.37,2.48-1.68,3.88-4.34,3.88-5.83,0-11.66,0-17.49.05-3.27,0-3.32-2-3.12-4.33,1.67-19.23,2.8-38.5,5.53-57.63,1.08-7.56.7-8.33-6.83-7.81A366.56,366.56,0,0,1,42,169.32a244.94,244.94,0,0,1-29.2-3.78c-3.48-.69-8.2.18-9.77-3.67C1,156.79.37,151.19,3.42,146a63.61,63.61,0,0,1,9.77-13.22C13.88,132,14.52,131.31,15.3,130.46ZM53,151c.66,0,1.33,0,2,0,14.38.72,28.56-1.27,42.69-3.53,5.13-.83,7.57-4.78,7.06-10.24-.49-5.25-4.4-4.09-7.51-4-22.28.62-44.56,1.53-66.81-.85-2.64-.28-5.39-.27-7.44,2-3,3.32-6.07,6.62-9,10-2,2.37-2.11,4.05,1.7,4.44C28.08,150.09,40.45,151.9,53,151Zm-.24-36.3c14.43,1.36,28.84-2.3,43.45-3.13a16.33,16.33,0,0,0,4.85-1.14c3.21-1.22,3.81-3.78,3.38-6.93s-2.64-3.42-5.12-3.3c-6.15.3-12.3.72-18.45.89-18.19.5-36.24-1.69-54.32-3.18-2.58-.21-4.61.12-6.27,2-2.18,2.51-4.34,5-6.39,7.64-2.24,2.87-2,4.81,2.17,5.08C28.17,113.47,40.21,115.64,52.75,114.74Z\"><\/path><path d=\"M153.29,100c-10.85-3-10.63-3-11.19-13-.39-7.23,1.51-14.15,2.06-21.22q2.26-29.4,7-58.47c1.21-7.36,1.36-7.33,9-7.23q4.74.06,9.5.06c6,0,6.19.07,5.57,6.24-2.18,21.86-4,43.76-7.27,65.49-.56,3.75.5,5.16,3.94,5.82,26.75,5.2,53.59,5.26,80.52,1.63,3.3-.44,1.66-2.1.89-3.41a36.35,36.35,0,0,0-13.12-13.43c-3.69-2.15-5.13-5.55-5.7-9.45a3.85,3.85,0,0,1,1.4-4c1.38-.89,2.55.13,3.63.86,10.38,7,19.15,15.46,23.6,27.58,1.47,4,1.38,8.18,1.24,12.35a3,3,0,0,1-2.1,3.09c-5.05,1.46-2.68,3.81-.74,6,6,6.71,8.34,14.54,8,23.48-.16,4-1.52,5.93-5.51,6a14.16,14.16,0,0,0-3,.34c-1.27.28-3,.16-3.57,1.41-.82,1.77,1.13,2.52,2,3.6,5.44,6.47,9.86,13.25,10.17,22.21.19,5.1-1.44,7.34-6.48,8.55a227.91,227.91,0,0,1-48,5.8c-12.48.28-25,.52-37.46-.72-7.23-.71-7.93-.11-7.33,7.25q2.34,28.61,5.31,57.16c.43,4.16-.76,5.45-4.68,5.32-5-.15-10-.1-15,0-3,0-4.37-1.06-4.95-4.2-3.67-20.19-4.66-40.67-6.87-61-.6-5.46-1.5-10.9-1.87-16.37-.6-8.78-.72-17.58,1.9-26.13.64-2.11-2-2.34-2-4.15-.17-7.65-.73-15.31.24-22.93.44-3.47,2.25-5.62,6.3-4.44C149.84,100.22,151,100,153.29,100ZM221,151c11.09.52,23-.61,34.91-1.91,3.86-.42,3.7-1.83,2-4.33a55.34,55.34,0,0,0-8.73-10.22,7,7,0,0,0-5.44-2c-24.24,2-48.5,1.51-72.76.35-1.51-.07-2.94-.33-3.92,1.33A8.67,8.67,0,0,0,173,147.06C188.57,149.75,204.24,151.61,221,151Zm1.52-36.07c9.84.87,21.49-1.35,33.22-2.56,1.57-.16,4.62.37,3.33-3.23-2.45-6.85-7.6-10.72-15-11a68.28,68.28,0,0,0-8,.34c-13.91,1.19-27.79,2.75-41.77,2.55-7.64-.1-15.28-.41-22.9-.87-4.67-.29-5.29,2.22-4.8,5.91s3.48,4.22,6.25,4.61C188.69,112.89,204.5,115.14,222.55,114.91Z\"><\/path><path d=\"M1274,66.93c4.67,0,9.34,0,14,0,3.6,0,5.67,1.61,7.21,5,13.08,28.45,26.36,56.81,39.51,85.23,1.72,3.7,3.38,3.91,6.06.85q17.93-20.5,36.06-40.82c1.79-2,1.39-3.34-.16-5.1q-16.38-18.52-32.62-37.16c-1.78-2-5.57-3.85-4.37-6.55s5.13-1.21,7.87-1.31c4.49-.16,9,.29,13.48-.17,5.71-.58,9.38,1.94,12.71,6.19,7.5,9.57,15.3,18.91,22.9,28.4,2.3,2.88,3.72,3.88,6.58,0,7.84-10.56,16.26-20.69,24.43-31,1.52-1.92,3.39-3.37,5.86-3.4,7.83-.1,15.66-.62,23.46.49,1.11.15,2.53-.07,2.94,1.36.36,1.27-.55,2.2-1.4,3-12.76,12-22.79,26.52-34.74,39.27-2.45,2.61-2,4.51.07,6.84q16.75,19.2,33.37,38.51c1.85,2.15,5.65,4.24,4.42,7-1,2.37-5.13,1.5-7.91,1.63-3.49.16-7.09-.47-10.48.17-6.86,1.29-11.3-1.8-15.31-6.79-8.34-10.39-17-20.55-25.28-31-2.2-2.77-3.26-2.75-5.47,0-8.93,11.19-18.18,22.13-27.15,33.28a11.19,11.19,0,0,1-9.84,4.51c-14.49-.21-29-.12-43.48.17-3.76.07-5.87-1.08-7.17-4.56-1.39-3.74-3.21-7.32-4.75-11-1.2-2.88-3.19-3.84-6.31-3.57a218.27,218.27,0,0,1-31.94.09c-6.28-.36-12.63.38-18.95.56-2.4.07-3.5,1.48-4.25,3.54-1.25,3.44-2.67,6.82-4,10.25-1.21,3.2-3.34,4.66-6.87,4.55-5.82-.18-11.67-.26-17.49,0-4.37.21-4.9-1.34-3.27-4.93,6.87-15.18,13.61-30.41,20.51-45.57,6.34-13.95,12.93-27.79,19.2-41.78,2-4.55,5-6.73,10-6.39,4.15.28,8.33.06,12.49.06Zm.47,64.79v.19h18c2.16,0,3.75-.39,2.58-3.16-6-14.27-12.91-28.09-19.84-41.92-.43-.87-1-2-2.13-1.64-.62.2-1.15,1.15-1.41,1.87-5,13.79-12.22,26.57-17.85,40.08-1.64,3.91-.31,4.67,3.23,4.61C1262.86,131.65,1268.68,131.72,1274.5,131.72Z\"><\/path><path d=\"M1185.86,125.57c10.71,2.27,14.66,8.83,15.19,18.48.3,5.5.37,11,.35,16.46,0,3.22-1.51,4.83-4.93,4.79q-9-.12-18,.17c-3.31.11-4.36-1.38-4.41-4.48-.11-5.81.42-11.65-.57-17.45s-4.63-9.89-10.51-10.06c-13.48-.38-27-.29-40.46-.44-3.17,0-3.9,1.75-3.86,4.49.1,7.49,0,15,.18,22.47.12,3.93-1,5.78-5.34,5.49a148,148,0,0,0-15.48,0c-3.63.15-5.22-1.19-5.08-4.88.15-4.16.06-8.33,0-12.49-.24-23.81-.52-47.61-.71-71.42-.07-8.14,0-8.6,8.06-9.18,20.44-1.48,40.93-.79,61.39-.12,5.31.18,10.62.77,15.91,1.39,18.83,2.24,26.89,16.35,24.94,34.73-.83,7.8-4,14.38-11.76,17.89C1189.23,122.14,1188,123.71,1185.86,125.57Zm-44.69-9.72v-.25c6.49,0,13,.46,19.47-.1,12.18-1,15.77-5.89,14.3-18.16-.2-1.65-.64-3.27-.87-4.92-.54-3.82-2.71-6.08-6.51-6.45-6.28-.61-12.61-.79-18.87-1.55-8.66-1.06-17.27,1.17-25.9.1-2.86-.36-3.37,1.44-3.37,3.69,0,7.83.07,15.66,0,23.49,0,3,1.29,4.21,4.23,4.17C1129.51,115.79,1135.34,115.85,1141.17,115.85Z\"><\/path><path d=\"M526.92,165.25c-11.63.41-23.21-.21-34.65-3.05-10.8-2.68-17.83-9.39-19.93-20-4.2-21.36-2.79-42.38,6.21-62.53a11.55,11.55,0,0,1,5.8-5.92c7.72-3.72,15.74-6.39,24.37-6.68,17-.58,33.94-.58,50.77,2.51,18.66,3.43,26.1,11.59,26.93,30.69a200.18,200.18,0,0,1-1.75,38.36c-2.11,14.1-10.78,22.56-24.85,24.63A173.92,173.92,0,0,1,526.92,165.25Zm32.23-49.31A109.61,109.61,0,0,0,558.08,96c-1.16-6.78-4.27-10.77-10-11.56-12.42-1.74-24.87-2.19-37.28.24-8.6,1.68-11.3,4.4-12.2,13.17-1.26,12.43-1.89,24.89-.17,37.35,1.11,8,3.84,11.23,11.76,12.58,11.93,2,23.91,1.58,35.79-.32,7.28-1.16,10.69-5.2,12.16-12.63C559.42,128.58,559,122.26,559.15,115.94Z\"><\/path><path d=\"M1014.73,165.39a123.7,123.7,0,0,1-30.57-3c-11.64-2.6-19-9.32-21.11-21.15a120.44,120.44,0,0,1,2.71-53.34c3.52-12.89,13-17.86,24.44-19.57A184.29,184.29,0,0,1,1056.73,71c10.08,2.18,17,8.83,18.85,19.15,3.23,17.72,3.08,35.56-1.51,53-3.7,14.07-10.23,18-29.24,21C1036.07,165.54,1027.23,165.24,1014.73,165.39Zm-26.35-47.68c0,3.5,0,7,0,10.49.24,15.45,5,20.26,20.35,20.69a197.84,197.84,0,0,0,26.44-.94c7.27-.76,11.79-4.12,13.33-11.41,2.94-13.83,2.66-27.82.15-41.67-.91-5-3.67-9.58-9.47-10.42-13.1-1.9-26.18-2-39.25.64-6.58,1.35-9.39,5.52-10.44,11.69C988.31,103.73,988.36,110.71,988.38,117.71Z\"><\/path><path d=\"M942.43,116.47c0,14.32-.12,28.65.07,43,0,4.24-1.19,6.09-5.67,5.91a164.76,164.76,0,0,0-16.48.25c-3.1.18-3.92-1.08-4.34-3.93-1.3-8.83.63-17.62.06-26.42q-.21-3.24-.36-6.48c-.15-3.55-2-4.87-5.51-4.74-14.8.55-29.64-.71-44.42.87a15.91,15.91,0,0,1-2.49,0c-8.82-.4-8.81-.4-8.84,8.27s-.23,17.32,0,26c.11,4.82-1.86,6.51-6.55,6.28a149.76,149.76,0,0,0-15,.18c-3.46.17-4.55-1.24-4.84-4.6-1.45-17.13-.34-34.29-.78-51.43-.3-11.82,0-23.65-.28-35.47-.13-4.45.71-6.6,5.73-6.85,5.32-.27,10.64-.36,16-.52,3.33-.11,4.67,1.24,5.08,4.57,1.16,9.47.63,19,.87,28.45.16,6.18.45,5.86,6.75,5.72,16.93-.37,33.9-1.67,50.79.69,2.88.41,2.83-1.18,3.16-3.11,1.26-7.32-.06-14.61-.06-21.91,0-14.07,0-14.14,14-14.26,15.88-.13,13-.24,13.17,13.09.16,12.16,0,24.31,0,36.47Z\"><\/path><path d=\"M656,165c-13.84.43-27.62.18-41.27-2.65-10.77-2.23-19.59-15-17.54-25.8.54-2.9,2.37-3.82,5-3.83,4.83,0,9.65,0,14.48,0,3.29,0,5.09,1.67,6.17,4.75,3.81,10.79,4.45,11,15.65,11.61,10,.57,19.89,1.21,29.88-.21s14.75-11.75,9-20c-2.29-3.29-5.81-3.53-9.35-3.7-16.8-.81-33.58-1.83-50.1-5.19-19.92-4-27.74-25.66-15.34-42,4-5.27,9.73-7.58,15.76-8.92A138.74,138.74,0,0,1,656,66.43,224.34,224.34,0,0,1,687.21,70c12.3,2.41,15.57,13,15.17,23-.1,2.58-1.83,3.3-4.11,3.28-5.66,0-11.32-.12-17,0-3.24,0-4.4-2-4.93-4.6-1.28-6.14-5.42-8-11.18-8.6a175.4,175.4,0,0,0-30.4-.28c-6.6.41-10.28,4.47-10.4,11.51-.13,7.21,3.11,10.86,10.15,11.63,14.23,1.54,28.61,1,42.81,3,6.08.86,12.27,1.38,17.82,4.44,4.92,2.72,8.33,6.65,9.52,12.2a42.49,42.49,0,0,1-.76,22.21C700.45,158.5,691.33,164.59,678,165,670.65,165.22,663.31,165,656,165Z\"><\/path><path d=\"M388.76,66.85c14.14.17,28.32-.64,42.34,2,.16,0,.33,0,.5,0,19,2.31,28.11,12.45,27.67,31.69-.15,6.9,0,14.15-4.72,20-6.56,8.29-15.74,11.83-25.79,12.25-15.13.64-30.3.44-45.45.35-3.79,0-5.18.85-5.06,5,.21,7.47-.43,15-.56,22.45-.05,3.11-1.26,4.52-4.45,4.6-5.31.12-10.63.48-15.94.79-3.25.19-5.12-1-5.09-4.51,0-1-.11-2-.12-3-.28-26.3-.62-52.6-.8-78.9-.09-12.13.54-12.68,12.5-12.81C372.11,66.78,380.44,66.85,388.76,66.85Zm12.14,49.22v0c5.49,0,11,.12,16.49,0,10.33-.28,14.83-5.1,14.59-15.49a44.07,44.07,0,0,0-.63-5c-1-7.54-3.76-9.75-11.36-10.46a242.27,242.27,0,0,0-38.38-.32c-2.51.16-3.2,1.15-3.19,3.31,0,8,.05,16,0,24,0,3.09,1.7,4,4.46,4C388.9,116,394.9,116.07,400.9,116.07Z\"><\/path><path d=\"M749.36,136.81c-.25-15.63,1.42-31.25,0-46.92-.43-4.67-1.84-6.06-6.29-5.73-8.63.63-17.32-.52-25.95.75-3.35.5-5.48-.84-6-4.32-.21-1.32-.49-2.62-.65-3.94-.85-6.9.28-8.11,7.22-8.79,28.59-2.77,57.24-.56,85.85-.93,1,0,2,0,3,0,9.59.15,10.45,1.21,10.12,10.7-.13,3.92-1.86,5.65-5.59,6.23-9.57,1.48-19.21.79-28.81.85-3.4,0-4,.41-4.08,3.86-.25,19.13-.92,38.25-1.32,57.37-.09,4.48.21,9,.53,13.46.3,4.15-1,6.17-5.59,5.95a166,166,0,0,0-17,.15c-3.37.19-4.25-1.29-4.65-4.27C749,153.12,749.3,145,749.36,136.81Z\"><\/path><path d=\"M1529.21,77.87c-1.5-4.94,2.1-8.71,3.69-12.94,1.07-2.85,4.57-2.94,7.49-2.52,2.69.39,3.84,2.1,4.2,4.78a146.75,146.75,0,0,1,.85,20.43c0,2.42-.56,4.31-3.47,4.43-2.72.12-4.31-1-5-3.76s.34-5.2,1.43-7.65c.46-1,1.24-2.33.16-3.18-.62-.5-1.93-.38-2.86-.19-1.91.38-.37,2-.8,2.74-2.26,3.83-4.14,8.22-7.34,11.09-3,2.74-7.12.08-7.83-4.18-.39-2.29.81-4.61-.39-7.24-3.28,2.07-7.26,3.13-6.07,8.54.51,2.32-1.19,3.68-3.61,3.72-2.57,0-4.72-.68-5-3.66a71.84,71.84,0,0,1,0-14.44,51.78,51.78,0,0,0,.3-6,2.1,2.1,0,0,0-2.64-2.22c-2.72.34-7.74,6.22-7.88,9.11-.22,4.48,1,8.93.14,13.44-.4,2.17-.87,3.87-3.51,4s-3.92-1.23-4.41-3.72c-.76-3.81-.5-7.64-.4-11.45.11-4.25-.7-7.6-5.74-8.34-1.82-.26-3.87-1.21-3.63-3.42s2.61-2.23,4.38-2.32a256.07,256.07,0,0,1,30.85,0c5,.33,7.34,3.69,8.41,7.93C1521.65,75.33,1522.31,79.82,1529.21,77.87Z\"><\/path><\/g><\/g><\/svg>\t\t\t<\/div>\n\t\t<\/div>\n\t\t\t\t\t\t<\/div>\n\t\t\t\t<\/div>\n\t\t\t\t<div class=\"elementor-element elementor-element-6785204 elementor-widget elementor-widget-text-editor\" data-id=\"6785204\" data-element_type=\"widget\" data-e-type=\"widget\" data-widget_type=\"text-editor.default\">\n\t\t\t\t<div class=\"elementor-widget-container\">\n\t\t\t\t\t\t\t\t\t<p>Ayuda a la recuperaci\u00f3n de los pacientes post operados de una cirug\u00eda de coraz\u00f3n.<\/p>\t\t\t\t\t\t\t\t<\/div>\n\t\t\t\t<\/div>\n\t\t<div class=\"elementor-element elementor-element-9b5b3bd e-flex e-con-boxed e-con e-parent\" data-id=\"9b5b3bd\" data-element_type=\"container\" data-e-type=\"container\">\n\t\t\t\t\t<div class=\"e-con-inner\">\n\t\t<div class=\"elementor-element elementor-element-e2c0ca3 e-con-full e-flex e-con e-child\" data-id=\"e2c0ca3\" data-element_type=\"container\" data-e-type=\"container\">\n\t\t\t\t<div class=\"elementor-element elementor-element-58cf764 elementor-position-top elementor-widget elementor-widget-image-box\" data-id=\"58cf764\" data-element_type=\"widget\" data-e-type=\"widget\" data-widget_type=\"image-box.default\">\n\t\t\t\t<div class=\"elementor-widget-container\">\n\t\t\t\t\t<div class=\"elementor-image-box-wrapper\"><figure class=\"elementor-image-box-img\"><a href=\"https:\/\/frmedical.com.mx\/?page_id=990\" tabindex=\"-1\"><img fetchpriority=\"high\" decoding=\"async\" width=\"429\" height=\"240\" src=\"https:\/\/frmedical.com.mx\/wp-content\/uploads\/2024\/04\/011.png\" class=\"attachment-full size-full wp-image-1046\" alt=\"\" srcset=\"https:\/\/frmedical.com.mx\/wp-content\/uploads\/2024\/04\/011.png 429w, https:\/\/frmedical.com.mx\/wp-content\/uploads\/2024\/04\/011-300x168.png 300w\" sizes=\"(max-width: 429px) 100vw, 429px\" \/><\/a><\/figure><div class=\"elementor-image-box-content\"><h3 class=\"elementor-image-box-title\"><a href=\"https:\/\/frmedical.com.mx\/?page_id=990\">POSTHORAX \u2122 PRO<\/a><\/h3><\/div><\/div>\t\t\t\t<\/div>\n\t\t\t\t<\/div>\n\t\t\t\t<\/div>\n\t\t\t\t\t<\/div>\n\t\t\t\t<\/div>\n\t\t\t\t\t<\/div>\n\t\t<\/div>\n\t\t\t\t\t<\/div>\n\t\t<\/section>\n\t\t\t\t<\/div>\n\t\t","protected":false},"excerpt":{"rendered":"<p>posthorax Ayuda a la recuperaci\u00f3n de los pacientes post operados de una cirug\u00eda de coraz\u00f3n. POSTHORAX \u2122 PRO<\/p>\n","protected":false},"author":1,"featured_media":0,"parent":0,"menu_order":0,"comment_status":"closed","ping_status":"closed","template":"","meta":{"_monsterinsights_skip_tracking":false,"_monsterinsights_sitenote_active":false,"_monsterinsights_sitenote_note":"","_monsterinsights_sitenote_category":0,"_joinchat":[],"footnotes":""},"class_list":["post-255","page","type-page","status-publish","hentry"],"_links":{"self":[{"href":"https:\/\/frmedical.com.mx\/index.php?rest_route=\/wp\/v2\/pages\/255","targetHints":{"allow":["GET"]}}],"collection":[{"href":"https:\/\/frmedical.com.mx\/index.php?rest_route=\/wp\/v2\/pages"}],"about":[{"href":"https:\/\/frmedical.com.mx\/index.php?rest_route=\/wp\/v2\/types\/page"}],"author":[{"embeddable":true,"href":"https:\/\/frmedical.com.mx\/index.php?rest_route=\/wp\/v2\/users\/1"}],"replies":[{"embeddable":true,"href":"https:\/\/frmedical.com.mx\/index.php?rest_route=%2Fwp%2Fv2%2Fcomments&post=255"}],"version-history":[{"count":7,"href":"https:\/\/frmedical.com.mx\/index.php?rest_route=\/wp\/v2\/pages\/255\/revisions"}],"predecessor-version":[{"id":3252,"href":"https:\/\/frmedical.com.mx\/index.php?rest_route=\/wp\/v2\/pages\/255\/revisions\/3252"}],"wp:attachment":[{"href":"https:\/\/frmedical.com.mx\/index.php?rest_route=%2Fwp%2Fv2%2Fmedia&parent=255"}],"curies":[{"name":"wp","href":"https:\/\/api.w.org\/{rel}","templated":true}]}}