{"id":24,"date":"2024-04-18T18:45:48","date_gmt":"2024-04-18T18:45:48","guid":{"rendered":"https:\/\/frmedical.com.mx\/?page_id=24"},"modified":"2025-02-04T15:09:20","modified_gmt":"2025-02-04T15:09:20","slug":"medxpert","status":"publish","type":"page","link":"https:\/\/frmedical.com.mx\/?page_id=24","title":{"rendered":"MEDXPERT"},"content":{"rendered":"\t\t<div data-elementor-type=\"wp-page\" data-elementor-id=\"24\" class=\"elementor elementor-24\" data-elementor-post-type=\"page\">\n\t\t\t\t\t\t<section class=\"elementor-section elementor-top-section elementor-element elementor-element-b030932 elementor-section-boxed elementor-section-height-default elementor-section-height-default\" data-id=\"b030932\" data-element_type=\"section\" data-e-type=\"section\" data-settings=\"{&quot;background_background&quot;:&quot;classic&quot;}\">\n\t\t\t\t\t\t\t<div class=\"elementor-background-overlay\"><\/div>\n\t\t\t\t\t\t\t<div class=\"elementor-container elementor-column-gap-no\">\n\t\t\t\t\t<div class=\"elementor-column elementor-col-100 elementor-top-column elementor-element elementor-element-ea15026\" data-id=\"ea15026\" data-element_type=\"column\" data-e-type=\"column\" data-settings=\"{&quot;background_background&quot;:&quot;classic&quot;}\">\n\t\t\t<div class=\"elementor-widget-wrap elementor-element-populated\">\n\t\t\t\t\t\t<div class=\"elementor-element elementor-element-6da3b46 elementor-widget elementor-widget-heading\" data-id=\"6da3b46\" data-element_type=\"widget\" data-e-type=\"widget\" data-widget_type=\"heading.default\">\n\t\t\t\t<div class=\"elementor-widget-container\">\n\t\t\t\t\t<h2 class=\"elementor-heading-title elementor-size-default\">MEDXPERT<\/h2>\t\t\t\t<\/div>\n\t\t\t\t<\/div>\n\t\t\t\t\t<\/div>\n\t\t<\/div>\n\t\t\t\t\t<\/div>\n\t\t<\/section>\n\t\t\t\t<section class=\"elementor-section elementor-top-section elementor-element elementor-element-8ceb57d elementor-section-boxed elementor-section-height-default elementor-section-height-default\" data-id=\"8ceb57d\" data-element_type=\"section\" data-e-type=\"section\" data-settings=\"{&quot;background_background&quot;:&quot;classic&quot;}\">\n\t\t\t\t\t\t<div class=\"elementor-container elementor-column-gap-default\">\n\t\t\t\t\t<div class=\"elementor-column elementor-col-100 elementor-top-column elementor-element elementor-element-76ec246 elementor-invisible\" data-id=\"76ec246\" data-element_type=\"column\" data-e-type=\"column\" data-settings=\"{&quot;animation&quot;:&quot;fadeInRight&quot;}\">\n\t\t\t<div class=\"elementor-widget-wrap elementor-element-populated\">\n\t\t\t\t\t\t<div class=\"elementor-element elementor-element-e124f83 elementor-view-default elementor-widget elementor-widget-icon\" data-id=\"e124f83\" data-element_type=\"widget\" data-e-type=\"widget\" data-widget_type=\"icon.default\">\n\t\t\t\t<div class=\"elementor-widget-container\">\n\t\t\t\t\t\t\t<div class=\"elementor-icon-wrapper\">\n\t\t\t<div class=\"elementor-icon\">\n\t\t\t<svg xmlns=\"http:\/\/www.w3.org\/2000\/svg\" viewBox=\"0 0 1499.75 332\"><title>medxpert<\/title><g id=\"Capa_2\" data-name=\"Capa 2\"><g id=\"Capa_1-2\" data-name=\"Capa 1\"><path d=\"M1,332V243.29H6.7q743.42,0,1486.83-.1c4.66,0,5.89,1.31,5.86,5.84-.19,26.17-.09,52.33-.11,78.49,0,1.5-.18,3-.28,4.48Zm700.43-55.46,1.16,0c3.47,10,6.83,20.08,10.52,30,.66,1.81,2.68,3.11,4.08,4.65,1.27-1.46,3-2.73,3.73-4.42,1.5-3.32,2.47-6.88,3.68-10.34l10.42-30c-3.89-1.5-5.62-.29-6.62,3.19-1.57,5.43-3.57,10.73-5.38,16.09s-3.58,10.67-5.77,17.2c-4.26-12.15-8.13-22.93-11.78-33.78-.92-2.72-2.26-4.21-5-2.95-.92.43-1.38,2.14-1.81,3.35-3.74,10.59-7.43,21.19-11.51,32.87-1-2.4-1.56-3.7-2-5-3.09-9.14-6.28-18.24-9.19-27.44-1.17-3.72-3-5.21-7-3.37,4.76,13.62,9.4,27.13,14.26,40.56.57,1.56,2.31,2.71,3.51,4.05,1.34-1.37,3.32-2.51,3.93-4.15C694.41,296.93,697.87,286.72,701.43,276.54Zm341.47,4.12,1,.18v30.41l4.86-.45V266.32c-3.31-1.26-4.88-.05-6,2.78-2.2,5.38-4.7,10.65-7.1,15.95-2.71,6-5.45,12-8.58,18.81-1.22-2.54-2-4.1-2.74-5.71-4.13-9.64-8.29-19.26-12.31-28.94-1.21-2.89-2.77-4.3-5.85-2.85v44.85l5.06-.44V281.42c4.79,8.64,8.61,17.44,12.65,26.15.66,1.43,2.54,3.55,3.36,3.35a6.82,6.82,0,0,0,3.88-3.52C1035.17,298.55,1039,289.59,1042.9,280.66Zm153.7,31.25,1.43-1.51c0-13.95,0-27.91,0-41.86,0-4.07-2.81-2.46-5.57-2.51v35.09c-1.9-2.36-3-3.6-4-4.9-6.88-9.19-13.66-18.45-20.69-27.51-1.22-1.58-3.48-2.34-6.18-4.07v46.27H1167V277.27c8.78,10.2,16.47,20.62,24.38,30.87C1192.59,309.77,1194.82,310.67,1196.6,311.91ZM990.3,288.53c.06-11.57-4.64-19.72-13-22.53-15-5.05-27.1,3.78-28.28,20.63-.84,12.11,5,21.88,14.59,24.52C978.67,315.28,990.23,305.49,990.3,288.53ZM297.42,310.86c0-5.81-.17-11.13.12-16.43.08-1.33,1.59-3.67,2.51-3.7,7.78-.3,15.58-.17,24-.17v20.38h5.19v-45.1l-5.38.27V285.5H297.7V266.09h-4.94c-.29.54-.57.83-.57,1.12-.08,13.65-.12,27.31-.19,41C292,312.07,294.48,311.17,297.42,310.86Zm850.83-.25c-.41-1.24-.72-2.49-1.23-3.66-5.47-12.48-10.9-25-16.53-37.37-.69-1.52-2.71-3.66-3.79-3.49a6.86,6.86,0,0,0-4.26,3.65c-5.6,12.24-11,24.59-16.34,36.92-.56,1.27-.9,2.64-1.35,4l1.07,1.23c1.73-1,4.71-1.7,5-3,1.92-9,8-10.2,15.57-9.18a9.67,9.67,0,0,0,3,0c6.58-1.19,10.79,1.07,12.22,7.91C1142.33,311.12,1144.67,312,1148.25,310.61Zm-407.49-.3,1.45,1.67c1.72-1.2,4.58-2.12,5-3.65,2-8,7.21-9.78,14.46-8.66a14,14,0,0,0,4.48,0c6.22-1.08,10.13,1.17,11.53,7.5.8,3.56,2.87,5.1,7.06,3.31-6.25-14.3-12.41-28.6-18.78-42.82a3.55,3.55,0,0,0-6.55.26C753.08,282,747,296.18,740.76,310.31Zm-246-24.79H468V265.8l-5.14.31v44.72h5.29v-20h26.72v20h4.94V265.74l-5.09.45Zm64.12,17.78c-1.4,1.27-1.2,3.06,1.64,4.83a25.94,25.94,0,0,0,21.56,3c6.09-1.71,9.78-6.22,9.89-11.73.1-5.1-2.89-8.55-9.46-10.66-4.58-1.48-9.41-2.36-13.75-4.32-2-.9-4.28-3.82-4.23-5.75a9.26,9.26,0,0,1,4.07-6.56,13.69,13.69,0,0,1,8.58-1.42c4,.65,7.75,2.5,11.75,3.89,2.29-3.24,2.52-4.22-1.09-5.46-5.19-1.78-10.82-3.35-16.22-3.21-7.56.2-12.27,5.34-12.71,11.65s2.83,10.17,10.5,12.53c4.13,1.27,8.49,2,12.37,3.75,1.84.84,3.82,3.58,3.86,5.5s-1.8,4.51-3.54,5.88a8.84,8.84,0,0,1-6.11,1.52C570.49,306,565.13,304.61,558.83,303.3Zm-36.12-17.49c0-4,.17-7.49-.05-10.92s1.21-4.66,4.64-4.53c5.32.22,10.65.15,16-.06.92,0,2.06-1.19,2.56-2.12.19-.36-1.09-2.21-1.72-2.22-8.9-.15-17.81-.1-26.8-.1V311.4c8.31,0,16.27.12,24.21-.1,1.55,0,3.06-1.35,4.59-2.08-1.45-.8-2.88-2.22-4.36-2.28-6.09-.27-12.19-.11-18.36-.11V290.5c6.17,0,12,.13,17.76-.11,1.2-.05,2.35-1.48,3.52-2.27-1.17-.77-2.3-2.16-3.49-2.21C535.38,285.68,529.56,285.81,522.71,285.81Zm-170.3,4.69c6.52,0,12.65-.05,18.79,0,3.41,0,4-1.5,2.63-4.76H352.51c0-3.89.16-7.37-.05-10.82s1-4.74,4.57-4.57c5.31.24,10.66.17,16-.07,1,0,1.94-1.52,2.91-2.34-.72-.7-1.43-2-2.16-2-8.92-.14-17.83-.09-26.69-.09v45.57c8.48,0,16.6.1,24.72-.1,1.39,0,2.75-1.39,4.12-2.14-1.32-.78-2.63-2.19-4-2.24-6.42-.23-12.86-.1-19.51-.1Zm719.09,20.72v-8.05c0-2.66.1-5.32,0-8s.9-3.91,3.76-3.82a91.59,91.59,0,0,0,12-.22A12.65,12.65,0,0,0,1098.92,279c.27-6.36-4.05-12.2-10.78-12.85-7.19-.68-14.49-.15-22-.15v44.86ZM446.2,273c1.46-2.63,1.37-3-2-5.13-12.14-7.63-28.06-1.85-31.51,12a36.5,36.5,0,0,0-.23,16.21c3.28,14.7,20.34,20.77,32.9,12.31,2.91-2,3.4-3.74.52-6.18a50.16,50.16,0,0,1-4.35,2.56c-6.11,2.87-12.25,3.43-17.93-.87-7.5-5.67-8.72-23.55-1.87-30.09,2-1.92,5.24-3.7,7.85-3.61C434.87,270.36,440.1,271.85,446.2,273Zm488.25,28.87c-11.62,6-19.61,5.81-24.65-.48-5.23-6.53-5.24-20.29,0-26.76,4.93-6.1,12.83-6.27,24.61-.48,3.24-2.93,1.47-4.84-1.39-6.35-7.58-4-15.4-4.5-22.83-.07-8.07,4.8-10.09,12.95-9.79,21.6.65,19.07,17.14,28.5,32.69,18.94C935.63,306.66,937.55,305,934.45,301.83Zm-691.22-36c-1.17,3.89.21,5,3.26,4.89,2.48-.1,5,.14,7.47,0,3.29-.23,4.35,1.2,4.27,4.37-.16,6.65,0,13.3,0,19.94v16.2l6-.31V270.65c4.65,0,8.77.17,12.86-.12,1-.07,1.83-1.68,2.74-2.58-.88-.71-1.76-2-2.65-2C265.88,265.77,254.61,265.82,243.23,265.82Zm988.19,45.1a80.88,80.88,0,0,0-.05-8.44c-.7-6.45,1.07-11.93,5-17.16,4.47-5.93,8.26-12.38,12.5-18.84-3.62-1.26-5.74-.72-7.56,2.3-3.73,6.2-7.83,12.18-12.18,18.86-4.22-6.55-8.15-12.3-11.69-18.27-2-3.41-4.42-4.39-8.41-2.87,2.19,3.48,4,6.88,6.29,9.87,7.53,9.74,12.78,20.13,10.62,33-.08.42.27.9.49,1.58Zm-610.3,0c.11-1.19.28-2.15.28-3.12,0-10.83.13-21.67,0-32.49-.06-3.46,1-4.89,4.56-4.62,2.65.2,5.33,0,8,0,3.35.07,4-1.57,2.87-4.64H601.05c-.6,4.44-.6,4.52,3.21,4.62s7.48,0,11.75,0V310.9ZM838.58,266v44.77H866c1.11-3.58-.39-4.56-3.38-4.52-6.06.08-12.12,0-18.72,0V266ZM803,306.31V266.1h-4.9v44.8h27.21c1.43-3.87-.48-4.63-3.53-4.61C815.84,306.34,809.87,306.31,803,306.31Z\"><\/path><path d=\"M830,0V6.31c-3,.28-5.62.43-8.21.8a35.1,35.1,0,0,0-22.56,12.63C779.53,43.21,760,66.81,740.29,90.29c-1.78,2.12-2,3.65-.37,6,21.87,32.42,43.6,64.94,65.48,97.36,3,4.4,6.64,8.32,9.91,12.53,5.34,6.88,12.2,11.16,21.18,12.22v6.31h-108v-5.5c4.29-1.05,8.72-1.77,12.88-3.25,7-2.49,9.2-8.17,5.4-14.73-3.91-6.75-8.32-13.23-12.65-19.73-10.13-15.23-20.34-30.4-30.65-45.8a8.34,8.34,0,0,0-1.8,1.23c-12.73,15.62-25.52,31.18-38.08,46.95a80.15,80.15,0,0,0-8.28,13c-3.26,6.28-2.17,11.95,3.83,15.69,4.35,2.71,9.68,3.94,14.69,5.44,2.17.65,4.75-.07,6.92.57a4.89,4.89,0,0,1,2.72,3.47c.11.86-1.76,2.84-2.74,2.84-27.48.07-55,0-82.44-.15-.14,0-.27-.16-.64-.39-1.21-3.9-.45-5.89,4.45-6.7,9-1.49,17.29-5.22,23.73-11.9,9-9.33,18-18.68,26.42-28.55,13.8-16.25,27.08-32.94,40.65-49.38,1.75-2.12,2.56-3.63.66-6.41Q659.06,71,624.86,20.25C619.48,12.29,612,8,602.48,6.48c-.17-2.24-.32-4.36-.48-6.48H713c1.34,6.25,1,6.64-5.16,6.54a37.18,37.18,0,0,0-4.48.09c-12.2,1.26-16.25,9.73-9.54,20Q710.89,52.73,728,78.81c.78,1.2,1.7,2.31,3,4,8.84-10.79,17.61-21,25.78-31.65a143.72,143.72,0,0,0,13.54-20.86c5.13-9.87.77-19.13-9.88-22.28-3.78-1.12-7.8-1.45-11.95-2.18C748.31,3.93,748.15,2,748,0Z\"><\/path><path d=\"M0,1c16.33,0,32.66.05,49-.2C52.62.75,53.75,2.62,55,5.38q31.34,68,62.82,135.89c.76,1.65,1.57,3.27,2.85,5.93,1.2-2.35,2.09-4,2.85-5.63Q154.36,73.91,185,6.16C186.9,2,189.11.7,193.53.79c14,.28,28,.14,42,.08,3.07,0,5.5.26,3.82,4.61-1.39.07-2.86.21-4.32.22-14.13,0-20.37,5.92-21.15,20.07-.17,3.16,0,6.33,0,9.5q-.09,62.22-.16,124.45c0,1.5,0,3,.16,4.5,1,12.91,7.31,18.76,20.3,18.84h5.4l.95,1.64c-1.19,1-2.38,2.81-3.58,2.82q-36.24.25-72.48,0c-1.28,0-2.55-1.72-3.83-2.64l.86-1.83h5.86c12.12,0,18.56-5.68,19.75-17.75.44-4.46.22-9,.22-13.48q0-57,0-114V32.42l-1-.4c-.74,1.44-1.55,2.85-2.22,4.33q-33.24,73.13-66.48,146.28c-.41.91-.78,1.84-1.27,2.71-1.79,3.18-4.6,3.27-6.23,0-2.73-5.52-5.21-11.15-7.77-16.75Q72,102.35,41.71,36.09a8.22,8.22,0,0,0-3-3.76v5.11q0,57.24,0,114.46a145.82,145.82,0,0,0,.91,17.37c1.31,10.87,9.73,13,16.85,13.76,2.15.22,4.37-.18,6.48.15.93.14,1.69,1.41,2.53,2.17-.86.76-1.62,1.82-2.62,2.2a10.53,10.53,0,0,1-3.47.1q-27,0-54,0c-1.82,0-3.63.21-5.45.33v-5c2.66,0,5.32.09,8,.06,9.64-.12,15.7-4.84,17.74-14.1a46.31,46.31,0,0,0,1.17-9.88q0-60.89-.21-121.78a121.85,121.85,0,0,0-.63-14.43c-1.19-9.9-5-14.15-14.71-16.23C7.68,5.86,3.79,6.18,0,6Z\"><\/path><path d=\"M510,0c8.56,1,17.23,1.52,25.64,3.26,9.73,2,19.58,4.28,28.75,8C580.06,17.56,591.68,29,599.48,44c14.85,28.46,16.5,58.08,4.92,87.84-11.73,30.13-34.91,47.14-66.31,52.87a194.08,194.08,0,0,1-31.75,2.94c-25.81.38-51.64.07-77.46,0-2.59,0-5.88.7-4.37-4.59,2.42,0,5,.07,7.64,0,9-.25,15-4.83,17.23-13.64A49.8,49.8,0,0,0,451,157.59q.19-64,.06-127.93a57,57,0,0,0-1.24-10.38c-1.9-9.82-8.22-13-17.09-13.53-2.63-.17-5.29,0-7.85,0-2.35-4.9.67-4.84,3.74-4.84,22.32,0,44.64,0,67,0C499.06.84,502.53.3,506,0ZM476.5,94.53h.15c0,25.14.06,50.28-.07,75.42,0,3.45.8,5.21,4.49,5.56,4.62.44,9.19,1.42,13.79,2.08,34.41,5,64.27-11.82,78.35-43.7,8.18-18.55,8.4-37.86,5.76-57.32-3.37-24.84-15.36-44.41-37.61-56.89-19-10.65-39.1-10.25-59.67-6.11-4.12.82-5.32,2.41-5.29,6.54C476.59,44.91,476.5,69.72,476.5,94.53Z\"><\/path><path d=\"M1251.3,183.2c1.13,3.16.29,4.42-3,4.41q-36.24-.09-72.48,0c-3.12,0-4.32-1-3.26-4.32,3.76-.27,7.61-.2,11.31-.89,7.3-1.36,12.55-5.24,13.73-13.12a79.6,79.6,0,0,0,1.28-11.38q.18-64,.08-127.94a47.13,47.13,0,0,0-1.54-11.32C1195.22,9.93,1190.05,6,1181,5.74c-2.79-.08-5.59,0-8.23,0-1.79-4.63.68-4.86,3.73-4.86,20.33,0,40.66-.24,61,.12a340.92,340.92,0,0,1,36.29,2.3c18.56,2.32,33,11.31,40.46,29.16a43.39,43.39,0,0,1-14.46,51.76,76.17,76.17,0,0,1-13.37,7.7c-4.47,2-9.31,3.28-14.55,5.06,1,1.59,1.93,3.08,3,4.5q19.52,27.18,39.08,54.35c10.8,15,23.93,26.42,43.84,27.2.18.57.37,1.13.56,1.69-1.25,1-2.49,2.72-3.75,2.74-14.66.19-29.33.25-44,0-1.79,0-4-2.09-5.21-3.77q-28.92-39.81-57.55-79.84c-2.09-2.93-4.25-4.22-7.8-4a110.08,110.08,0,0,1-11.49.06c-2.61-.07-3.49,1.07-3.49,3.59,0,19.66-.42,39.33,0,59,.36,14.72,7,20.42,21.85,20.51C1248.34,183,1249.81,183.12,1251.3,183.2Zm-29.94-91.41c15.35,1.43,29.66-.28,42.81-8.08,14.32-8.5,20-21.6,18.57-37.6-1.52-16.62-10.49-28.06-26.61-33.37-10.88-3.58-21.78-1.41-32.6.4-1.07.18-2.53,2.52-2.54,3.86-.13,24.17-.07,48.33,0,72.5A14.76,14.76,0,0,0,1221.36,91.79Z\"><\/path><path d=\"M839.69,182.8c3.31,0,6.67.38,9.91-.07,9.5-1.33,14.59-7.19,15.47-17.84.39-4.8.11-9.65.12-14.48q.12-60.48.17-121a46.23,46.23,0,0,0-1.09-9.88C862.16,9.91,857.16,6,847.14,5.72a35.9,35.9,0,0,1-6-.15A3.72,3.72,0,0,1,839,3.12c-.13-.52,1.17-1.56,2-2.11.48-.31,1.3-.11,2-.11,26,.07,52-.36,78,.42,14.9.44,29.37,3.9,41.47,13.7,15.91,12.9,20.7,29.87,16.94,49.23-3.92,20.23-17.53,31.92-36.7,37.49-14.48,4.2-29.06,2-43.56-.36-1.81-.29-3.61-.62-5.42-.89a11.82,11.82,0,0,0-1.91.08c-.09,1.81-.23,3.59-.24,5.36-.17,17.49-.35,35-.41,52.47a46,46,0,0,0,.88,8.43c2.09,11.24,8.2,16.16,19.78,16.14h5.6c1.28,3,.92,4.62-2.56,4.61-24.16,0-48.32,0-72.48-.12-1.3,0-2.6-1.71-3.9-2.62C838.85,184.16,839.27,183.48,839.69,182.8ZM891.5,53.1c0,11.66.09,23.33-.06,35,0,3.25.79,4.93,4.33,5.14s6.89,1.14,10.36,1.55c14.57,1.7,27.13-1.79,36-14.32,7.76-10.9,9.12-23.08,6.57-35.78-2.81-13.94-9.51-25.13-23.46-30.73-10.25-4.11-20.6-3.13-30.89-.56-1.28.32-2.74,3.07-2.77,4.72C891.39,29.77,891.5,41.43,891.5,53.1Z\"><\/path><path d=\"M259.47,5.74V1.23h143.3c.69,13.29,1.38,26.38,2.07,39.57-3,1.62-4.66,1-5.48-2.29-1-4-2.14-8-3.47-12-3-8.77-9.3-13.9-18.4-14.6-10.6-.81-21.27-.88-31.92-1-11-.16-21.95,0-33.31,0V84.82c1.89.1,3.67.25,5.44.26,13,0,26,0,39,.09,15.47,0,24.58-7.92,26.32-23.37.35-3.12.92-4.84,4.58-3.23V122.3c-3.07,1.09-4.58.38-4.75-2.89a50.53,50.53,0,0,0-1.18-6.37c-2.54-13.65-9.56-17.21-20.57-17.86-16.09-1-32.27-.25-49-.25-.08,2-.23,3.73-.23,5.49q0,29.74,0,59.49c0,.17,0,.34,0,.5.12,14.71,3,17.67,17.58,17.52s29.31-.23,43.94-.82a33.27,33.27,0,0,0,26.45-14c4.43-6,8.27-12.47,12.6-18.56,1.07-1.51,3-2.37,4.58-3.53l1.14,1.16c-.29,1.24-.48,2.52-.88,3.72-4.34,12.75-8.63,25.52-13.2,38.19-.56,1.55-2.68,3.64-4.09,3.64-46.65.19-93.3.16-140.41.16l-.25-3.71c5.79-1.06,11.24-1.63,16.43-3.12,6-1.73,9.27-6.12,9.48-12.6.16-4.82.78-9.63.79-14.44q.15-62.74.1-125.49A46.27,46.27,0,0,0,285,18.63c-1.89-8.58-6.9-12.56-15.86-12.87C266,5.65,262.86,5.74,259.47,5.74Z\"><\/path><path d=\"M1153.34,142.4c-4,11.56-7.87,22.85-11.79,34.13s-4,11.35-15.77,11.35h-131c-1.44-3.23-1-4.9,2.76-4.71a44.34,44.34,0,0,0,6-.07c10.56-.86,15.64-5.68,16.75-16.13a131.22,131.22,0,0,0,.7-13.44q.17-62.25.16-124.48a47.7,47.7,0,0,0-1.2-10.38c-1.94-8.61-7-12.59-15.86-12.91-3.13-.12-6.26,0-9.29,0C993.33,2,994.48.86,997.9.86q68,.09,136,0c2.66,0,3.87.73,3.94,3.65.28,11,.87,22,1.11,33,0,1.35-1.32,2.74-2,4.12-1-1.18-2.57-2.22-2.9-3.56-5.45-22.12-12.19-27.32-34.88-27.16-15.5.1-31-.08-46.49-.13H1047c-.11,1.8-.26,3.09-.26,4.38,0,21.66.1,43.32-.11,65,0,4.12,1.4,5,5.18,5,13.33-.15,26.66.07,40,0,14.79,0,24.07-8.52,25.36-23.22.26-3,.79-4.92,4.53-3.34V122.3c-3.13,1.07-4.2.27-4.71-2.94-3.19-19.88-9.09-24.69-29.23-24.58-13.47.07-27,0-40.35,0-.37.79-.74,1.22-.74,1.65,0,23.32-.07,46.64.21,70,.1,7.94,2.53,11,10.42,11.17,19.44.34,39.08,2.5,58.24-1.88,5.93-1.35,12-5.37,16.28-9.83,5.9-6.17,10.29-13.83,15-21.05C1148.37,142.46,1149.55,140.65,1153.34,142.4Z\"><\/path><path d=\"M1343.14,43.46c.77-14.08,1.53-28,2.31-42.21h152.11c.72,14.09,1.45,28.15,2.18,42.38-3.27,1.72-4.94.72-5.4-2.83a43,43,0,0,0-.94-4.89c-4-15.64-13.92-23.62-30.09-24-8-.18-16,.25-24-.14-4.63-.22-5.48,1.52-5.47,5.73.14,44.81.06,89.63.12,134.44a128,128,0,0,0,.87,16.39c1.34,10.17,7,13.72,17.65,14.67,1.82.17,3.72-.22,5.47.15.92.2,1.61,1.49,2.4,2.28a10.51,10.51,0,0,1-2.19,2.09,5.77,5.77,0,0,1-2.47.1h-69.47c-.67,0-1.49.24-2-.06a24.7,24.7,0,0,1-2.86-2.47,21,21,0,0,1,2.73-2c.53-.28,1.31-.06,2-.06,15.36-.16,21.32-5.93,22-21.39.14-3.49,0-7,0-10.49,0-44.48-.06-89,.09-133.44,0-4.45-1-6.22-5.77-5.94-7,.41-14,0-21,.1-19.55.21-29.34,8.48-32.94,27.75C1348,42.31,1348,45.39,1343.14,43.46Z\"><\/path><path d=\"M882,224.61c.1-1.87.17-3.3.26-5h617.11l.42,5Z\"><\/path><path d=\"M1.05,224.53l.32-4.94h551.2c.11,1.65.21,3.08.33,4.94Z\"><\/path><path d=\"M954.93,288.42c.08-11.8,6-18.64,15.64-18.22.49,0,1,0,1.49.09,8.85,1.3,14.27,10.94,12.49,22.2-1.61,10.22-8.15,15.63-17.33,14.32C959.39,305.69,954.86,298.91,954.93,288.42Z\"><\/path><path d=\"M1126.56,272.51l9.44,22.2h-18.77C1120.26,287.49,1123.15,280.6,1126.56,272.51Z\"><\/path><path d=\"M753.4,294.47c3.11-7.28,6-14.05,9.34-21.83,3.32,7.75,6.23,14.52,9.37,21.83Z\"><\/path><path d=\"M1071.59,287.15c0-5.22-.13-9.82.12-14.4a3.41,3.41,0,0,1,2.5-2.2,114.7,114.7,0,0,1,13.37.55c3.92.43,5.68,3.4,5.85,7,.18,3.76-1.3,7.22-5.38,7.85C1082.87,286.73,1077.56,286.75,1071.59,287.15Z\"><\/path><\/g><\/g><\/svg>\t\t\t<\/div>\n\t\t<\/div>\n\t\t\t\t\t\t<\/div>\n\t\t\t\t<\/div>\n\t\t\t\t<div class=\"elementor-element elementor-element-1906571 elementor-widget elementor-widget-text-editor\" data-id=\"1906571\" data-element_type=\"widget\" data-e-type=\"widget\" data-widget_type=\"text-editor.default\">\n\t\t\t\t<div class=\"elementor-widget-container\">\n\t\t\t\t\t\t\t\t\t<p>Productos para la reconstrucci\u00f3n de pared tor\u00e1cica y correcci\u00f3n de deformidades.<\/p>\t\t\t\t\t\t\t\t<\/div>\n\t\t\t\t<\/div>\n\t\t<div class=\"elementor-element elementor-element-8fa960e e-flex e-con-boxed e-con e-parent\" data-id=\"8fa960e\" data-element_type=\"container\" data-e-type=\"container\">\n\t\t\t\t\t<div class=\"e-con-inner\">\n\t\t<div class=\"elementor-element elementor-element-a2c7426 e-con-full e-flex e-con e-child\" data-id=\"a2c7426\" data-element_type=\"container\" data-e-type=\"container\">\n\t\t\t\t<div class=\"elementor-element elementor-element-94b8577 elementor-position-top elementor-widget elementor-widget-image-box\" data-id=\"94b8577\" data-element_type=\"widget\" data-e-type=\"widget\" data-widget_type=\"image-box.default\">\n\t\t\t\t<div class=\"elementor-widget-container\">\n\t\t\t\t\t<div class=\"elementor-image-box-wrapper\"><figure class=\"elementor-image-box-img\"><a href=\"https:\/\/frmedical.com.mx\/?page_id=28\" tabindex=\"-1\"><img fetchpriority=\"high\" decoding=\"async\" width=\"429\" height=\"220\" src=\"https:\/\/frmedical.com.mx\/wp-content\/uploads\/2024\/04\/02.png\" class=\"attachment-full size-full wp-image-822\" alt=\"\" srcset=\"https:\/\/frmedical.com.mx\/wp-content\/uploads\/2024\/04\/02.png 429w, https:\/\/frmedical.com.mx\/wp-content\/uploads\/2024\/04\/02-300x154.png 300w\" sizes=\"(max-width: 429px) 100vw, 429px\" \/><\/a><\/figure><div class=\"elementor-image-box-content\"><h3 class=\"elementor-image-box-title\"><a href=\"https:\/\/frmedical.com.mx\/?page_id=28\">STRACOS\u2122<\/a><\/h3><\/div><\/div>\t\t\t\t<\/div>\n\t\t\t\t<\/div>\n\t\t\t\t<\/div>\n\t\t<div class=\"elementor-element elementor-element-b9fd991 e-con-full e-flex e-con e-child\" data-id=\"b9fd991\" data-element_type=\"container\" data-e-type=\"container\">\n\t\t\t\t<div class=\"elementor-element elementor-element-f17f67b elementor-position-top elementor-widget elementor-widget-image-box\" data-id=\"f17f67b\" data-element_type=\"widget\" data-e-type=\"widget\" data-widget_type=\"image-box.default\">\n\t\t\t\t<div class=\"elementor-widget-container\">\n\t\t\t\t\t<div class=\"elementor-image-box-wrapper\"><figure class=\"elementor-image-box-img\"><a href=\"https:\/\/frmedical.com.mx\/?page_id=26\" tabindex=\"-1\"><img decoding=\"async\" width=\"475\" height=\"244\" src=\"https:\/\/frmedical.com.mx\/wp-content\/uploads\/2024\/04\/1-u22562-fr.png\" class=\"attachment-full size-full wp-image-853\" alt=\"\" srcset=\"https:\/\/frmedical.com.mx\/wp-content\/uploads\/2024\/04\/1-u22562-fr.png 475w, https:\/\/frmedical.com.mx\/wp-content\/uploads\/2024\/04\/1-u22562-fr-300x154.png 300w\" sizes=\"(max-width: 475px) 100vw, 475px\" \/><\/a><\/figure><div class=\"elementor-image-box-content\"><h3 class=\"elementor-image-box-title\"><a href=\"https:\/\/frmedical.com.mx\/?page_id=26\">STRATOS\u2122<\/a><\/h3><\/div><\/div>\t\t\t\t<\/div>\n\t\t\t\t<\/div>\n\t\t\t\t<\/div>\n\t\t<div class=\"elementor-element elementor-element-3537e8f e-con-full e-flex e-con e-child\" data-id=\"3537e8f\" data-element_type=\"container\" data-e-type=\"container\">\n\t\t\t\t<div class=\"elementor-element elementor-element-06d5478 elementor-position-top elementor-widget elementor-widget-image-box\" data-id=\"06d5478\" data-element_type=\"widget\" data-e-type=\"widget\" data-widget_type=\"image-box.default\">\n\t\t\t\t<div class=\"elementor-widget-container\">\n\t\t\t\t\t<div class=\"elementor-image-box-wrapper\"><figure class=\"elementor-image-box-img\"><a href=\"https:\/\/frmedical.com.mx\/?page_id=30\" tabindex=\"-1\"><img decoding=\"async\" width=\"429\" height=\"220\" src=\"https:\/\/frmedical.com.mx\/wp-content\/uploads\/2024\/04\/7-u26986-fr.png\" class=\"attachment-full size-full wp-image-802\" alt=\"\" srcset=\"https:\/\/frmedical.com.mx\/wp-content\/uploads\/2024\/04\/7-u26986-fr.png 429w, https:\/\/frmedical.com.mx\/wp-content\/uploads\/2024\/04\/7-u26986-fr-300x154.png 300w\" sizes=\"(max-width: 429px) 100vw, 429px\" \/><\/a><\/figure><div class=\"elementor-image-box-content\"><h3 class=\"elementor-image-box-title\"><a href=\"https:\/\/frmedical.com.mx\/?page_id=30\">P.E.S.\u2122<\/a><\/h3><\/div><\/div>\t\t\t\t<\/div>\n\t\t\t\t<\/div>\n\t\t\t\t<\/div>\n\t\t\t\t\t<\/div>\n\t\t\t\t<\/div>\n\t\t\t\t\t<\/div>\n\t\t<\/div>\n\t\t\t\t\t<\/div>\n\t\t<\/section>\n\t\t\t\t<\/div>\n\t\t","protected":false},"excerpt":{"rendered":"<p>medxpert Productos para la reconstrucci\u00f3n de pared tor\u00e1cica y correcci\u00f3n de deformidades. STRACOS\u2122 STRATOS\u2122 P.E.S.\u2122<\/p>\n","protected":false},"author":1,"featured_media":0,"parent":0,"menu_order":0,"comment_status":"closed","ping_status":"closed","template":"","meta":{"_monsterinsights_skip_tracking":false,"_monsterinsights_sitenote_active":false,"_monsterinsights_sitenote_note":"","_monsterinsights_sitenote_category":0,"_joinchat":[],"footnotes":""},"class_list":["post-24","page","type-page","status-publish","hentry"],"_links":{"self":[{"href":"https:\/\/frmedical.com.mx\/index.php?rest_route=\/wp\/v2\/pages\/24","targetHints":{"allow":["GET"]}}],"collection":[{"href":"https:\/\/frmedical.com.mx\/index.php?rest_route=\/wp\/v2\/pages"}],"about":[{"href":"https:\/\/frmedical.com.mx\/index.php?rest_route=\/wp\/v2\/types\/page"}],"author":[{"embeddable":true,"href":"https:\/\/frmedical.com.mx\/index.php?rest_route=\/wp\/v2\/users\/1"}],"replies":[{"embeddable":true,"href":"https:\/\/frmedical.com.mx\/index.php?rest_route=%2Fwp%2Fv2%2Fcomments&post=24"}],"version-history":[{"count":13,"href":"https:\/\/frmedical.com.mx\/index.php?rest_route=\/wp\/v2\/pages\/24\/revisions"}],"predecessor-version":[{"id":3236,"href":"https:\/\/frmedical.com.mx\/index.php?rest_route=\/wp\/v2\/pages\/24\/revisions\/3236"}],"wp:attachment":[{"href":"https:\/\/frmedical.com.mx\/index.php?rest_route=%2Fwp%2Fv2%2Fmedia&parent=24"}],"curies":[{"name":"wp","href":"https:\/\/api.w.org\/{rel}","templated":true}]}}