{"id":233,"date":"2024-04-18T19:59:41","date_gmt":"2024-04-18T19:59:41","guid":{"rendered":"https:\/\/frmedical.com.mx\/?page_id=233"},"modified":"2025-02-04T16:30:48","modified_gmt":"2025-02-04T16:30:48","slug":"cirugia-cardiaca","status":"publish","type":"page","link":"https:\/\/frmedical.com.mx\/?page_id=233","title":{"rendered":"CIRUG\u00cdA CARD\u00cdACA"},"content":{"rendered":"\t\t<div data-elementor-type=\"wp-page\" data-elementor-id=\"233\" class=\"elementor elementor-233\" data-elementor-post-type=\"page\">\n\t\t\t\t\t\t<section class=\"elementor-section elementor-top-section elementor-element elementor-element-029ee3e elementor-section-boxed elementor-section-height-default elementor-section-height-default\" data-id=\"029ee3e\" data-element_type=\"section\" data-e-type=\"section\" data-settings=\"{&quot;background_background&quot;:&quot;classic&quot;}\">\n\t\t\t\t\t\t\t<div class=\"elementor-background-overlay\"><\/div>\n\t\t\t\t\t\t\t<div class=\"elementor-container elementor-column-gap-no\">\n\t\t\t\t\t<div class=\"elementor-column elementor-col-100 elementor-top-column elementor-element elementor-element-1806f14\" data-id=\"1806f14\" data-element_type=\"column\" data-e-type=\"column\" data-settings=\"{&quot;background_background&quot;:&quot;classic&quot;}\">\n\t\t\t<div class=\"elementor-widget-wrap elementor-element-populated\">\n\t\t\t\t\t\t<div class=\"elementor-element elementor-element-0d71c42 elementor-widget elementor-widget-heading\" data-id=\"0d71c42\" data-element_type=\"widget\" data-e-type=\"widget\" data-widget_type=\"heading.default\">\n\t\t\t\t<div class=\"elementor-widget-container\">\n\t\t\t\t\t<h2 class=\"elementor-heading-title elementor-size-default\">CIRUG\u00cdA CARD\u00cdACA<\/h2>\t\t\t\t<\/div>\n\t\t\t\t<\/div>\n\t\t\t\t\t<\/div>\n\t\t<\/div>\n\t\t\t\t\t<\/div>\n\t\t<\/section>\n\t\t\t\t<section class=\"elementor-section elementor-top-section elementor-element elementor-element-2757fdb elementor-section-boxed elementor-section-height-default elementor-section-height-default\" data-id=\"2757fdb\" data-element_type=\"section\" data-e-type=\"section\" data-settings=\"{&quot;background_background&quot;:&quot;classic&quot;}\">\n\t\t\t\t\t\t<div class=\"elementor-container elementor-column-gap-default\">\n\t\t\t\t\t<div class=\"elementor-column elementor-col-50 elementor-top-column elementor-element elementor-element-3fb1f3d elementor-invisible\" data-id=\"3fb1f3d\" data-element_type=\"column\" data-e-type=\"column\" data-settings=\"{&quot;animation&quot;:&quot;fadeInRight&quot;}\">\n\t\t\t<div class=\"elementor-widget-wrap elementor-element-populated\">\n\t\t\t\t\t\t<div class=\"elementor-element elementor-element-69e618e elementor-widget elementor-widget-heading\" data-id=\"69e618e\" data-element_type=\"widget\" data-e-type=\"widget\" data-widget_type=\"heading.default\">\n\t\t\t\t<div class=\"elementor-widget-container\">\n\t\t\t\t\t<h2 class=\"elementor-heading-title elementor-size-default\">Cirug\u00eda Card\u00edaca<\/h2>\t\t\t\t<\/div>\n\t\t\t\t<\/div>\n\t\t\t\t<div class=\"elementor-element elementor-element-e8fc857 elementor-widget elementor-widget-text-editor\" data-id=\"e8fc857\" data-element_type=\"widget\" data-e-type=\"widget\" data-widget_type=\"text-editor.default\">\n\t\t\t\t<div class=\"elementor-widget-container\">\n\t\t\t\t\t\t\t\t\t<div id=\"ppu50157-4\" class=\"clearfix colelem\"><div id=\"pu50157-4\" class=\"clearfix grpelem\"><div id=\"u50158-7\" class=\"SR1 clearfix colelem mt-scroll-slide-bottom mt-scroll-show\"><p>La cirug\u00eda card\u00edaca es campo de la medicina que se ocupa del tratamiento quir\u00fargico de las enfermedades del coraz\u00f3n o grandes vasos, com\u00fanmente es realizada por un cirujano cardiovascular, se utiliza para tratar complicaciones de la cardiopat\u00eda coronaria, corregir malformaciones card\u00edacas cong\u00e9nitas, tratar enfermedades valvulares del coraz\u00f3n y hasta el trasplante card\u00edaco.<\/p><p>Cuando se realiza una cirug\u00eda a coraz\u00f3n abierto, el cirujano especialista hace una incisi\u00f3n al estern\u00f3n para tener acceso a \u00f3rganos o estructuras tor\u00e1cicas como el coraz\u00f3n y los grandes vasos; esta t\u00e9cnica quir\u00fargica se conoce como ESTERNOTOM\u00cdA MEDIA.<\/p><\/div><\/div><div id=\"u50160\" class=\"rgba-background rounded-corners clearfix grpelem\"><div id=\"u50161\" class=\"SR1 museBGSize rounded-corners grpelem mt-scroll-slide-bottom mt-scroll-show\">Despu\u00e9s de realizar el procedimiento quir\u00fargico se debe reparar la incisi\u00f3n realizada al estern\u00f3n mediante un procedimiento llamado: CIERRE ESTERNAL. A diferencia del alambre de acero que llega a causar granulomas, corren mayor riesgo de ruptura y tienen una mayor probabilidad de rechazo al material, los sistemas de cierre esternal de FR medical\u00a0 ayudan al paciente a disminuir los procesos infecciosos como la mediastinitis, ayuda a los cierres dif\u00edciles por reintervenci\u00f3n, disminuye el dolor, permite una menor estancia hospitalaria, menor tiempo de uso de ventilador, disminuci\u00f3n de riesgos de neumon\u00edas, lo que se traduce en menor gasto\u00a0 para el paciente; brinda al paciente una recuperaci\u00f3n m\u00e1s r\u00e1pida con resultados est\u00e9ticos para reincorporarse a su vida diaria.<\/div><\/div><\/div>\t\t\t\t\t\t\t\t<\/div>\n\t\t\t\t<\/div>\n\t\t\t\t\t<\/div>\n\t\t<\/div>\n\t\t\t\t<div class=\"elementor-column elementor-col-50 elementor-top-column elementor-element elementor-element-8178980 elementor-invisible\" data-id=\"8178980\" data-element_type=\"column\" data-e-type=\"column\" data-settings=\"{&quot;animation&quot;:&quot;fadeInRight&quot;}\">\n\t\t\t<div class=\"elementor-widget-wrap elementor-element-populated\">\n\t\t\t\t\t\t<div class=\"elementor-element elementor-element-f7fb9d3 elementor-widget elementor-widget-image\" data-id=\"f7fb9d3\" data-element_type=\"widget\" data-e-type=\"widget\" data-widget_type=\"image.default\">\n\t\t\t\t<div class=\"elementor-widget-container\">\n\t\t\t\t\t\t\t\t\t\t\t\t\t\t\t<img fetchpriority=\"high\" decoding=\"async\" width=\"1080\" height=\"1080\" src=\"https:\/\/frmedical.com.mx\/wp-content\/uploads\/2024\/07\/Parrilla-Editables-Mkt-31.jpg\" class=\"attachment-full size-full wp-image-1740\" alt=\"\" srcset=\"https:\/\/frmedical.com.mx\/wp-content\/uploads\/2024\/07\/Parrilla-Editables-Mkt-31.jpg 1080w, https:\/\/frmedical.com.mx\/wp-content\/uploads\/2024\/07\/Parrilla-Editables-Mkt-31-300x300.jpg 300w, https:\/\/frmedical.com.mx\/wp-content\/uploads\/2024\/07\/Parrilla-Editables-Mkt-31-1024x1024.jpg 1024w, https:\/\/frmedical.com.mx\/wp-content\/uploads\/2024\/07\/Parrilla-Editables-Mkt-31-150x150.jpg 150w, https:\/\/frmedical.com.mx\/wp-content\/uploads\/2024\/07\/Parrilla-Editables-Mkt-31-768x768.jpg 768w\" sizes=\"(max-width: 1080px) 100vw, 1080px\" \/>\t\t\t\t\t\t\t\t\t\t\t\t\t\t\t<\/div>\n\t\t\t\t<\/div>\n\t\t\t\t\t<\/div>\n\t\t<\/div>\n\t\t\t\t\t<\/div>\n\t\t<\/section>\n\t\t\t\t<section class=\"elementor-section elementor-top-section elementor-element elementor-element-3321dfd elementor-section-boxed elementor-section-height-default elementor-section-height-default\" data-id=\"3321dfd\" data-element_type=\"section\" data-e-type=\"section\" data-settings=\"{&quot;background_background&quot;:&quot;classic&quot;}\">\n\t\t\t\t\t\t<div class=\"elementor-container elementor-column-gap-default\">\n\t\t\t\t\t<div class=\"elementor-column elementor-col-100 elementor-top-column elementor-element elementor-element-40eb682 elementor-invisible\" data-id=\"40eb682\" data-element_type=\"column\" data-e-type=\"column\" data-settings=\"{&quot;animation&quot;:&quot;fadeInRight&quot;}\">\n\t\t\t<div class=\"elementor-widget-wrap elementor-element-populated\">\n\t\t\t\t\t\t<div class=\"elementor-element elementor-element-65fe402 elementor-widget elementor-widget-heading\" data-id=\"65fe402\" data-element_type=\"widget\" data-e-type=\"widget\" data-widget_type=\"heading.default\">\n\t\t\t\t<div class=\"elementor-widget-container\">\n\t\t\t\t\t<h2 class=\"elementor-heading-title elementor-size-default\">TRATAMIENTOS PARA EL CIERRE ESTERNAL<\/h2>\t\t\t\t<\/div>\n\t\t\t\t<\/div>\n\t\t\t\t\t<\/div>\n\t\t<\/div>\n\t\t\t\t\t<\/div>\n\t\t<\/section>\n\t\t\t\t<section class=\"elementor-section elementor-top-section elementor-element elementor-element-9f8336a elementor-section-boxed elementor-section-height-default elementor-section-height-default\" data-id=\"9f8336a\" data-element_type=\"section\" data-e-type=\"section\" data-settings=\"{&quot;background_background&quot;:&quot;classic&quot;}\">\n\t\t\t\t\t\t<div class=\"elementor-container elementor-column-gap-default\">\n\t\t\t\t\t<div class=\"elementor-column elementor-col-33 elementor-top-column elementor-element elementor-element-8b98a34 elementor-invisible\" data-id=\"8b98a34\" data-element_type=\"column\" data-e-type=\"column\" data-settings=\"{&quot;animation&quot;:&quot;fadeInRight&quot;}\">\n\t\t\t<div class=\"elementor-widget-wrap elementor-element-populated\">\n\t\t\t\t\t\t<div class=\"elementor-element elementor-element-f263cbc elementor-widget elementor-widget-heading\" data-id=\"f263cbc\" data-element_type=\"widget\" data-e-type=\"widget\" data-widget_type=\"heading.default\">\n\t\t\t\t<div class=\"elementor-widget-container\">\n\t\t\t\t\t<h2 class=\"elementor-heading-title elementor-size-default\">CABLE DE TITANIO O ACERO INOXIDABLE<\/h2>\t\t\t\t<\/div>\n\t\t\t\t<\/div>\n\t\t\t\t<div class=\"elementor-element elementor-element-49b1cc6 elementor-widget elementor-widget-text-editor\" data-id=\"49b1cc6\" data-element_type=\"widget\" data-e-type=\"widget\" data-widget_type=\"text-editor.default\">\n\t\t\t\t<div class=\"elementor-widget-container\">\n\t\t\t\t\t\t\t\t\t<div id=\"ppu32790\" class=\"clearfix grpelem\"><div id=\"ppu49931-4\" class=\"clearfix colelem\"><div id=\"pu49931-4\" class=\"clearfix grpelem\"><div id=\"u49932-10\" class=\"SR3 clearfix colelem mt-scroll-slide-bottom mt-scroll-show\"><p>Cable de acero inoxidable o titanio, de 75 hilos entrelazados que se tensiona y asegura por medio de una abrazadera, proporcionando fuerza en todo el estern\u00f3n.<\/p><\/div><\/div><\/div><\/div>\t\t\t\t\t\t\t\t<\/div>\n\t\t\t\t<\/div>\n\t\t<div class=\"elementor-element elementor-element-8c9677e e-flex e-con-boxed e-con e-parent\" data-id=\"8c9677e\" data-element_type=\"container\" data-e-type=\"container\" data-settings=\"{&quot;background_background&quot;:&quot;classic&quot;}\">\n\t\t\t\t\t<div class=\"e-con-inner\">\n\t\t\t\t<div class=\"elementor-element elementor-element-c48f9ba elementor-widget elementor-widget-spacer\" data-id=\"c48f9ba\" data-element_type=\"widget\" data-e-type=\"widget\" data-widget_type=\"spacer.default\">\n\t\t\t\t<div class=\"elementor-widget-container\">\n\t\t\t\t\t\t\t<div class=\"elementor-spacer\">\n\t\t\t<div class=\"elementor-spacer-inner\"><\/div>\n\t\t<\/div>\n\t\t\t\t\t\t<\/div>\n\t\t\t\t<\/div>\n\t\t\t\t\t<\/div>\n\t\t\t\t<\/div>\n\t\t\t\t<div class=\"elementor-element elementor-element-63d0bcf elementor-align-center elementor-widget elementor-widget-button\" data-id=\"63d0bcf\" data-element_type=\"widget\" data-e-type=\"widget\" data-widget_type=\"button.default\">\n\t\t\t\t<div class=\"elementor-widget-container\">\n\t\t\t\t\t\t\t\t\t<div class=\"elementor-button-wrapper\">\n\t\t\t\t\t<a class=\"elementor-button elementor-button-link elementor-size-sm\" href=\"https:\/\/frmedical.com.mx\/?page_id=52\">\n\t\t\t\t\t\t<span class=\"elementor-button-content-wrapper\">\n\t\t\t\t\t\t<span class=\"elementor-button-icon\">\n\t\t\t\t<svg aria-hidden=\"true\" class=\"e-font-icon-svg e-fas-caret-right\" viewBox=\"0 0 192 512\" xmlns=\"http:\/\/www.w3.org\/2000\/svg\"><path d=\"M0 384.662V127.338c0-17.818 21.543-26.741 34.142-14.142l128.662 128.662c7.81 7.81 7.81 20.474 0 28.284L34.142 398.804C21.543 411.404 0 402.48 0 384.662z\"><\/path><\/svg>\t\t\t<\/span>\n\t\t\t\t\t\t\t\t\t<span class=\"elementor-button-text\">M\u00e1s informaci\u00f3n<\/span>\n\t\t\t\t\t<\/span>\n\t\t\t\t\t<\/a>\n\t\t\t\t<\/div>\n\t\t\t\t\t\t\t\t<\/div>\n\t\t\t\t<\/div>\n\t\t\t\t\t<\/div>\n\t\t<\/div>\n\t\t\t\t<div class=\"elementor-column elementor-col-33 elementor-top-column elementor-element elementor-element-ee089b8 elementor-invisible\" data-id=\"ee089b8\" data-element_type=\"column\" data-e-type=\"column\" data-settings=\"{&quot;animation&quot;:&quot;fadeInRight&quot;}\">\n\t\t\t<div class=\"elementor-widget-wrap elementor-element-populated\">\n\t\t\t\t\t\t<div class=\"elementor-element elementor-element-30b854a elementor-widget elementor-widget-heading\" data-id=\"30b854a\" data-element_type=\"widget\" data-e-type=\"widget\" data-widget_type=\"heading.default\">\n\t\t\t\t<div class=\"elementor-widget-container\">\n\t\t\t\t\t<h2 class=\"elementor-heading-title elementor-size-default\">SISTEMA TRITIUM<\/h2>\t\t\t\t<\/div>\n\t\t\t\t<\/div>\n\t\t\t\t<div class=\"elementor-element elementor-element-9e2a2a8 elementor-widget elementor-widget-text-editor\" data-id=\"9e2a2a8\" data-element_type=\"widget\" data-e-type=\"widget\" data-widget_type=\"text-editor.default\">\n\t\t\t\t<div class=\"elementor-widget-container\">\n\t\t\t\t\t\t\t\t\t<div id=\"ppu32790\" class=\"clearfix grpelem\"><div id=\"ppu49931-4\" class=\"clearfix colelem\"><div id=\"pu49931-4\" class=\"clearfix grpelem\"><div id=\"u49932-10\" class=\"SR3 clearfix colelem mt-scroll-slide-bottom mt-scroll-show\"><p>Es una combinaci\u00f3n \u00fanica que contiene las ventajas de los cables de cierre esternal y los tornillos esponjosos, integrados con una placa de titanio perfil bajo.<\/p><\/div><\/div><\/div><\/div>\t\t\t\t\t\t\t\t<\/div>\n\t\t\t\t<\/div>\n\t\t<div class=\"elementor-element elementor-element-5c06954 e-flex e-con-boxed e-con e-parent\" data-id=\"5c06954\" data-element_type=\"container\" data-e-type=\"container\" data-settings=\"{&quot;background_background&quot;:&quot;classic&quot;}\">\n\t\t\t\t\t<div class=\"e-con-inner\">\n\t\t\t\t<div class=\"elementor-element elementor-element-2a1a87c elementor-widget elementor-widget-spacer\" data-id=\"2a1a87c\" data-element_type=\"widget\" data-e-type=\"widget\" data-widget_type=\"spacer.default\">\n\t\t\t\t<div class=\"elementor-widget-container\">\n\t\t\t\t\t\t\t<div class=\"elementor-spacer\">\n\t\t\t<div class=\"elementor-spacer-inner\"><\/div>\n\t\t<\/div>\n\t\t\t\t\t\t<\/div>\n\t\t\t\t<\/div>\n\t\t\t\t\t<\/div>\n\t\t\t\t<\/div>\n\t\t\t\t<div class=\"elementor-element elementor-element-4b9ee44 elementor-align-center elementor-widget elementor-widget-button\" data-id=\"4b9ee44\" data-element_type=\"widget\" data-e-type=\"widget\" data-widget_type=\"button.default\">\n\t\t\t\t<div class=\"elementor-widget-container\">\n\t\t\t\t\t\t\t\t\t<div class=\"elementor-button-wrapper\">\n\t\t\t\t\t<a class=\"elementor-button elementor-button-link elementor-size-sm\" href=\"https:\/\/frmedical.com.mx\/?page_id=54\">\n\t\t\t\t\t\t<span class=\"elementor-button-content-wrapper\">\n\t\t\t\t\t\t<span class=\"elementor-button-icon\">\n\t\t\t\t<svg aria-hidden=\"true\" class=\"e-font-icon-svg e-fas-caret-right\" viewBox=\"0 0 192 512\" xmlns=\"http:\/\/www.w3.org\/2000\/svg\"><path d=\"M0 384.662V127.338c0-17.818 21.543-26.741 34.142-14.142l128.662 128.662c7.81 7.81 7.81 20.474 0 28.284L34.142 398.804C21.543 411.404 0 402.48 0 384.662z\"><\/path><\/svg>\t\t\t<\/span>\n\t\t\t\t\t\t\t\t\t<span class=\"elementor-button-text\">M\u00e1s informaci\u00f3n<\/span>\n\t\t\t\t\t<\/span>\n\t\t\t\t\t<\/a>\n\t\t\t\t<\/div>\n\t\t\t\t\t\t\t\t<\/div>\n\t\t\t\t<\/div>\n\t\t\t\t\t<\/div>\n\t\t<\/div>\n\t\t\t\t<div class=\"elementor-column elementor-col-33 elementor-top-column elementor-element elementor-element-cd6a8af elementor-invisible\" data-id=\"cd6a8af\" data-element_type=\"column\" data-e-type=\"column\" data-settings=\"{&quot;animation&quot;:&quot;fadeInRight&quot;}\">\n\t\t\t<div class=\"elementor-widget-wrap elementor-element-populated\">\n\t\t\t\t\t\t<div class=\"elementor-element elementor-element-6472077 elementor-widget elementor-widget-heading\" data-id=\"6472077\" data-element_type=\"widget\" data-e-type=\"widget\" data-widget_type=\"heading.default\">\n\t\t\t\t<div class=\"elementor-widget-container\">\n\t\t\t\t\t<h2 class=\"elementor-heading-title elementor-size-default\">ALAMBRE SENCILLO Y DOBLE ALAMBRE<\/h2>\t\t\t\t<\/div>\n\t\t\t\t<\/div>\n\t\t\t\t<div class=\"elementor-element elementor-element-175fe77 elementor-widget elementor-widget-text-editor\" data-id=\"175fe77\" data-element_type=\"widget\" data-e-type=\"widget\" data-widget_type=\"text-editor.default\">\n\t\t\t\t<div class=\"elementor-widget-container\">\n\t\t\t\t\t\t\t\t\t<div id=\"ppu32790\" class=\"clearfix grpelem\"><div id=\"ppu49931-4\" class=\"clearfix colelem\"><div id=\"pu49931-4\" class=\"clearfix grpelem\"><div id=\"u49932-10\" class=\"SR3 clearfix colelem mt-scroll-slide-bottom mt-scroll-show\"><p>El alambre de sutura de esternotom\u00eda especialmente flexible es m\u00e1s resistente a la rotura durante el apriete y la torsi\u00f3n.<\/p><\/div><\/div><\/div><\/div>\t\t\t\t\t\t\t\t<\/div>\n\t\t\t\t<\/div>\n\t\t<div class=\"elementor-element elementor-element-58eff32 e-flex e-con-boxed e-con e-parent\" data-id=\"58eff32\" data-element_type=\"container\" data-e-type=\"container\" data-settings=\"{&quot;background_background&quot;:&quot;classic&quot;}\">\n\t\t\t\t\t<div class=\"e-con-inner\">\n\t\t\t\t<div class=\"elementor-element elementor-element-e3a034b elementor-widget elementor-widget-spacer\" data-id=\"e3a034b\" data-element_type=\"widget\" data-e-type=\"widget\" data-widget_type=\"spacer.default\">\n\t\t\t\t<div class=\"elementor-widget-container\">\n\t\t\t\t\t\t\t<div class=\"elementor-spacer\">\n\t\t\t<div class=\"elementor-spacer-inner\"><\/div>\n\t\t<\/div>\n\t\t\t\t\t\t<\/div>\n\t\t\t\t<\/div>\n\t\t\t\t\t<\/div>\n\t\t\t\t<\/div>\n\t\t\t\t<div class=\"elementor-element elementor-element-26ed82b elementor-align-center elementor-widget elementor-widget-button\" data-id=\"26ed82b\" data-element_type=\"widget\" data-e-type=\"widget\" data-widget_type=\"button.default\">\n\t\t\t\t<div class=\"elementor-widget-container\">\n\t\t\t\t\t\t\t\t\t<div class=\"elementor-button-wrapper\">\n\t\t\t\t\t<a class=\"elementor-button elementor-button-link elementor-size-sm\" href=\"https:\/\/frmedical.com.mx\/?page_id=56\">\n\t\t\t\t\t\t<span class=\"elementor-button-content-wrapper\">\n\t\t\t\t\t\t<span class=\"elementor-button-icon\">\n\t\t\t\t<svg aria-hidden=\"true\" class=\"e-font-icon-svg e-fas-caret-right\" viewBox=\"0 0 192 512\" xmlns=\"http:\/\/www.w3.org\/2000\/svg\"><path d=\"M0 384.662V127.338c0-17.818 21.543-26.741 34.142-14.142l128.662 128.662c7.81 7.81 7.81 20.474 0 28.284L34.142 398.804C21.543 411.404 0 402.48 0 384.662z\"><\/path><\/svg>\t\t\t<\/span>\n\t\t\t\t\t\t\t\t\t<span class=\"elementor-button-text\">M\u00e1s informaci\u00f3n<\/span>\n\t\t\t\t\t<\/span>\n\t\t\t\t\t<\/a>\n\t\t\t\t<\/div>\n\t\t\t\t\t\t\t\t<\/div>\n\t\t\t\t<\/div>\n\t\t\t\t\t<\/div>\n\t\t<\/div>\n\t\t\t\t\t<\/div>\n\t\t<\/section>\n\t\t\t\t<\/div>\n\t\t","protected":false},"excerpt":{"rendered":"<p>Cirug\u00eda Card\u00edaca La cirug\u00eda card\u00edaca es campo de la medicina que se ocupa del tratamiento quir\u00fargico de las enfermedades del coraz\u00f3n o grandes vasos, com\u00fanmente es realizada por un cirujano cardiovascular, se utiliza para tratar complicaciones de la cardiopat\u00eda coronaria, corregir malformaciones card\u00edacas cong\u00e9nitas, tratar enfermedades valvulares del coraz\u00f3n y hasta el trasplante card\u00edaco. Cuando&#8230;<\/p>\n","protected":false},"author":1,"featured_media":0,"parent":0,"menu_order":0,"comment_status":"closed","ping_status":"closed","template":"","meta":{"_monsterinsights_skip_tracking":false,"_monsterinsights_sitenote_active":false,"_monsterinsights_sitenote_note":"","_monsterinsights_sitenote_category":0,"_joinchat":[],"footnotes":""},"class_list":["post-233","page","type-page","status-publish","hentry"],"_links":{"self":[{"href":"https:\/\/frmedical.com.mx\/index.php?rest_route=\/wp\/v2\/pages\/233","targetHints":{"allow":["GET"]}}],"collection":[{"href":"https:\/\/frmedical.com.mx\/index.php?rest_route=\/wp\/v2\/pages"}],"about":[{"href":"https:\/\/frmedical.com.mx\/index.php?rest_route=\/wp\/v2\/types\/page"}],"author":[{"embeddable":true,"href":"https:\/\/frmedical.com.mx\/index.php?rest_route=\/wp\/v2\/users\/1"}],"replies":[{"embeddable":true,"href":"https:\/\/frmedical.com.mx\/index.php?rest_route=%2Fwp%2Fv2%2Fcomments&post=233"}],"version-history":[{"count":25,"href":"https:\/\/frmedical.com.mx\/index.php?rest_route=\/wp\/v2\/pages\/233\/revisions"}],"predecessor-version":[{"id":3283,"href":"https:\/\/frmedical.com.mx\/index.php?rest_route=\/wp\/v2\/pages\/233\/revisions\/3283"}],"wp:attachment":[{"href":"https:\/\/frmedical.com.mx\/index.php?rest_route=%2Fwp%2Fv2%2Fmedia&parent=233"}],"curies":[{"name":"wp","href":"https:\/\/api.w.org\/{rel}","templated":true}]}}