{"id":231,"date":"2024-04-18T19:59:24","date_gmt":"2024-04-18T19:59:24","guid":{"rendered":"https:\/\/frmedical.com.mx\/?page_id=231"},"modified":"2025-02-04T16:45:52","modified_gmt":"2025-02-04T16:45:52","slug":"trauma-toracica-y-costal","status":"publish","type":"page","link":"https:\/\/frmedical.com.mx\/?page_id=231","title":{"rendered":"TRAUMA TOR\u00c1CICO Y COSTAL"},"content":{"rendered":"\t\t<div data-elementor-type=\"wp-page\" data-elementor-id=\"231\" class=\"elementor elementor-231\" data-elementor-post-type=\"page\">\n\t\t\t\t\t\t<section class=\"elementor-section elementor-top-section elementor-element elementor-element-4a89ef5 elementor-section-boxed elementor-section-height-default elementor-section-height-default\" data-id=\"4a89ef5\" data-element_type=\"section\" data-e-type=\"section\" data-settings=\"{&quot;background_background&quot;:&quot;classic&quot;}\">\n\t\t\t\t\t\t\t<div class=\"elementor-background-overlay\"><\/div>\n\t\t\t\t\t\t\t<div class=\"elementor-container elementor-column-gap-no\">\n\t\t\t\t\t<div class=\"elementor-column elementor-col-100 elementor-top-column elementor-element elementor-element-c8aa7d5\" data-id=\"c8aa7d5\" data-element_type=\"column\" data-e-type=\"column\" data-settings=\"{&quot;background_background&quot;:&quot;classic&quot;}\">\n\t\t\t<div class=\"elementor-widget-wrap elementor-element-populated\">\n\t\t\t\t\t\t<div class=\"elementor-element elementor-element-7d2fc3f elementor-widget elementor-widget-heading\" data-id=\"7d2fc3f\" data-element_type=\"widget\" data-e-type=\"widget\" data-widget_type=\"heading.default\">\n\t\t\t\t<div class=\"elementor-widget-container\">\n\t\t\t\t\t<h2 class=\"elementor-heading-title elementor-size-default\">TRAUMA TOR\u00c1CICO Y COSTAL<\/h2>\t\t\t\t<\/div>\n\t\t\t\t<\/div>\n\t\t\t\t\t<\/div>\n\t\t<\/div>\n\t\t\t\t\t<\/div>\n\t\t<\/section>\n\t\t\t\t<section class=\"elementor-section elementor-top-section elementor-element elementor-element-41a78e1 elementor-section-boxed elementor-section-height-default elementor-section-height-default\" data-id=\"41a78e1\" data-element_type=\"section\" data-e-type=\"section\" data-settings=\"{&quot;background_background&quot;:&quot;classic&quot;}\">\n\t\t\t\t\t\t<div class=\"elementor-container elementor-column-gap-default\">\n\t\t\t\t\t<div class=\"elementor-column elementor-col-50 elementor-top-column elementor-element elementor-element-3d0bf5c elementor-invisible\" data-id=\"3d0bf5c\" data-element_type=\"column\" data-e-type=\"column\" data-settings=\"{&quot;animation&quot;:&quot;fadeInRight&quot;}\">\n\t\t\t<div class=\"elementor-widget-wrap elementor-element-populated\">\n\t\t\t\t\t\t<div class=\"elementor-element elementor-element-270214b elementor-widget elementor-widget-heading\" data-id=\"270214b\" data-element_type=\"widget\" data-e-type=\"widget\" data-widget_type=\"heading.default\">\n\t\t\t\t<div class=\"elementor-widget-container\">\n\t\t\t\t\t<h2 class=\"elementor-heading-title elementor-size-default\">POLITRAUMATISMO - TRAUMA DE T\u00d3RAX<\/h2>\t\t\t\t<\/div>\n\t\t\t\t<\/div>\n\t\t\t\t<div class=\"elementor-element elementor-element-c07fa5b elementor-widget elementor-widget-text-editor\" data-id=\"c07fa5b\" data-element_type=\"widget\" data-e-type=\"widget\" data-widget_type=\"text-editor.default\">\n\t\t\t\t<div class=\"elementor-widget-container\">\n\t\t\t\t\t\t\t\t\t<p>El traumatismo de t\u00f3rax tiene una alta mortalidad cercana al 25 %. Una modalidad muy grave de estos traumatismos tor\u00e1cicos es la que se conoce con el nombre de t\u00f3rax inestable o volet costal, que resulta de la fractura de m\u00e1s de 3 o 4 costillas en 2 lugares de su longitud y provoca respiraci\u00f3n parad\u00f3jica. Su frecuencia no es muy alta si se compara con otras lesiones de la pared tor\u00e1cica, como la fractura simple de las costillas, oscilando entre el 3,8 y el 8,7 % de los politraumatizados con lesiones tor\u00e1cicas.<\/p><p>\u00a0<\/p><p>Un 80% de las lesiones tor\u00e1cicas pueden manejarse con maniobras no quir\u00fargicas, pero el 15% a 20% restante requerir\u00e1 manejo quir\u00fargico que puede llegar a ser complejo por lesiones de estructuras vitales presentes en el t\u00f3rax. El manejo de las fracturas costales, y espec\u00edficamente en el t\u00f3rax inestable, est\u00e1 encaminado espec\u00edficamente al mejoramiento de mec\u00e1nica ventilatoria, y que se lleva a cabo principalmente con el manejo de dolor de costilla, control de secreciones, lo cual lo podemos resumir como sigue:<\/p><ul id=\"u50009-12\" class=\"list0 nls-None\"><li>Tratamiento farmacol\u00f3gico para el control de secreciones y del dolor de costilla<\/li><li>Ventilaci\u00f3n mec\u00e1nica<\/li><li>Tratamiento quir\u00fargico<\/li><\/ul>\t\t\t\t\t\t\t\t<\/div>\n\t\t\t\t<\/div>\n\t\t\t\t\t<\/div>\n\t\t<\/div>\n\t\t\t\t<div class=\"elementor-column elementor-col-50 elementor-top-column elementor-element elementor-element-299d8d9 elementor-invisible\" data-id=\"299d8d9\" data-element_type=\"column\" data-e-type=\"column\" data-settings=\"{&quot;animation&quot;:&quot;fadeInRight&quot;}\">\n\t\t\t<div class=\"elementor-widget-wrap elementor-element-populated\">\n\t\t\t\t\t\t<div class=\"elementor-element elementor-element-7e1cdf2 elementor-widget elementor-widget-image\" data-id=\"7e1cdf2\" data-element_type=\"widget\" data-e-type=\"widget\" data-widget_type=\"image.default\">\n\t\t\t\t<div class=\"elementor-widget-container\">\n\t\t\t\t\t\t\t\t\t\t\t\t\t\t\t<img fetchpriority=\"high\" decoding=\"async\" width=\"463\" height=\"401\" src=\"https:\/\/frmedical.com.mx\/wp-content\/uploads\/2024\/04\/75.jpg\" class=\"attachment-full size-full wp-image-768\" alt=\"\" srcset=\"https:\/\/frmedical.com.mx\/wp-content\/uploads\/2024\/04\/75.jpg 463w, https:\/\/frmedical.com.mx\/wp-content\/uploads\/2024\/04\/75-300x260.jpg 300w\" sizes=\"(max-width: 463px) 100vw, 463px\" \/>\t\t\t\t\t\t\t\t\t\t\t\t\t\t\t<\/div>\n\t\t\t\t<\/div>\n\t\t<div class=\"elementor-element elementor-element-f47ab24 e-flex e-con-boxed e-con e-parent\" data-id=\"f47ab24\" data-element_type=\"container\" data-e-type=\"container\">\n\t\t\t\t\t<div class=\"e-con-inner\">\n\t\t\t\t<div class=\"elementor-element elementor-element-52eda3f elementor-widget elementor-widget-image\" data-id=\"52eda3f\" data-element_type=\"widget\" data-e-type=\"widget\" data-widget_type=\"image.default\">\n\t\t\t\t<div class=\"elementor-widget-container\">\n\t\t\t\t\t\t\t\t\t\t\t\t\t\t\t<img decoding=\"async\" width=\"298\" height=\"397\" src=\"https:\/\/frmedical.com.mx\/wp-content\/uploads\/2024\/04\/62.jpg\" class=\"attachment-full size-full wp-image-767\" alt=\"\" srcset=\"https:\/\/frmedical.com.mx\/wp-content\/uploads\/2024\/04\/62.jpg 298w, https:\/\/frmedical.com.mx\/wp-content\/uploads\/2024\/04\/62-225x300.jpg 225w\" sizes=\"(max-width: 298px) 100vw, 298px\" \/>\t\t\t\t\t\t\t\t\t\t\t\t\t\t\t<\/div>\n\t\t\t\t<\/div>\n\t\t\t\t<div class=\"elementor-element elementor-element-258c9dc elementor-widget elementor-widget-image\" data-id=\"258c9dc\" data-element_type=\"widget\" data-e-type=\"widget\" data-widget_type=\"image.default\">\n\t\t\t\t<div class=\"elementor-widget-container\">\n\t\t\t\t\t\t\t\t\t\t\t\t\t\t\t<img decoding=\"async\" width=\"340\" height=\"378\" src=\"https:\/\/frmedical.com.mx\/wp-content\/uploads\/2024\/04\/82.jpg\" class=\"attachment-full size-full wp-image-769\" alt=\"\" srcset=\"https:\/\/frmedical.com.mx\/wp-content\/uploads\/2024\/04\/82.jpg 340w, https:\/\/frmedical.com.mx\/wp-content\/uploads\/2024\/04\/82-270x300.jpg 270w\" sizes=\"(max-width: 340px) 100vw, 340px\" \/>\t\t\t\t\t\t\t\t\t\t\t\t\t\t\t<\/div>\n\t\t\t\t<\/div>\n\t\t\t\t\t<\/div>\n\t\t\t\t<\/div>\n\t\t\t\t\t<\/div>\n\t\t<\/div>\n\t\t\t\t\t<\/div>\n\t\t<\/section>\n\t\t\t\t<section class=\"elementor-section elementor-top-section elementor-element elementor-element-4707e1b elementor-section-boxed elementor-section-height-default elementor-section-height-default\" data-id=\"4707e1b\" data-element_type=\"section\" data-e-type=\"section\" data-settings=\"{&quot;background_background&quot;:&quot;classic&quot;}\">\n\t\t\t\t\t\t<div class=\"elementor-container elementor-column-gap-default\">\n\t\t\t\t\t<div class=\"elementor-column elementor-col-50 elementor-top-column elementor-element elementor-element-9a099a9 elementor-invisible\" data-id=\"9a099a9\" data-element_type=\"column\" data-e-type=\"column\" data-settings=\"{&quot;animation&quot;:&quot;fadeInRight&quot;}\">\n\t\t\t<div class=\"elementor-widget-wrap elementor-element-populated\">\n\t\t\t\t\t\t<div class=\"elementor-element elementor-element-24738ff elementor-widget elementor-widget-heading\" data-id=\"24738ff\" data-element_type=\"widget\" data-e-type=\"widget\" data-widget_type=\"heading.default\">\n\t\t\t\t<div class=\"elementor-widget-container\">\n\t\t\t\t\t<h2 class=\"elementor-heading-title elementor-size-default\">CORRECCI\u00d3N CON SISTEMA STRATOS\u2122<\/h2>\t\t\t\t<\/div>\n\t\t\t\t<\/div>\n\t\t\t\t<div class=\"elementor-element elementor-element-c90a8ae elementor-widget elementor-widget-text-editor\" data-id=\"c90a8ae\" data-element_type=\"widget\" data-e-type=\"widget\" data-widget_type=\"text-editor.default\">\n\t\t\t\t<div class=\"elementor-widget-container\">\n\t\t\t\t\t\t\t\t\t<div id=\"ppu32790\" class=\"clearfix grpelem\"><div id=\"ppu49931-4\" class=\"clearfix colelem\"><div id=\"pu49931-4\" class=\"clearfix grpelem\"><div id=\"u49932-10\" class=\"SR3 clearfix colelem mt-scroll-slide-bottom mt-scroll-show\"><div id=\"ppu50055-4\" class=\"clearfix colelem\"><div id=\"pu50055-4\" class=\"clearfix grpelem\"><div id=\"u50056-17\" class=\"SR3 clearfix colelem mt-scroll-slide-bottom mt-scroll-show\"><p>Las recomendaciones para realizar estabilizaci\u00f3n quir\u00fargica con clips costales de titanio son:<\/p><ul id=\"u50056-12\" class=\"list0 nls-None\"><li>Desplazamiento de los fragmentos de costilla lesionada mayor de 3cm<\/li><li>Trauma contuso que amerita toracotom\u00eda por causas asociadas como:<\/li><li>Fuga a\u00e9rea significativa, no reexpansi\u00f3n pulmonar, sospecha de lesi\u00f3n de la v\u00eda a\u00e9rea<\/li><li>Contusi\u00f3n pulmonar asociada a t\u00f3rax inestable que impida el destete del ventilador<\/li><\/ul><p>\u00a0<\/p><p>FR Medical cuenta con el \u00fanico sistema de fijaci\u00f3n para fracturas de costillas hechas de titanio que no requieren tornillos. El producto es un novedoso clip costal de titanio fabricado en Alemania por MedXpert que cuenta con la autorizaci\u00f3n sanitaria de COFEPRIS.<\/p><\/div><\/div><div id=\"u50053\" class=\"rgba-background rounded-corners clearfix grpelem\"><div id=\"u50058\" class=\"SR3 museBGSize rounded-corners grpelem mt-scroll-slide-bottom mt-scroll-show\">El n\u00famero de grapas costales de titanio puede variar de acuerdo con el tipo de trauma tor\u00e1cico que presente el paciente, pero los beneficios de este producto se encuentran en la literatura que se ha publicado en varios art\u00edculos m\u00e9dicos.<\/div><\/div><\/div><div id=\"u50119-19\" class=\"SR3 clearfix colelem mt-scroll-slide-bottom mt-scroll-show\"><p>Algunos resultados que se obtienen con la Reducci\u00f3n abierta con fijaci\u00f3n interna de fracturas costales de acuerdo con la publicaci\u00f3n del Dr. Pablo Moreno de la Santa Barajas:<\/p><ul id=\"u50119-14\" class=\"list0 nls-None\"><li>Acorta el tiempo de extubaci\u00f3n de pacientes con t\u00f3rax inestable.<\/li><li>Disminuye el dolor relacionado a las fracturas costales.<\/li><li>Acorta la reincorporaci\u00f3n laboral.<\/li><li>Las complicaciones son m\u00ednimas.<\/li><\/ul><p>\u00a0<\/p><p>El dolor cr\u00f3nico se presenta en un gran porcentaje de pacientes que sufrieron fracturas costales. El dolor de costillas puede ser tratado quir\u00fargicamente por los cirujanos cardiotor\u00e1cicos usando grapas o clips costales de titanio tambi\u00e9n.<\/p><\/div><\/div><\/div><\/div><div id=\"u49935-bw\" class=\"browser_width colelem\"><div id=\"u49935\"><div id=\"u49935_align_to_page\" class=\"clearfix\"><div id=\"pu49942\" class=\"clearfix grpelem\">\u00a0<\/div><\/div><\/div><\/div><\/div>\t\t\t\t\t\t\t\t<\/div>\n\t\t\t\t<\/div>\n\t\t\t\t<div class=\"elementor-element elementor-element-b04a5cb elementor-align-center elementor-widget elementor-widget-button\" data-id=\"b04a5cb\" data-element_type=\"widget\" data-e-type=\"widget\" data-widget_type=\"button.default\">\n\t\t\t\t<div class=\"elementor-widget-container\">\n\t\t\t\t\t\t\t\t\t<div class=\"elementor-button-wrapper\">\n\t\t\t\t\t<a class=\"elementor-button elementor-button-link elementor-size-sm\" href=\"https:\/\/frmedical.com.mx\/?page_id=26\">\n\t\t\t\t\t\t<span class=\"elementor-button-content-wrapper\">\n\t\t\t\t\t\t<span class=\"elementor-button-icon\">\n\t\t\t\t<svg aria-hidden=\"true\" class=\"e-font-icon-svg e-fas-caret-right\" viewBox=\"0 0 192 512\" xmlns=\"http:\/\/www.w3.org\/2000\/svg\"><path d=\"M0 384.662V127.338c0-17.818 21.543-26.741 34.142-14.142l128.662 128.662c7.81 7.81 7.81 20.474 0 28.284L34.142 398.804C21.543 411.404 0 402.48 0 384.662z\"><\/path><\/svg>\t\t\t<\/span>\n\t\t\t\t\t\t\t\t\t<span class=\"elementor-button-text\">M\u00e1s informaci\u00f3n<\/span>\n\t\t\t\t\t<\/span>\n\t\t\t\t\t<\/a>\n\t\t\t\t<\/div>\n\t\t\t\t\t\t\t\t<\/div>\n\t\t\t\t<\/div>\n\t\t\t\t\t<\/div>\n\t\t<\/div>\n\t\t\t\t<div class=\"elementor-column elementor-col-50 elementor-top-column elementor-element elementor-element-0b1278e elementor-invisible\" data-id=\"0b1278e\" data-element_type=\"column\" data-e-type=\"column\" data-settings=\"{&quot;animation&quot;:&quot;fadeInRight&quot;}\">\n\t\t\t<div class=\"elementor-widget-wrap elementor-element-populated\">\n\t\t\t\t\t\t<div class=\"elementor-element elementor-element-400d77f elementor-widget elementor-widget-image\" data-id=\"400d77f\" data-element_type=\"widget\" data-e-type=\"widget\" data-widget_type=\"image.default\">\n\t\t\t\t<div class=\"elementor-widget-container\">\n\t\t\t\t\t\t\t\t\t\t\t\t\t\t\t<img loading=\"lazy\" decoding=\"async\" width=\"2191\" height=\"2362\" src=\"https:\/\/frmedical.com.mx\/wp-content\/uploads\/2024\/07\/IND-STR-GRAF-Excavatum.png\" class=\"attachment-full size-full wp-image-1725\" alt=\"\" srcset=\"https:\/\/frmedical.com.mx\/wp-content\/uploads\/2024\/07\/IND-STR-GRAF-Excavatum.png 2191w, https:\/\/frmedical.com.mx\/wp-content\/uploads\/2024\/07\/IND-STR-GRAF-Excavatum-278x300.png 278w, https:\/\/frmedical.com.mx\/wp-content\/uploads\/2024\/07\/IND-STR-GRAF-Excavatum-950x1024.png 950w, https:\/\/frmedical.com.mx\/wp-content\/uploads\/2024\/07\/IND-STR-GRAF-Excavatum-768x828.png 768w, https:\/\/frmedical.com.mx\/wp-content\/uploads\/2024\/07\/IND-STR-GRAF-Excavatum-1425x1536.png 1425w, https:\/\/frmedical.com.mx\/wp-content\/uploads\/2024\/07\/IND-STR-GRAF-Excavatum-1900x2048.png 1900w\" sizes=\"(max-width: 2191px) 100vw, 2191px\" \/>\t\t\t\t\t\t\t\t\t\t\t\t\t\t\t<\/div>\n\t\t\t\t<\/div>\n\t\t\t\t<div class=\"elementor-element elementor-element-dcf77b2 elementor-widget elementor-widget-image\" data-id=\"dcf77b2\" data-element_type=\"widget\" data-e-type=\"widget\" data-widget_type=\"image.default\">\n\t\t\t\t<div class=\"elementor-widget-container\">\n\t\t\t\t\t\t\t\t\t\t\t\t\t\t\t<img loading=\"lazy\" decoding=\"async\" width=\"600\" height=\"646\" src=\"https:\/\/frmedical.com.mx\/wp-content\/uploads\/2024\/07\/6-1.jpg\" class=\"attachment-full size-full wp-image-1712\" alt=\"\" srcset=\"https:\/\/frmedical.com.mx\/wp-content\/uploads\/2024\/07\/6-1.jpg 600w, https:\/\/frmedical.com.mx\/wp-content\/uploads\/2024\/07\/6-1-279x300.jpg 279w\" sizes=\"(max-width: 600px) 100vw, 600px\" \/>\t\t\t\t\t\t\t\t\t\t\t\t\t\t\t<\/div>\n\t\t\t\t<\/div>\n\t\t\t\t\t<\/div>\n\t\t<\/div>\n\t\t\t\t\t<\/div>\n\t\t<\/section>\n\t\t\t\t<\/div>\n\t\t","protected":false},"excerpt":{"rendered":"<p>POLITRAUMATISMO &#8211; TRAUMA DE T\u00d3RAX El traumatismo de t\u00f3rax tiene una alta mortalidad cercana al 25 %. Una modalidad muy grave de estos traumatismos tor\u00e1cicos es la que se conoce con el nombre de t\u00f3rax inestable o volet costal, que resulta de la fractura de m\u00e1s de 3 o 4 costillas en 2 lugares de&#8230;<\/p>\n","protected":false},"author":1,"featured_media":0,"parent":0,"menu_order":0,"comment_status":"closed","ping_status":"closed","template":"","meta":{"_monsterinsights_skip_tracking":false,"_monsterinsights_sitenote_active":false,"_monsterinsights_sitenote_note":"","_monsterinsights_sitenote_category":0,"_joinchat":[],"footnotes":""},"class_list":["post-231","page","type-page","status-publish","hentry"],"_links":{"self":[{"href":"https:\/\/frmedical.com.mx\/index.php?rest_route=\/wp\/v2\/pages\/231","targetHints":{"allow":["GET"]}}],"collection":[{"href":"https:\/\/frmedical.com.mx\/index.php?rest_route=\/wp\/v2\/pages"}],"about":[{"href":"https:\/\/frmedical.com.mx\/index.php?rest_route=\/wp\/v2\/types\/page"}],"author":[{"embeddable":true,"href":"https:\/\/frmedical.com.mx\/index.php?rest_route=\/wp\/v2\/users\/1"}],"replies":[{"embeddable":true,"href":"https:\/\/frmedical.com.mx\/index.php?rest_route=%2Fwp%2Fv2%2Fcomments&post=231"}],"version-history":[{"count":23,"href":"https:\/\/frmedical.com.mx\/index.php?rest_route=\/wp\/v2\/pages\/231\/revisions"}],"predecessor-version":[{"id":3289,"href":"https:\/\/frmedical.com.mx\/index.php?rest_route=\/wp\/v2\/pages\/231\/revisions\/3289"}],"wp:attachment":[{"href":"https:\/\/frmedical.com.mx\/index.php?rest_route=%2Fwp%2Fv2%2Fmedia&parent=231"}],"curies":[{"name":"wp","href":"https:\/\/api.w.org\/{rel}","templated":true}]}}