{"id":20,"date":"2024-04-18T18:43:26","date_gmt":"2024-04-18T18:43:26","guid":{"rendered":"https:\/\/frmedical.com.mx\/?page_id=20"},"modified":"2025-02-04T16:19:08","modified_gmt":"2025-02-04T16:19:08","slug":"pectus-arcuatum","status":"publish","type":"page","link":"https:\/\/frmedical.com.mx\/?page_id=20","title":{"rendered":"PECTUS ARCUATUM"},"content":{"rendered":"\t\t<div data-elementor-type=\"wp-page\" data-elementor-id=\"20\" class=\"elementor elementor-20\" data-elementor-post-type=\"page\">\n\t\t\t\t\t\t<section class=\"elementor-section elementor-top-section elementor-element elementor-element-c57ad7d elementor-section-boxed elementor-section-height-default elementor-section-height-default\" data-id=\"c57ad7d\" data-element_type=\"section\" data-e-type=\"section\" data-settings=\"{&quot;background_background&quot;:&quot;classic&quot;}\">\n\t\t\t\t\t\t\t<div class=\"elementor-background-overlay\"><\/div>\n\t\t\t\t\t\t\t<div class=\"elementor-container elementor-column-gap-no\">\n\t\t\t\t\t<div class=\"elementor-column elementor-col-100 elementor-top-column elementor-element elementor-element-cea3405\" data-id=\"cea3405\" data-element_type=\"column\" data-e-type=\"column\" data-settings=\"{&quot;background_background&quot;:&quot;classic&quot;}\">\n\t\t\t<div class=\"elementor-widget-wrap elementor-element-populated\">\n\t\t\t\t\t\t<div class=\"elementor-element elementor-element-7743d0f elementor-widget elementor-widget-heading\" data-id=\"7743d0f\" data-element_type=\"widget\" data-e-type=\"widget\" data-widget_type=\"heading.default\">\n\t\t\t\t<div class=\"elementor-widget-container\">\n\t\t\t\t\t<h2 class=\"elementor-heading-title elementor-size-default\">PECTUS ARCUATUM<\/h2>\t\t\t\t<\/div>\n\t\t\t\t<\/div>\n\t\t\t\t\t<\/div>\n\t\t<\/div>\n\t\t\t\t\t<\/div>\n\t\t<\/section>\n\t\t\t\t<section class=\"elementor-section elementor-top-section elementor-element elementor-element-c042263 elementor-section-boxed elementor-section-height-default elementor-section-height-default\" data-id=\"c042263\" data-element_type=\"section\" data-e-type=\"section\" data-settings=\"{&quot;background_background&quot;:&quot;classic&quot;}\">\n\t\t\t\t\t\t<div class=\"elementor-container elementor-column-gap-default\">\n\t\t\t\t\t<div class=\"elementor-column elementor-col-50 elementor-top-column elementor-element elementor-element-5e6670a elementor-invisible\" data-id=\"5e6670a\" data-element_type=\"column\" data-e-type=\"column\" data-settings=\"{&quot;animation&quot;:&quot;fadeInRight&quot;}\">\n\t\t\t<div class=\"elementor-widget-wrap elementor-element-populated\">\n\t\t\t\t\t\t<div class=\"elementor-element elementor-element-23337dd6 elementor-widget elementor-widget-heading\" data-id=\"23337dd6\" data-element_type=\"widget\" data-e-type=\"widget\" data-widget_type=\"heading.default\">\n\t\t\t\t<div class=\"elementor-widget-container\">\n\t\t\t\t\t<h2 class=\"elementor-heading-title elementor-size-default\">PECTUS ARCUATUM<\/h2>\t\t\t\t<\/div>\n\t\t\t\t<\/div>\n\t\t\t\t<div class=\"elementor-element elementor-element-19c75077 elementor-widget elementor-widget-text-editor\" data-id=\"19c75077\" data-element_type=\"widget\" data-e-type=\"widget\" data-widget_type=\"text-editor.default\">\n\t\t\t\t<div class=\"elementor-widget-container\">\n\t\t\t\t\t\t\t\t\t<p>Es una deformidad de la pared tor\u00e1cica que combina el Pectus Excavatum y el Pectus Carinatum. La mayor\u00eda de los casos corresponde a hallazgos aislados, es decir, que no se asocian con ninguna otra condici\u00f3n.<\/p><p>Es menos frecuente que el Pectus excavatum y sus repercusiones funcionales son menos importantes, pues tan s\u00f3lo son est\u00e9ticas y las psicol\u00f3gicas derivadas del padecimiento.<\/p>\t\t\t\t\t\t\t\t<\/div>\n\t\t\t\t<\/div>\n\t\t\t\t\t<\/div>\n\t\t<\/div>\n\t\t\t\t<div class=\"elementor-column elementor-col-50 elementor-top-column elementor-element elementor-element-0f08e3c elementor-invisible\" data-id=\"0f08e3c\" data-element_type=\"column\" data-e-type=\"column\" data-settings=\"{&quot;animation&quot;:&quot;fadeInRight&quot;}\">\n\t\t\t<div class=\"elementor-widget-wrap elementor-element-populated\">\n\t\t\t\t\t\t<div class=\"elementor-element elementor-element-1321f6d elementor-widget elementor-widget-image\" data-id=\"1321f6d\" data-element_type=\"widget\" data-e-type=\"widget\" data-widget_type=\"image.default\">\n\t\t\t\t<div class=\"elementor-widget-container\">\n\t\t\t\t\t\t\t\t\t\t\t\t\t\t\t<img fetchpriority=\"high\" decoding=\"async\" width=\"476\" height=\"340\" src=\"https:\/\/frmedical.com.mx\/wp-content\/uploads\/2024\/04\/110.jpg\" class=\"attachment-full size-full wp-image-634\" alt=\"\" srcset=\"https:\/\/frmedical.com.mx\/wp-content\/uploads\/2024\/04\/110.jpg 476w, https:\/\/frmedical.com.mx\/wp-content\/uploads\/2024\/04\/110-300x214.jpg 300w\" sizes=\"(max-width: 476px) 100vw, 476px\" \/>\t\t\t\t\t\t\t\t\t\t\t\t\t\t\t<\/div>\n\t\t\t\t<\/div>\n\t\t\t\t\t<\/div>\n\t\t<\/div>\n\t\t\t\t\t<\/div>\n\t\t<\/section>\n\t\t\t\t<section class=\"elementor-section elementor-top-section elementor-element elementor-element-62b8092 elementor-section-boxed elementor-section-height-default elementor-section-height-default\" data-id=\"62b8092\" data-element_type=\"section\" data-e-type=\"section\" data-settings=\"{&quot;background_background&quot;:&quot;classic&quot;}\">\n\t\t\t\t\t\t<div class=\"elementor-container elementor-column-gap-default\">\n\t\t\t\t\t<div class=\"elementor-column elementor-col-100 elementor-top-column elementor-element elementor-element-05d32ac elementor-invisible\" data-id=\"05d32ac\" data-element_type=\"column\" data-e-type=\"column\" data-settings=\"{&quot;animation&quot;:&quot;fadeInRight&quot;}\">\n\t\t\t<div class=\"elementor-widget-wrap elementor-element-populated\">\n\t\t\t\t\t\t<div class=\"elementor-element elementor-element-60a3ae0 elementor-widget elementor-widget-heading\" data-id=\"60a3ae0\" data-element_type=\"widget\" data-e-type=\"widget\" data-widget_type=\"heading.default\">\n\t\t\t\t<div class=\"elementor-widget-container\">\n\t\t\t\t\t<h2 class=\"elementor-heading-title elementor-size-default\">DEFORMIDAD PECTUS ARCUATUM<\/h2>\t\t\t\t<\/div>\n\t\t\t\t<\/div>\n\t\t\t\t<div class=\"elementor-element elementor-element-e0a3110 elementor-widget elementor-widget-text-editor\" data-id=\"e0a3110\" data-element_type=\"widget\" data-e-type=\"widget\" data-widget_type=\"text-editor.default\">\n\t\t\t\t<div class=\"elementor-widget-container\">\n\t\t\t\t\t\t\t\t\t<p>Las personas con este defecto generalmente desarrollan coraz\u00f3n y pulmones normales, pero este defecto puede impedir que funcionen de manera \u00f3ptima. En otros casos la pared tor\u00e1cica es r\u00edgida, por lo tanto, las respiraciones son ineficientes y el individuo tiene que usar el diafragma. Algunos ni\u00f1os con Pectus Carinatum tambi\u00e9n tienen escoliosis. Puede asociar trastornos del tejido conectivo que involucre anomal\u00edas estructurales de los vasos sangu\u00edneos principales y v\u00e1lvulas del coraz\u00f3n.<\/p>\t\t\t\t\t\t\t\t<\/div>\n\t\t\t\t<\/div>\n\t\t\t\t<div class=\"elementor-element elementor-element-0131a73 elementor-widget elementor-widget-heading\" data-id=\"0131a73\" data-element_type=\"widget\" data-e-type=\"widget\" data-widget_type=\"heading.default\">\n\t\t\t\t<div class=\"elementor-widget-container\">\n\t\t\t\t\t<h2 class=\"elementor-heading-title elementor-size-default\">TRATAMIENTO DEL PECTUS ARCUATUM: CORRECCI\u00d3N Y REPARACI\u00d3N QUIR\u00daRGICA.<\/h2>\t\t\t\t<\/div>\n\t\t\t\t<\/div>\n\t\t\t\t<div class=\"elementor-element elementor-element-68d0353 elementor-widget elementor-widget-text-editor\" data-id=\"68d0353\" data-element_type=\"widget\" data-e-type=\"widget\" data-widget_type=\"text-editor.default\">\n\t\t\t\t<div class=\"elementor-widget-container\">\n\t\t\t\t\t\t\t\t\t<p>La correcci\u00f3n de esta deformidad de la pared tor\u00e1cica s\u00f3lo es posible a trav\u00e9s de la cirug\u00eda. La \u00fanica soluci\u00f3n puede ser el m\u00e9todo de operaci\u00f3n Ravich (esterno-condroplastia). La correcci\u00f3n del Pectus Arcuatum con el sistema StraTos\u2122 de clips costales y barras de titanio es una t\u00e9cnica cada vez m\u00e1s usada y aceptada por la gran versatilidad que tiene ya que es una excelente opci\u00f3n para Pectus Excavatum, Pectus Carinatum y Pectus Arcatum.<\/p>\t\t\t\t\t\t\t\t<\/div>\n\t\t\t\t<\/div>\n\t\t\t\t\t<\/div>\n\t\t<\/div>\n\t\t\t\t\t<\/div>\n\t\t<\/section>\n\t\t\t\t<section class=\"elementor-section elementor-top-section elementor-element elementor-element-0f0e8de elementor-section-boxed elementor-section-height-default elementor-section-height-default\" data-id=\"0f0e8de\" data-element_type=\"section\" data-e-type=\"section\" data-settings=\"{&quot;background_background&quot;:&quot;classic&quot;}\">\n\t\t\t\t\t\t<div class=\"elementor-container elementor-column-gap-default\">\n\t\t\t\t\t<div class=\"elementor-column elementor-col-50 elementor-top-column elementor-element elementor-element-67bc1c1 elementor-invisible\" data-id=\"67bc1c1\" data-element_type=\"column\" data-e-type=\"column\" data-settings=\"{&quot;animation&quot;:&quot;fadeInRight&quot;}\">\n\t\t\t<div class=\"elementor-widget-wrap elementor-element-populated\">\n\t\t\t\t\t\t<div class=\"elementor-element elementor-element-67d0fa1 elementor-widget elementor-widget-heading\" data-id=\"67d0fa1\" data-element_type=\"widget\" data-e-type=\"widget\" data-widget_type=\"heading.default\">\n\t\t\t\t<div class=\"elementor-widget-container\">\n\t\t\t\t\t<h2 class=\"elementor-heading-title elementor-size-default\">CORECCI\u00d3N CON SISTEMA STRATOS \u2122<\/h2>\t\t\t\t<\/div>\n\t\t\t\t<\/div>\n\t\t\t\t<div class=\"elementor-element elementor-element-5e562eb elementor-widget elementor-widget-text-editor\" data-id=\"5e562eb\" data-element_type=\"widget\" data-e-type=\"widget\" data-widget_type=\"text-editor.default\">\n\t\t\t\t<div class=\"elementor-widget-container\">\n\t\t\t\t\t\t\t\t\t<div id=\"ppu32790\" class=\"clearfix grpelem\"><div id=\"ppu49931-4\" class=\"clearfix colelem\"><div id=\"pu49931-4\" class=\"clearfix grpelem\"><div id=\"u49932-10\" class=\"SR3 clearfix colelem mt-scroll-slide-bottom mt-scroll-show\"><p>La correcci\u00f3n del Pectus Excavatum con el sistema StraTos\u2122 de clips costales y barras de titanio es una t\u00e9cnica cada vez m\u00e1s usada y aceptada por la gran versatilidad que tiene ya que es una excelente opci\u00f3n para Pectus Excavatum, Pectus Carinatum y Pectus Arcatum.<\/p><p>El sistema StraTos\u2122 es de titanio puro, esta caracter\u00edstica permite al producto ser implantado por tiempo indeterminado. Este sistema consta de clips costales de titanio de diferentes angulaciones y barras de titanio conectoras que unen a los clips costales. El sistema de clips costales de titanio StraTos\u2122 es un producto novedoso, de alta calidad y tiene la funci\u00f3n de soportar el estern\u00f3n para corregir la deformidad de la pared tor\u00e1cica.<\/p><p>La cirug\u00eda para colocar el sistema StraTos\u2122, es una cirug\u00eda abierta ya que no se realiza con la misma t\u00e9cnica que la barra de acero Pectus (P.E.S.) pero los resultados son satisfactorios. La t\u00e9cnica quir\u00fargica que se emplea para la colocaci\u00f3n de los implantes se conoce como \u201ct\u00e9cnica de Ravitch\u201d.<\/p><\/div><\/div><\/div><div id=\"u49935-bw\" class=\"browser_width colelem\"><div id=\"u49935\"><div id=\"u49935_align_to_page\" class=\"clearfix\"><div id=\"pu49942\" class=\"clearfix grpelem\">\u00a0<\/div><\/div><\/div><\/div><\/div>\t\t\t\t\t\t\t\t<\/div>\n\t\t\t\t<\/div>\n\t\t\t\t<div class=\"elementor-element elementor-element-df1f8db elementor-align-center elementor-widget elementor-widget-button\" data-id=\"df1f8db\" data-element_type=\"widget\" data-e-type=\"widget\" data-widget_type=\"button.default\">\n\t\t\t\t<div class=\"elementor-widget-container\">\n\t\t\t\t\t\t\t\t\t<div class=\"elementor-button-wrapper\">\n\t\t\t\t\t<a class=\"elementor-button elementor-button-link elementor-size-sm\" href=\"https:\/\/frmedical.com.mx\/?page_id=26\">\n\t\t\t\t\t\t<span class=\"elementor-button-content-wrapper\">\n\t\t\t\t\t\t<span class=\"elementor-button-icon\">\n\t\t\t\t<svg aria-hidden=\"true\" class=\"e-font-icon-svg e-fas-caret-right\" viewBox=\"0 0 192 512\" xmlns=\"http:\/\/www.w3.org\/2000\/svg\"><path d=\"M0 384.662V127.338c0-17.818 21.543-26.741 34.142-14.142l128.662 128.662c7.81 7.81 7.81 20.474 0 28.284L34.142 398.804C21.543 411.404 0 402.48 0 384.662z\"><\/path><\/svg>\t\t\t<\/span>\n\t\t\t\t\t\t\t\t\t<span class=\"elementor-button-text\">M\u00e1s informaci\u00f3n<\/span>\n\t\t\t\t\t<\/span>\n\t\t\t\t\t<\/a>\n\t\t\t\t<\/div>\n\t\t\t\t\t\t\t\t<\/div>\n\t\t\t\t<\/div>\n\t\t\t\t\t<\/div>\n\t\t<\/div>\n\t\t\t\t<div class=\"elementor-column elementor-col-50 elementor-top-column elementor-element elementor-element-b941870 elementor-invisible\" data-id=\"b941870\" data-element_type=\"column\" data-e-type=\"column\" data-settings=\"{&quot;animation&quot;:&quot;fadeInRight&quot;}\">\n\t\t\t<div class=\"elementor-widget-wrap elementor-element-populated\">\n\t\t\t\t\t\t<div class=\"elementor-element elementor-element-6266ab0 elementor-widget elementor-widget-image\" data-id=\"6266ab0\" data-element_type=\"widget\" data-e-type=\"widget\" data-widget_type=\"image.default\">\n\t\t\t\t<div class=\"elementor-widget-container\">\n\t\t\t\t\t\t\t\t\t\t\t\t\t\t\t<img decoding=\"async\" width=\"2191\" height=\"2362\" src=\"https:\/\/frmedical.com.mx\/wp-content\/uploads\/2024\/07\/IND-STR-GRAF-Excavatum.png\" class=\"attachment-full size-full wp-image-1725\" alt=\"\" srcset=\"https:\/\/frmedical.com.mx\/wp-content\/uploads\/2024\/07\/IND-STR-GRAF-Excavatum.png 2191w, https:\/\/frmedical.com.mx\/wp-content\/uploads\/2024\/07\/IND-STR-GRAF-Excavatum-278x300.png 278w, https:\/\/frmedical.com.mx\/wp-content\/uploads\/2024\/07\/IND-STR-GRAF-Excavatum-950x1024.png 950w, https:\/\/frmedical.com.mx\/wp-content\/uploads\/2024\/07\/IND-STR-GRAF-Excavatum-768x828.png 768w, https:\/\/frmedical.com.mx\/wp-content\/uploads\/2024\/07\/IND-STR-GRAF-Excavatum-1425x1536.png 1425w, https:\/\/frmedical.com.mx\/wp-content\/uploads\/2024\/07\/IND-STR-GRAF-Excavatum-1900x2048.png 1900w\" sizes=\"(max-width: 2191px) 100vw, 2191px\" \/>\t\t\t\t\t\t\t\t\t\t\t\t\t\t\t<\/div>\n\t\t\t\t<\/div>\n\t\t\t\t<div class=\"elementor-element elementor-element-0e494b0 elementor-widget elementor-widget-image\" data-id=\"0e494b0\" data-element_type=\"widget\" data-e-type=\"widget\" data-widget_type=\"image.default\">\n\t\t\t\t<div class=\"elementor-widget-container\">\n\t\t\t\t\t\t\t\t\t\t\t\t\t\t\t<img decoding=\"async\" width=\"340\" height=\"300\" src=\"https:\/\/frmedical.com.mx\/wp-content\/uploads\/2024\/04\/8-1.jpg\" class=\"attachment-full size-full wp-image-738\" alt=\"\" srcset=\"https:\/\/frmedical.com.mx\/wp-content\/uploads\/2024\/04\/8-1.jpg 340w, https:\/\/frmedical.com.mx\/wp-content\/uploads\/2024\/04\/8-1-300x265.jpg 300w\" sizes=\"(max-width: 340px) 100vw, 340px\" \/>\t\t\t\t\t\t\t\t\t\t\t\t\t\t\t<\/div>\n\t\t\t\t<\/div>\n\t\t\t\t\t<\/div>\n\t\t<\/div>\n\t\t\t\t\t<\/div>\n\t\t<\/section>\n\t\t\t\t<section class=\"elementor-section elementor-top-section elementor-element elementor-element-9b9d238 elementor-section-boxed elementor-section-height-default elementor-section-height-default\" data-id=\"9b9d238\" data-element_type=\"section\" data-e-type=\"section\" data-settings=\"{&quot;background_background&quot;:&quot;classic&quot;}\">\n\t\t\t\t\t\t<div class=\"elementor-container elementor-column-gap-default\">\n\t\t\t\t\t<div class=\"elementor-column elementor-col-100 elementor-top-column elementor-element elementor-element-b1145be elementor-invisible\" data-id=\"b1145be\" data-element_type=\"column\" data-e-type=\"column\" data-settings=\"{&quot;animation&quot;:&quot;fadeInRight&quot;}\">\n\t\t\t<div class=\"elementor-widget-wrap elementor-element-populated\">\n\t\t\t\t\t\t<div class=\"elementor-element elementor-element-8d2ead4 elementor-widget elementor-widget-heading\" data-id=\"8d2ead4\" data-element_type=\"widget\" data-e-type=\"widget\" data-widget_type=\"heading.default\">\n\t\t\t\t<div class=\"elementor-widget-container\">\n\t\t\t\t\t<h2 class=\"elementor-heading-title elementor-size-default\">CORRECCI\u00d3N CON SISTEMA P.E.S.\u2122<\/h2>\t\t\t\t<\/div>\n\t\t\t\t<\/div>\n\t\t\t\t<div class=\"elementor-element elementor-element-4dd250e elementor-widget elementor-widget-text-editor\" data-id=\"4dd250e\" data-element_type=\"widget\" data-e-type=\"widget\" data-widget_type=\"text-editor.default\">\n\t\t\t\t<div class=\"elementor-widget-container\">\n\t\t\t\t\t\t\t\t\t<div id=\"ppu32790\" class=\"clearfix grpelem\"><div id=\"ppu49931-4\" class=\"clearfix colelem\"><div id=\"pu49931-4\" class=\"clearfix grpelem\"><div id=\"u49932-10\" class=\"SR3 clearfix colelem mt-scroll-slide-bottom mt-scroll-show\"><p>El principio de este procedimiento consta en insertar una barra Pectus (P.E.S.) de acero inoxidable invertida por medio de control visual (toracoscopia).<\/p><\/div><\/div><\/div><div id=\"u49935-bw\" class=\"browser_width colelem\"><div id=\"u49935\"><div id=\"u49935_align_to_page\" class=\"clearfix\"><div id=\"pu49942\" class=\"clearfix grpelem\">\u00a0<\/div><\/div><\/div><\/div><\/div>\t\t\t\t\t\t\t\t<\/div>\n\t\t\t\t<\/div>\n\t\t\t\t\t<\/div>\n\t\t<\/div>\n\t\t\t\t\t<\/div>\n\t\t<\/section>\n\t\t\t\t<section class=\"elementor-section elementor-top-section elementor-element elementor-element-d238a73 elementor-section-boxed elementor-section-height-default elementor-section-height-default\" data-id=\"d238a73\" data-element_type=\"section\" data-e-type=\"section\" data-settings=\"{&quot;background_background&quot;:&quot;classic&quot;}\">\n\t\t\t\t\t\t<div class=\"elementor-container elementor-column-gap-default\">\n\t\t\t\t\t<div class=\"elementor-column elementor-col-33 elementor-top-column elementor-element elementor-element-259621e\" data-id=\"259621e\" data-element_type=\"column\" data-e-type=\"column\">\n\t\t\t<div class=\"elementor-widget-wrap elementor-element-populated\">\n\t\t\t\t\t\t<div class=\"elementor-element elementor-element-dcbd445 elementor-widget elementor-widget-image\" data-id=\"dcbd445\" data-element_type=\"widget\" data-e-type=\"widget\" data-widget_type=\"image.default\">\n\t\t\t\t<div class=\"elementor-widget-container\">\n\t\t\t\t\t\t\t\t\t\t\t\t\t\t\t<img loading=\"lazy\" decoding=\"async\" width=\"285\" height=\"200\" src=\"https:\/\/frmedical.com.mx\/wp-content\/uploads\/2024\/04\/3.jpg\" class=\"attachment-full size-full wp-image-734\" alt=\"\" \/>\t\t\t\t\t\t\t\t\t\t\t\t\t\t\t<\/div>\n\t\t\t\t<\/div>\n\t\t\t\t\t<\/div>\n\t\t<\/div>\n\t\t\t\t<div class=\"elementor-column elementor-col-33 elementor-top-column elementor-element elementor-element-da1d3e4\" data-id=\"da1d3e4\" data-element_type=\"column\" data-e-type=\"column\">\n\t\t\t<div class=\"elementor-widget-wrap elementor-element-populated\">\n\t\t\t\t\t\t<div class=\"elementor-element elementor-element-83499d0 elementor-widget elementor-widget-image\" data-id=\"83499d0\" data-element_type=\"widget\" data-e-type=\"widget\" data-widget_type=\"image.default\">\n\t\t\t\t<div class=\"elementor-widget-container\">\n\t\t\t\t\t\t\t\t\t\t\t\t\t\t\t<img loading=\"lazy\" decoding=\"async\" width=\"281\" height=\"200\" src=\"https:\/\/frmedical.com.mx\/wp-content\/uploads\/2024\/04\/4.jpg\" class=\"attachment-full size-full wp-image-733\" alt=\"\" \/>\t\t\t\t\t\t\t\t\t\t\t\t\t\t\t<\/div>\n\t\t\t\t<\/div>\n\t\t\t\t\t<\/div>\n\t\t<\/div>\n\t\t\t\t<div class=\"elementor-column elementor-col-33 elementor-top-column elementor-element elementor-element-19190e8\" data-id=\"19190e8\" data-element_type=\"column\" data-e-type=\"column\">\n\t\t\t<div class=\"elementor-widget-wrap elementor-element-populated\">\n\t\t\t\t\t\t<div class=\"elementor-element elementor-element-119bf31 elementor-widget elementor-widget-image\" data-id=\"119bf31\" data-element_type=\"widget\" data-e-type=\"widget\" data-widget_type=\"image.default\">\n\t\t\t\t<div class=\"elementor-widget-container\">\n\t\t\t\t\t\t\t\t\t\t\t\t\t\t\t<img loading=\"lazy\" decoding=\"async\" width=\"311\" height=\"303\" src=\"https:\/\/frmedical.com.mx\/wp-content\/uploads\/2024\/04\/6.jpg\" class=\"attachment-full size-full wp-image-732\" alt=\"\" srcset=\"https:\/\/frmedical.com.mx\/wp-content\/uploads\/2024\/04\/6.jpg 311w, https:\/\/frmedical.com.mx\/wp-content\/uploads\/2024\/04\/6-300x292.jpg 300w\" sizes=\"(max-width: 311px) 100vw, 311px\" \/>\t\t\t\t\t\t\t\t\t\t\t\t\t\t\t<\/div>\n\t\t\t\t<\/div>\n\t\t\t\t\t<\/div>\n\t\t<\/div>\n\t\t\t\t\t<\/div>\n\t\t<\/section>\n\t\t\t\t<section class=\"elementor-section elementor-top-section elementor-element elementor-element-47cd9f7 elementor-section-boxed elementor-section-height-default elementor-section-height-default\" data-id=\"47cd9f7\" data-element_type=\"section\" data-e-type=\"section\" data-settings=\"{&quot;background_background&quot;:&quot;classic&quot;}\">\n\t\t\t\t\t\t<div class=\"elementor-container elementor-column-gap-default\">\n\t\t\t\t\t<div class=\"elementor-column elementor-col-100 elementor-top-column elementor-element elementor-element-a00ac81\" data-id=\"a00ac81\" data-element_type=\"column\" data-e-type=\"column\">\n\t\t\t<div class=\"elementor-widget-wrap elementor-element-populated\">\n\t\t\t\t\t\t<div class=\"elementor-element elementor-element-20e0c78 elementor-align-center elementor-widget elementor-widget-button\" data-id=\"20e0c78\" data-element_type=\"widget\" data-e-type=\"widget\" data-widget_type=\"button.default\">\n\t\t\t\t<div class=\"elementor-widget-container\">\n\t\t\t\t\t\t\t\t\t<div class=\"elementor-button-wrapper\">\n\t\t\t\t\t<a class=\"elementor-button elementor-button-link elementor-size-sm\" href=\"https:\/\/frmedical.com.mx\/?page_id=30\">\n\t\t\t\t\t\t<span class=\"elementor-button-content-wrapper\">\n\t\t\t\t\t\t<span class=\"elementor-button-icon\">\n\t\t\t\t<svg aria-hidden=\"true\" class=\"e-font-icon-svg e-fas-caret-right\" viewBox=\"0 0 192 512\" xmlns=\"http:\/\/www.w3.org\/2000\/svg\"><path d=\"M0 384.662V127.338c0-17.818 21.543-26.741 34.142-14.142l128.662 128.662c7.81 7.81 7.81 20.474 0 28.284L34.142 398.804C21.543 411.404 0 402.48 0 384.662z\"><\/path><\/svg>\t\t\t<\/span>\n\t\t\t\t\t\t\t\t\t<span class=\"elementor-button-text\">M\u00e1s informaci\u00f3n<\/span>\n\t\t\t\t\t<\/span>\n\t\t\t\t\t<\/a>\n\t\t\t\t<\/div>\n\t\t\t\t\t\t\t\t<\/div>\n\t\t\t\t<\/div>\n\t\t\t\t\t<\/div>\n\t\t<\/div>\n\t\t\t\t\t<\/div>\n\t\t<\/section>\n\t\t\t\t<\/div>\n\t\t","protected":false},"excerpt":{"rendered":"<p>PECTUS ARCUATUM Es una deformidad de la pared tor\u00e1cica que combina el Pectus Excavatum y el Pectus Carinatum. La mayor\u00eda de los casos corresponde a hallazgos aislados, es decir, que no se asocian con ninguna otra condici\u00f3n. Es menos frecuente que el Pectus excavatum y sus repercusiones funcionales son menos importantes, pues tan s\u00f3lo son&#8230;<\/p>\n","protected":false},"author":1,"featured_media":0,"parent":0,"menu_order":0,"comment_status":"closed","ping_status":"closed","template":"","meta":{"_monsterinsights_skip_tracking":false,"_monsterinsights_sitenote_active":false,"_monsterinsights_sitenote_note":"","_monsterinsights_sitenote_category":0,"_joinchat":[],"footnotes":""},"class_list":["post-20","page","type-page","status-publish","hentry"],"_links":{"self":[{"href":"https:\/\/frmedical.com.mx\/index.php?rest_route=\/wp\/v2\/pages\/20","targetHints":{"allow":["GET"]}}],"collection":[{"href":"https:\/\/frmedical.com.mx\/index.php?rest_route=\/wp\/v2\/pages"}],"about":[{"href":"https:\/\/frmedical.com.mx\/index.php?rest_route=\/wp\/v2\/types\/page"}],"author":[{"embeddable":true,"href":"https:\/\/frmedical.com.mx\/index.php?rest_route=\/wp\/v2\/users\/1"}],"replies":[{"embeddable":true,"href":"https:\/\/frmedical.com.mx\/index.php?rest_route=%2Fwp%2Fv2%2Fcomments&post=20"}],"version-history":[{"count":113,"href":"https:\/\/frmedical.com.mx\/index.php?rest_route=\/wp\/v2\/pages\/20\/revisions"}],"predecessor-version":[{"id":3274,"href":"https:\/\/frmedical.com.mx\/index.php?rest_route=\/wp\/v2\/pages\/20\/revisions\/3274"}],"wp:attachment":[{"href":"https:\/\/frmedical.com.mx\/index.php?rest_route=%2Fwp%2Fv2%2Fmedia&parent=20"}],"curies":[{"name":"wp","href":"https:\/\/api.w.org\/{rel}","templated":true}]}}