{"id":18,"date":"2024-04-18T18:43:11","date_gmt":"2024-04-18T18:43:11","guid":{"rendered":"https:\/\/frmedical.com.mx\/?page_id=18"},"modified":"2025-02-04T16:25:33","modified_gmt":"2025-02-04T16:25:33","slug":"pectus-carinatum","status":"publish","type":"page","link":"https:\/\/frmedical.com.mx\/?page_id=18","title":{"rendered":"PECTUS CARINATUM"},"content":{"rendered":"\t\t<div data-elementor-type=\"wp-page\" data-elementor-id=\"18\" class=\"elementor elementor-18\" data-elementor-post-type=\"page\">\n\t\t\t\t\t\t<section class=\"elementor-section elementor-top-section elementor-element elementor-element-5e162a3 elementor-section-boxed elementor-section-height-default elementor-section-height-default\" data-id=\"5e162a3\" data-element_type=\"section\" data-e-type=\"section\" data-settings=\"{&quot;background_background&quot;:&quot;classic&quot;}\">\n\t\t\t\t\t\t\t<div class=\"elementor-background-overlay\"><\/div>\n\t\t\t\t\t\t\t<div class=\"elementor-container elementor-column-gap-no\">\n\t\t\t\t\t<div class=\"elementor-column elementor-col-100 elementor-top-column elementor-element elementor-element-9a66a19\" data-id=\"9a66a19\" data-element_type=\"column\" data-e-type=\"column\" data-settings=\"{&quot;background_background&quot;:&quot;classic&quot;}\">\n\t\t\t<div class=\"elementor-widget-wrap elementor-element-populated\">\n\t\t\t\t\t\t<div class=\"elementor-element elementor-element-a98566d elementor-widget elementor-widget-heading\" data-id=\"a98566d\" data-element_type=\"widget\" data-e-type=\"widget\" data-widget_type=\"heading.default\">\n\t\t\t\t<div class=\"elementor-widget-container\">\n\t\t\t\t\t<h2 class=\"elementor-heading-title elementor-size-default\">PECTUS CARINATUM<\/h2>\t\t\t\t<\/div>\n\t\t\t\t<\/div>\n\t\t\t\t\t<\/div>\n\t\t<\/div>\n\t\t\t\t\t<\/div>\n\t\t<\/section>\n\t\t\t\t<section class=\"elementor-section elementor-top-section elementor-element elementor-element-7ee8c90 elementor-section-boxed elementor-section-height-default elementor-section-height-default\" data-id=\"7ee8c90\" data-element_type=\"section\" data-e-type=\"section\" data-settings=\"{&quot;background_background&quot;:&quot;classic&quot;}\">\n\t\t\t\t\t\t<div class=\"elementor-container elementor-column-gap-default\">\n\t\t\t\t\t<div class=\"elementor-column elementor-col-50 elementor-top-column elementor-element elementor-element-92ddcf7 elementor-invisible\" data-id=\"92ddcf7\" data-element_type=\"column\" data-e-type=\"column\" data-settings=\"{&quot;animation&quot;:&quot;fadeInRight&quot;}\">\n\t\t\t<div class=\"elementor-widget-wrap elementor-element-populated\">\n\t\t\t\t\t\t<div class=\"elementor-element elementor-element-2654d99 elementor-widget elementor-widget-heading\" data-id=\"2654d99\" data-element_type=\"widget\" data-e-type=\"widget\" data-widget_type=\"heading.default\">\n\t\t\t\t<div class=\"elementor-widget-container\">\n\t\t\t\t\t<h2 class=\"elementor-heading-title elementor-size-default\">PECTUS CARINATUM<\/h2>\t\t\t\t<\/div>\n\t\t\t\t<\/div>\n\t\t\t\t<div class=\"elementor-element elementor-element-4d25cbf elementor-widget elementor-widget-text-editor\" data-id=\"4d25cbf\" data-element_type=\"widget\" data-e-type=\"widget\" data-widget_type=\"text-editor.default\">\n\t\t\t\t<div class=\"elementor-widget-container\">\n\t\t\t\t\t\t\t\t\t<p>El t\u00f3rax en quilla o Pectus Carinatum, es una deformidad del t\u00f3rax que se caracteriza por una protrusi\u00f3n del estern\u00f3n y las costillas. Es lo contrario de Pectus Excavatum. Tambi\u00e9n se le conoce coloquialmente como \u00abPecho de Paloma\u00bb.<\/p><p>Es menos frecuente que el Pectus excavatum y sus repercusiones funcionales son menos importantes, pues tan solo son est\u00e9ticas y las psicol\u00f3gicas derivadas del padecimiento.<\/p>\t\t\t\t\t\t\t\t<\/div>\n\t\t\t\t<\/div>\n\t\t\t\t\t<\/div>\n\t\t<\/div>\n\t\t\t\t<div class=\"elementor-column elementor-col-50 elementor-top-column elementor-element elementor-element-fc2c032 elementor-invisible\" data-id=\"fc2c032\" data-element_type=\"column\" data-e-type=\"column\" data-settings=\"{&quot;animation&quot;:&quot;fadeInRight&quot;}\">\n\t\t\t<div class=\"elementor-widget-wrap elementor-element-populated\">\n\t\t\t\t\t\t<div class=\"elementor-element elementor-element-adeeea3 elementor-widget elementor-widget-image\" data-id=\"adeeea3\" data-element_type=\"widget\" data-e-type=\"widget\" data-widget_type=\"image.default\">\n\t\t\t\t<div class=\"elementor-widget-container\">\n\t\t\t\t\t\t\t\t\t\t\t\t\t\t\t<img fetchpriority=\"high\" decoding=\"async\" width=\"476\" height=\"317\" src=\"https:\/\/frmedical.com.mx\/wp-content\/uploads\/2024\/04\/111.jpg\" class=\"attachment-full size-full wp-image-714\" alt=\"\" srcset=\"https:\/\/frmedical.com.mx\/wp-content\/uploads\/2024\/04\/111.jpg 476w, https:\/\/frmedical.com.mx\/wp-content\/uploads\/2024\/04\/111-300x200.jpg 300w\" sizes=\"(max-width: 476px) 100vw, 476px\" \/>\t\t\t\t\t\t\t\t\t\t\t\t\t\t\t<\/div>\n\t\t\t\t<\/div>\n\t\t\t\t\t<\/div>\n\t\t<\/div>\n\t\t\t\t\t<\/div>\n\t\t<\/section>\n\t\t\t\t<section class=\"elementor-section elementor-top-section elementor-element elementor-element-98207fb elementor-section-boxed elementor-section-height-default elementor-section-height-default\" data-id=\"98207fb\" data-element_type=\"section\" data-e-type=\"section\" data-settings=\"{&quot;background_background&quot;:&quot;classic&quot;}\">\n\t\t\t\t\t\t<div class=\"elementor-container elementor-column-gap-default\">\n\t\t\t\t\t<div class=\"elementor-column elementor-col-100 elementor-top-column elementor-element elementor-element-94a187c elementor-invisible\" data-id=\"94a187c\" data-element_type=\"column\" data-e-type=\"column\" data-settings=\"{&quot;animation&quot;:&quot;fadeInRight&quot;}\">\n\t\t\t<div class=\"elementor-widget-wrap elementor-element-populated\">\n\t\t\t\t\t\t<div class=\"elementor-element elementor-element-10da3c3 elementor-widget elementor-widget-heading\" data-id=\"10da3c3\" data-element_type=\"widget\" data-e-type=\"widget\" data-widget_type=\"heading.default\">\n\t\t\t\t<div class=\"elementor-widget-container\">\n\t\t\t\t\t<h2 class=\"elementor-heading-title elementor-size-default\">TRATAMIENTO PECTUS CARINATUM<\/h2>\t\t\t\t<\/div>\n\t\t\t\t<\/div>\n\t\t\t\t<div class=\"elementor-element elementor-element-2065fb4 elementor-widget elementor-widget-text-editor\" data-id=\"2065fb4\" data-element_type=\"widget\" data-e-type=\"widget\" data-widget_type=\"text-editor.default\">\n\t\t\t\t<div class=\"elementor-widget-container\">\n\t\t\t\t\t\t\t\t\t<p>Las personas con este defecto generalmente desarrollan coraz\u00f3n y pulmones normales, pero este defecto puede impedir que funcionen de manera \u00f3ptima. En otros casos la pared tor\u00e1cica es r\u00edgida, por lo tanto, las respiraciones son ineficientes y el individuo tiene que usar el diafragma. Algunos ni\u00f1os con Pectus Carinatum tambi\u00e9n tienen escoliosis. Puede asociar trastornos del tejido conectivo que involucre anomal\u00edas estructurales de los vasos sangu\u00edneos principales y v\u00e1lvulas del coraz\u00f3n.<\/p>\t\t\t\t\t\t\t\t<\/div>\n\t\t\t\t<\/div>\n\t\t\t\t<div class=\"elementor-element elementor-element-a86fe93 elementor-widget elementor-widget-heading\" data-id=\"a86fe93\" data-element_type=\"widget\" data-e-type=\"widget\" data-widget_type=\"heading.default\">\n\t\t\t\t<div class=\"elementor-widget-container\">\n\t\t\t\t\t<h2 class=\"elementor-heading-title elementor-size-default\">TRATAMIENTO DEL PECTUS CARINATUM: CORRECCI\u00d3N Y REPARACI\u00d3N QUIR\u00daRGICA.<\/h2>\t\t\t\t<\/div>\n\t\t\t\t<\/div>\n\t\t\t\t<div class=\"elementor-element elementor-element-a9004a4 elementor-widget elementor-widget-text-editor\" data-id=\"a9004a4\" data-element_type=\"widget\" data-e-type=\"widget\" data-widget_type=\"text-editor.default\">\n\t\t\t\t<div class=\"elementor-widget-container\">\n\t\t\t\t\t\t\t\t\t<p>La correcci\u00f3n del Pectus Carinatum con el sistema StraTos\u2122 de clips costales y barras de titanio es una t\u00e9cnica cada vez m\u00e1s usada y aceptada por la gran versatilidad que tiene ya que es una excelente opci\u00f3n para Pectus Excavatum, Pectus Carinatum y Pectus Arcatum.<\/p>\t\t\t\t\t\t\t\t<\/div>\n\t\t\t\t<\/div>\n\t\t\t\t\t<\/div>\n\t\t<\/div>\n\t\t\t\t\t<\/div>\n\t\t<\/section>\n\t\t\t\t<section class=\"elementor-section elementor-top-section elementor-element elementor-element-d4e4680 elementor-section-boxed elementor-section-height-default elementor-section-height-default\" data-id=\"d4e4680\" data-element_type=\"section\" data-e-type=\"section\" data-settings=\"{&quot;background_background&quot;:&quot;classic&quot;}\">\n\t\t\t\t\t\t<div class=\"elementor-container elementor-column-gap-default\">\n\t\t\t\t\t<div class=\"elementor-column elementor-col-50 elementor-top-column elementor-element elementor-element-9e2fa98 elementor-invisible\" data-id=\"9e2fa98\" data-element_type=\"column\" data-e-type=\"column\" data-settings=\"{&quot;animation&quot;:&quot;fadeInRight&quot;}\">\n\t\t\t<div class=\"elementor-widget-wrap elementor-element-populated\">\n\t\t\t\t\t\t<div class=\"elementor-element elementor-element-825e5d9 elementor-widget elementor-widget-heading\" data-id=\"825e5d9\" data-element_type=\"widget\" data-e-type=\"widget\" data-widget_type=\"heading.default\">\n\t\t\t\t<div class=\"elementor-widget-container\">\n\t\t\t\t\t<h2 class=\"elementor-heading-title elementor-size-default\">CORECCI\u00d3N CON SISTEMA STRATOS \u2122<\/h2>\t\t\t\t<\/div>\n\t\t\t\t<\/div>\n\t\t\t\t<div class=\"elementor-element elementor-element-1ee0ac0 elementor-widget elementor-widget-text-editor\" data-id=\"1ee0ac0\" data-element_type=\"widget\" data-e-type=\"widget\" data-widget_type=\"text-editor.default\">\n\t\t\t\t<div class=\"elementor-widget-container\">\n\t\t\t\t\t\t\t\t\t<div id=\"ppu32790\" class=\"clearfix grpelem\">\n<div id=\"ppu49931-4\" class=\"clearfix colelem\">\n<div id=\"pu49931-4\" class=\"clearfix grpelem\">\n<div id=\"u49932-10\" class=\"SR3 clearfix colelem mt-scroll-slide-bottom mt-scroll-show\">\n<p>La correcci\u00f3n del Pectus Excavatum con el sistema StraTos\u2122 de clips costales y barras de titanio es una t\u00e9cnica cada vez m\u00e1s usada y aceptada por la gran versatilidad que tiene ya que es una excelente opci\u00f3n para Pectus Excavatum, Pectus Carinatum y Pectus Arcatum.<\/p>\n<p>El sistema StraTos\u2122 es de titanio puro, esta caracter\u00edstica permite al producto ser implantado por tiempo indeterminado. Este sistema consta de clips costales de titanio de diferentes angulaciones y barras de titanio conectoras que unen a los clips costales. El sistema de clips costales de titanio StraTos\u2122 es un producto novedoso, de alta calidad y tiene la funci\u00f3n de soportar el estern\u00f3n para corregir la deformidad de la pared tor\u00e1cica.<\/p>\n<p>La cirug\u00eda para colocar el sistema StraTos\u2122, es una cirug\u00eda abierta ya que no se realiza con la misma t\u00e9cnica que la barra de acero Pectus (P.E.S.) pero los resultados son satisfactorios. La t\u00e9cnica quir\u00fargica que se emplea para la colocaci\u00f3n de los implantes se conoce como \u201ct\u00e9cnica de Ravitch\u201d.<\/p>\n<\/div>\n<\/div>\n<\/div>\n<div id=\"u49935-bw\" class=\"browser_width colelem\">\n<div id=\"u49935\">\n<div id=\"u49935_align_to_page\" class=\"clearfix\">\n<div id=\"pu49942\" class=\"clearfix grpelem\">&nbsp;<\/div>\n<\/div>\n<\/div>\n<\/div>\n<\/div>\t\t\t\t\t\t\t\t<\/div>\n\t\t\t\t<\/div>\n\t\t\t\t<div class=\"elementor-element elementor-element-8ab3b62 elementor-align-center elementor-widget elementor-widget-button\" data-id=\"8ab3b62\" data-element_type=\"widget\" data-e-type=\"widget\" data-widget_type=\"button.default\">\n\t\t\t\t<div class=\"elementor-widget-container\">\n\t\t\t\t\t\t\t\t\t<div class=\"elementor-button-wrapper\">\n\t\t\t\t\t<a class=\"elementor-button elementor-button-link elementor-size-sm\" href=\"https:\/\/frmedical.com.mx\/?page_id=30\">\n\t\t\t\t\t\t<span class=\"elementor-button-content-wrapper\">\n\t\t\t\t\t\t<span class=\"elementor-button-icon\">\n\t\t\t\t<svg aria-hidden=\"true\" class=\"e-font-icon-svg e-fas-caret-right\" viewBox=\"0 0 192 512\" xmlns=\"http:\/\/www.w3.org\/2000\/svg\"><path d=\"M0 384.662V127.338c0-17.818 21.543-26.741 34.142-14.142l128.662 128.662c7.81 7.81 7.81 20.474 0 28.284L34.142 398.804C21.543 411.404 0 402.48 0 384.662z\"><\/path><\/svg>\t\t\t<\/span>\n\t\t\t\t\t\t\t\t\t<span class=\"elementor-button-text\">M\u00e1s informaci\u00f3n<\/span>\n\t\t\t\t\t<\/span>\n\t\t\t\t\t<\/a>\n\t\t\t\t<\/div>\n\t\t\t\t\t\t\t\t<\/div>\n\t\t\t\t<\/div>\n\t\t\t\t\t<\/div>\n\t\t<\/div>\n\t\t\t\t<div class=\"elementor-column elementor-col-50 elementor-top-column elementor-element elementor-element-5655f18 elementor-invisible\" data-id=\"5655f18\" data-element_type=\"column\" data-e-type=\"column\" data-settings=\"{&quot;animation&quot;:&quot;fadeInRight&quot;}\">\n\t\t\t<div class=\"elementor-widget-wrap elementor-element-populated\">\n\t\t\t\t\t\t<div class=\"elementor-element elementor-element-d2564c1 elementor-widget elementor-widget-image\" data-id=\"d2564c1\" data-element_type=\"widget\" data-e-type=\"widget\" data-widget_type=\"image.default\">\n\t\t\t\t<div class=\"elementor-widget-container\">\n\t\t\t\t\t\t\t\t\t\t\t\t\t\t\t<img decoding=\"async\" width=\"2191\" height=\"2362\" src=\"https:\/\/frmedical.com.mx\/wp-content\/uploads\/2024\/07\/IND-STR-GRAF-Excavatum.png\" class=\"attachment-full size-full wp-image-1725\" alt=\"\" srcset=\"https:\/\/frmedical.com.mx\/wp-content\/uploads\/2024\/07\/IND-STR-GRAF-Excavatum.png 2191w, https:\/\/frmedical.com.mx\/wp-content\/uploads\/2024\/07\/IND-STR-GRAF-Excavatum-278x300.png 278w, https:\/\/frmedical.com.mx\/wp-content\/uploads\/2024\/07\/IND-STR-GRAF-Excavatum-950x1024.png 950w, https:\/\/frmedical.com.mx\/wp-content\/uploads\/2024\/07\/IND-STR-GRAF-Excavatum-768x828.png 768w, https:\/\/frmedical.com.mx\/wp-content\/uploads\/2024\/07\/IND-STR-GRAF-Excavatum-1425x1536.png 1425w, https:\/\/frmedical.com.mx\/wp-content\/uploads\/2024\/07\/IND-STR-GRAF-Excavatum-1900x2048.png 1900w\" sizes=\"(max-width: 2191px) 100vw, 2191px\" \/>\t\t\t\t\t\t\t\t\t\t\t\t\t\t\t<\/div>\n\t\t\t\t<\/div>\n\t\t\t\t<div class=\"elementor-element elementor-element-29cc195 elementor-widget elementor-widget-image\" data-id=\"29cc195\" data-element_type=\"widget\" data-e-type=\"widget\" data-widget_type=\"image.default\">\n\t\t\t\t<div class=\"elementor-widget-container\">\n\t\t\t\t\t\t\t\t\t\t\t\t\t\t\t<img decoding=\"async\" width=\"340\" height=\"300\" src=\"https:\/\/frmedical.com.mx\/wp-content\/uploads\/2024\/04\/8-1.jpg\" class=\"attachment-full size-full wp-image-738\" alt=\"\" srcset=\"https:\/\/frmedical.com.mx\/wp-content\/uploads\/2024\/04\/8-1.jpg 340w, https:\/\/frmedical.com.mx\/wp-content\/uploads\/2024\/04\/8-1-300x265.jpg 300w\" sizes=\"(max-width: 340px) 100vw, 340px\" \/>\t\t\t\t\t\t\t\t\t\t\t\t\t\t\t<\/div>\n\t\t\t\t<\/div>\n\t\t\t\t\t<\/div>\n\t\t<\/div>\n\t\t\t\t\t<\/div>\n\t\t<\/section>\n\t\t\t\t<section class=\"elementor-section elementor-top-section elementor-element elementor-element-8f99aaa elementor-section-boxed elementor-section-height-default elementor-section-height-default\" data-id=\"8f99aaa\" data-element_type=\"section\" data-e-type=\"section\" data-settings=\"{&quot;background_background&quot;:&quot;classic&quot;}\">\n\t\t\t\t\t\t<div class=\"elementor-container elementor-column-gap-default\">\n\t\t\t\t\t<div class=\"elementor-column elementor-col-100 elementor-top-column elementor-element elementor-element-98c446d elementor-invisible\" data-id=\"98c446d\" data-element_type=\"column\" data-e-type=\"column\" data-settings=\"{&quot;animation&quot;:&quot;fadeInRight&quot;}\">\n\t\t\t<div class=\"elementor-widget-wrap elementor-element-populated\">\n\t\t\t\t\t\t<div class=\"elementor-element elementor-element-00e0b42 elementor-widget elementor-widget-heading\" data-id=\"00e0b42\" data-element_type=\"widget\" data-e-type=\"widget\" data-widget_type=\"heading.default\">\n\t\t\t\t<div class=\"elementor-widget-container\">\n\t\t\t\t\t<h2 class=\"elementor-heading-title elementor-size-default\">CORRECCI\u00d3N CON SISTEMA P.E.S.\u2122<\/h2>\t\t\t\t<\/div>\n\t\t\t\t<\/div>\n\t\t\t\t<div class=\"elementor-element elementor-element-d1cf809 elementor-widget elementor-widget-text-editor\" data-id=\"d1cf809\" data-element_type=\"widget\" data-e-type=\"widget\" data-widget_type=\"text-editor.default\">\n\t\t\t\t<div class=\"elementor-widget-container\">\n\t\t\t\t\t\t\t\t\t<div id=\"ppu32790\" class=\"clearfix grpelem\"><div id=\"ppu49931-4\" class=\"clearfix colelem\"><div id=\"pu49931-4\" class=\"clearfix grpelem\"><div id=\"u49932-10\" class=\"SR3 clearfix colelem mt-scroll-slide-bottom mt-scroll-show\"><p>El principio de este procedimiento consta en insertar una barra Pectus (P.E.S.) de acero inoxidable invertida por medio de control visual (toracoscopia).<\/p><\/div><\/div><\/div><div id=\"u49935-bw\" class=\"browser_width colelem\"><div id=\"u49935\"><div id=\"u49935_align_to_page\" class=\"clearfix\"><div id=\"pu49942\" class=\"clearfix grpelem\">\u00a0<\/div><\/div><\/div><\/div><\/div>\t\t\t\t\t\t\t\t<\/div>\n\t\t\t\t<\/div>\n\t\t\t\t\t<\/div>\n\t\t<\/div>\n\t\t\t\t\t<\/div>\n\t\t<\/section>\n\t\t\t\t<section class=\"elementor-section elementor-top-section elementor-element elementor-element-04c8ae7 elementor-section-boxed elementor-section-height-default elementor-section-height-default\" data-id=\"04c8ae7\" data-element_type=\"section\" data-e-type=\"section\" data-settings=\"{&quot;background_background&quot;:&quot;classic&quot;}\">\n\t\t\t\t\t\t<div class=\"elementor-container elementor-column-gap-default\">\n\t\t\t\t\t<div class=\"elementor-column elementor-col-33 elementor-top-column elementor-element elementor-element-6dc1a90\" data-id=\"6dc1a90\" data-element_type=\"column\" data-e-type=\"column\">\n\t\t\t<div class=\"elementor-widget-wrap elementor-element-populated\">\n\t\t\t\t\t\t<div class=\"elementor-element elementor-element-64657c1 elementor-widget elementor-widget-image\" data-id=\"64657c1\" data-element_type=\"widget\" data-e-type=\"widget\" data-widget_type=\"image.default\">\n\t\t\t\t<div class=\"elementor-widget-container\">\n\t\t\t\t\t\t\t\t\t\t\t\t\t\t\t<img loading=\"lazy\" decoding=\"async\" width=\"285\" height=\"200\" src=\"https:\/\/frmedical.com.mx\/wp-content\/uploads\/2024\/04\/3.jpg\" class=\"attachment-full size-full wp-image-734\" alt=\"\" \/>\t\t\t\t\t\t\t\t\t\t\t\t\t\t\t<\/div>\n\t\t\t\t<\/div>\n\t\t\t\t\t<\/div>\n\t\t<\/div>\n\t\t\t\t<div class=\"elementor-column elementor-col-33 elementor-top-column elementor-element elementor-element-1fb5b22\" data-id=\"1fb5b22\" data-element_type=\"column\" data-e-type=\"column\">\n\t\t\t<div class=\"elementor-widget-wrap elementor-element-populated\">\n\t\t\t\t\t\t<div class=\"elementor-element elementor-element-9d9a9fc elementor-widget elementor-widget-image\" data-id=\"9d9a9fc\" data-element_type=\"widget\" data-e-type=\"widget\" data-widget_type=\"image.default\">\n\t\t\t\t<div class=\"elementor-widget-container\">\n\t\t\t\t\t\t\t\t\t\t\t\t\t\t\t<img loading=\"lazy\" decoding=\"async\" width=\"281\" height=\"200\" src=\"https:\/\/frmedical.com.mx\/wp-content\/uploads\/2024\/04\/4.jpg\" class=\"attachment-full size-full wp-image-733\" alt=\"\" \/>\t\t\t\t\t\t\t\t\t\t\t\t\t\t\t<\/div>\n\t\t\t\t<\/div>\n\t\t\t\t\t<\/div>\n\t\t<\/div>\n\t\t\t\t<div class=\"elementor-column elementor-col-33 elementor-top-column elementor-element elementor-element-eb8084d\" data-id=\"eb8084d\" data-element_type=\"column\" data-e-type=\"column\">\n\t\t\t<div class=\"elementor-widget-wrap elementor-element-populated\">\n\t\t\t\t\t\t<div class=\"elementor-element elementor-element-23347ea elementor-widget elementor-widget-image\" data-id=\"23347ea\" data-element_type=\"widget\" data-e-type=\"widget\" data-widget_type=\"image.default\">\n\t\t\t\t<div class=\"elementor-widget-container\">\n\t\t\t\t\t\t\t\t\t\t\t\t\t\t\t<img loading=\"lazy\" decoding=\"async\" width=\"311\" height=\"303\" src=\"https:\/\/frmedical.com.mx\/wp-content\/uploads\/2024\/04\/6.jpg\" class=\"attachment-full size-full wp-image-732\" alt=\"\" srcset=\"https:\/\/frmedical.com.mx\/wp-content\/uploads\/2024\/04\/6.jpg 311w, https:\/\/frmedical.com.mx\/wp-content\/uploads\/2024\/04\/6-300x292.jpg 300w\" sizes=\"(max-width: 311px) 100vw, 311px\" \/>\t\t\t\t\t\t\t\t\t\t\t\t\t\t\t<\/div>\n\t\t\t\t<\/div>\n\t\t\t\t\t<\/div>\n\t\t<\/div>\n\t\t\t\t\t<\/div>\n\t\t<\/section>\n\t\t\t\t<section class=\"elementor-section elementor-top-section elementor-element elementor-element-0d85a05 elementor-section-boxed elementor-section-height-default elementor-section-height-default\" data-id=\"0d85a05\" data-element_type=\"section\" data-e-type=\"section\" data-settings=\"{&quot;background_background&quot;:&quot;classic&quot;}\">\n\t\t\t\t\t\t<div class=\"elementor-container elementor-column-gap-default\">\n\t\t\t\t\t<div class=\"elementor-column elementor-col-100 elementor-top-column elementor-element elementor-element-bc38c76\" data-id=\"bc38c76\" data-element_type=\"column\" data-e-type=\"column\">\n\t\t\t<div class=\"elementor-widget-wrap elementor-element-populated\">\n\t\t\t\t\t\t<div class=\"elementor-element elementor-element-9f5c3a5 elementor-align-center elementor-widget elementor-widget-button\" data-id=\"9f5c3a5\" data-element_type=\"widget\" data-e-type=\"widget\" data-widget_type=\"button.default\">\n\t\t\t\t<div class=\"elementor-widget-container\">\n\t\t\t\t\t\t\t\t\t<div class=\"elementor-button-wrapper\">\n\t\t\t\t\t<a class=\"elementor-button elementor-button-link elementor-size-sm\" href=\"https:\/\/frmedical.com.mx\/?page_id=30\">\n\t\t\t\t\t\t<span class=\"elementor-button-content-wrapper\">\n\t\t\t\t\t\t<span class=\"elementor-button-icon\">\n\t\t\t\t<svg aria-hidden=\"true\" class=\"e-font-icon-svg e-fas-caret-right\" viewBox=\"0 0 192 512\" xmlns=\"http:\/\/www.w3.org\/2000\/svg\"><path d=\"M0 384.662V127.338c0-17.818 21.543-26.741 34.142-14.142l128.662 128.662c7.81 7.81 7.81 20.474 0 28.284L34.142 398.804C21.543 411.404 0 402.48 0 384.662z\"><\/path><\/svg>\t\t\t<\/span>\n\t\t\t\t\t\t\t\t\t<span class=\"elementor-button-text\">M\u00e1s informaci\u00f3n<\/span>\n\t\t\t\t\t<\/span>\n\t\t\t\t\t<\/a>\n\t\t\t\t<\/div>\n\t\t\t\t\t\t\t\t<\/div>\n\t\t\t\t<\/div>\n\t\t\t\t\t<\/div>\n\t\t<\/div>\n\t\t\t\t\t<\/div>\n\t\t<\/section>\n\t\t\t\t<\/div>\n\t\t","protected":false},"excerpt":{"rendered":"<p>PECTUS CARINATUM El t\u00f3rax en quilla o Pectus Carinatum, es una deformidad del t\u00f3rax que se caracteriza por una protrusi\u00f3n del estern\u00f3n y las costillas. Es lo contrario de Pectus Excavatum. Tambi\u00e9n se le conoce coloquialmente como \u00abPecho de Paloma\u00bb. Es menos frecuente que el Pectus excavatum y sus repercusiones funcionales son menos importantes, pues&#8230;<\/p>\n","protected":false},"author":1,"featured_media":0,"parent":0,"menu_order":0,"comment_status":"closed","ping_status":"closed","template":"","meta":{"_monsterinsights_skip_tracking":false,"_monsterinsights_sitenote_active":false,"_monsterinsights_sitenote_note":"","_monsterinsights_sitenote_category":0,"_joinchat":[],"footnotes":""},"class_list":["post-18","page","type-page","status-publish","hentry"],"_links":{"self":[{"href":"https:\/\/frmedical.com.mx\/index.php?rest_route=\/wp\/v2\/pages\/18","targetHints":{"allow":["GET"]}}],"collection":[{"href":"https:\/\/frmedical.com.mx\/index.php?rest_route=\/wp\/v2\/pages"}],"about":[{"href":"https:\/\/frmedical.com.mx\/index.php?rest_route=\/wp\/v2\/types\/page"}],"author":[{"embeddable":true,"href":"https:\/\/frmedical.com.mx\/index.php?rest_route=\/wp\/v2\/users\/1"}],"replies":[{"embeddable":true,"href":"https:\/\/frmedical.com.mx\/index.php?rest_route=%2Fwp%2Fv2%2Fcomments&post=18"}],"version-history":[{"count":22,"href":"https:\/\/frmedical.com.mx\/index.php?rest_route=\/wp\/v2\/pages\/18\/revisions"}],"predecessor-version":[{"id":3277,"href":"https:\/\/frmedical.com.mx\/index.php?rest_route=\/wp\/v2\/pages\/18\/revisions\/3277"}],"wp:attachment":[{"href":"https:\/\/frmedical.com.mx\/index.php?rest_route=%2Fwp%2Fv2%2Fmedia&parent=18"}],"curies":[{"name":"wp","href":"https:\/\/api.w.org\/{rel}","templated":true}]}}