{"id":1575,"date":"2024-06-26T20:57:27","date_gmt":"2024-06-26T20:57:27","guid":{"rendered":"https:\/\/frmedical.com.mx\/?page_id=1575"},"modified":"2024-08-05T22:57:02","modified_gmt":"2024-08-05T22:57:02","slug":"rinoralingoscopio-flexible-y-monitor-dvm-a1","status":"publish","type":"page","link":"https:\/\/frmedical.com.mx\/?page_id=1575","title":{"rendered":"RINORALINGOSCOPIO"},"content":{"rendered":"\t\t<div data-elementor-type=\"wp-page\" data-elementor-id=\"1575\" class=\"elementor elementor-1575\" data-elementor-post-type=\"page\">\n\t\t\t\t\t\t<section class=\"elementor-section elementor-top-section elementor-element elementor-element-f3a5d64 elementor-section-boxed elementor-section-height-default elementor-section-height-default\" data-id=\"f3a5d64\" data-element_type=\"section\" data-e-type=\"section\" data-settings=\"{&quot;background_background&quot;:&quot;classic&quot;}\">\n\t\t\t\t\t\t\t<div class=\"elementor-background-overlay\"><\/div>\n\t\t\t\t\t\t\t<div class=\"elementor-container elementor-column-gap-no\">\n\t\t\t\t\t<div class=\"elementor-column elementor-col-100 elementor-top-column elementor-element elementor-element-014d2b3\" data-id=\"014d2b3\" data-element_type=\"column\" data-e-type=\"column\" data-settings=\"{&quot;background_background&quot;:&quot;classic&quot;}\">\n\t\t\t<div class=\"elementor-widget-wrap elementor-element-populated\">\n\t\t\t\t\t\t<div class=\"elementor-element elementor-element-ab80c2b elementor-widget elementor-widget-heading\" data-id=\"ab80c2b\" data-element_type=\"widget\" data-e-type=\"widget\" data-widget_type=\"heading.default\">\n\t\t\t\t<div class=\"elementor-widget-container\">\n\t\t\t\t\t<h2 class=\"elementor-heading-title elementor-size-default\">RINORALINGOSCOPIO<\/h2>\t\t\t\t<\/div>\n\t\t\t\t<\/div>\n\t\t\t\t\t<\/div>\n\t\t<\/div>\n\t\t\t\t\t<\/div>\n\t\t<\/section>\n\t\t\t\t<section class=\"elementor-section elementor-top-section elementor-element elementor-element-6705981 elementor-section-boxed elementor-section-height-default elementor-section-height-default\" data-id=\"6705981\" data-element_type=\"section\" data-e-type=\"section\" data-settings=\"{&quot;background_background&quot;:&quot;classic&quot;}\">\n\t\t\t\t\t\t<div class=\"elementor-container elementor-column-gap-default\">\n\t\t\t\t\t<div class=\"elementor-column elementor-col-50 elementor-top-column elementor-element elementor-element-3608359 elementor-invisible\" data-id=\"3608359\" data-element_type=\"column\" data-e-type=\"column\" data-settings=\"{&quot;animation&quot;:&quot;fadeInRight&quot;}\">\n\t\t\t<div class=\"elementor-widget-wrap elementor-element-populated\">\n\t\t\t\t\t\t<div class=\"elementor-element elementor-element-b0fe7fc elementor-widget elementor-widget-heading\" data-id=\"b0fe7fc\" data-element_type=\"widget\" data-e-type=\"widget\" data-widget_type=\"heading.default\">\n\t\t\t\t<div class=\"elementor-widget-container\">\n\t\t\t\t\t<h2 class=\"elementor-heading-title elementor-size-default\">RINORALINGOSCOPIO FLEXIBLE<\/h2>\t\t\t\t<\/div>\n\t\t\t\t<\/div>\n\t\t\t\t<div class=\"elementor-element elementor-element-abacac5 elementor-widget elementor-widget-text-editor\" data-id=\"abacac5\" data-element_type=\"widget\" data-e-type=\"widget\" data-widget_type=\"text-editor.default\">\n\t\t\t\t<div class=\"elementor-widget-container\">\n\t\t\t\t\t\t\t\t\t<ul><li><strong>Muestra y graba la imagen endosc\u00f3pica<\/strong><\/li><\/ul><hr \/><h3>Caracter\u00edsticas:<\/h3><ul><li><p><strong>Rango de Flexi\u00f3n<\/strong>:<\/p><ul><li>Un rango de angulaci\u00f3n con una amplitud de \u00b1 210\u00b0, permite una inserci\u00f3n simple en las v\u00edas superiores y ofrece la flexibilidad para un mejor desempe\u00f1o durante el procedimiento.<\/li><li>Arriba 210\u00b0.<\/li><li>Abajo 210\u00b0.<\/li><\/ul><\/li><li><p><strong>Di\u00e1metro Delgado<\/strong>:<\/p><ul><li>Un tubo de inserci\u00f3n delgado le permite acercarse con m\u00e1s facilidad a las cavidades nasal, faringe y laringe, lo que hace que el alcance de observaci\u00f3n sea m\u00e1s integral.<\/li><\/ul><\/li><li><p><strong>Campo de Visi\u00f3n<\/strong>:<\/p><ul><li>El campo se puede explorar exhaustivamente con el campo de visi\u00f3n de 110\u00b0 de amplitud.<\/li><\/ul><\/li><\/ul><h3>Otros elementos destacados:<\/h3><ul><li>Conexi\u00f3n para succi\u00f3n.<\/li><li>Bot\u00f3n de succi\u00f3n.<\/li><li>Imagen instant\u00e1nea.<\/li><li>Puerto de canal de trabajo.<\/li><li>Palanca de control.<\/li><li>Canal de trabajo.<\/li><li>Capacidad de flexi\u00f3n.<\/li><\/ul>\t\t\t\t\t\t\t\t<\/div>\n\t\t\t\t<\/div>\n\t\t\t\t<div class=\"elementor-element elementor-element-42fc12b elementor-align-center elementor-widget elementor-widget-button\" data-id=\"42fc12b\" data-element_type=\"widget\" data-e-type=\"widget\" data-widget_type=\"button.default\">\n\t\t\t\t<div class=\"elementor-widget-container\">\n\t\t\t\t\t\t\t\t\t<div class=\"elementor-button-wrapper\">\n\t\t\t\t\t<a class=\"elementor-button elementor-button-link elementor-size-sm\" href=\"https:\/\/frmedical.com.mx\/wp-content\/uploads\/2024\/08\/FOLLETO-RINOLARINGOSCOPIO.pdf\" target=\"_blank\">\n\t\t\t\t\t\t<span class=\"elementor-button-content-wrapper\">\n\t\t\t\t\t\t<span class=\"elementor-button-icon\">\n\t\t\t\t<svg aria-hidden=\"true\" class=\"e-font-icon-svg e-fas-file-download\" viewBox=\"0 0 384 512\" xmlns=\"http:\/\/www.w3.org\/2000\/svg\"><path d=\"M224 136V0H24C10.7 0 0 10.7 0 24v464c0 13.3 10.7 24 24 24h336c13.3 0 24-10.7 24-24V160H248c-13.2 0-24-10.8-24-24zm76.45 211.36l-96.42 95.7c-6.65 6.61-17.39 6.61-24.04 0l-96.42-95.7C73.42 337.29 80.54 320 94.82 320H160v-80c0-8.84 7.16-16 16-16h32c8.84 0 16 7.16 16 16v80h65.18c14.28 0 21.4 17.29 11.27 27.36zM377 105L279.1 7c-4.5-4.5-10.6-7-17-7H256v128h128v-6.1c0-6.3-2.5-12.4-7-16.9z\"><\/path><\/svg>\t\t\t<\/span>\n\t\t\t\t\t\t\t\t\t<span class=\"elementor-button-text\">Descargar cat\u00e1logo<\/span>\n\t\t\t\t\t<\/span>\n\t\t\t\t\t<\/a>\n\t\t\t\t<\/div>\n\t\t\t\t\t\t\t\t<\/div>\n\t\t\t\t<\/div>\n\t\t\t\t\t<\/div>\n\t\t<\/div>\n\t\t\t\t<div class=\"elementor-column elementor-col-50 elementor-top-column elementor-element elementor-element-3594b5b elementor-invisible\" data-id=\"3594b5b\" data-element_type=\"column\" data-e-type=\"column\" data-settings=\"{&quot;animation&quot;:&quot;fadeInRight&quot;}\">\n\t\t\t<div class=\"elementor-widget-wrap elementor-element-populated\">\n\t\t\t\t<div class=\"elementor-element elementor-element-aa55d5b e-flex e-con-boxed e-con e-parent\" data-id=\"aa55d5b\" data-element_type=\"container\" data-e-type=\"container\">\n\t\t\t\t\t<div class=\"e-con-inner\">\n\t\t<div class=\"elementor-element elementor-element-6e1e11e e-con-full e-flex e-con e-child\" data-id=\"6e1e11e\" data-element_type=\"container\" data-e-type=\"container\">\n\t\t\t\t<div class=\"elementor-element elementor-element-8a564a9 elementor-widget elementor-widget-image\" data-id=\"8a564a9\" data-element_type=\"widget\" data-e-type=\"widget\" data-widget_type=\"image.default\">\n\t\t\t\t<div class=\"elementor-widget-container\">\n\t\t\t\t\t\t\t\t\t\t\t\t\t\t\t<img fetchpriority=\"high\" decoding=\"async\" width=\"3300\" height=\"5100\" src=\"https:\/\/frmedical.com.mx\/wp-content\/uploads\/2024\/08\/RINOLARINGOSCOPIO-FLEXIBLE-2.png\" class=\"attachment-full size-full wp-image-2234\" alt=\"\" srcset=\"https:\/\/frmedical.com.mx\/wp-content\/uploads\/2024\/08\/RINOLARINGOSCOPIO-FLEXIBLE-2.png 3300w, https:\/\/frmedical.com.mx\/wp-content\/uploads\/2024\/08\/RINOLARINGOSCOPIO-FLEXIBLE-2-194x300.png 194w, https:\/\/frmedical.com.mx\/wp-content\/uploads\/2024\/08\/RINOLARINGOSCOPIO-FLEXIBLE-2-663x1024.png 663w, https:\/\/frmedical.com.mx\/wp-content\/uploads\/2024\/08\/RINOLARINGOSCOPIO-FLEXIBLE-2-768x1187.png 768w, https:\/\/frmedical.com.mx\/wp-content\/uploads\/2024\/08\/RINOLARINGOSCOPIO-FLEXIBLE-2-994x1536.png 994w, https:\/\/frmedical.com.mx\/wp-content\/uploads\/2024\/08\/RINOLARINGOSCOPIO-FLEXIBLE-2-1325x2048.png 1325w\" sizes=\"(max-width: 3300px) 100vw, 3300px\" \/>\t\t\t\t\t\t\t\t\t\t\t\t\t\t\t<\/div>\n\t\t\t\t<\/div>\n\t\t\t\t<\/div>\n\t\t<div class=\"elementor-element elementor-element-ca5d06d e-con-full e-flex e-con e-child\" data-id=\"ca5d06d\" data-element_type=\"container\" data-e-type=\"container\">\n\t\t\t\t<div class=\"elementor-element elementor-element-18ca406 elementor-widget elementor-widget-image\" data-id=\"18ca406\" data-element_type=\"widget\" data-e-type=\"widget\" data-widget_type=\"image.default\">\n\t\t\t\t<div class=\"elementor-widget-container\">\n\t\t\t\t\t\t\t\t\t\t\t\t\t\t\t<img decoding=\"async\" width=\"3300\" height=\"5100\" src=\"https:\/\/frmedical.com.mx\/wp-content\/uploads\/2024\/08\/RINOLARINGOSCOPIO-FLEXIBLE-1.png\" class=\"attachment-full size-full wp-image-2233\" alt=\"\" srcset=\"https:\/\/frmedical.com.mx\/wp-content\/uploads\/2024\/08\/RINOLARINGOSCOPIO-FLEXIBLE-1.png 3300w, https:\/\/frmedical.com.mx\/wp-content\/uploads\/2024\/08\/RINOLARINGOSCOPIO-FLEXIBLE-1-194x300.png 194w, https:\/\/frmedical.com.mx\/wp-content\/uploads\/2024\/08\/RINOLARINGOSCOPIO-FLEXIBLE-1-663x1024.png 663w, https:\/\/frmedical.com.mx\/wp-content\/uploads\/2024\/08\/RINOLARINGOSCOPIO-FLEXIBLE-1-768x1187.png 768w, https:\/\/frmedical.com.mx\/wp-content\/uploads\/2024\/08\/RINOLARINGOSCOPIO-FLEXIBLE-1-994x1536.png 994w, https:\/\/frmedical.com.mx\/wp-content\/uploads\/2024\/08\/RINOLARINGOSCOPIO-FLEXIBLE-1-1325x2048.png 1325w\" sizes=\"(max-width: 3300px) 100vw, 3300px\" \/>\t\t\t\t\t\t\t\t\t\t\t\t\t\t\t<\/div>\n\t\t\t\t<\/div>\n\t\t\t\t<\/div>\n\t\t\t\t\t<\/div>\n\t\t\t\t<\/div>\n\t\t\t\t\t<\/div>\n\t\t<\/div>\n\t\t\t\t\t<\/div>\n\t\t<\/section>\n\t\t\t\t<section class=\"elementor-section elementor-top-section elementor-element elementor-element-05d241d elementor-section-boxed elementor-section-height-default elementor-section-height-default\" data-id=\"05d241d\" data-element_type=\"section\" data-e-type=\"section\" data-settings=\"{&quot;background_background&quot;:&quot;classic&quot;}\">\n\t\t\t\t\t\t<div class=\"elementor-container elementor-column-gap-default\">\n\t\t\t\t\t<div class=\"elementor-column elementor-col-50 elementor-top-column elementor-element elementor-element-7b82f8e elementor-invisible\" data-id=\"7b82f8e\" data-element_type=\"column\" data-e-type=\"column\" data-settings=\"{&quot;animation&quot;:&quot;fadeInRight&quot;}\">\n\t\t\t<div class=\"elementor-widget-wrap elementor-element-populated\">\n\t\t\t\t\t\t<div class=\"elementor-element elementor-element-31489c9 elementor-widget elementor-widget-heading\" data-id=\"31489c9\" data-element_type=\"widget\" data-e-type=\"widget\" data-widget_type=\"heading.default\">\n\t\t\t\t<div class=\"elementor-widget-container\">\n\t\t\t\t\t<h2 class=\"elementor-heading-title elementor-size-default\">Monitor de Video Digital Vathin<\/h2>\t\t\t\t<\/div>\n\t\t\t\t<\/div>\n\t\t\t\t<div class=\"elementor-element elementor-element-4fff1e0 elementor-widget elementor-widget-text-editor\" data-id=\"4fff1e0\" data-element_type=\"widget\" data-e-type=\"widget\" data-widget_type=\"text-editor.default\">\n\t\t\t\t<div class=\"elementor-widget-container\">\n\t\t\t\t\t\t\t\t\t<p>El Monitor de Video Digital Vathin sirve como el centro principal para sistemas de observaci\u00f3n de im\u00e1genes endosc\u00f3picas, dise\u00f1ado para mostrar, grabar e imprimir im\u00e1genes endosc\u00f3picas de alta calidad.<\/p><p>Con una interfaz f\u00e1cil de usar y caracter\u00edsticas avanzadas, proporciona a los profesionales de la salud una soluci\u00f3n integral para la gesti\u00f3n efectiva de im\u00e1genes durante procedimientos m\u00e9dicos.<br \/><br \/><strong>Caracter\u00edsticas:<\/strong><\/p><ul><li>Pantalla LCD full HD 12.1 pulgadas.<\/li><li>Conexi\u00f3n monitores externos HDMI DVI.<\/li><li>Captura fotos y videos con memoria interna de 64 GB hasta por 6 horas.<\/li><li>Uso sin cable de corriente hasta 6 horas.<\/li><li>Transferencia de archivos mediante usb.<\/li><\/ul>\t\t\t\t\t\t\t\t<\/div>\n\t\t\t\t<\/div>\n\t\t\t\t<div class=\"elementor-element elementor-element-3d97ec8 elementor-align-center elementor-widget elementor-widget-button\" data-id=\"3d97ec8\" data-element_type=\"widget\" data-e-type=\"widget\" data-widget_type=\"button.default\">\n\t\t\t\t<div class=\"elementor-widget-container\">\n\t\t\t\t\t\t\t\t\t<div class=\"elementor-button-wrapper\">\n\t\t\t\t\t<a class=\"elementor-button elementor-button-link elementor-size-sm\" href=\"https:\/\/frmedical.com.mx\/wp-content\/uploads\/2024\/08\/FOLLETO-RINOLARINGOSCOPIO.pdf\" target=\"_blank\">\n\t\t\t\t\t\t<span class=\"elementor-button-content-wrapper\">\n\t\t\t\t\t\t<span class=\"elementor-button-icon\">\n\t\t\t\t<svg aria-hidden=\"true\" class=\"e-font-icon-svg e-fas-file-download\" viewBox=\"0 0 384 512\" xmlns=\"http:\/\/www.w3.org\/2000\/svg\"><path d=\"M224 136V0H24C10.7 0 0 10.7 0 24v464c0 13.3 10.7 24 24 24h336c13.3 0 24-10.7 24-24V160H248c-13.2 0-24-10.8-24-24zm76.45 211.36l-96.42 95.7c-6.65 6.61-17.39 6.61-24.04 0l-96.42-95.7C73.42 337.29 80.54 320 94.82 320H160v-80c0-8.84 7.16-16 16-16h32c8.84 0 16 7.16 16 16v80h65.18c14.28 0 21.4 17.29 11.27 27.36zM377 105L279.1 7c-4.5-4.5-10.6-7-17-7H256v128h128v-6.1c0-6.3-2.5-12.4-7-16.9z\"><\/path><\/svg>\t\t\t<\/span>\n\t\t\t\t\t\t\t\t\t<span class=\"elementor-button-text\">Descargar cat\u00e1logo<\/span>\n\t\t\t\t\t<\/span>\n\t\t\t\t\t<\/a>\n\t\t\t\t<\/div>\n\t\t\t\t\t\t\t\t<\/div>\n\t\t\t\t<\/div>\n\t\t\t\t\t<\/div>\n\t\t<\/div>\n\t\t\t\t<div class=\"elementor-column elementor-col-50 elementor-top-column elementor-element elementor-element-a28815a elementor-invisible\" data-id=\"a28815a\" data-element_type=\"column\" data-e-type=\"column\" data-settings=\"{&quot;animation&quot;:&quot;fadeInRight&quot;}\">\n\t\t\t<div class=\"elementor-widget-wrap elementor-element-populated\">\n\t\t\t\t<div class=\"elementor-element elementor-element-3c1c9b4 e-flex e-con-boxed e-con e-parent\" data-id=\"3c1c9b4\" data-element_type=\"container\" data-e-type=\"container\">\n\t\t\t\t\t<div class=\"e-con-inner\">\n\t\t<div class=\"elementor-element elementor-element-47ac49b e-con-full e-flex e-con e-child\" data-id=\"47ac49b\" data-element_type=\"container\" data-e-type=\"container\">\n\t\t\t\t<div class=\"elementor-element elementor-element-280d4ca elementor-widget elementor-widget-image\" data-id=\"280d4ca\" data-element_type=\"widget\" data-e-type=\"widget\" data-widget_type=\"image.default\">\n\t\t\t\t<div class=\"elementor-widget-container\">\n\t\t\t\t\t\t\t\t\t\t\t\t\t\t\t<img decoding=\"async\" width=\"640\" height=\"488\" src=\"https:\/\/frmedical.com.mx\/wp-content\/uploads\/2024\/08\/Monitor.png\" class=\"attachment-full size-full wp-image-2190\" alt=\"\" srcset=\"https:\/\/frmedical.com.mx\/wp-content\/uploads\/2024\/08\/Monitor.png 640w, https:\/\/frmedical.com.mx\/wp-content\/uploads\/2024\/08\/Monitor-300x229.png 300w\" sizes=\"(max-width: 640px) 100vw, 640px\" \/>\t\t\t\t\t\t\t\t\t\t\t\t\t\t\t<\/div>\n\t\t\t\t<\/div>\n\t\t\t\t<\/div>\n\t\t\t\t\t<\/div>\n\t\t\t\t<\/div>\n\t\t\t\t\t<\/div>\n\t\t<\/div>\n\t\t\t\t\t<\/div>\n\t\t<\/section>\n\t\t\t\t<\/div>\n\t\t","protected":false},"excerpt":{"rendered":"<p>RINORALINGOSCOPIO FLEXIBLE Muestra y graba la imagen endosc\u00f3pica Caracter\u00edsticas: Rango de Flexi\u00f3n: Un rango de angulaci\u00f3n con una amplitud de \u00b1 210\u00b0, permite una inserci\u00f3n simple en las v\u00edas superiores y ofrece la flexibilidad para un mejor desempe\u00f1o durante el procedimiento. Arriba 210\u00b0. Abajo 210\u00b0. Di\u00e1metro Delgado: Un tubo de inserci\u00f3n delgado le permite acercarse&#8230;<\/p>\n","protected":false},"author":1,"featured_media":0,"parent":0,"menu_order":0,"comment_status":"closed","ping_status":"closed","template":"","meta":{"_monsterinsights_skip_tracking":false,"_monsterinsights_sitenote_active":false,"_monsterinsights_sitenote_note":"","_monsterinsights_sitenote_category":0,"_joinchat":[],"footnotes":""},"class_list":["post-1575","page","type-page","status-publish","hentry"],"_links":{"self":[{"href":"https:\/\/frmedical.com.mx\/index.php?rest_route=\/wp\/v2\/pages\/1575","targetHints":{"allow":["GET"]}}],"collection":[{"href":"https:\/\/frmedical.com.mx\/index.php?rest_route=\/wp\/v2\/pages"}],"about":[{"href":"https:\/\/frmedical.com.mx\/index.php?rest_route=\/wp\/v2\/types\/page"}],"author":[{"embeddable":true,"href":"https:\/\/frmedical.com.mx\/index.php?rest_route=\/wp\/v2\/users\/1"}],"replies":[{"embeddable":true,"href":"https:\/\/frmedical.com.mx\/index.php?rest_route=%2Fwp%2Fv2%2Fcomments&post=1575"}],"version-history":[{"count":47,"href":"https:\/\/frmedical.com.mx\/index.php?rest_route=\/wp\/v2\/pages\/1575\/revisions"}],"predecessor-version":[{"id":2244,"href":"https:\/\/frmedical.com.mx\/index.php?rest_route=\/wp\/v2\/pages\/1575\/revisions\/2244"}],"wp:attachment":[{"href":"https:\/\/frmedical.com.mx\/index.php?rest_route=%2Fwp%2Fv2%2Fmedia&parent=1575"}],"curies":[{"name":"wp","href":"https:\/\/api.w.org\/{rel}","templated":true}]}}