{"id":1573,"date":"2024-06-26T20:56:53","date_gmt":"2024-06-26T20:56:53","guid":{"rendered":"https:\/\/frmedical.com.mx\/?page_id=1573"},"modified":"2024-12-18T18:52:20","modified_gmt":"2024-12-18T18:52:20","slug":"broncoscopio-flexible","status":"publish","type":"page","link":"https:\/\/frmedical.com.mx\/?page_id=1573","title":{"rendered":"BRONCOSCOPIO FLEXIBLE"},"content":{"rendered":"\t\t<div data-elementor-type=\"wp-page\" data-elementor-id=\"1573\" class=\"elementor elementor-1573\" data-elementor-post-type=\"page\">\n\t\t\t\t\t\t<section class=\"elementor-section elementor-top-section elementor-element elementor-element-8c945e8 elementor-section-boxed elementor-section-height-default elementor-section-height-default\" data-id=\"8c945e8\" data-element_type=\"section\" data-e-type=\"section\" data-settings=\"{&quot;background_background&quot;:&quot;classic&quot;}\">\n\t\t\t\t\t\t\t<div class=\"elementor-background-overlay\"><\/div>\n\t\t\t\t\t\t\t<div class=\"elementor-container elementor-column-gap-no\">\n\t\t\t\t\t<div class=\"elementor-column elementor-col-100 elementor-top-column elementor-element elementor-element-9296dda\" data-id=\"9296dda\" data-element_type=\"column\" data-e-type=\"column\" data-settings=\"{&quot;background_background&quot;:&quot;classic&quot;}\">\n\t\t\t<div class=\"elementor-widget-wrap elementor-element-populated\">\n\t\t\t\t\t\t<div class=\"elementor-element elementor-element-8136133 elementor-widget elementor-widget-heading\" data-id=\"8136133\" data-element_type=\"widget\" data-e-type=\"widget\" data-widget_type=\"heading.default\">\n\t\t\t\t<div class=\"elementor-widget-container\">\n\t\t\t\t\t<h2 class=\"elementor-heading-title elementor-size-default\">BRONCOSCOPIO FLEXIBLE<\/h2>\t\t\t\t<\/div>\n\t\t\t\t<\/div>\n\t\t\t\t\t<\/div>\n\t\t<\/div>\n\t\t\t\t\t<\/div>\n\t\t<\/section>\n\t\t\t\t<section class=\"elementor-section elementor-top-section elementor-element elementor-element-138968e elementor-section-boxed elementor-section-height-default elementor-section-height-default\" data-id=\"138968e\" data-element_type=\"section\" data-e-type=\"section\" data-settings=\"{&quot;background_background&quot;:&quot;classic&quot;}\">\n\t\t\t\t\t\t<div class=\"elementor-container elementor-column-gap-default\">\n\t\t\t\t\t<div class=\"elementor-column elementor-col-50 elementor-top-column elementor-element elementor-element-971d70c elementor-invisible\" data-id=\"971d70c\" data-element_type=\"column\" data-e-type=\"column\" data-settings=\"{&quot;animation&quot;:&quot;fadeInRight&quot;}\">\n\t\t\t<div class=\"elementor-widget-wrap elementor-element-populated\">\n\t\t\t\t\t\t<div class=\"elementor-element elementor-element-94cc4e2 elementor-widget elementor-widget-heading\" data-id=\"94cc4e2\" data-element_type=\"widget\" data-e-type=\"widget\" data-widget_type=\"heading.default\">\n\t\t\t\t<div class=\"elementor-widget-container\">\n\t\t\t\t\t<h2 class=\"elementor-heading-title elementor-size-default\">BRONCOSCOPIO FLEXIBLE<\/h2>\t\t\t\t<\/div>\n\t\t\t\t<\/div>\n\t\t\t\t<div class=\"elementor-element elementor-element-c175eb8 elementor-widget elementor-widget-text-editor\" data-id=\"c175eb8\" data-element_type=\"widget\" data-e-type=\"widget\" data-widget_type=\"text-editor.default\">\n\t\t\t\t<div class=\"elementor-widget-container\">\n\t\t\t\t\t\t\t\t\t<div id=\"ppu26984\" class=\"clearfix grpelem\"><div id=\"ppu23225-4\" class=\"clearfix colelem\"><div id=\"pu23225-4\" class=\"clearfix grpelem\"><div id=\"u23226-15\" class=\"SR1 clearfix colelem mt-scroll-slide-bottom mt-scroll-show\"><div id=\"u23397-4\" class=\"SR1 clearfix colelem mt-scroll-slide-bottom mt-scroll-show\"><p><strong>Angulaci\u00f3n m\u00e1s amplia:<\/strong> Brinda una inserci\u00f3n m\u00e1s suave al l\u00f3bulo del bronquio gracias a que logra una angulaci\u00f3n vertical de 210\u00b0, de f\u00e1cil manipulaci\u00f3n por su funci\u00f3n de autobloqueo.<\/p><p><strong>Rotaci\u00f3n:<\/strong> El tubo de incisi\u00f3n puede ser girado hasta 90\u00b0 hacia la izquierda o derecha desde la secci\u00f3n de control del broncoscopio.<\/p><p><strong>Funci\u00f3n de doblado pasivo:<\/strong> Distribuye la presi\u00f3n para que el tubo de inserci\u00f3n se doble y ajuste autom\u00e1ticamente a los contornos de la tr\u00e1quea, disminuyendo potencialmente la incomodidad del paciente y acelerando la inserci\u00f3n del pulm\u00f3n.<\/p><p><strong>Est\u00e9ril y desechable:<\/strong> Garantiza seguridad a los pacientes y elimina el riesgo de contaminaci\u00f3n cruzada.<\/p><p><strong>Resistente y pr\u00e1ctico:<\/strong> Sistema fabricado con materiales de gran calidad.<\/p><p><strong>Grabaci\u00f3n y captura de fotograf\u00edas simult\u00e1neas:<\/strong> Filmaci\u00f3n de videos y toma de im\u00e1genes de alta resoluci\u00f3n desde el mango, gracias al bot\u00f3n de acci\u00f3n incluido.<\/p><\/div><\/div><\/div><\/div><\/div>\t\t\t\t\t\t\t\t<\/div>\n\t\t\t\t<\/div>\n\t\t\t\t<div class=\"elementor-element elementor-element-048360a elementor-align-center elementor-widget elementor-widget-button\" data-id=\"048360a\" data-element_type=\"widget\" data-e-type=\"widget\" data-widget_type=\"button.default\">\n\t\t\t\t<div class=\"elementor-widget-container\">\n\t\t\t\t\t\t\t\t\t<div class=\"elementor-button-wrapper\">\n\t\t\t\t\t<a class=\"elementor-button elementor-button-link elementor-size-sm\" href=\"https:\/\/drive.google.com\/file\/d\/1e3sZPMSqVIn5s927xIFpHX59GHQ8TkRm\/view?usp=sharing\" target=\"_blank\">\n\t\t\t\t\t\t<span class=\"elementor-button-content-wrapper\">\n\t\t\t\t\t\t<span class=\"elementor-button-icon\">\n\t\t\t\t<svg aria-hidden=\"true\" class=\"e-font-icon-svg e-fas-file-download\" viewBox=\"0 0 384 512\" xmlns=\"http:\/\/www.w3.org\/2000\/svg\"><path d=\"M224 136V0H24C10.7 0 0 10.7 0 24v464c0 13.3 10.7 24 24 24h336c13.3 0 24-10.7 24-24V160H248c-13.2 0-24-10.8-24-24zm76.45 211.36l-96.42 95.7c-6.65 6.61-17.39 6.61-24.04 0l-96.42-95.7C73.42 337.29 80.54 320 94.82 320H160v-80c0-8.84 7.16-16 16-16h32c8.84 0 16 7.16 16 16v80h65.18c14.28 0 21.4 17.29 11.27 27.36zM377 105L279.1 7c-4.5-4.5-10.6-7-17-7H256v128h128v-6.1c0-6.3-2.5-12.4-7-16.9z\"><\/path><\/svg>\t\t\t<\/span>\n\t\t\t\t\t\t\t\t\t<span class=\"elementor-button-text\">Descargar cat\u00e1logo<\/span>\n\t\t\t\t\t<\/span>\n\t\t\t\t\t<\/a>\n\t\t\t\t<\/div>\n\t\t\t\t\t\t\t\t<\/div>\n\t\t\t\t<\/div>\n\t\t\t\t\t<\/div>\n\t\t<\/div>\n\t\t\t\t<div class=\"elementor-column elementor-col-50 elementor-top-column elementor-element elementor-element-29d4c9d elementor-invisible\" data-id=\"29d4c9d\" data-element_type=\"column\" data-e-type=\"column\" data-settings=\"{&quot;animation&quot;:&quot;fadeInRight&quot;}\">\n\t\t\t<div class=\"elementor-widget-wrap elementor-element-populated\">\n\t\t\t\t<div class=\"elementor-element elementor-element-d96b1fe e-flex e-con-boxed e-con e-parent\" data-id=\"d96b1fe\" data-element_type=\"container\" data-e-type=\"container\">\n\t\t\t\t\t<div class=\"e-con-inner\">\n\t\t<div class=\"elementor-element elementor-element-0f9a1bf e-con-full e-flex e-con e-child\" data-id=\"0f9a1bf\" data-element_type=\"container\" data-e-type=\"container\">\n\t\t\t\t<div class=\"elementor-element elementor-element-b9cbe2d elementor-widget elementor-widget-image\" data-id=\"b9cbe2d\" data-element_type=\"widget\" data-e-type=\"widget\" data-widget_type=\"image.default\">\n\t\t\t\t<div class=\"elementor-widget-container\">\n\t\t\t\t\t\t\t\t\t\t\t\t\t\t\t<img fetchpriority=\"high\" decoding=\"async\" width=\"644\" height=\"566\" src=\"https:\/\/frmedical.com.mx\/wp-content\/uploads\/2024\/07\/Captura-de-pantalla-2024-07-04-143440.png\" class=\"attachment-full size-full wp-image-1929\" alt=\"\" srcset=\"https:\/\/frmedical.com.mx\/wp-content\/uploads\/2024\/07\/Captura-de-pantalla-2024-07-04-143440.png 644w, https:\/\/frmedical.com.mx\/wp-content\/uploads\/2024\/07\/Captura-de-pantalla-2024-07-04-143440-300x264.png 300w\" sizes=\"(max-width: 644px) 100vw, 644px\" \/>\t\t\t\t\t\t\t\t\t\t\t\t\t\t\t<\/div>\n\t\t\t\t<\/div>\n\t\t\t\t<div class=\"elementor-element elementor-element-8fd8ecd elementor-widget elementor-widget-image\" data-id=\"8fd8ecd\" data-element_type=\"widget\" data-e-type=\"widget\" data-widget_type=\"image.default\">\n\t\t\t\t<div class=\"elementor-widget-container\">\n\t\t\t\t\t\t\t\t\t\t\t\t\t\t\t<img decoding=\"async\" width=\"850\" height=\"450\" src=\"https:\/\/frmedical.com.mx\/wp-content\/uploads\/2024\/07\/09201036_bronco4-1.jpg\" class=\"attachment-full size-full wp-image-1928\" alt=\"\" srcset=\"https:\/\/frmedical.com.mx\/wp-content\/uploads\/2024\/07\/09201036_bronco4-1.jpg 850w, https:\/\/frmedical.com.mx\/wp-content\/uploads\/2024\/07\/09201036_bronco4-1-300x159.jpg 300w, https:\/\/frmedical.com.mx\/wp-content\/uploads\/2024\/07\/09201036_bronco4-1-768x407.jpg 768w\" sizes=\"(max-width: 850px) 100vw, 850px\" \/>\t\t\t\t\t\t\t\t\t\t\t\t\t\t\t<\/div>\n\t\t\t\t<\/div>\n\t\t\t\t<\/div>\n\t\t\t\t\t<\/div>\n\t\t\t\t<\/div>\n\t\t\t\t\t<\/div>\n\t\t<\/div>\n\t\t\t\t\t<\/div>\n\t\t<\/section>\n\t\t\t\t<section class=\"elementor-section elementor-top-section elementor-element elementor-element-88f66c1 elementor-section-boxed elementor-section-height-default elementor-section-height-default\" data-id=\"88f66c1\" data-element_type=\"section\" data-e-type=\"section\" data-settings=\"{&quot;background_background&quot;:&quot;classic&quot;}\">\n\t\t\t\t\t\t<div class=\"elementor-container elementor-column-gap-default\">\n\t\t\t\t\t<div class=\"elementor-column elementor-col-50 elementor-top-column elementor-element elementor-element-435677f elementor-invisible\" data-id=\"435677f\" data-element_type=\"column\" data-e-type=\"column\" data-settings=\"{&quot;animation&quot;:&quot;fadeInRight&quot;}\">\n\t\t\t<div class=\"elementor-widget-wrap elementor-element-populated\">\n\t\t\t\t\t\t<div class=\"elementor-element elementor-element-b01be8f elementor-widget elementor-widget-heading\" data-id=\"b01be8f\" data-element_type=\"widget\" data-e-type=\"widget\" data-widget_type=\"heading.default\">\n\t\t\t\t<div class=\"elementor-widget-container\">\n\t\t\t\t\t<h2 class=\"elementor-heading-title elementor-size-default\">Monitor de Video Digital Vathin<\/h2>\t\t\t\t<\/div>\n\t\t\t\t<\/div>\n\t\t\t\t<div class=\"elementor-element elementor-element-515f4f4 elementor-widget elementor-widget-text-editor\" data-id=\"515f4f4\" data-element_type=\"widget\" data-e-type=\"widget\" data-widget_type=\"text-editor.default\">\n\t\t\t\t<div class=\"elementor-widget-container\">\n\t\t\t\t\t\t\t\t\t<p>El Monitor de Video Digital Vathin sirve como el centro principal para sistemas de observaci\u00f3n de im\u00e1genes endosc\u00f3picas, dise\u00f1ado para mostrar, grabar e imprimir im\u00e1genes endosc\u00f3picas de alta calidad.<\/p><p>Con una interfaz f\u00e1cil de usar y caracter\u00edsticas avanzadas, proporciona a los profesionales de la salud una soluci\u00f3n integral para la gesti\u00f3n efectiva de im\u00e1genes durante procedimientos m\u00e9dicos.<br \/><br \/><strong>Caracter\u00edsticas:<\/strong><\/p><ul><li>Pantalla LCD full HD 12.1 pulgadas.<\/li><li>Conexi\u00f3n monitores externos HDMI DVI.<\/li><li>Captura fotos y videos con memoria interna de 64 GB hasta por 6 horas.<\/li><li>Uso sin cable de corriente hasta 6 horas.<\/li><li>Transferencia de archivos mediante usb.<\/li><\/ul>\t\t\t\t\t\t\t\t<\/div>\n\t\t\t\t<\/div>\n\t\t\t\t<div class=\"elementor-element elementor-element-b6c200a elementor-align-center elementor-widget elementor-widget-button\" data-id=\"b6c200a\" data-element_type=\"widget\" data-e-type=\"widget\" data-widget_type=\"button.default\">\n\t\t\t\t<div class=\"elementor-widget-container\">\n\t\t\t\t\t\t\t\t\t<div class=\"elementor-button-wrapper\">\n\t\t\t\t\t<a class=\"elementor-button elementor-button-link elementor-size-sm\" href=\"https:\/\/frmedical.com.mx\/wp-content\/uploads\/2024\/08\/FOLLETO-RINOLARINGOSCOPIO.pdf\" target=\"_blank\">\n\t\t\t\t\t\t<span class=\"elementor-button-content-wrapper\">\n\t\t\t\t\t\t<span class=\"elementor-button-icon\">\n\t\t\t\t<svg aria-hidden=\"true\" class=\"e-font-icon-svg e-fas-file-download\" viewBox=\"0 0 384 512\" xmlns=\"http:\/\/www.w3.org\/2000\/svg\"><path d=\"M224 136V0H24C10.7 0 0 10.7 0 24v464c0 13.3 10.7 24 24 24h336c13.3 0 24-10.7 24-24V160H248c-13.2 0-24-10.8-24-24zm76.45 211.36l-96.42 95.7c-6.65 6.61-17.39 6.61-24.04 0l-96.42-95.7C73.42 337.29 80.54 320 94.82 320H160v-80c0-8.84 7.16-16 16-16h32c8.84 0 16 7.16 16 16v80h65.18c14.28 0 21.4 17.29 11.27 27.36zM377 105L279.1 7c-4.5-4.5-10.6-7-17-7H256v128h128v-6.1c0-6.3-2.5-12.4-7-16.9z\"><\/path><\/svg>\t\t\t<\/span>\n\t\t\t\t\t\t\t\t\t<span class=\"elementor-button-text\">Descargar cat\u00e1logo<\/span>\n\t\t\t\t\t<\/span>\n\t\t\t\t\t<\/a>\n\t\t\t\t<\/div>\n\t\t\t\t\t\t\t\t<\/div>\n\t\t\t\t<\/div>\n\t\t\t\t\t<\/div>\n\t\t<\/div>\n\t\t\t\t<div class=\"elementor-column elementor-col-50 elementor-top-column elementor-element elementor-element-24248a9 elementor-invisible\" data-id=\"24248a9\" data-element_type=\"column\" data-e-type=\"column\" data-settings=\"{&quot;animation&quot;:&quot;fadeInRight&quot;}\">\n\t\t\t<div class=\"elementor-widget-wrap elementor-element-populated\">\n\t\t\t\t<div class=\"elementor-element elementor-element-8cfb458 e-flex e-con-boxed e-con e-parent\" data-id=\"8cfb458\" data-element_type=\"container\" data-e-type=\"container\">\n\t\t\t\t\t<div class=\"e-con-inner\">\n\t\t<div class=\"elementor-element elementor-element-54a3e3f e-con-full e-flex e-con e-child\" data-id=\"54a3e3f\" data-element_type=\"container\" data-e-type=\"container\">\n\t\t\t\t<div class=\"elementor-element elementor-element-a746c6f elementor-widget elementor-widget-image\" data-id=\"a746c6f\" data-element_type=\"widget\" data-e-type=\"widget\" data-widget_type=\"image.default\">\n\t\t\t\t<div class=\"elementor-widget-container\">\n\t\t\t\t\t\t\t\t\t\t\t\t\t\t\t<img decoding=\"async\" width=\"640\" height=\"488\" src=\"https:\/\/frmedical.com.mx\/wp-content\/uploads\/2024\/08\/Monitor.png\" class=\"attachment-full size-full wp-image-2190\" alt=\"\" srcset=\"https:\/\/frmedical.com.mx\/wp-content\/uploads\/2024\/08\/Monitor.png 640w, https:\/\/frmedical.com.mx\/wp-content\/uploads\/2024\/08\/Monitor-300x229.png 300w\" sizes=\"(max-width: 640px) 100vw, 640px\" \/>\t\t\t\t\t\t\t\t\t\t\t\t\t\t\t<\/div>\n\t\t\t\t<\/div>\n\t\t\t\t<\/div>\n\t\t\t\t\t<\/div>\n\t\t\t\t<\/div>\n\t\t\t\t\t<\/div>\n\t\t<\/div>\n\t\t\t\t\t<\/div>\n\t\t<\/section>\n\t\t\t\t<\/div>\n\t\t","protected":false},"excerpt":{"rendered":"<p>BRONCOSCOPIO FLEXIBLE Angulaci\u00f3n m\u00e1s amplia: Brinda una inserci\u00f3n m\u00e1s suave al l\u00f3bulo del bronquio gracias a que logra una angulaci\u00f3n vertical de 210\u00b0, de f\u00e1cil manipulaci\u00f3n por su funci\u00f3n de autobloqueo. Rotaci\u00f3n: El tubo de incisi\u00f3n puede ser girado hasta 90\u00b0 hacia la izquierda o derecha desde la secci\u00f3n de control del broncoscopio. Funci\u00f3n de&#8230;<\/p>\n","protected":false},"author":1,"featured_media":0,"parent":0,"menu_order":0,"comment_status":"closed","ping_status":"closed","template":"","meta":{"_monsterinsights_skip_tracking":false,"_monsterinsights_sitenote_active":false,"_monsterinsights_sitenote_note":"","_monsterinsights_sitenote_category":0,"_joinchat":[],"footnotes":""},"class_list":["post-1573","page","type-page","status-publish","hentry"],"_links":{"self":[{"href":"https:\/\/frmedical.com.mx\/index.php?rest_route=\/wp\/v2\/pages\/1573","targetHints":{"allow":["GET"]}}],"collection":[{"href":"https:\/\/frmedical.com.mx\/index.php?rest_route=\/wp\/v2\/pages"}],"about":[{"href":"https:\/\/frmedical.com.mx\/index.php?rest_route=\/wp\/v2\/types\/page"}],"author":[{"embeddable":true,"href":"https:\/\/frmedical.com.mx\/index.php?rest_route=\/wp\/v2\/users\/1"}],"replies":[{"embeddable":true,"href":"https:\/\/frmedical.com.mx\/index.php?rest_route=%2Fwp%2Fv2%2Fcomments&post=1573"}],"version-history":[{"count":25,"href":"https:\/\/frmedical.com.mx\/index.php?rest_route=\/wp\/v2\/pages\/1573\/revisions"}],"predecessor-version":[{"id":3203,"href":"https:\/\/frmedical.com.mx\/index.php?rest_route=\/wp\/v2\/pages\/1573\/revisions\/3203"}],"wp:attachment":[{"href":"https:\/\/frmedical.com.mx\/index.php?rest_route=%2Fwp%2Fv2%2Fmedia&parent=1573"}],"curies":[{"name":"wp","href":"https:\/\/api.w.org\/{rel}","templated":true}]}}