{"id":1512,"date":"2024-06-26T19:25:43","date_gmt":"2024-06-26T19:25:43","guid":{"rendered":"https:\/\/frmedical.com.mx\/?page_id=1512"},"modified":"2025-02-04T15:47:09","modified_gmt":"2025-02-04T15:47:09","slug":"novatech","status":"publish","type":"page","link":"https:\/\/frmedical.com.mx\/?page_id=1512","title":{"rendered":"NOVATECH"},"content":{"rendered":"\t\t<div data-elementor-type=\"wp-page\" data-elementor-id=\"1512\" class=\"elementor elementor-1512\" data-elementor-post-type=\"page\">\n\t\t\t\t\t\t<section class=\"elementor-section elementor-top-section elementor-element elementor-element-56bc2c4 elementor-section-boxed elementor-section-height-default elementor-section-height-default\" data-id=\"56bc2c4\" data-element_type=\"section\" data-e-type=\"section\" data-settings=\"{&quot;background_background&quot;:&quot;classic&quot;}\">\n\t\t\t\t\t\t\t<div class=\"elementor-background-overlay\"><\/div>\n\t\t\t\t\t\t\t<div class=\"elementor-container elementor-column-gap-no\">\n\t\t\t\t\t<div class=\"elementor-column elementor-col-100 elementor-top-column elementor-element elementor-element-ab16701\" data-id=\"ab16701\" data-element_type=\"column\" data-e-type=\"column\" data-settings=\"{&quot;background_background&quot;:&quot;classic&quot;}\">\n\t\t\t<div class=\"elementor-widget-wrap elementor-element-populated\">\n\t\t\t\t\t\t<div class=\"elementor-element elementor-element-3499a19 elementor-widget elementor-widget-heading\" data-id=\"3499a19\" data-element_type=\"widget\" data-e-type=\"widget\" data-widget_type=\"heading.default\">\n\t\t\t\t<div class=\"elementor-widget-container\">\n\t\t\t\t\t<h2 class=\"elementor-heading-title elementor-size-default\">NOVATECH<\/h2>\t\t\t\t<\/div>\n\t\t\t\t<\/div>\n\t\t\t\t\t<\/div>\n\t\t<\/div>\n\t\t\t\t\t<\/div>\n\t\t<\/section>\n\t\t\t\t<section class=\"elementor-section elementor-top-section elementor-element elementor-element-8474f62 elementor-section-boxed elementor-section-height-default elementor-section-height-default\" data-id=\"8474f62\" data-element_type=\"section\" data-e-type=\"section\" data-settings=\"{&quot;background_background&quot;:&quot;classic&quot;}\">\n\t\t\t\t\t\t<div class=\"elementor-container elementor-column-gap-default\">\n\t\t\t\t\t<div class=\"elementor-column elementor-col-100 elementor-top-column elementor-element elementor-element-6238359 elementor-invisible\" data-id=\"6238359\" data-element_type=\"column\" data-e-type=\"column\" data-settings=\"{&quot;animation&quot;:&quot;fadeInRight&quot;}\">\n\t\t\t<div class=\"elementor-widget-wrap elementor-element-populated\">\n\t\t\t\t\t\t<div class=\"elementor-element elementor-element-2327978 elementor-view-default elementor-widget elementor-widget-icon\" data-id=\"2327978\" data-element_type=\"widget\" data-e-type=\"widget\" data-widget_type=\"icon.default\">\n\t\t\t\t<div class=\"elementor-widget-container\">\n\t\t\t\t\t\t\t<div class=\"elementor-icon-wrapper\">\n\t\t\t<div class=\"elementor-icon\">\n\t\t\t<svg xmlns=\"http:\/\/www.w3.org\/2000\/svg\" viewBox=\"0 0 520.72 224.58\"><title>novatech<\/title><g id=\"Capa_2\" data-name=\"Capa 2\"><g id=\"Capa_1-2\" data-name=\"Capa 1\"><g id=\"Capa_1-2-2\" data-name=\"Capa 1-2\"><path d=\"M174.92,111.58V221.65a1.06,1.06,0,0,1-.9,1.2,1.5,1.5,0,0,1-.3,0H2.63c-2.63,0-2.63,0-2.63-2.57V2.59C0,0,0,0,2.61,0H172.37c2.54,0,2.55,0,2.55,2.65Zm-5.27,45.93V126.7c0-2.41,0-2.41-2.31-2.42H161c-2.35,0-2.36,0-2.36,2.35v35.05c0,.45.25,1.12-.31,1.31s-.76-.49-1-.85c-9.2-11.72-18.39-23.31-27.39-35.08-1.71-2.22-3.48-3.12-6.16-2.82-1.14.14-1.69.44-1.65,1.64v61.79c0,1.61.4,2.25,2.1,2.15,2.22-.13,4.45,0,6.68,0s2.25,0,2.25-2.26V151.37c0-.51-.29-1.27.3-1.48s.83.56,1.14,1L157,180.11c2.45,3.19,4.89,6.38,7.37,9.55.68.86,3.32,1.33,4.56.82s.72-1.7.73-2.58C169.67,177.72,169.65,167.62,169.65,157.51ZM64.55,39.93a1.44,1.44,0,0,1,1.52.84c1.34,2,3.39,3.16,5.45,4.28a3.18,3.18,0,0,0,3.77-.41A21.08,21.08,0,0,0,80,40.16c1.71-2.48,3.58-5.1,3.74-8.21.32-6.72.11-13.47-.2-20.2,0-.64-.14-1.24-1-1.22s-.91.77-.86,1.42c.45,6.19.18,12.39.25,18.58a6.41,6.41,0,0,1-.32,2.57C80,37,77.88,40.59,74.24,43a1.79,1.79,0,0,1-2.1.27,13.79,13.79,0,0,1-4.44-3.51,5.53,5.53,0,0,0-1.32-1.41,2.71,2.71,0,0,0-3.47.24c-1,.95-.47,2,.14,2.93.36.57,1,1,1,1.87-.56-.08-1.08-.2-1.6-.24-1.35-.11-2.35.31-2.65,1.79-.4,1.93,0,2.8,1.58,3.3,1.19.37,1,.77.34,1.54-.79,1-.4,2.84.67,4s1.92.78,2.92.12a5.25,5.25,0,0,1,2.72-1A6.28,6.28,0,0,0,72,52.1a1.11,1.11,0,0,1,1.36.19c.37.3.21.68.07,1a19.24,19.24,0,0,1-6.27,8.13c-1.53,1.21-3.18.85-4.82,1a1.71,1.71,0,0,0-.32,0c-1.77.28-2.09,1.74-2.43,3.1s.55,1.73,1.62,2c.56.12.85.4.58,1a4.12,4.12,0,0,0,.79,4.13c.59.84.43,1.15-.36,1.58a8,8,0,0,0-2.49,2.08,2.78,2.78,0,0,0-.13,3.21,1.87,1.87,0,0,0,2.54.77h0a3.29,3.29,0,0,1,.77-.06c-1.39,2-2.74,3.82-4,5.72-.87,1.35-.56,2.36.78,3.33a2.29,2.29,0,0,0,3.54-.39c.58-.68,1.12-1.4,1.77-2.24.36.76,0,1.28,0,1.79a1.69,1.69,0,0,0,1.51,1.83c1.44.22,2.78,0,3.45-1.51.32-.72.66-.87,1.45-.87,2.33,0,3.52-1.91,2.66-4.07a45.6,45.6,0,0,1-2.15-6c-.28-1.16-.69-2.42,0-3.49,2.48-3.67,4.06-7.8,6.07-11.7,1.79-3.48,4.37-6.49,6-10.05a16.74,16.74,0,0,1,2.7-4.25A3.11,3.11,0,0,1,91,47.9a3,3,0,0,1,.32.3c3.29,3.69,6.54,7.42,9.8,11.13A3.26,3.26,0,0,1,102,60.9a26.67,26.67,0,0,1,.63,8.26,44.32,44.32,0,0,0-.21,7.64,31.17,31.17,0,0,1-.48,8c-.3,1.45.12,2.43,1.5,2.75s2-.74,2.36-1.92A13.79,13.79,0,0,1,107,82c1.19,1.25-.52,4.2,2.5,4.08,2.45-.1,1.59-2.39,2.1-3.76,1.5.72,1.5.73,3.49-.08a1,1,0,0,1,.78,0c1.45.6,2.11-.43,2.72-1.4s0-1.87-.82-2.49a30.59,30.59,0,0,1-5.46-5.79,5,5,0,0,1-1.2-3.43c0-1.19.39-2.55-.22-3.53-.93-1.48-.82-3-.81-4.55,0-.46-.16-1.08.43-1.28s.75.32,1.1.58c3,2.23,4.2,5.62,5.44,8.94.63,1.69,1.1,2.09,2.87,1.73,2.25-.47,2.78-1.26,2.4-3.53a8.7,8.7,0,0,0-.16-1.46c-.21-.89-.19-1.35,1-1.33a2.75,2.75,0,0,0,2.44-2.27c.27-1,.46-2.32-.61-2.81-1.45-.67-2.48-2-4.22-2.28a2.52,2.52,0,0,1-2.18-2.5,2.24,2.24,0,0,1,2.46-2h.11a4.41,4.41,0,0,0,.81,0,2.57,2.57,0,0,0,2.3-2.56,1.93,1.93,0,0,0-2.06-2.07c-1.79-.11-2.38-1-2-2.69a6.24,6.24,0,0,0,.07-1.14c0-2.52-1.7-3.58-3.86-2.33-.63.36-1,.47-1.5-.13a2,2,0,0,0-2.75-.59A2.59,2.59,0,0,0,111,44a12.81,12.81,0,0,0,1.12,3.4c.5,1.13,0,1.86-1.08,2.27a4.25,4.25,0,0,1-4.31-.59,61.46,61.46,0,0,1-7.94-7.7c-4.14-4.37-5.22-9.5-4.42-15.35.72-5.21,1-10.48,1.43-15.73.06-.78.08-1.67-1-1.71s-.8,1-.85,1.57c-.53,5.68-1,11.36-1.55,17-.44,4.66,0,9.09,3,13a69.05,69.05,0,0,0,8.26,9,9,9,0,0,0,7.05,2.71c1.62-.13,3.06.4,3.14-1.91,0-.18.23-.39.4-.5.84-.52.59-1.11.22-1.8a12.6,12.6,0,0,1-1.55-3.57c-.07-.33-.13-.7.23-.87s.57.18.74.44.28.59.45.86c.75,1.18,1.41,1.21,2.26.15.42-.51.62-1.55,1.5-1.17s.22,1.27.27,1.93V46.6c0,2.09.63,2.79,2.7,3.21.43.09,1.18-.07,1.13.6s-.76.44-1.22.49h-.66c-1.87.19-2.79,1.55-3.57,3-.66,1.23.31,2.1.81,3.12,1.06,2.16,3.59,2,5.11,3.43.47.44,1.48.39,1.16,1.41s-1.1.76-1.87.56-1.65-.38-2.25.4a1.89,1.89,0,0,0,.14,2.29,6.36,6.36,0,0,1,.6,3,.71.71,0,0,1-.57.83h0c-.37.1-.72,0-.8-.36-.26-1.15-1.34-1.92-1.52-3-.61-3.77-3.57-5.67-6.18-7.8-1.11-.9-2.27-.44-2.7.92a9.46,9.46,0,0,0,0,6.55,10.28,10.28,0,0,1,.87,4.67,5.11,5.11,0,0,0,1.23,3.6c1.72,2.06,3.24,4.29,5.59,6.06-.91.18-1.58-.13-2.15.4s-1,.06-1-.53c-.08-1.08-.58-1.58-1.67-1.51a1.82,1.82,0,0,0-1.84,1.73c-.12.8-.12,1.63-.18,2.44a16.63,16.63,0,0,1-.67-2.39c-.18-.73-.29-1.57-1.26-1.69s-1.38.72-1.71,1.45c-.46,1-.84,2.07-1.26,3.1,0-4.13-.81-8.21-.2-12.29a16.16,16.16,0,0,0,.17-4.39c-.38-2.86-.11-5.91-2.27-8.32q-5.36-6-10.69-12.16c-.9-1-1.72-1.71-2.81-.25a1,1,0,0,1-1,.42c-1.1-.39-1.53.39-2.09,1.06-3.24,3.93-5.06,8.73-8,12.87-3,4.36-4.34,9.72-7.52,14a3.3,3.3,0,0,0-.34,1.9c-.1,2.86,1.1,5.39,2,8,.23.66,1.1,1.64.26,2s-.83-1-1.16-1.54-.52-1.44-1.44-1.26-.84,1-.91,1.71c-.1,1-.14,2.06-.26,3.08-.06.44-.3.9-.83.85s-.48-.61-.44-1c.11-1,.25-1.94.35-2.92a1.4,1.4,0,0,0-.75-1.64c-.66-.28-1.15.1-1.59.52a34.6,34.6,0,0,0-2.75,3.63c-.36.45-.64,1.4-1.47.8s-.12-1.2.24-1.68c1.6-2.2,3.25-4.36,4.87-6.54.4-.53.78-1.13.39-1.79s-1.21-.65-1.91-.55c-.42.06-.81.31-1.23.4-.71.15-1.47,1.45-2,.52s.8-1.35,1.47-1.84a3.35,3.35,0,0,1,1.17-.53,7,7,0,0,0,5.36-8.32l0-.13c-1.38,1-2.7,2.07-4.06,3-.41.3-.89,1.12-1.47.35s-.13-1.34.53-1.81l2.74-2c-1.48-.33-2.58-.56-3.67-.82-.59-.14-1.54,0-1.46-.93s1-.75,1.72-.8c1-.08,2.13.27,3-.29a19.33,19.33,0,0,0,9.21-11.52c.1-.4.27-.85,0-1.25-.46-.6-3.65-1.43-4.3-.94-1.33,1-2.89.8-4.36,1a5.31,5.31,0,0,0-1.87.51c-.5.28-1.06,1-1.63.1-.45-.74.07-1.22.62-1.63,1-.75,2.06-1.49,3.34-2.41-1.86-.45-3.39-.81-4.9-1.2-.48-.12-1-.26-.86-.94s.78-.62,1.32-.42c.72.25,1.42.54,2.14.79s1.54.38,2.08-.36,0-1.44-.35-2.09A21.17,21.17,0,0,1,64.55,39.93Zm-28,54.19A57,57,0,0,1,37,85.46,144.58,144.58,0,0,1,43.13,56c2.79-8.46,6.07-16.65,11.79-23.66,2.84-3.53,6.21-6.39,10.83-7.37s7.91.76,9.81,5c.16.35.29.71.45,1.05.27.55.7.6,1.23.42a.8.8,0,0,0,.48-1.16c-1.47-4-4.33-7.36-9.28-7.38a17,17,0,0,0-11.63,4.75,39.64,39.64,0,0,0-9.26,12.69,128.1,128.1,0,0,0-12.76,58.2A22,22,0,0,0,36.36,107a4.43,4.43,0,0,0,4.53,3,77.45,77.45,0,0,0,11.67-1.09,56.7,56.7,0,0,0,18.06-5.82,18.33,18.33,0,0,0,8.18-8.13c.26-.53.78-1.2-.18-1.65s-1.2.08-1.51.74c-1.68,3.65-4.65,6-8.1,7.74-8.45,4.28-17.54,5.93-26.92,6.29-3.09.12-3.71-.42-4.53-3.45a36.64,36.64,0,0,1-1-10.48Zm102.14.44c0,.76.06,1.53,0,2.29-.26,3.07-.31,6.18-1.52,9.11a3,3,0,0,1-3.24,2.13c-2.06-.07-4.12-.14-6.17-.39a66.11,66.11,0,0,1-18.47-4.49c-4.66-2-9-4.45-11.29-9.33-.29-.62-.72-1-1.43-.59s-.45.88-.23,1.4c1.71,4,4.9,6.63,8.61,8.56,9,4.66,18.66,6.32,28.64,6.67,3.45.12,4.73-.93,5.74-4.26a34.48,34.48,0,0,0,1.21-10A112,112,0,0,0,138.92,77c-2.2-13.14-5.54-25.93-11.83-37.78a41,41,0,0,0-8.39-11.35c-3.45-3.13-7.36-5.17-12.18-5a9.94,9.94,0,0,0-9,7.29c-.13.53-.17.95.43,1.2a.9.9,0,0,0,1.23-.32,1,1,0,0,0,.09-.21c.2-.45.39-.9.6-1.34,1.22-2.47,3-4.28,5.86-4.67a11.71,11.71,0,0,1,5.77.72c4.69,1.78,7.91,5.29,10.66,9.26,4.92,7.08,8,15,10.5,23.22a140.06,140.06,0,0,1,6,36.52Z\"><\/path><path d=\"M418.15,160.33V133.59c0-1.78.45-2.65,2.3-2.93a57.17,57.17,0,0,0,6.34-1.48c1.26-.33,1.64.08,1.63,1.34v16.95c0,2,0,2,1.81,1,6.51-3.82,16.59-2.57,21.61,2.73a15.16,15.16,0,0,1,3.91,10.46c.16,8.75,0,17.5.08,26.24,0,1.39-.56,1.79-1.85,1.75-2.12-.06-4.24-.09-6.35,0-1.37.07-1.77-.38-1.77-1.74.06-8,.05-16.08,0-24.12,0-5-2.59-8.2-7.49-8.93a10.34,10.34,0,0,0-9.47,3.65,2.86,2.86,0,0,0-.5,2.16v26.57c0,2.37,0,2.37-2.33,2.38-2,0-4-.1-6,.07-1.52.13-1.88-.44-1.88-1.82V167.5Z\"><\/path><path d=\"M358.25,171.35H344.72c-1.49,0-1.86.46-1.56,1.94a10.39,10.39,0,0,0,9.15,8.67c4.38.65,8.57.19,12.25-2.54.72-.53,1.13-.38,1.51.39.88,1.81,1.76,3.61,2.72,5.38.54,1,.17,1.48-.64,2a21.8,21.8,0,0,1-7.92,2.86,32.42,32.42,0,0,1-12.3-.07c-7.42-1.7-12.5-6-14.36-13.51s-1.59-14.83,3.14-21.36a20.07,20.07,0,0,1,17.14-8.74c5.76,0,11,1.53,15.07,5.82,4.78,5,6.09,11.08,4.84,17.8-.22,1.16-.91,1.43-2,1.42C367.27,171.33,362.76,171.35,358.25,171.35Zm-4.45-7.56h8.64c1,0,1.75-.25,1.44-1.5-.68-2.81-2-5.22-4.72-6.47-4.88-2.23-12.61-1.73-15.23,6.21-.43,1.3-.17,1.8,1.24,1.77,2.87-.05,5.75,0,8.63,0Z\"><\/path><path d=\"M297.92,170.63c.09,3.45-.14,6.66.32,9.85.33,2.28.73,4.53,2.49,6.22.79.76.37,1.33-.16,2-2.3,2.65-7.4,2.52-9.76-.27-.63-.74-1.15-1.56-1.73-2.34-.75.58-1.49,1.19-2.27,1.74-6,4.2-16.09,3.58-20.9-1.29-4.5-4.55-4.46-13.9,0-18.7,3.76-4.08,8.61-5.51,13.85-6a20.33,20.33,0,0,1,7.13.1c1.09.29,1.18-.29,1-1.16a6.72,6.72,0,0,0-5.73-5.69,21.37,21.37,0,0,0-11.4.81c-1.3.46-1.89.23-2.18-1.11-.36-1.59-.81-3.16-1.29-4.72a1.21,1.21,0,0,1,.51-1.63,1.12,1.12,0,0,1,.35-.12,30.42,30.42,0,0,1,21.05-.24c4.38,1.59,6.6,5.06,7.72,9.42S297.92,166.42,297.92,170.63Zm-9.86,2.31h0V171a1.23,1.23,0,0,0-1-1.44l-.22,0c-3.93-.42-7.82-.47-11.35,1.7a6.34,6.34,0,0,0-2.93,6,4.92,4.92,0,0,0,2.85,4.59A8.65,8.65,0,0,0,287.07,178a8.54,8.54,0,0,0,.85-2.75c.09-.74.07-1.51.11-2.27Z\"><\/path><path d=\"M220,167.72c.06,5.54-.87,10.21-3.59,14.42a17.36,17.36,0,0,1-10.73,7.65,24.91,24.91,0,0,1-11,.3,17.49,17.49,0,0,1-13.5-10.85,26.7,26.7,0,0,1-.37-20.49c3.18-8.18,10.54-12.77,19.31-12.43,4.32.17,8.42,1,12,3.59,4.5,3.26,6.64,7.9,7.54,13.23A22.69,22.69,0,0,1,220,167.72Zm-10.57.39a29.54,29.54,0,0,0,0-3.26c-.33-3.14-1.11-6.16-3.64-8.29-5.16-4.34-12.89-1.93-15.14,4.79a23.13,23.13,0,0,0,.06,14.75,8.34,8.34,0,0,0,7.79,6.17,8.89,8.89,0,0,0,9.36-5.13,17.22,17.22,0,0,0,1.57-9Z\"><\/path><path d=\"M307.46,167.85v-11.4c0-1.1-.43-1.39-1.44-1.44-3.67-.15-3.67-.17-3.67-3.95s0-3.77,3.82-4c1-.06,1.36-.42,1.35-1.38V140a2,2,0,0,1,1.47-2.2c2.31-.79,4.6-1.64,6.87-2.53,1.31-.52,1.62-.05,1.6,1.2,0,2.88,0,5.76,0,8.63,0,1.45.37,2.06,1.92,2,2.66-.11,5.33,0,8,0,1.14,0,1.7.27,1.62,1.56a44.13,44.13,0,0,0,0,4.88c0,1.12-.45,1.56-1.55,1.54h-8.31c-1.2,0-1.64.41-1.63,1.61,0,6.36,0,12.71.05,19.07.07,4.75,2.45,6.75,7.22,6.34a12.82,12.82,0,0,0,4.39-1.13c.9-.42,1.44-.41,1.43.8v6.51c0,.66-.16,1.21-.89,1.36-5,1.06-10.1,1.79-15.07-.16-4.7-1.84-6.69-5.7-6.95-10.48-.21-3.68-.05-7.38-.05-11.08Z\"><\/path><path d=\"M376.67,169.09c-.17-6.87,1.88-12.73,7-17.34a21.56,21.56,0,0,1,12.25-5.19c5.36-.65,10.49-.07,15.24,2.78,1.27.77,1.67,1.48.72,2.82a30.58,30.58,0,0,0-2.46,4.26c-.57,1.16-1.08,1.36-2.19.57a13.74,13.74,0,0,0-10.31-2.18,10.6,10.6,0,0,0-7.81,5.05c-3,4.83-3,13.32.12,17.89a8.87,8.87,0,0,0,4.44,3.42A15.26,15.26,0,0,0,408,179.58c1.19-.79,1.75-.64,2.27.65.7,1.71,1.51,3.37,2.31,5,.41.85.19,1.34-.62,1.84-5.21,3.18-10.9,3.79-16.81,3.29a19.66,19.66,0,0,1-12.4-5.15C378.14,180.84,376.54,175.21,376.67,169.09Z\"><\/path><path d=\"M225.55,147.06c1.25,0,2.5.06,3.75,0a1.93,1.93,0,0,1,2.16,1.49c2.85,7.39,5.76,14.77,8.65,22.15q.1.3.24.6c.2.36.23,1,.77.93s.57-.6.73-1c2.66-6.31,5.29-12.62,8-18.91.72-1.69.94-3.89,2.36-4.91s3.59-.26,5.42-.35h3.09c1.62,0,1.77.26,1.12,1.69l-8,17.65c-3.38,7.41-6.77,14.81-10.11,22.24a2.78,2.78,0,0,1-2.91,2c-1.61,0-2-1-2.47-2.11q-8.73-19.74-17.49-39.46c-.83-1.87-.76-2,1.3-2Z\"><\/path><path d=\"M382.13,219.24a21.67,21.67,0,0,1-2.28,0c-2.07-.25-2.83-2-1.51-3.65.52-.63.77-1,.12-1.71a4.72,4.72,0,0,1-.71-5.72,5.75,5.75,0,0,1,5.76-2.55c1.08.17,2.11.74,3.16-.36.59-.61,1.08.38,1.54.76s.71.78.15,1.22-.48,1.06-.3,1.74c1.06,3.88-1.09,6.68-5.12,6.72h-.65c-.54.05-1.28.06-1.19.76s.8.43,1.24.35a8.72,8.72,0,0,1,4,0,3,3,0,0,1,2.51,2.45,3.84,3.84,0,0,1-1.3,4c-2.22,1.71-7.19,1.78-9.46.16-.52-.36-.87-.8-.36-1.32s1-1.83,2.16-1.14a5.93,5.93,0,0,0,4.07.81c.86-.14,1.86-.41,1.74-1.54s-1.08-.88-1.82-.93h-1.79Zm.62-11a2.38,2.38,0,0,0-2.31,2.44,2.31,2.31,0,0,0,4.62.14,2.59,2.59,0,0,0-2.31-2.61Z\"><\/path><path d=\"M229.44,213.26c.74-2,1.46-4,2.2-6.08.2-.55.32-1.22,1-1.33s1.51-.33,2,.13,0,1.22-.2,1.79c-1.27,3.52-2.59,7-3.91,10.53-.18.49-.27,1.13-.95,1.18s-1-.59-1.23-1.12c-.76-1.68-1.47-3.38-2.25-5.06-.23-.52-.32-1.15-1.08-1.55l-2.26,5c-.25.54-.48,1.09-.73,1.63s-.45,1.07-1.11,1.05-.84-.63-1-1.13c-1.18-3.15-2.34-6.31-3.51-9.47a6.81,6.81,0,0,1-.38-1.07c-.12-.65-1-1.38,0-1.94a2.21,2.21,0,0,1,3,1,1,1,0,0,0,0,.1,49.34,49.34,0,0,0,2.54,6.32c.79-1.93,1.57-3.86,2.4-5.77.26-.62.31-1.54,1.18-1.59s1.07.91,1.36,1.58c.84,1.92,1.66,3.86,2.48,5.79Z\"><\/path><path d=\"M297.1,209.91c0-2.5.06-5,0-7.49a1.79,1.79,0,0,1,1.45-2.07,1.07,1.07,0,0,1,.25,0c1-.19,1.46,0,1.42,1.08s0,2.28,0,3.42.17,1.66,1.45,1.09a5.47,5.47,0,0,1,4,0c2.27.77,3.18,2.57,3.29,4.77.12,2.44,0,4.89.05,7.33,0,1.28-.83,1.31-1.77,1.32s-1.56-.25-1.56-1.36v-6.84a2.72,2.72,0,1,0-5.43-.33,1.82,1.82,0,0,0,0,.33v6.68c0,1.14-.47,1.52-1.56,1.52s-1.56-.45-1.54-1.56C297.12,215.13,297.1,212.52,297.1,209.91Z\"><\/path><path d=\"M515.81,213.53h-3.74c-.45,0-1.07-.05-1.26.52a1.58,1.58,0,0,0,.49,1.48c1.08,1.36,3.23,1.77,5.39.86,1-.41,1.33-.1,1.75.71s.21,1.36-.66,1.77c-3,1.4-7.11.72-9-1.53s-1.92-6.39-.15-9a6.9,6.9,0,0,1,8-2.36c2.55.87,3.94,3.22,3.79,6.17-.06,1.13-.54,1.54-1.64,1.43s-1.94-.14-2.92-.2ZM513.92,211h1.94c.41,0,.95.13,1.1-.42a1.47,1.47,0,0,0-.37-1.2,3.4,3.4,0,0,0-4.64-.37c-.45.43-1,1-.78,1.64s1,.31,1.46.35S513.5,211,513.92,211Z\"><\/path><path d=\"M270.64,213.42h-3.42c-1.14,0-1.51.57-.91,1.66.94,1.7,3,2.25,5.49,1.39.7-.25,1.25-.52,1.75.39s.47,1.69-.74,2.07a10.5,10.5,0,0,1-4.48.59,6.15,6.15,0,0,1-5.62-5.05,7.45,7.45,0,0,1,3.1-8,7,7,0,0,1,7.66.37,6,6,0,0,1,2.23,5.32c-.06,1.2-.9,1.38-1.82,1.36-1.08,0-2.16-.12-3.24-.19ZM269.21,211h1.93c1.31,0,1.31-.67.71-1.55a3.23,3.23,0,0,0-4.55-.5l-.28.25c-.37.38-.82.82-.56,1.4s.83.38,1.3.41,1,0,1.45,0Z\"><\/path><path d=\"M206.36,213.48h-3.42c-1.14,0-1.29.52-.9,1.43.76,1.79,3.16,2.52,5.53,1.62.7-.27,1.24-.55,1.79.32s.6,1.68-.62,2.09a8.91,8.91,0,0,1-7-.11,6.64,6.64,0,0,1-3.41-6.55,6.84,6.84,0,0,1,4.92-6.42c4.53-1.26,8.43,1.61,8.23,6,0,1.08-.44,1.6-1.56,1.56s-2.39,0-3.58,0ZM205.2,211H207c.4,0,.94.14,1.11-.4a1.46,1.46,0,0,0-.35-1.2,3.19,3.19,0,0,0-4.49-.47l-.23.21c-.41.41-1,.87-.73,1.5s1,.32,1.46.36S204.71,211,205.2,211Z\"><\/path><path d=\"M372.92,212.63c0,4.18-2.69,7-6.53,7-4-.07-6.53-2.89-6.44-7.19.09-4.09,2.87-7,6.66-6.89S372.92,208.35,372.92,212.63Zm-3.32-.1a15.28,15.28,0,0,0-.22-1.77,3.09,3.09,0,0,0-3-2.55,3,3,0,0,0-2.89,2.8,12.21,12.21,0,0,0,0,3.08,2.78,2.78,0,0,0,2.53,2.74,2.92,2.92,0,0,0,3.18-2.22,7,7,0,0,0,.39-2.08Z\"><\/path><path d=\"M445.33,212.49c0,4.51-2.4,7.14-6.46,7.09s-6.39-2.72-6.4-7,2.68-7.07,6.46-7.07C442.92,205.5,445.33,208.13,445.33,212.49Zm-9.49.25a5.49,5.49,0,0,0,.47,2.5,2.85,2.85,0,0,0,5.08.12,6.6,6.6,0,0,0,.12-5.5,2.73,2.73,0,0,0-3.57-1.46,2.59,2.59,0,0,0-.89.6C436,210,435.82,211.22,435.84,212.74Z\"><\/path><path d=\"M332.29,212.35c0-4.84,3.15-6.84,6.64-6.82,3.95,0,6.44,3.09,6.25,7.39-.18,4.09-2.92,6.8-6.71,6.66C334.5,219.42,332.09,216.62,332.29,212.35Zm3.36.6a6,6,0,0,0,.07,1,2.91,2.91,0,0,0,5.76.59,7,7,0,0,0,.31-1.76c.13-2.76-1.08-4.58-3-4.59s-3.15,1.58-3.14,4.76Z\"><\/path><path d=\"M399.45,214.47c.77-2.18,1.49-4.22,2.22-6.25a8.35,8.35,0,0,1,.75-1.8c.66-1,1.8-.78,2.66-.53s.28,1.12.08,1.64c-1.68,4.53-3.41,9-5.13,13.56-.83,2.19-2.61,3.08-4.78,3.38-.79.11-1.4-.05-1.42-1.06,0-.8,0-1.45,1-1.68,2.74-.57,3.15-1.16,2.21-3.8-1.23-3.42-2.69-6.76-4-10.15-.22-.59-1.1-1.52,0-1.88s2.31-.54,2.88,1c.74,2,1.52,4,2.31,5.91A2.7,2.7,0,0,0,399.45,214.47Z\"><\/path><path d=\"M181.34,212.57v-5.21c0-1.53,1-2.14,2.16-1.25.76.56,1.2.34,1.87,0,3.63-1.71,7,0,7.63,4,.42,2.64.12,5.31.15,8,0,1.2-.83,1.19-1.69,1.21s-1.62-.16-1.61-1.29v-6.84c0-2.59-2.13-3.72-4.37-2.44a2.06,2.06,0,0,0-1.07,2v7c0,1.09-.39,1.57-1.52,1.56s-1.6-.37-1.57-1.51C181.37,216,181.34,214.31,181.34,212.57Z\"><\/path><path d=\"M315.06,212.48v-5.21c0-1.4,1-2,2.14-1.21a1.56,1.56,0,0,0,1.87.12c4.09-1.87,7.7.35,7.83,4.81.07,2.22,0,4.45,0,6.68,0,1.18-.43,1.59-1.62,1.64s-1.62-.52-1.59-1.62a36.39,36.39,0,0,0-.07-7c-.39-2.26-2.17-3.11-4.22-2.11a2.15,2.15,0,0,0-1.32,2.2v6.84c0,1.17-.38,1.67-1.6,1.65s-1.51-.53-1.49-1.6C315.09,216,315.06,214.22,315.06,212.48Z\"><\/path><path d=\"M421.71,213.85v-3.1c0-1,.26-2.22-1.38-2.42-.67-.09-.55-.84-.55-1.38s.12-1.07.72-1.1c1.2-.06,1.28-.95,1.52-1.78a4.89,4.89,0,0,1,5.66-3.73c.62.11,1.6,0,1.46,1.11-.12.87-.53,1.56-1.6,1.48a2.18,2.18,0,0,0-2.41,1.27c-.42.92-.41,1.62.89,1.57,1-.05,1.68.19,1.66,1.42s-.7,1.33-1.61,1.29-1.3.5-1.29,1.42v7.67c0,1.09-.24,1.73-1.53,1.73s-1.6-.57-1.56-1.7S421.71,215.1,421.71,213.85Z\"><\/path><path d=\"M496.7,214v-2.93c0-1.14.51-2.58-1.53-2.75-.7-.06-.6-2.28.17-2.42,1.23-.2,1.32-1,1.58-1.92a4.72,4.72,0,0,1,5.52-3.65c.59.11,1.67-.11,1.6.93s-.51,1.79-1.76,1.67a2,2,0,0,0-2.19,1.08c-.46.95-.48,1.74.89,1.74.9,0,1.43.28,1.43,1.3s-.35,1.46-1.32,1.42c-1.14,0-1.33.63-1.32,1.57v7.49c0,1.37-.53,1.8-1.85,1.75s-1.38-.83-1.31-1.86,0-2.28,0-3.42Z\"><\/path><path d=\"M283.53,212.76c0,3.32,2.49,5,5.64,3.76,1-.42,1.66-.53,2.11.7s-.45,1.51-1.23,1.83c-3.36,1.36-7.37.22-8.94-2.5-1.82-3.18-1.11-7.55,1.72-9.57a7.4,7.4,0,0,1,7.41-.86c.61.24,1.5.46,1,1.48-.4.75-.67,1.5-1.94,1.05C285.69,207.42,283.51,209,283.53,212.76Z\"><\/path><path d=\"M470.17,189.91a6.36,6.36,0,0,1-2.63-.36c-.85-.32-1.48-.67-1-1.78.4-.94.9-1.26,1.87-.75a4.09,4.09,0,0,0,2,.47,1.65,1.65,0,0,0,1.67-1.08,1.45,1.45,0,0,0-.86-1.76c-.89-.5-1.85-.91-2.75-1.41-1.85-1-2.69-2.56-2.37-4.24s1.79-2.7,3.86-2.93a8.27,8.27,0,0,1,3.69.45c.92.32.92.9.61,1.67s-.56,1.05-1.44.71c-1.14-.44-2.7-1.05-3.24.53s1.23,1.76,2.22,2.28a8.23,8.23,0,0,1,2.5,1.48,3.87,3.87,0,0,1,0,5.46,3.91,3.91,0,0,1-1.33.86A6.45,6.45,0,0,1,470.17,189.91Z\"><\/path><path d=\"M253.92,203.85c-.26,1.4.29,2,1.75,1.94.63,0,1.36-.2,1.84.37a1.5,1.5,0,0,1,.15,1.41c-.19.7-.82.6-1.34.65-2.55.28-2.56.28-2.44,2.88.06,1.19.15,2.38.25,3.56.13,1.75.74,2.26,2.52,2.15.63,0,1.35-.35,1.41.72.05.86,0,1.72-1,1.9-3.43.57-5.89-.29-6.18-4.19-.11-1.45,0-2.92,0-4.39,0-1.07.31-2.2-1-3a1.2,1.2,0,0,1-.15-1.68,1.09,1.09,0,0,1,.33-.27c.79-.44.82-1,.87-1.74.08-1,1.75-2.27,2.68-2S253.81,203.29,253.92,203.85Z\"><\/path><path d=\"M475.53,209.32v-7.14a2.28,2.28,0,0,1,2.51-2l.19,0c.66.23.45.79.45,1.24,0,3.84-.08,7.69-.06,11.53,0,1.72-.16,3.49,1.08,5,.44.53,0,.89-.41,1.18-1.62,1.1-3.49.15-3.7-2-.15-1.5-.06-3-.07-4.55C475.52,211.49,475.53,210.42,475.53,209.32Z\"><\/path><path d=\"M350.92,209.26V202.1c0-1.07,1.82-2.31,2.78-1.91.63.27.31.85.31,1.29v12.68a5.26,5.26,0,0,0,1,3.68c.51.6.15,1-.37,1.29a2.25,2.25,0,0,1-3.14-.49,2.2,2.2,0,0,1-.37-.79,10.4,10.4,0,0,1-.21-3.43Z\"><\/path><path d=\"M508.5,180.35v-7.66a1.63,1.63,0,0,1,1.4-1.83h0c1.23-.32,1.68,0,1.66,1.3V182.9c0,1.89-.18,3.82,1.14,5.45.43.54-.06.9-.45,1.18a2.19,2.19,0,0,1-3.5-1.4C508.16,185.35,508.68,182.51,508.5,180.35Z\"><\/path><path d=\"M487.59,182.84v-4.72c0-1.9,1.23-2.71,2.79-1.7a1.34,1.34,0,0,0,1.57.1,4.68,4.68,0,0,1,2.7-.45c.67.07,1.82-.18,1.58,1-.17.83-.35,1.94-1.84,1.77-2.42-.26-3.65.9-3.72,3.35-.05,1.95-.06,3.91,0,5.86,0,1.27-.58,1.53-1.7,1.58-1.27.06-1.42-.58-1.39-1.59C487.62,186.32,487.59,184.58,487.59,182.84Z\"><\/path><path d=\"M450.73,212.52v-4.88c0-1.63,1.3-2.58,2.73-1.6a1.37,1.37,0,0,0,1.68.06,4.45,4.45,0,0,1,3.14-.46c.57.17,1.51.15,1.11,1.15-.29.72-.3,1.8-1.6,1.66-2.63-.29-3.91.85-4,3.5v5.36c0,1.13,0,2-1.58,2s-1.52-.85-1.5-1.91C450.75,215.76,450.73,214.14,450.73,212.52Z\"><\/path><path d=\"M489.36,212.52v4.87c0,1.06,0,1.89-1.5,1.91s-1.6-.86-1.58-2V210c0-.73,0-1.36-1-1.59s-.8-1.05-.73-1.75.69-.84,1.32-.89c3.41-.26,3.46-.22,3.46,3.17Z\"><\/path><path d=\"M480.78,185.91A2.18,2.18,0,0,1,483,188h0a2.25,2.25,0,0,1-2.22,2.28h0a2.19,2.19,0,1,1,0-4.38Z\"><\/path><path d=\"M501.23,190.33a2.27,2.27,0,0,1-2.16-2.37,2.17,2.17,0,0,1,2.27-2.06h0a2.29,2.29,0,0,1,2.21,2.17A2.39,2.39,0,0,1,501.23,190.33Z\"><\/path><path d=\"M518.44,190.25a2.18,2.18,0,1,1-.36-4.34h.28a2.18,2.18,0,0,1,.36,4.34Z\"><\/path><path d=\"M487.76,200.59c1.1.12,1.8.66,1.84,1.73a1.63,1.63,0,0,1-1.39,1.84,1.53,1.53,0,0,1-.37,0,1.64,1.64,0,0,1-1.73-1.56,1.34,1.34,0,0,1,0-.2A1.81,1.81,0,0,1,487.76,200.59Z\"><\/path><\/g><\/g><\/g><\/svg>\t\t\t<\/div>\n\t\t<\/div>\n\t\t\t\t\t\t<\/div>\n\t\t\t\t<\/div>\n\t\t\t\t<div class=\"elementor-element elementor-element-18130eb elementor-widget elementor-widget-text-editor\" data-id=\"18130eb\" data-element_type=\"widget\" data-e-type=\"widget\" data-widget_type=\"text-editor.default\">\n\t\t\t\t<div class=\"elementor-widget-container\">\n\t\t\t\t\t\t\t\t\t<p>Productos para la v\u00eda a\u00e9rea y talco grado m\u00e9dico.<\/p>\t\t\t\t\t\t\t\t<\/div>\n\t\t\t\t<\/div>\n\t\t<div class=\"elementor-element elementor-element-f19e14e e-flex e-con-boxed e-con e-parent\" data-id=\"f19e14e\" data-element_type=\"container\" data-e-type=\"container\">\n\t\t\t\t\t<div class=\"e-con-inner\">\n\t\t<div class=\"elementor-element elementor-element-18c3704 e-con-full e-flex e-con e-child\" data-id=\"18c3704\" data-element_type=\"container\" data-e-type=\"container\">\n\t\t\t\t<div class=\"elementor-element elementor-element-5583777 elementor-position-top elementor-widget elementor-widget-image-box\" data-id=\"5583777\" data-element_type=\"widget\" data-e-type=\"widget\" data-widget_type=\"image-box.default\">\n\t\t\t\t<div class=\"elementor-widget-container\">\n\t\t\t\t\t<div class=\"elementor-image-box-wrapper\"><figure class=\"elementor-image-box-img\"><a href=\"https:\/\/frmedical.com.mx\/?page_id=69\" tabindex=\"-1\"><img fetchpriority=\"high\" decoding=\"async\" width=\"429\" height=\"240\" src=\"https:\/\/frmedical.com.mx\/wp-content\/uploads\/2024\/04\/142.png\" class=\"attachment-full size-full wp-image-1102\" alt=\"\" srcset=\"https:\/\/frmedical.com.mx\/wp-content\/uploads\/2024\/04\/142.png 429w, https:\/\/frmedical.com.mx\/wp-content\/uploads\/2024\/04\/142-300x168.png 300w\" sizes=\"(max-width: 429px) 100vw, 429px\" \/><\/a><\/figure><div class=\"elementor-image-box-content\"><h3 class=\"elementor-image-box-title\"><a href=\"https:\/\/frmedical.com.mx\/?page_id=69\">NOVATECH STENTS ENDOTRAQUEALES<\/a><\/h3><\/div><\/div>\t\t\t\t<\/div>\n\t\t\t\t<\/div>\n\t\t\t\t<\/div>\n\t\t<div class=\"elementor-element elementor-element-c5df9f1 e-con-full e-flex e-con e-child\" data-id=\"c5df9f1\" data-element_type=\"container\" data-e-type=\"container\">\n\t\t\t\t<div class=\"elementor-element elementor-element-5fe8579 elementor-position-top elementor-widget elementor-widget-image-box\" data-id=\"5fe8579\" data-element_type=\"widget\" data-e-type=\"widget\" data-widget_type=\"image-box.default\">\n\t\t\t\t<div class=\"elementor-widget-container\">\n\t\t\t\t\t<div class=\"elementor-image-box-wrapper\"><figure class=\"elementor-image-box-img\"><a href=\"https:\/\/frmedical.com.mx\/?page_id=71\" tabindex=\"-1\"><img decoding=\"async\" width=\"342\" height=\"240\" src=\"https:\/\/frmedical.com.mx\/wp-content\/uploads\/2024\/04\/010.png\" class=\"attachment-full size-full wp-image-1133\" alt=\"\" srcset=\"https:\/\/frmedical.com.mx\/wp-content\/uploads\/2024\/04\/010.png 342w, https:\/\/frmedical.com.mx\/wp-content\/uploads\/2024\/04\/010-300x211.png 300w\" sizes=\"(max-width: 342px) 100vw, 342px\" \/><\/a><\/figure><div class=\"elementor-image-box-content\"><h3 class=\"elementor-image-box-title\"><a href=\"https:\/\/frmedical.com.mx\/?page_id=71\">NOVATECH STERITALC \u00ae<\/a><\/h3><\/div><\/div>\t\t\t\t<\/div>\n\t\t\t\t<\/div>\n\t\t\t\t<\/div>\n\t\t\t\t\t<\/div>\n\t\t\t\t<\/div>\n\t\t\t\t\t<\/div>\n\t\t<\/div>\n\t\t\t\t\t<\/div>\n\t\t<\/section>\n\t\t\t\t<\/div>\n\t\t","protected":false},"excerpt":{"rendered":"<p>novatech Productos para la v\u00eda a\u00e9rea y talco grado m\u00e9dico. NOVATECH STENTS ENDOTRAQUEALES NOVATECH STERITALC \u00ae<\/p>\n","protected":false},"author":1,"featured_media":0,"parent":0,"menu_order":0,"comment_status":"closed","ping_status":"closed","template":"","meta":{"_monsterinsights_skip_tracking":false,"_monsterinsights_sitenote_active":false,"_monsterinsights_sitenote_note":"","_monsterinsights_sitenote_category":0,"_joinchat":[],"footnotes":""},"class_list":["post-1512","page","type-page","status-publish","hentry"],"_links":{"self":[{"href":"https:\/\/frmedical.com.mx\/index.php?rest_route=\/wp\/v2\/pages\/1512","targetHints":{"allow":["GET"]}}],"collection":[{"href":"https:\/\/frmedical.com.mx\/index.php?rest_route=\/wp\/v2\/pages"}],"about":[{"href":"https:\/\/frmedical.com.mx\/index.php?rest_route=\/wp\/v2\/types\/page"}],"author":[{"embeddable":true,"href":"https:\/\/frmedical.com.mx\/index.php?rest_route=\/wp\/v2\/users\/1"}],"replies":[{"embeddable":true,"href":"https:\/\/frmedical.com.mx\/index.php?rest_route=%2Fwp%2Fv2%2Fcomments&post=1512"}],"version-history":[{"count":7,"href":"https:\/\/frmedical.com.mx\/index.php?rest_route=\/wp\/v2\/pages\/1512\/revisions"}],"predecessor-version":[{"id":3246,"href":"https:\/\/frmedical.com.mx\/index.php?rest_route=\/wp\/v2\/pages\/1512\/revisions\/3246"}],"wp:attachment":[{"href":"https:\/\/frmedical.com.mx\/index.php?rest_route=%2Fwp%2Fv2%2Fmedia&parent=1512"}],"curies":[{"name":"wp","href":"https:\/\/api.w.org\/{rel}","templated":true}]}}